{"id":2402,"date":"2023-10-01T17:41:47","date_gmt":"2023-10-01T14:41:47","guid":{"rendered":"https:\/\/tehronmachines.ro\/pro\/?post_type=product&#038;p=2402"},"modified":"2024-11-30T14:55:42","modified_gmt":"2024-11-30T11:55:42","slug":"mulcer-rotativ-seppi-apple-cs-fara-colectare","status":"publish","type":"product","link":"https:\/\/tehronmachines.ro\/pro\/produs\/mulcer-rotativ-seppi-apple-cs-fara-colectare\/","title":{"rendered":"Mulcer rotativ Seppi Apple CS, far\u0103 colectare"},"content":{"rendered":"<p>Mulcerele rotative SEPPI faciliteaz\u0103 munca de mulcire \u00een livezi \u0219i podgorii. Profilul lor redus permite mulcirea \u00een apropierea \u0219i \u00een jurul copacilor, protej\u00e2nd \u00een acela\u0219i timp fructele. Accentul pus pe calitatea \u0219i fiabilitatea mulg\u0103toarelor \u0219i cositoarelor de mulcire SEPPI reprezint\u0103 obiectivul. \u00centre\u021binerea simpl\u0103 \u0219i durata de via\u021b\u0103 lung\u0103 fac ca cositoarele SEPPI M. s\u0103 fie foarte eficiente.<\/p>\n<p>Cositoarea SEPPI APPLE cs se adapteaz\u0103 perfect la condi\u021biile de teren &#8211; datorit\u0103 ro\u021bilor de sus\u021binere reglabile \u0219i a c\u00e2rligului flotant. Ma\u0219ina APPLE cs este reversibil\u0103, cu posibilitate de ata\u0219are frontal\u0103. Lamele care se rotesc orizontal sunt protejate de un sistem antishock. \u00cen\u0103l\u021bimea de t\u0103iere este reglabil\u0103, iarba poate fi desc\u0103rcat\u0103 \u00een lateral. Unghiuri rotunjite pentru o manevrare u\u0219oar\u0103. Nu exist\u0103 be\u021be de iarb\u0103 \u00een protec\u021bia din spate. Ata\u0219ament special pentru ata\u0219are lateral\u0103 pentru o inversare u\u0219oar\u0103 a ma\u0219inii APPLE cs.<\/p>\n<p>L\u0103\u021bime de lucru disponibil\u0103: 145, 170 cm [57&#8243;, 67&#8243;].<\/p>\n<p>&nbsp;<\/p>\n<p>&nbsp;<\/p>\n<h3><strong><span style=\"color: #ff0000\">APPLE cs &#8211; VERSIUNE STANDARD<\/span><\/strong><\/h3>\n<p>Cose\u0219te iarba \u0219i buruienile p\u00e2n\u0103 la 1 cm [0,4&#8243;] \u00d8<br \/>\nUnelte: lame cu rota\u021bie orizontal\u0103<br \/>\nVitez\u0103 de lucru 6-9 km\/h<br \/>\nAta\u0219ament ISO \u00een 3 puncte cat. 1&amp;2 reversibil &#8211; fa\u021b\u0103 \u0219i spate<br \/>\nHidraulic P-SHIFT cu ridicare paralel\u0103 hidraulic\u0103 cu deplasare lateral\u0103 p\u00e2n\u0103 la 58 cm [23&#8243;]<br \/>\nIarba va fi desc\u0103rcat\u0103 spre mijloc<br \/>\nCutie de viteze de 540 rpm f\u0103r\u0103 roat\u0103 liber\u0103 cu arbore trec\u0103tor<br \/>\nArbore de intrare 1 3\/8&#8243; Z=6<br \/>\nPozi\u021bia ro\u021bilor de sus\u021binere din fa\u021b\u0103 reglabil\u0103 \u00een \u00een\u0103l\u021bime \u0219i l\u0103\u021bime<br \/>\nPozi\u021bia rolei de sprijin spate reglabil\u0103 \u00een \u00een\u0103l\u021bime \u0219i l\u0103\u021bime<br \/>\nRole de r\u0103zuire<br \/>\nServiciu hidraulic necesar: 1 cu dubl\u0103 ac\u021biune<br \/>\nCulori: ro\u0219u RAL3020 \u0219i c\u0103rbune RAL7021<\/p>\n<h3><span style=\"color: #ff0000\">OP\u021aIUNI<\/span><\/h3>\n<p>Arbore cardan cu roat\u0103 liber\u0103<br \/>\nCutie de viteze 1000 rpm<br \/>\nAta\u0219ament frontal<br \/>\nXID single &#8211; sistem de pulverizare a erbicidelor<\/p>\n<p>&nbsp;<\/p>\n<p>Pre\u021burile nu includ TVA!<\/p>\n<p>&nbsp;<\/p>\n<p>Imaginile au caracter orientativ!<\/p>\n","protected":false},"excerpt":{"rendered":"<p>Mulcer rotativ Seppi Apple CS, far\u0103 colectare<\/p>\n","protected":false},"featured_media":2403,"comment_status":"closed","ping_status":"closed","template":"","meta":{"_acf_changed":false,"_exactmetrics_skip_tracking":false,"_exactmetrics_sitenote_active":false,"_exactmetrics_sitenote_note":"","_exactmetrics_sitenote_category":0,"_monsterinsights_skip_tracking":false,"_monsterinsights_sitenote_active":false,"_monsterinsights_sitenote_note":"","_monsterinsights_sitenote_category":0,"neve_meta_sidebar":"","neve_meta_container":"","neve_meta_enable_content_width":"off","neve_meta_content_width":100,"neve_meta_title_alignment":"","neve_meta_author_avatar":"","neve_post_elements_order":"","neve_meta_disable_header":"","neve_meta_disable_footer":"","neve_meta_disable_title":"","jetpack_publicize_message":"","jetpack_publicize_feature_enabled":true,"jetpack_social_post_already_shared":true,"jetpack_social_options":{"image_generator_settings":{"template":"highway","default_image_id":0,"font":"","enabled":false},"version":2}},"product_cat":[1022,996,1028,997,27,1061,1041,1027,1066,1030,1005,101],"product_tag":[314,311,116,332,41,210,312,826,294],"class_list":{"0":"post-2402","1":"product","2":"type-product","3":"status-publish","4":"has-post-thumbnail","6":"product_brand-bolzano-italia","7":"product_cat-curatenie","8":"product_cat-gospodarie-gradinarit","9":"product_cat-lucrari-comunale-municipale","10":"product_cat-lucrari-de-peisagistica","11":"product_cat-masini-si-utilaje","12":"product_cat-recuperare-terenuri-post-exploatare","13":"product_cat-silvicultura-si-exploatari-forestiere","14":"product_cat-tocatoare-de-crengi","15":"product_cat-tocatoare-de-crengi-recuperare-terenuri-post-exploatare","16":"product_cat-tocatoare-de-crengi-lucrari-comunale-municipale","17":"product_cat-tocatoare-de-crengi-diam-4-40-cm","18":"product_cat-tocatoare-de-crengi-gospodarie-gradinarit","19":"product_tag-curatat-teren","20":"product_tag-freza-de-cioate","21":"product_tag-masini","22":"product_tag-mulcer","23":"product_tag-peisagistica","24":"product_tag-profesional","25":"product_tag-seppi","26":"product_tag-seppim","27":"product_tag-utilaje-purtate-pto","29":"first","30":"onbackorder","31":"taxable","32":"shipping-taxable","33":"product-type-simple"},"acf":[],"aioseo_notices":[],"jetpack_publicize_connections":[],"jetpack-related-posts":[],"jetpack_likes_enabled":true,"jetpack_sharing_enabled":true,"_links":{"self":[{"href":"https:\/\/tehronmachines.ro\/pro\/wp-json\/wp\/v2\/product\/2402","targetHints":{"allow":["GET"]}}],"collection":[{"href":"https:\/\/tehronmachines.ro\/pro\/wp-json\/wp\/v2\/product"}],"about":[{"href":"https:\/\/tehronmachines.ro\/pro\/wp-json\/wp\/v2\/types\/product"}],"replies":[{"embeddable":true,"href":"https:\/\/tehronmachines.ro\/pro\/wp-json\/wp\/v2\/comments?post=2402"}],"wp:featuredmedia":[{"embeddable":true,"href":"https:\/\/tehronmachines.ro\/pro\/wp-json\/wp\/v2\/media\/2403"}],"wp:attachment":[{"href":"https:\/\/tehronmachines.ro\/pro\/wp-json\/wp\/v2\/media?parent=2402"}],"wp:term":[{"taxonomy":"product_cat","embeddable":true,"href":"https:\/\/tehronmachines.ro\/pro\/wp-json\/wp\/v2\/product_cat?post=2402"},{"taxonomy":"product_tag","embeddable":true,"href":"https:\/\/tehronmachines.ro\/pro\/wp-json\/wp\/v2\/product_tag?post=2402"}],"curies":[{"name":"wp","href":"https:\/\/api.w.org\/{rel}","templated":true}]}}