{"id":2389,"date":"2023-09-27T15:02:44","date_gmt":"2023-09-27T12:02:44","guid":{"rendered":"https:\/\/tehronmachines.ro\/pro\/?post_type=product&#038;p=2389"},"modified":"2024-11-13T12:16:11","modified_gmt":"2024-11-13T09:16:11","slug":"dislocator-lateral-de-rand-robotwerken-vl900-accesoriu-pto","status":"publish","type":"product","link":"https:\/\/tehronmachines.ro\/pro\/produs\/dislocator-lateral-de-rand-robotwerken-vl900-accesoriu-pto\/","title":{"rendered":"Dislocator lateral de r\u00e2nd Robotwerken VL900, accesoriu PTO"},"content":{"rendered":"<p>Dislocator lateral de rand purtat pe tractor, cu atasare la sistemul de prindere in 3 puncte al tractorului. Dislocarea randului de puieti se face cu ajutorul lamei vibratoare cu profil &#8222;U&#8221;, iar desprinderea solului de pe sistemul radicular al plantei se face sub actiunea sistemului vibrator cu excentric antrenat de la priza de putere a tractorului. Cadrul cu constructie solida si pintenul lateral permit deplasarea cadrului fata de sistemul de prindere in 3 puncte pentru a realiza alinierea dintre tractor si sistemul de dislocare al puietilor.<\/p>\n<p>&nbsp;<\/p>\n<p>Excavator lateral cu lam\u0103 mobil\u0103.<\/p>\n<ul>\n<li>Grila se deplaseaz\u0103 independent \u0219i \u00een direc\u021bia opus\u0103 lamei.<\/li>\n<li>Gril\u0103 de vibra\u021bii echipat\u0103 cu silentblocks.<\/li>\n<li>Lam\u0103 din o\u021bel rezistent la uzur\u0103.<\/li>\n<li>Vitez\u0103 maxim\u0103 de 600 metri\/or\u0103.<\/li>\n<li>2 ro\u021bi de sprijin reglabile.<\/li>\n<li>L\u0103\u021bimea lamei 50 cm (de la 40 la 55 cm).<\/li>\n<li>De la 60 CP, de preferin\u021b\u0103 la vitez\u0103 de t\u00e2r\u00e2re.<\/li>\n<li>Greutate: 670 kg.<\/li>\n<\/ul>\n<div class=\"epyt-video-wrapper\"><iframe loading=\"lazy\"  style=\"display: block; margin: 0px auto;\"  id=\"_ytid_38781\"  width=\"400\" height=\"300\"  data-origwidth=\"400\" data-origheight=\"300\"  data-relstop=\"1\" src=\"https:\/\/www.youtube.com\/embed\/dxWBd4w5lg0?enablejsapi=1&#038;autoplay=0&#038;cc_load_policy=1&#038;cc_lang_pref=&#038;iv_load_policy=3&#038;loop=0&#038;rel=0&#038;fs=1&#038;playsinline=0&#038;autohide=2&#038;theme=dark&#038;color=red&#038;controls=1&#038;disablekb=0&#038;\" class=\"__youtube_prefs__  epyt-is-override  no-lazyload\" title=\"YouTube player\"  allow=\"fullscreen; accelerometer; autoplay; clipboard-write; encrypted-media; gyroscope; picture-in-picture; web-share\" referrerpolicy=\"strict-origin-when-cross-origin\" allowfullscreen data-no-lazy=\"1\" data-skipgform_ajax_framebjll=\"\"><\/iframe><\/div>\n<p>&nbsp;<\/p>\n<p>Pre\u021burile nu includ TVA!<\/p>\n<p>&nbsp;<\/p>\n<p>Imaginile au caracter orientativ!<\/p>\n","protected":false},"excerpt":{"rendered":"<ul>\n<li>2 ro\u021bi de sprijin reglabile.<\/li>\n<li>L\u0103\u021bimea lamei 50 cm (de la 40 la 55 cm).<\/li>\n<li>De la 60 CP, de preferin\u021b\u0103 la vitez\u0103 de t\u00e2r\u00e2re.<\/li>\n<li>Greutate: 670 kg.<\/li>\n<\/ul>\n","protected":false},"featured_media":2391,"comment_status":"closed","ping_status":"closed","template":"","meta":{"_acf_changed":false,"_exactmetrics_skip_tracking":false,"_exactmetrics_sitenote_active":false,"_exactmetrics_sitenote_note":"","_exactmetrics_sitenote_category":0,"_monsterinsights_skip_tracking":false,"_monsterinsights_sitenote_active":false,"_monsterinsights_sitenote_note":"","_monsterinsights_sitenote_category":0,"neve_meta_sidebar":"","neve_meta_container":"","neve_meta_enable_content_width":"off","neve_meta_content_width":100,"neve_meta_title_alignment":"","neve_meta_author_avatar":"","neve_post_elements_order":"","neve_meta_disable_header":"","neve_meta_disable_footer":"","neve_meta_disable_title":"","jetpack_post_was_ever_published":false,"jetpack_publicize_message":"","jetpack_publicize_feature_enabled":true,"jetpack_social_post_already_shared":true,"jetpack_social_options":{"image_generator_settings":{"template":"highway","default_image_id":0,"font":"","enabled":false},"version":2}},"product_cat":[1048,27,1042,1041],"product_tag":[785,780,289,290,784,766,210,335,824,211],"class_list":{"0":"post-2389","1":"product","2":"type-product","3":"status-publish","4":"has-post-thumbnail","6":"product_brand-robotwerken-belgia-masini-agricole","7":"product_cat-dislocator-de-rand","8":"product_cat-masini-si-utilaje","9":"product_cat-pepiniere","10":"product_cat-silvicultura-si-exploatari-forestiere","11":"product_tag-dislocator","12":"product_tag-forestier","13":"product_tag-lucrari-comunale","14":"product_tag-lucrari-municipale","15":"product_tag-pepiniere","16":"product_tag-plantatii","17":"product_tag-profesional","18":"product_tag-pto","19":"product_tag-robotwerken","20":"product_tag-utilaje-profesionale","22":"first","23":"onbackorder","24":"taxable","25":"shipping-taxable","26":"product-type-simple"},"acf":[],"aioseo_notices":[],"jetpack_publicize_connections":[],"jetpack-related-posts":[],"jetpack_likes_enabled":true,"jetpack_sharing_enabled":true,"_links":{"self":[{"href":"https:\/\/tehronmachines.ro\/pro\/wp-json\/wp\/v2\/product\/2389","targetHints":{"allow":["GET"]}}],"collection":[{"href":"https:\/\/tehronmachines.ro\/pro\/wp-json\/wp\/v2\/product"}],"about":[{"href":"https:\/\/tehronmachines.ro\/pro\/wp-json\/wp\/v2\/types\/product"}],"replies":[{"embeddable":true,"href":"https:\/\/tehronmachines.ro\/pro\/wp-json\/wp\/v2\/comments?post=2389"}],"wp:featuredmedia":[{"embeddable":true,"href":"https:\/\/tehronmachines.ro\/pro\/wp-json\/wp\/v2\/media\/2391"}],"wp:attachment":[{"href":"https:\/\/tehronmachines.ro\/pro\/wp-json\/wp\/v2\/media?parent=2389"}],"wp:term":[{"taxonomy":"product_cat","embeddable":true,"href":"https:\/\/tehronmachines.ro\/pro\/wp-json\/wp\/v2\/product_cat?post=2389"},{"taxonomy":"product_tag","embeddable":true,"href":"https:\/\/tehronmachines.ro\/pro\/wp-json\/wp\/v2\/product_tag?post=2389"}],"curies":[{"name":"wp","href":"https:\/\/api.w.org\/{rel}","templated":true}]}}