{"id":2215,"date":"2023-09-12T11:24:04","date_gmt":"2023-09-12T08:24:04","guid":{"rendered":"https:\/\/tehronmachines.ro\/pro\/?post_type=product&#038;p=2215"},"modified":"2024-11-10T16:48:38","modified_gmt":"2024-11-10T13:48:38","slug":"mulcer-hidarulic-cu-brat-articulat-marolin-m380","status":"publish","type":"product","link":"https:\/\/tehronmachines.ro\/pro\/produs\/mulcer-hidarulic-cu-brat-articulat-marolin-m380\/","title":{"rendered":"Cositoare hidraulic\u0103 cu bra\u021b articulat Marolin M380"},"content":{"rendered":"<p>Gama noastr\u0103 compact\u0103 &#8222;GARDEN&#8221; pentru t\u0103ierea ierbii \u0219i a arbu\u0219tilor. Potrivit\u0103 pentru tractoare de 40-50 CP.<\/p>\n<p>&nbsp;<\/p>\n<h2><span style=\"color: #ffcc00\">Compara\u021bie produse:<\/span><\/h2>\n<table width=\"938\">\n<tbody>\n<tr>\n<td width=\"215\">Model<\/td>\n<td width=\"124\">Mantis<\/td>\n<td width=\"142\">Trimmy safe<\/td>\n<td width=\"127\">Trimmy Evo Pro<\/td>\n<td width=\"119\">Micro<\/td>\n<td width=\"96\">M250<\/td>\n<td width=\"115\">M290S<\/td>\n<\/tr>\n<tr>\n<td><\/td>\n<td><\/td>\n<td><\/td>\n<td><\/td>\n<td><\/td>\n<td><\/td>\n<td><\/td>\n<\/tr>\n<tr>\n<td><\/td>\n<td><\/td>\n<td><\/td>\n<td><\/td>\n<td><\/td>\n<td><\/td>\n<td><\/td>\n<\/tr>\n<tr>\n<td><\/td>\n<td><\/td>\n<td><\/td>\n<td><\/td>\n<td><\/td>\n<td><\/td>\n<td><\/td>\n<\/tr>\n<tr>\n<td>Greutate<\/td>\n<td>250 kg<\/td>\n<td>185 kg<\/td>\n<td>290 kg<\/td>\n<td>270 kg<\/td>\n<td>315 kg<\/td>\n<td>350 kg<\/td>\n<\/tr>\n<tr>\n<td>Capacitate ulei<\/td>\n<td>50 L<\/td>\n<td>&#8211;<\/td>\n<td>40 L<\/td>\n<td>60 L<\/td>\n<td>70 L<\/td>\n<td>70 L<\/td>\n<\/tr>\n<tr>\n<td>Putere necesar\u0103<\/td>\n<td>15-20 Cp<\/td>\n<td>18-20 Cp<\/td>\n<td>20-30 Cp<\/td>\n<td>20-25 Cp<\/td>\n<td>20-30 Cp<\/td>\n<td>30-40 Cp<\/td>\n<\/tr>\n<tr>\n<td>Masa minim\u0103 a utilajului purt\u0103tor<\/td>\n<td>600 kg<\/td>\n<td>500 kg<\/td>\n<td>700 kg<\/td>\n<td>750 kg<\/td>\n<td>800 kg<\/td>\n<td>800 kg<\/td>\n<\/tr>\n<tr>\n<td>L\u0103\u021bime de lucru<\/td>\n<td>150 cm<\/td>\n<td>150 cm<\/td>\n<td>150 cm<\/td>\n<td>60 cm<\/td>\n<td>60 cm<\/td>\n<td>60 cm<\/td>\n<\/tr>\n<tr>\n<td>Diametrul maxim al crengilor<\/td>\n<td>1,5 cm<\/td>\n<td>3 cm<\/td>\n<td>3 cm<\/td>\n<td>2,5 cm<\/td>\n<td>3 cm<\/td>\n<td>3 cm<\/td>\n<\/tr>\n<tr>\n<td>Putere dezvoltat\u0103<\/td>\n<td>12 Cp<\/td>\n<td>12 Cp<\/td>\n<td>14 Cp<\/td>\n<td>15 CP<\/td>\n<td>15 Cp<\/td>\n<td>25 Cp<\/td>\n<\/tr>\n<tr>\n<td>Priza de putere<\/td>\n<td><\/td>\n<td><\/td>\n<td><\/td>\n<td>540 Rpm<\/td>\n<td>540 Rpm<\/td>\n<td>540 Rpm<\/td>\n<\/tr>\n<tr>\n<td><\/td>\n<td><\/td>\n<td><\/td>\n<td><\/td>\n<td><\/td>\n<td><\/td>\n<td><\/td>\n<\/tr>\n<tr>\n<td><\/td>\n<td><\/td>\n<td><\/td>\n<td><\/td>\n<td><\/td>\n<td><\/td>\n<td><\/td>\n<\/tr>\n<tr>\n<td><\/td>\n<td><\/td>\n<td><\/td>\n<td><\/td>\n<td><\/td>\n<td><\/td>\n<td><\/td>\n<\/tr>\n<tr>\n<td><\/td>\n<td><\/td>\n<td><\/td>\n<td><\/td>\n<td><\/td>\n<td><\/td>\n<td><\/td>\n<\/tr>\n<tr>\n<td>Model<\/td>\n<td>M300S<\/td>\n<td>M380<\/td>\n<td>M380SX<\/td>\n<td>M32S<\/td>\n<td>M32X<\/td>\n<td>M32SX<\/td>\n<\/tr>\n<tr>\n<td><\/td>\n<td><\/td>\n<td><\/td>\n<td><\/td>\n<td><\/td>\n<td><\/td>\n<td><\/td>\n<\/tr>\n<tr>\n<td><\/td>\n<td><\/td>\n<td><\/td>\n<td><\/td>\n<td><\/td>\n<td><\/td>\n<td><\/td>\n<\/tr>\n<tr>\n<td><\/td>\n<td><\/td>\n<td><\/td>\n<td><\/td>\n<td><\/td>\n<td><\/td>\n<td><\/td>\n<\/tr>\n<tr>\n<td>Greutate<\/td>\n<td>510 kg<\/td>\n<td>490 kg<\/td>\n<td>540 kg<\/td>\n<td>510 kg<\/td>\n<td>520 kg<\/td>\n<td>550 kg<\/td>\n<\/tr>\n<tr>\n<td>Capacitate ulei<\/td>\n<td>95 L<\/td>\n<td>95 L<\/td>\n<td>95 L<\/td>\n<td>95 L<\/td>\n<td>95 L<\/td>\n<td>95 L<\/td>\n<\/tr>\n<tr>\n<td>Putere necesar\u0103<\/td>\n<td>40 Cp<\/td>\n<td>50 Cp<\/td>\n<td>50 Cp<\/td>\n<td>50 Cp<\/td>\n<td>50 Cp<\/td>\n<td>50 Cp<\/td>\n<\/tr>\n<tr>\n<td>Masa minim\u0103 a utilajului purt\u0103tor<\/td>\n<td>1300 kg<\/td>\n<td>1400 kg<\/td>\n<td>1500 kg<\/td>\n<td>1300 kg<\/td>\n<td>1400 kg<\/td>\n<td>1400 kg<\/td>\n<\/tr>\n<tr>\n<td>L\u0103\u021bime de lucru<\/td>\n<td>80 cm<\/td>\n<td>80 cm<\/td>\n<td>80 cm<\/td>\n<td>80 cm<\/td>\n<td>80 cm<\/td>\n<td>80 cm<\/td>\n<\/tr>\n<tr>\n<td>Diametrul maxim al crengilor<\/td>\n<td>3 cm<\/td>\n<td>3 cm<\/td>\n<td>3 cm<\/td>\n<td>3 cm<\/td>\n<td>3 cm<\/td>\n<td>3 cm<\/td>\n<\/tr>\n<tr>\n<td>Putere dezvoltat\u0103<\/td>\n<td>25 Cp<\/td>\n<td>15 Cp<\/td>\n<td>25 Cp<\/td>\n<td>25 Cp<\/td>\n<td>15 Cp<\/td>\n<td>25 Cp<\/td>\n<\/tr>\n<tr>\n<td>Priza de putere<\/td>\n<td>540 Rpm<\/td>\n<td>540 Rpm<\/td>\n<td>540 Rpm<\/td>\n<td>540 Rpm<\/td>\n<td>540 Rpm<\/td>\n<td>540 Rpm<\/td>\n<\/tr>\n<\/tbody>\n<\/table>\n<p>&nbsp;<\/p>\n<h2><span style=\"color: #ffcc00\">Dimensiuni:<\/span><\/h2>\n<p><img data-recalc-dims=\"1\" loading=\"lazy\" decoding=\"async\" width=\"1200\" height=\"520\" class=\"alignnone wp-image-2211 size-full\" src=\"https:\/\/i0.wp.com\/tehronmachines.ro\/pro\/wp-content\/uploads\/2023\/09\/Pasted-69.png?resize=1200%2C520&#038;ssl=1\" srcset=\"https:\/\/i0.wp.com\/tehronmachines.ro\/pro\/wp-content\/uploads\/2023\/09\/Pasted-69.png?w=1418&amp;ssl=1 1418w, https:\/\/i0.wp.com\/tehronmachines.ro\/pro\/wp-content\/uploads\/2023\/09\/Pasted-69.png?resize=300%2C130&amp;ssl=1 300w, https:\/\/i0.wp.com\/tehronmachines.ro\/pro\/wp-content\/uploads\/2023\/09\/Pasted-69.png?resize=1024%2C443&amp;ssl=1 1024w, https:\/\/i0.wp.com\/tehronmachines.ro\/pro\/wp-content\/uploads\/2023\/09\/Pasted-69.png?resize=768%2C333&amp;ssl=1 768w, https:\/\/i0.wp.com\/tehronmachines.ro\/pro\/wp-content\/uploads\/2023\/09\/Pasted-69.png?resize=600%2C260&amp;ssl=1 600w\" sizes=\"auto, (max-width: 1200px) 100vw, 1200px\" \/><\/p>\n<p>&nbsp;<\/p>\n<div class=\"epyt-video-wrapper\"><iframe loading=\"lazy\"  style=\"display: block; margin: 0px auto;\"  id=\"_ytid_30995\"  width=\"400\" height=\"300\"  data-origwidth=\"400\" data-origheight=\"300\"  data-relstop=\"1\" src=\"https:\/\/www.youtube.com\/embed\/1yiSmvjOjzY?enablejsapi=1&autoplay=0&cc_load_policy=1&cc_lang_pref=&iv_load_policy=3&loop=0&rel=0&fs=1&playsinline=0&autohide=2&theme=dark&color=red&controls=1&disablekb=0&\" class=\"__youtube_prefs__  no-lazyload\" title=\"YouTube player\"  allow=\"fullscreen; accelerometer; autoplay; clipboard-write; encrypted-media; gyroscope; picture-in-picture; web-share\" referrerpolicy=\"strict-origin-when-cross-origin\" allowfullscreen data-no-lazy=\"1\" data-skipgform_ajax_framebjll=\"\"><\/iframe><\/div>\n<p>&nbsp;<\/p>\n<h3 style=\"text-align: center\">Prezentare func\u021bionare Marolin Mantis<\/h3>\n<p>&nbsp;<\/p>\n<p>Imaginile au caracter orientativ!<\/p>\n<p>&nbsp;<\/p>\n<p>Pre\u021burile nu includ TVA!<\/p>\n<p>&nbsp;<\/p>\n","protected":false},"excerpt":{"rendered":"<ul>\n<li>L\u0103\u021bime de lucru: 80 cm<\/li>\n<li>Diametrul maxim al crengilor: 3 cm<\/li>\n<li>Putere necesar\u0103: 50 Cp<\/li>\n<li>Masa utilajului purt\u0103tor: min.\u00a0 1400 kg<\/li>\n<li>Mas\u0103: 490 kg<\/li>\n<\/ul>\n","protected":false},"featured_media":2214,"comment_status":"open","ping_status":"closed","template":"","meta":{"_acf_changed":false,"_exactmetrics_skip_tracking":false,"_exactmetrics_sitenote_active":false,"_exactmetrics_sitenote_note":"","_exactmetrics_sitenote_category":0,"_monsterinsights_skip_tracking":false,"_monsterinsights_sitenote_active":false,"_monsterinsights_sitenote_note":"","_monsterinsights_sitenote_category":0,"neve_meta_sidebar":"","neve_meta_container":"","neve_meta_enable_content_width":"off","neve_meta_content_width":100,"neve_meta_title_alignment":"","neve_meta_author_avatar":"","neve_post_elements_order":"","neve_meta_disable_header":"","neve_meta_disable_footer":"","neve_meta_disable_title":"","jetpack_post_was_ever_published":false,"jetpack_publicize_message":"","jetpack_publicize_feature_enabled":true,"jetpack_social_post_already_shared":true,"jetpack_social_options":{"image_generator_settings":{"template":"highway","default_image_id":0,"font":"","enabled":false},"version":2}},"product_cat":[1028,27,1034],"product_tag":[822,820,763,289,290,821,332,809,288,280,210,335,808,811],"class_list":{"0":"post-2215","1":"product","2":"type-product","3":"status-publish","4":"has-post-thumbnail","6":"product_brand-marolin-italia-mulcere-hidraulice-cu-brat-articulat","7":"product_cat-lucrari-comunale-municipale","8":"product_cat-masini-si-utilaje","9":"product_cat-mulcere-pe-brat","10":"product_tag-brat-articulat","11":"product_tag-crengi","12":"product_tag-freza","13":"product_tag-lucrari-comunale","14":"product_tag-lucrari-municipale","15":"product_tag-marolin","16":"product_tag-mulcer","17":"product_tag-nou","18":"product_tag-padure","19":"product_tag-parcuri","20":"product_tag-profesional","21":"product_tag-pto","22":"product_tag-utilaj-profesional","23":"product_tag-utilaj-purtat","25":"first","26":"onbackorder","27":"taxable","28":"shipping-taxable","29":"product-type-simple"},"acf":[],"aioseo_notices":[],"jetpack_publicize_connections":[],"jetpack-related-posts":[],"jetpack_likes_enabled":true,"jetpack_sharing_enabled":true,"_links":{"self":[{"href":"https:\/\/tehronmachines.ro\/pro\/wp-json\/wp\/v2\/product\/2215","targetHints":{"allow":["GET"]}}],"collection":[{"href":"https:\/\/tehronmachines.ro\/pro\/wp-json\/wp\/v2\/product"}],"about":[{"href":"https:\/\/tehronmachines.ro\/pro\/wp-json\/wp\/v2\/types\/product"}],"replies":[{"embeddable":true,"href":"https:\/\/tehronmachines.ro\/pro\/wp-json\/wp\/v2\/comments?post=2215"}],"wp:featuredmedia":[{"embeddable":true,"href":"https:\/\/tehronmachines.ro\/pro\/wp-json\/wp\/v2\/media\/2214"}],"wp:attachment":[{"href":"https:\/\/tehronmachines.ro\/pro\/wp-json\/wp\/v2\/media?parent=2215"}],"wp:term":[{"taxonomy":"product_cat","embeddable":true,"href":"https:\/\/tehronmachines.ro\/pro\/wp-json\/wp\/v2\/product_cat?post=2215"},{"taxonomy":"product_tag","embeddable":true,"href":"https:\/\/tehronmachines.ro\/pro\/wp-json\/wp\/v2\/product_tag?post=2215"}],"curies":[{"name":"wp","href":"https:\/\/api.w.org\/{rel}","templated":true}]}}