{"id":2147,"date":"2023-09-06T11:14:42","date_gmt":"2023-09-06T08:14:42","guid":{"rendered":"https:\/\/tehronmachines.ro\/pro\/?post_type=product&#038;p=2147"},"modified":"2024-10-21T20:55:24","modified_gmt":"2024-10-21T17:55:24","slug":"freza-de-cioate-si-radacini-fsi-t25-accesoriu-hidraulic-pentru-excavator","status":"publish","type":"product","link":"https:\/\/tehronmachines.ro\/pro\/produs\/freza-de-cioate-si-radacini-fsi-t25-accesoriu-hidraulic-pentru-excavator\/","title":{"rendered":"Frez\u0103 de cioate \u0219i r\u0103d\u0103cini FSI T25, accesoriu PTO pentru tractor"},"content":{"rendered":"<p>FSI T25 potrivit pentru montarea pe tractoare \u0219i ma\u0219ini similare cu priz\u0103 de putere 25-55 CP.<\/p>\n<p>&nbsp;<\/p>\n<p>FSI este T25 este destinat utiliz\u0103rii \u00een asocia\u021bii de locuin\u021be, livezi sau alte zone \u00een care drumul de acces permite deplasarea cu un tractor mai mic.<\/p>\n<p>&nbsp;<\/p>\n<p>Cadrul pentru legarea \u00een 3 puncte (Cat 1) este proiectat cu picioare pentru a asigura stabilitatea \u00een timpul t\u0103ierii butucilor.<\/p>\n<p>&nbsp;<\/p>\n<p>\u00cen timpul lucrului, mi\u0219c\u0103rile ma\u0219inii de t\u0103iat cioate sunt controlate direct de la joystick, care este amplasat pe cutia mobil\u0103.\u00a0 Controlul vitezei de frezare poate fi reglat cu o supap\u0103 de accelera\u021bie situat\u0103 \u00een cutia de comand\u0103.\u00a0 Ave\u021bi astfel, toate func\u021biile necesare pentru operare disponibile la \u00eendem\u00e2n\u0103.<\/p>\n<p>&nbsp;<\/p>\n<table width=\"780\">\n<tbody>\n<tr>\n<td width=\"190\">Model<\/td>\n<td width=\"148\">T25<\/td>\n<td width=\"241\">T27<\/td>\n<td width=\"201\">T65<\/td>\n<\/tr>\n<tr>\n<td><\/td>\n<td><\/td>\n<td><\/td>\n<td><\/td>\n<\/tr>\n<tr>\n<td><\/td>\n<td><\/td>\n<td><\/td>\n<td><\/td>\n<\/tr>\n<tr>\n<td><\/td>\n<td><\/td>\n<td><\/td>\n<td><\/td>\n<\/tr>\n<tr>\n<td>Putere necesar\u0103<\/td>\n<td>25-55 CP<\/td>\n<td>35-80 CP<\/td>\n<td>70-120 CP<\/td>\n<\/tr>\n<tr>\n<td>Prindere pe tractor<\/td>\n<td>Cat. I<\/td>\n<td>Cat. I\/II<\/td>\n<td>Cat. II<\/td>\n<\/tr>\n<tr>\n<td>Debit maxim de ulei<\/td>\n<td>35 L\/min<\/td>\n<td>35 L\/min<\/td>\n<td>90 L\/min<\/td>\n<\/tr>\n<tr>\n<td>Presiune de ulei<\/td>\n<td>180 bar<\/td>\n<td>180 bar<\/td>\n<td>180 bar<\/td>\n<\/tr>\n<tr>\n<td>Diametrul capului de t\u0103iere<\/td>\n<td>470 mm<\/td>\n<td>470 mm<\/td>\n<td>720 mm<\/td>\n<\/tr>\n<tr>\n<td>Num\u0103r de din\u021bi<\/td>\n<td>16<\/td>\n<td>16<\/td>\n<td>28<\/td>\n<\/tr>\n<tr>\n<td>T\u0103iere per Rota\u021bie<\/td>\n<td>4,1 cm<\/td>\n<td>4,3 cm<\/td>\n<td>8,2 cm<\/td>\n<\/tr>\n<tr>\n<td>Dimesiuni<\/td>\n<td>1750 x 1000 x 1100 mm<\/td>\n<td>2000 x 1350 x 1200 mm<\/td>\n<td>3200 x 1520 x 1700 mm<\/td>\n<\/tr>\n<tr>\n<td>Greutate<\/td>\n<td>240 kg<\/td>\n<td>360 kg<\/td>\n<td>700 kg<\/td>\n<\/tr>\n<tr>\n<td>Transmisie PTO<\/td>\n<td>540\/1000 Rpm<\/td>\n<td>540 Rpm<\/td>\n<td>540 Rpm<\/td>\n<\/tr>\n<\/tbody>\n<\/table>\n<p>&nbsp;<\/p>\n<div class=\"epyt-video-wrapper\"><iframe loading=\"lazy\"  style=\"display: block; margin: 0px auto;\"  id=\"_ytid_58070\"  width=\"400\" height=\"300\"  data-origwidth=\"400\" data-origheight=\"300\"  data-relstop=\"1\" src=\"https:\/\/www.youtube.com\/embed\/lDx9Bhj3vIo?enablejsapi=1&autoplay=0&cc_load_policy=1&cc_lang_pref=&iv_load_policy=3&loop=0&rel=0&fs=1&playsinline=0&autohide=2&theme=dark&color=red&controls=1&disablekb=0&\" class=\"__youtube_prefs__  no-lazyload\" title=\"YouTube player\"  allow=\"fullscreen; accelerometer; autoplay; clipboard-write; encrypted-media; gyroscope; picture-in-picture; web-share\" referrerpolicy=\"strict-origin-when-cross-origin\" allowfullscreen data-no-lazy=\"1\" data-skipgform_ajax_framebjll=\"\"><\/iframe><\/div>\n<p>&nbsp;<\/p>\n<h3 style=\"text-align: center\"><strong>Demonstra\u021bie frez\u0103 de cioate FSI T25<\/strong><\/h3>\n<p>&nbsp;<\/p>\n<p>&nbsp;<\/p>\n<p>Imaginile au caracter orientativ!<\/p>\n<p>&nbsp;<\/p>\n<p>Pre\u021burile nu includ TVA!<\/p>\n","protected":false},"excerpt":{"rendered":"<ul>\n<li>Putere necesar\u0103:\u00a0 25-55 CP<\/li>\n<li>Debit de ulei: 35 L\/min<\/li>\n<li>Presiune de ulei: 180 bar<\/li>\n<li>Num\u0103r de cu\u021bite: 16<\/li>\n<li>Greutate: 240 kg<\/li>\n<li>Transmisie PTO: 540\/1000 Rpm<\/li>\n<\/ul>\n","protected":false},"featured_media":2148,"comment_status":"closed","ping_status":"closed","template":"","meta":{"_acf_changed":false,"_exactmetrics_skip_tracking":false,"_exactmetrics_sitenote_active":false,"_exactmetrics_sitenote_note":"","_exactmetrics_sitenote_category":0,"_monsterinsights_skip_tracking":false,"_monsterinsights_sitenote_active":false,"_monsterinsights_sitenote_note":"","_monsterinsights_sitenote_category":0,"neve_meta_sidebar":"","neve_meta_container":"","neve_meta_enable_content_width":"off","neve_meta_content_width":100,"neve_meta_title_alignment":"","neve_meta_author_avatar":"","neve_post_elements_order":"","neve_meta_disable_header":"","neve_meta_disable_footer":"","neve_meta_disable_title":"","jetpack_post_was_ever_published":false,"jetpack_publicize_message":"","jetpack_publicize_feature_enabled":true,"jetpack_social_post_already_shared":true,"jetpack_social_options":{"image_generator_settings":{"template":"highway","default_image_id":0,"font":"","enabled":false},"version":2}},"product_cat":[1036,1007,1062,1028,997,27,1061,1041],"product_tag":[810,763,311,378,289,290,809,288,280,210,335,806,807,808,811],"class_list":{"0":"post-2147","1":"product","2":"type-product","3":"status-publish","4":"has-post-thumbnail","6":"product_brand-fsi-danemarca","7":"product_cat-freze-de-cioate-si-radacini","8":"product_cat-freze-de-cioate-si-radacini-peisagistica","9":"product_cat-freze-de-cioate-si-radacini-recuperare-terenuri-post-exploatare","10":"product_cat-lucrari-comunale-municipale","11":"product_cat-lucrari-de-peisagistica","12":"product_cat-masini-si-utilaje","13":"product_cat-recuperare-terenuri-post-exploatare","14":"product_cat-silvicultura-si-exploatari-forestiere","15":"product_tag-cioate","16":"product_tag-freza","17":"product_tag-freza-de-cioate","18":"product_tag-fsi","19":"product_tag-lucrari-comunale","20":"product_tag-lucrari-municipale","21":"product_tag-nou","22":"product_tag-padure","23":"product_tag-parcuri","24":"product_tag-profesional","25":"product_tag-pto","26":"product_tag-radacini","27":"product_tag-tocare","28":"product_tag-utilaj-profesional","29":"product_tag-utilaj-purtat","31":"first","32":"onbackorder","33":"taxable","34":"shipping-taxable","35":"product-type-simple"},"acf":[],"aioseo_notices":[],"jetpack_publicize_connections":[],"jetpack-related-posts":[],"jetpack_likes_enabled":true,"jetpack_sharing_enabled":true,"_links":{"self":[{"href":"https:\/\/tehronmachines.ro\/pro\/wp-json\/wp\/v2\/product\/2147","targetHints":{"allow":["GET"]}}],"collection":[{"href":"https:\/\/tehronmachines.ro\/pro\/wp-json\/wp\/v2\/product"}],"about":[{"href":"https:\/\/tehronmachines.ro\/pro\/wp-json\/wp\/v2\/types\/product"}],"replies":[{"embeddable":true,"href":"https:\/\/tehronmachines.ro\/pro\/wp-json\/wp\/v2\/comments?post=2147"}],"wp:featuredmedia":[{"embeddable":true,"href":"https:\/\/tehronmachines.ro\/pro\/wp-json\/wp\/v2\/media\/2148"}],"wp:attachment":[{"href":"https:\/\/tehronmachines.ro\/pro\/wp-json\/wp\/v2\/media?parent=2147"}],"wp:term":[{"taxonomy":"product_cat","embeddable":true,"href":"https:\/\/tehronmachines.ro\/pro\/wp-json\/wp\/v2\/product_cat?post=2147"},{"taxonomy":"product_tag","embeddable":true,"href":"https:\/\/tehronmachines.ro\/pro\/wp-json\/wp\/v2\/product_tag?post=2147"}],"curies":[{"name":"wp","href":"https:\/\/api.w.org\/{rel}","templated":true}]}}