{"id":2125,"date":"2023-09-05T15:38:32","date_gmt":"2023-09-05T12:38:32","guid":{"rendered":"https:\/\/tehronmachines.ro\/pro\/?post_type=product&#038;p=2125"},"modified":"2024-10-21T20:59:21","modified_gmt":"2024-10-21T17:59:21","slug":"freza-de-cioate-si-radacini-fsi-h40s-50-75-accesoriu-hidraulic-pentru-excavator","status":"publish","type":"product","link":"https:\/\/tehronmachines.ro\/pro\/produs\/freza-de-cioate-si-radacini-fsi-h40s-50-75-accesoriu-hidraulic-pentru-excavator\/","title":{"rendered":"Frez\u0103 de cioate \u0219i r\u0103d\u0103cini FSI H40S 50-75  , accesoriu hidraulic pentru excavator"},"content":{"rendered":"<h3><strong>Frez\u0103 de cioate cu ac\u021bionare hidraulic\u0103<\/strong><\/h3>\n<p>Frez\u0103 de cioate cu ac\u021bionare hidraulic\u0103 pentru montarea pe un excavator sau pe un utilaj similar, \u00een cazul \u00een care utilajul \u00eensu\u0219i este utilizat pentru a executa m\u0103turarea \u0219i ridicarea\/cobor\u00e2rea.<\/p>\n<p>Alegerea liber\u0103 a direc\u021biei de t\u0103iere.<\/p>\n<p>Direc\u021bia de t\u0103iere poate fi reglat\u0103 cu u\u0219urin\u021b\u0103 la intervale de 45 de grade, \u00een \u00eembinarea dintre unitate \u0219i accesoriupl\u0103cii pentru ata\u0219area sculei.<\/p>\n<p>Ma\u0219inile de t\u0103iat butuci sunt livrate cu o plac\u0103 superioar\u0103 neacoperit\u0103, pe care poate fi montat un accesoriu op\u021bional pentru scule. De asemenea, am furniz\u0103m o selec\u021bie de accesorii pentru unelte. Ma\u0219inile de t\u0103iat butuci necesit\u0103 o \u00eentoarcere cu flux liber c\u0103tre rezervor (ulei de scurgere).<\/p>\n<table width=\"949\">\n<tbody>\n<tr>\n<td width=\"223\">Model<\/td>\n<td width=\"127\">H20<\/td>\n<td width=\"141\">H20S<\/td>\n<td width=\"146\">H40<\/td>\n<td width=\"157\">H40S 50-75<\/td>\n<td width=\"155\">H40S 80-110<\/td>\n<\/tr>\n<tr>\n<td><\/td>\n<td><\/td>\n<td><\/td>\n<td><\/td>\n<td><\/td>\n<td><\/td>\n<\/tr>\n<tr>\n<td><\/td>\n<td><\/td>\n<td><\/td>\n<td><\/td>\n<td><\/td>\n<td><\/td>\n<\/tr>\n<tr>\n<td><\/td>\n<td><\/td>\n<td><\/td>\n<td><\/td>\n<td><\/td>\n<td><\/td>\n<\/tr>\n<tr>\n<td>Putere necesar\u0103<\/td>\n<td>15-30 CP<\/td>\n<td>15-30 CP<\/td>\n<td>25-42 CP<\/td>\n<td>25-42 CP<\/td>\n<td>40-65 CP<\/td>\n<\/tr>\n<tr>\n<td>Debit de ulei<\/td>\n<td>30-50 L\/min<\/td>\n<td>30-50 L\/min<\/td>\n<td>50-75 L\/min<\/td>\n<td>50-75 L\/min<\/td>\n<td>80-110 L\/min<\/td>\n<\/tr>\n<tr>\n<td>Presiunea maxim\u0103 a uleiului<\/td>\n<td>250 bar<\/td>\n<td>250 bar<\/td>\n<td>250 bar<\/td>\n<td>250 bar<\/td>\n<td>250 bar<\/td>\n<\/tr>\n<tr>\n<td>Diametrul capului de t\u0103iere<\/td>\n<td>370 mm<\/td>\n<td>370 mm<\/td>\n<td>470 mm<\/td>\n<td>470 mm<\/td>\n<td>470 mm<\/td>\n<\/tr>\n<tr>\n<td>Num\u0103r de din\u021bi<\/td>\n<td>12<\/td>\n<td>12<\/td>\n<td>16<\/td>\n<td>16<\/td>\n<td>16<\/td>\n<\/tr>\n<tr>\n<td>T\u0103iere maxim\u0103 pe rota\u021bie<\/td>\n<td>2.5 cm<\/td>\n<td>2.5 cm<\/td>\n<td>5.2 cm<\/td>\n<td>5.2 cm<\/td>\n<td>5.2 cm<\/td>\n<\/tr>\n<tr>\n<td>Dimensiuni (L x l x h)<\/td>\n<td>600 x 500 x 475 mm<\/td>\n<td>810 x 690 x 580 mm<\/td>\n<td>840 x 630 x 660 mm<\/td>\n<td>1240 x 800 x 720 mm<\/td>\n<td>1240 x 800 x 720 mm<\/td>\n<\/tr>\n<tr>\n<td>Greutate (kg)<\/td>\n<td>70 kg<\/td>\n<td>92 kg<\/td>\n<td>150 kg<\/td>\n<td>200 kg<\/td>\n<td>250 kg<\/td>\n<\/tr>\n<tr>\n<td><\/td>\n<td><\/td>\n<td><\/td>\n<td><\/td>\n<td><\/td>\n<td><\/td>\n<\/tr>\n<tr>\n<td><\/td>\n<td><\/td>\n<td><\/td>\n<td><\/td>\n<td><\/td>\n<td><\/td>\n<\/tr>\n<tr>\n<td><\/td>\n<td><\/td>\n<td><\/td>\n<td><\/td>\n<td><\/td>\n<td><\/td>\n<\/tr>\n<tr>\n<td><\/td>\n<td><\/td>\n<td><\/td>\n<td><\/td>\n<td><\/td>\n<td><\/td>\n<\/tr>\n<tr>\n<td>Model<\/td>\n<td>H52<\/td>\n<td>H65 100-130<\/td>\n<td>H65 135-160<\/td>\n<td>H65 165-200<\/td>\n<td><\/td>\n<\/tr>\n<tr>\n<td><\/td>\n<td><\/td>\n<td><\/td>\n<td><\/td>\n<td><\/td>\n<td><\/td>\n<\/tr>\n<tr>\n<td><\/td>\n<td><\/td>\n<td><\/td>\n<td><\/td>\n<td><\/td>\n<td><\/td>\n<\/tr>\n<tr>\n<td><\/td>\n<td><\/td>\n<td><\/td>\n<td><\/td>\n<td><\/td>\n<td><\/td>\n<\/tr>\n<tr>\n<td>Putere necesar\u0103<\/td>\n<td>40-65 CP<\/td>\n<td>75-100 CP<\/td>\n<td>105-125 CP<\/td>\n<td>125-160 CP<\/td>\n<td><\/td>\n<\/tr>\n<tr>\n<td>Debit de ulei<\/td>\n<td>80-110 L\/min<\/td>\n<td>100-130 L\/min<\/td>\n<td>135-160 Lmin<\/td>\n<td>165-200 L\/min<\/td>\n<td><\/td>\n<\/tr>\n<tr>\n<td>Presiunea maxim\u0103 a uleiului<\/td>\n<td>300 bar<\/td>\n<td>350 bar<\/td>\n<td>350 bar<\/td>\n<td>350 bar<\/td>\n<td><\/td>\n<\/tr>\n<tr>\n<td>Diametrul capului de t\u0103iere<\/td>\n<td>570 mm<\/td>\n<td>720 mm<\/td>\n<td>720 mm<\/td>\n<td>720 mm<\/td>\n<td><\/td>\n<\/tr>\n<tr>\n<td>Num\u0103r de din\u021bi<\/td>\n<td>20<\/td>\n<td>28<\/td>\n<td>28<\/td>\n<td>28<\/td>\n<td><\/td>\n<\/tr>\n<tr>\n<td>T\u0103iere maxim\u0103 pe rota\u021bie<\/td>\n<td>6.1 cm<\/td>\n<td>8.2 cm<\/td>\n<td>8.2 cm<\/td>\n<td>8.2 cm<\/td>\n<td><\/td>\n<\/tr>\n<tr>\n<td>Dimensiuni (L x l x h)<\/td>\n<td>985 x 690 x 760 mm<\/td>\n<td>1000 x 720 x 905 mm<\/td>\n<td>1000 x 720 x 905 mm<\/td>\n<td>1000 x 720 x 905 mm<\/td>\n<td><\/td>\n<\/tr>\n<tr>\n<td>Greutate (kg)<\/td>\n<td>220 kg<\/td>\n<td>500 kg<\/td>\n<td>500 kg<\/td>\n<td>520 kg<\/td>\n<td><\/td>\n<\/tr>\n<\/tbody>\n<\/table>\n<p>&nbsp;<\/p>\n<div class=\"epyt-video-wrapper\"><iframe loading=\"lazy\"  style=\"display: block; margin: 0px auto;\"  id=\"_ytid_97610\"  width=\"400\" height=\"300\"  data-origwidth=\"400\" data-origheight=\"300\"  data-relstop=\"1\" src=\"https:\/\/www.youtube.com\/embed\/Jqng7-pwdQI?enablejsapi=1&autoplay=0&cc_load_policy=1&cc_lang_pref=&iv_load_policy=3&loop=0&rel=0&fs=1&playsinline=0&autohide=2&theme=dark&color=red&controls=1&disablekb=0&\" class=\"__youtube_prefs__  no-lazyload\" title=\"YouTube player\"  allow=\"fullscreen; accelerometer; autoplay; clipboard-write; encrypted-media; gyroscope; picture-in-picture; web-share\" referrerpolicy=\"strict-origin-when-cross-origin\" allowfullscreen data-no-lazy=\"1\" data-skipgform_ajax_framebjll=\"\"><\/iframe><\/div>\n<p>&nbsp;<\/p>\n<h3 style=\"text-align: center\">Demonstra\u021bie frez\u0103 de cioate FSI H52<\/h3>\n<p>&nbsp;<\/p>\n<p>&nbsp;<\/p>\n<p>Imaginile au caracter orientativ!<\/p>\n<p>&nbsp;<\/p>\n<p>Pre\u021burile nu includ TVA!<\/p>\n","protected":false},"excerpt":{"rendered":"<ul>\n<li>Putere necesar\u0103:\u00a0 25-42 CP<\/li>\n<li>Debit de ulei: 50-75 L\/min<\/li>\n<li>Presiune de ulei:\u00a0 max. 250bar<\/li>\n<li>Num\u0103r de cu\u021bite: 16<\/li>\n<li>Greutate: 200 kg<\/li>\n<\/ul>\n","protected":false},"featured_media":2126,"comment_status":"closed","ping_status":"closed","template":"","meta":{"_acf_changed":false,"_exactmetrics_skip_tracking":false,"_exactmetrics_sitenote_active":false,"_exactmetrics_sitenote_note":"","_exactmetrics_sitenote_category":0,"_monsterinsights_skip_tracking":false,"_monsterinsights_sitenote_active":false,"_monsterinsights_sitenote_note":"","_monsterinsights_sitenote_category":0,"neve_meta_sidebar":"","neve_meta_container":"","neve_meta_enable_content_width":"off","neve_meta_content_width":100,"neve_meta_title_alignment":"","neve_meta_author_avatar":"","neve_post_elements_order":"","neve_meta_disable_header":"","neve_meta_disable_footer":"","neve_meta_disable_title":"","jetpack_post_was_ever_published":false,"jetpack_publicize_message":"","jetpack_publicize_feature_enabled":true,"jetpack_social_post_already_shared":true,"jetpack_social_options":{"image_generator_settings":{"template":"highway","default_image_id":0,"font":"","enabled":false},"version":2}},"product_cat":[1007,1062,1036,1028,997,27,1061,1041],"product_tag":[810,763,311,378,348,289,290,809,288,280,210,806,807,808,811],"class_list":{"0":"post-2125","1":"product","2":"type-product","3":"status-publish","4":"has-post-thumbnail","6":"product_brand-fsi-danemarca","7":"product_cat-freze-de-cioate-si-radacini-peisagistica","8":"product_cat-freze-de-cioate-si-radacini-recuperare-terenuri-post-exploatare","9":"product_cat-freze-de-cioate-si-radacini","10":"product_cat-lucrari-comunale-municipale","11":"product_cat-lucrari-de-peisagistica","12":"product_cat-masini-si-utilaje","13":"product_cat-recuperare-terenuri-post-exploatare","14":"product_cat-silvicultura-si-exploatari-forestiere","15":"product_tag-cioate","16":"product_tag-freza","17":"product_tag-freza-de-cioate","18":"product_tag-fsi","19":"product_tag-hidraulic","20":"product_tag-lucrari-comunale","21":"product_tag-lucrari-municipale","22":"product_tag-nou","23":"product_tag-padure","24":"product_tag-parcuri","25":"product_tag-profesional","26":"product_tag-radacini","27":"product_tag-tocare","28":"product_tag-utilaj-profesional","29":"product_tag-utilaj-purtat","31":"first","32":"onbackorder","33":"taxable","34":"shipping-taxable","35":"product-type-simple"},"acf":[],"aioseo_notices":[],"jetpack_publicize_connections":[],"jetpack-related-posts":[],"jetpack_likes_enabled":true,"jetpack_sharing_enabled":true,"_links":{"self":[{"href":"https:\/\/tehronmachines.ro\/pro\/wp-json\/wp\/v2\/product\/2125","targetHints":{"allow":["GET"]}}],"collection":[{"href":"https:\/\/tehronmachines.ro\/pro\/wp-json\/wp\/v2\/product"}],"about":[{"href":"https:\/\/tehronmachines.ro\/pro\/wp-json\/wp\/v2\/types\/product"}],"replies":[{"embeddable":true,"href":"https:\/\/tehronmachines.ro\/pro\/wp-json\/wp\/v2\/comments?post=2125"}],"wp:featuredmedia":[{"embeddable":true,"href":"https:\/\/tehronmachines.ro\/pro\/wp-json\/wp\/v2\/media\/2126"}],"wp:attachment":[{"href":"https:\/\/tehronmachines.ro\/pro\/wp-json\/wp\/v2\/media?parent=2125"}],"wp:term":[{"taxonomy":"product_cat","embeddable":true,"href":"https:\/\/tehronmachines.ro\/pro\/wp-json\/wp\/v2\/product_cat?post=2125"},{"taxonomy":"product_tag","embeddable":true,"href":"https:\/\/tehronmachines.ro\/pro\/wp-json\/wp\/v2\/product_tag?post=2125"}],"curies":[{"name":"wp","href":"https:\/\/api.w.org\/{rel}","templated":true}]}}