{"id":2104,"date":"2023-09-04T12:32:18","date_gmt":"2023-09-04T09:32:18","guid":{"rendered":"https:\/\/tehronmachines.ro\/pro\/?post_type=product&#038;p=2104"},"modified":"2024-10-21T21:08:34","modified_gmt":"2024-10-21T18:08:34","slug":"freza-de-cioate-si-radacini-fsi-d60-motor-diesel-60-cp-hatz-telecomandat","status":"publish","type":"product","link":"https:\/\/tehronmachines.ro\/pro\/produs\/freza-de-cioate-si-radacini-fsi-d60-motor-diesel-60-cp-hatz-telecomandat\/","title":{"rendered":"Frez\u0103 de cioate \u0219i r\u0103d\u0103cini FSI D60 &#8211; motor Diesel 60 CP Hatz , telecomandat"},"content":{"rendered":"<p>Motorizare FSI power-drive cu blocare a diferen\u021bialului pe puntea fa\u021b\u0103<\/p>\n<p>HI trac\u021biune pe 2 ro\u021bi, vitez\u0103 de p\u00e2n\u0103 la 3,5 km\/h<\/p>\n<p>LO Trac\u021biune pe 4 ro\u021bi, for\u021b\u0103 de trac\u021biune dubl\u0103, jum\u0103tate de vitez\u0103<\/p>\n<p>Fr\u00e2ne automate pe ro\u021bile din fa\u021b\u0103<\/p>\n<p>Ro\u021bi duble cu un singur bol\u021b central pentru o montare u\u0219oar\u0103<\/p>\n<p>Anvelope antiderapante pe puntea fa\u021b\u0103 pentru un control optim al solului<\/p>\n<p>Ambreiaj electro-mecanic cu fr\u00e2n\u0103 integrat\u0103<\/p>\n<p>Oprire rapid\u0103 a ro\u021bii de t\u0103iere prin decuplare<\/p>\n<p>FSI power-sweep cu pilot automat pentru performan\u021be de top<\/p>\n<p>Transmisie cu curea trapezoidal\u0103 pentru o capacitate optim\u0103 \u0219i o pierdere mai mic\u0103 de putere<\/p>\n<p>Sistem FSI Tooth, cu 3 din\u021bi rotativi<\/p>\n<p>Roat\u0103 de t\u0103iere FSI power-cut cu design special, \u00een 2 p\u0103r\u021bi<\/p>\n<p>Carcas\u0103 de rulmen\u021bi etan\u0219\u0103 pentru roata de t\u0103iere &#8211; f\u0103r\u0103 \u00eentre\u021binere<\/p>\n<p>Puncte integrate pentru ancorare<\/p>\n<p>Puncte de ridicare pentru manipularea cu macaraua<\/p>\n<p>Telecomand\u0103 complet radio a tuturor ac\u021biunilor<\/p>\n<p>&nbsp;<\/p>\n<h2><span style=\"color: #ff9900\">Compara\u021bie produse:<\/span><\/h2>\n<table width=\"671\">\n<tbody>\n<tr>\n<td width=\"180\">Model<\/td>\n<td width=\"141\">D30<\/td>\n<td width=\"158\">D60<\/td>\n<td width=\"192\">D74<\/td>\n<\/tr>\n<tr>\n<td><\/td>\n<td><\/td>\n<td><\/td>\n<td><\/td>\n<\/tr>\n<tr>\n<td><\/td>\n<td><\/td>\n<td><\/td>\n<td><\/td>\n<\/tr>\n<tr>\n<td><\/td>\n<td><\/td>\n<td><\/td>\n<td><\/td>\n<\/tr>\n<tr>\n<td>Motor<\/td>\n<td>Kubota 18.5 kW<\/td>\n<td>Hatz 3H50TICD<\/td>\n<td>Hatz 3H50TICD<\/td>\n<\/tr>\n<tr>\n<td>Puterea motorului<\/td>\n<td>25 Cp<\/td>\n<td>60 Cp<\/td>\n<td>74 Cp<\/td>\n<\/tr>\n<tr>\n<td>Combustibil<\/td>\n<td>Motorin\u0103<\/td>\n<td>Motorin\u0103<\/td>\n<td>Motorin\u0103<\/td>\n<\/tr>\n<tr>\n<td>Diametrul capului de t\u0103iere<\/td>\n<td>470 mm<\/td>\n<td>570 mm<\/td>\n<td>720 mm<\/td>\n<\/tr>\n<tr>\n<td>Num\u0103r de din\u021bi<\/td>\n<td>16<\/td>\n<td>16<\/td>\n<td>28<\/td>\n<\/tr>\n<tr>\n<td>Adancime maxim\u0103 de t\u0103iere<\/td>\n<td>5,2 cm\/rota\u021bie<\/td>\n<td>6,8 cm\/rota\u021bie<\/td>\n<td>12,3 cm\/rota\u021bie<\/td>\n<\/tr>\n<tr>\n<td>Dimensiuni (Lxlxh)<\/td>\n<td>2700 x 800 x 1220 mm<\/td>\n<td>2945 x 800 x 1395 mm<\/td>\n<td>3200 x 890 x 1510 mm<\/td>\n<\/tr>\n<tr>\n<td>Greutate<\/td>\n<td>810 \/ 970 kg<\/td>\n<td>1250 \/ 1450 kg<\/td>\n<td>1725 \/ 1950 kg<\/td>\n<\/tr>\n<\/tbody>\n<\/table>\n<p>Imaginile au caracter orientativ!<\/p>\n<p>&nbsp;<\/p>\n<p>Pre\u021burile nu includ TVA!<\/p>\n","protected":false},"excerpt":{"rendered":"<ul>\n<li>Putere: 60CP<\/li>\n<li>Combustibil: Motorin\u0103<\/li>\n<li>Num\u0103r de cu\u021bite: 16<\/li>\n<li>Greutate: 1250 kg<\/li>\n<li>Utilaj pe ro\u021bi<\/li>\n<li>Utilaj telecomandat<\/li>\n<\/ul>\n","protected":false},"featured_media":2105,"comment_status":"closed","ping_status":"closed","template":"","meta":{"_acf_changed":false,"_exactmetrics_skip_tracking":false,"_exactmetrics_sitenote_active":false,"_exactmetrics_sitenote_note":"","_exactmetrics_sitenote_category":0,"_monsterinsights_skip_tracking":false,"_monsterinsights_sitenote_active":false,"_monsterinsights_sitenote_note":"","_monsterinsights_sitenote_category":0,"neve_meta_sidebar":"","neve_meta_container":"","neve_meta_enable_content_width":"off","neve_meta_content_width":100,"neve_meta_title_alignment":"","neve_meta_author_avatar":"","neve_post_elements_order":"","neve_meta_disable_header":"","neve_meta_disable_footer":"","neve_meta_disable_title":"","jetpack_post_was_ever_published":false,"jetpack_publicize_message":"","jetpack_publicize_feature_enabled":true,"jetpack_social_post_already_shared":true,"jetpack_social_options":{"image_generator_settings":{"template":"highway","default_image_id":0,"font":"","enabled":false},"version":2}},"product_cat":[1036,1007,1062,1028,997,27,1061,1041],"product_tag":[810,763,311,378,289,290,809,288,280,210,806,807,808],"class_list":{"0":"post-2104","1":"product","2":"type-product","3":"status-publish","4":"has-post-thumbnail","6":"product_brand-fsi-danemarca","7":"product_cat-freze-de-cioate-si-radacini","8":"product_cat-freze-de-cioate-si-radacini-peisagistica","9":"product_cat-freze-de-cioate-si-radacini-recuperare-terenuri-post-exploatare","10":"product_cat-lucrari-comunale-municipale","11":"product_cat-lucrari-de-peisagistica","12":"product_cat-masini-si-utilaje","13":"product_cat-recuperare-terenuri-post-exploatare","14":"product_cat-silvicultura-si-exploatari-forestiere","15":"product_tag-cioate","16":"product_tag-freza","17":"product_tag-freza-de-cioate","18":"product_tag-fsi","19":"product_tag-lucrari-comunale","20":"product_tag-lucrari-municipale","21":"product_tag-nou","22":"product_tag-padure","23":"product_tag-parcuri","24":"product_tag-profesional","25":"product_tag-radacini","26":"product_tag-tocare","27":"product_tag-utilaj-profesional","29":"first","30":"onbackorder","31":"taxable","32":"shipping-taxable","33":"product-type-simple"},"acf":[],"aioseo_notices":[],"jetpack_publicize_connections":[],"jetpack-related-posts":[],"jetpack_likes_enabled":true,"jetpack_sharing_enabled":true,"_links":{"self":[{"href":"https:\/\/tehronmachines.ro\/pro\/wp-json\/wp\/v2\/product\/2104","targetHints":{"allow":["GET"]}}],"collection":[{"href":"https:\/\/tehronmachines.ro\/pro\/wp-json\/wp\/v2\/product"}],"about":[{"href":"https:\/\/tehronmachines.ro\/pro\/wp-json\/wp\/v2\/types\/product"}],"replies":[{"embeddable":true,"href":"https:\/\/tehronmachines.ro\/pro\/wp-json\/wp\/v2\/comments?post=2104"}],"wp:featuredmedia":[{"embeddable":true,"href":"https:\/\/tehronmachines.ro\/pro\/wp-json\/wp\/v2\/media\/2105"}],"wp:attachment":[{"href":"https:\/\/tehronmachines.ro\/pro\/wp-json\/wp\/v2\/media?parent=2104"}],"wp:term":[{"taxonomy":"product_cat","embeddable":true,"href":"https:\/\/tehronmachines.ro\/pro\/wp-json\/wp\/v2\/product_cat?post=2104"},{"taxonomy":"product_tag","embeddable":true,"href":"https:\/\/tehronmachines.ro\/pro\/wp-json\/wp\/v2\/product_tag?post=2104"}],"curies":[{"name":"wp","href":"https:\/\/api.w.org\/{rel}","templated":true}]}}