{"id":2099,"date":"2023-09-04T12:03:48","date_gmt":"2023-09-04T09:03:48","guid":{"rendered":"https:\/\/tehronmachines.ro\/pro\/?post_type=product&#038;p=2099"},"modified":"2024-10-21T21:09:41","modified_gmt":"2024-10-21T18:09:41","slug":"freza-de-cioate-si-radacini-fsi-d30-track-remote-motor-diesel-25-cp-kubota-cu-senile-telecomandat","status":"publish","type":"product","link":"https:\/\/tehronmachines.ro\/pro\/produs\/freza-de-cioate-si-radacini-fsi-d30-track-remote-motor-diesel-25-cp-kubota-cu-senile-telecomandat\/","title":{"rendered":"Frez\u0103 de cioate \u0219i r\u0103d\u0103cini FSI D30 TRACK REMOTE &#8211; motor Diesel 25 CP kubota, cu \u0219enile, telecomandat"},"content":{"rendered":"<p>FSI D30 se adreseaz\u0103 utilizatorilor serio\u0219i care folosesc \u00een mod regulat un toc\u0103tor de butuci \u00een activitatea lor. Motorul diesel asigur\u0103 o capacitate de \u00eenalt\u0103 performan\u021b\u0103 \u0219i o eficien\u021b\u0103 de func\u021bionare excelent\u0103.<\/p>\n<p>&nbsp;<\/p>\n<p>Toate opera\u021biunile, inclusiv deplasarea \u0219i m\u0103cinarea efectiv\u0103 a buturugilor, sunt controlate prin intermediul panoului de control integrat. Panoul de control poate fi utilizat pentru a activa\/dezactiva blocarea diferen\u021bialului, precum \u0219i pentru a regla viteza mi\u0219c\u0103rii de balansare.<\/p>\n<p>&nbsp;<\/p>\n<p>Siguran\u021ba este o prioritate absolut\u0103, iar m\u00e2nerul de siguran\u021b\u0103 de pe panoul de control trebuie activat pentru a porni capul de tocat.<\/p>\n<p>&nbsp;<\/p>\n<h2><span style=\"color: #ff9900\">Compara\u021bie produse:<\/span><\/h2>\n<table width=\"671\">\n<tbody>\n<tr>\n<td width=\"180\">Model<\/td>\n<td width=\"141\">D30<\/td>\n<td width=\"158\">D60<\/td>\n<td width=\"192\">D74<\/td>\n<\/tr>\n<tr>\n<td><\/td>\n<td><\/td>\n<td><\/td>\n<td><\/td>\n<\/tr>\n<tr>\n<td><\/td>\n<td><\/td>\n<td><\/td>\n<td><\/td>\n<\/tr>\n<tr>\n<td><\/td>\n<td><\/td>\n<td><\/td>\n<td><\/td>\n<\/tr>\n<tr>\n<td>Motor<\/td>\n<td>Kubota 18.5 kW<\/td>\n<td>Hatz 3H50TICD<\/td>\n<td>Hatz 3H50TICD<\/td>\n<\/tr>\n<tr>\n<td>Puterea motorului<\/td>\n<td>25 Cp<\/td>\n<td>60 Cp<\/td>\n<td>74 Cp<\/td>\n<\/tr>\n<tr>\n<td>Combustibil<\/td>\n<td>Motorin\u0103<\/td>\n<td>Motorin\u0103<\/td>\n<td>Motorin\u0103<\/td>\n<\/tr>\n<tr>\n<td>Diametrul capului de t\u0103iere<\/td>\n<td>470 mm<\/td>\n<td>570 mm<\/td>\n<td>720 mm<\/td>\n<\/tr>\n<tr>\n<td>Num\u0103r de din\u021bi<\/td>\n<td>16<\/td>\n<td>16<\/td>\n<td>28<\/td>\n<\/tr>\n<tr>\n<td>Adancime maxim\u0103 de t\u0103iere<\/td>\n<td>5,2 cm\/rota\u021bie<\/td>\n<td>6,8 cm\/rota\u021bie<\/td>\n<td>12,3 cm\/rota\u021bie<\/td>\n<\/tr>\n<tr>\n<td>Dimensiuni (Lxlxh)<\/td>\n<td>2700 x 800 x 1220 mm<\/td>\n<td>2945 x 800 x 1395 mm<\/td>\n<td>3200 x 890 x 1510 mm<\/td>\n<\/tr>\n<tr>\n<td>Greutate<\/td>\n<td>810 \/ 970 kg<\/td>\n<td>1250 \/ 1450 kg<\/td>\n<td>1725 \/ 1950 kg<\/td>\n<\/tr>\n<\/tbody>\n<\/table>\n<p>Imaginile au caracter orientativ!<\/p>\n<p>&nbsp;<\/p>\n<p>Pre\u021burile nu includ TVA!<\/p>\n","protected":false},"excerpt":{"rendered":"<ul>\n<li>Putere: 25CP<\/li>\n<li>Combustibil: Motorin\u0103<\/li>\n<li>Num\u0103r de cu\u021bite: 16<\/li>\n<li>Greutate: 970 kg<\/li>\n<li>Utilaj \u0219enilat<\/li>\n<li>Utilaj telecomandat<\/li>\n<\/ul>\n","protected":false},"featured_media":2100,"comment_status":"closed","ping_status":"closed","template":"","meta":{"_acf_changed":false,"_exactmetrics_skip_tracking":false,"_exactmetrics_sitenote_active":false,"_exactmetrics_sitenote_note":"","_exactmetrics_sitenote_category":0,"_monsterinsights_skip_tracking":false,"_monsterinsights_sitenote_active":false,"_monsterinsights_sitenote_note":"","_monsterinsights_sitenote_category":0,"neve_meta_sidebar":"","neve_meta_container":"","neve_meta_enable_content_width":"off","neve_meta_content_width":100,"neve_meta_title_alignment":"","neve_meta_author_avatar":"","neve_post_elements_order":"","neve_meta_disable_header":"","neve_meta_disable_footer":"","neve_meta_disable_title":"","jetpack_post_was_ever_published":false,"jetpack_publicize_message":"","jetpack_publicize_feature_enabled":true,"jetpack_social_post_already_shared":true,"jetpack_social_options":{"image_generator_settings":{"template":"highway","default_image_id":0,"font":"","enabled":false},"version":2}},"product_cat":[1007,1062,1036,1028,997,27,1061,1041],"product_tag":[810,763,311,378,289,290,809,288,280,210,806,807,808],"class_list":{"0":"post-2099","1":"product","2":"type-product","3":"status-publish","4":"has-post-thumbnail","6":"product_brand-fsi-danemarca","7":"product_cat-freze-de-cioate-si-radacini-peisagistica","8":"product_cat-freze-de-cioate-si-radacini-recuperare-terenuri-post-exploatare","9":"product_cat-freze-de-cioate-si-radacini","10":"product_cat-lucrari-comunale-municipale","11":"product_cat-lucrari-de-peisagistica","12":"product_cat-masini-si-utilaje","13":"product_cat-recuperare-terenuri-post-exploatare","14":"product_cat-silvicultura-si-exploatari-forestiere","15":"product_tag-cioate","16":"product_tag-freza","17":"product_tag-freza-de-cioate","18":"product_tag-fsi","19":"product_tag-lucrari-comunale","20":"product_tag-lucrari-municipale","21":"product_tag-nou","22":"product_tag-padure","23":"product_tag-parcuri","24":"product_tag-profesional","25":"product_tag-radacini","26":"product_tag-tocare","27":"product_tag-utilaj-profesional","29":"first","30":"onbackorder","31":"taxable","32":"shipping-taxable","33":"product-type-simple"},"acf":[],"aioseo_notices":[],"jetpack_publicize_connections":[],"jetpack-related-posts":[],"jetpack_likes_enabled":true,"jetpack_sharing_enabled":true,"_links":{"self":[{"href":"https:\/\/tehronmachines.ro\/pro\/wp-json\/wp\/v2\/product\/2099","targetHints":{"allow":["GET"]}}],"collection":[{"href":"https:\/\/tehronmachines.ro\/pro\/wp-json\/wp\/v2\/product"}],"about":[{"href":"https:\/\/tehronmachines.ro\/pro\/wp-json\/wp\/v2\/types\/product"}],"replies":[{"embeddable":true,"href":"https:\/\/tehronmachines.ro\/pro\/wp-json\/wp\/v2\/comments?post=2099"}],"wp:featuredmedia":[{"embeddable":true,"href":"https:\/\/tehronmachines.ro\/pro\/wp-json\/wp\/v2\/media\/2100"}],"wp:attachment":[{"href":"https:\/\/tehronmachines.ro\/pro\/wp-json\/wp\/v2\/media?parent=2099"}],"wp:term":[{"taxonomy":"product_cat","embeddable":true,"href":"https:\/\/tehronmachines.ro\/pro\/wp-json\/wp\/v2\/product_cat?post=2099"},{"taxonomy":"product_tag","embeddable":true,"href":"https:\/\/tehronmachines.ro\/pro\/wp-json\/wp\/v2\/product_tag?post=2099"}],"curies":[{"name":"wp","href":"https:\/\/api.w.org\/{rel}","templated":true}]}}