{"id":2084,"date":"2023-08-29T12:23:49","date_gmt":"2023-08-29T09:23:49","guid":{"rendered":"https:\/\/tehronmachines.ro\/pro\/?post_type=product&#038;p=2084"},"modified":"2024-10-21T21:16:11","modified_gmt":"2024-10-21T18:16:11","slug":"freza-de-cioate-si-radacini-fsi-b38-motor-propriu-38-cp-kohler-benzina-tractiune-4x4-telecomandat","status":"publish","type":"product","link":"https:\/\/tehronmachines.ro\/pro\/produs\/freza-de-cioate-si-radacini-fsi-b38-motor-propriu-38-cp-kohler-benzina-tractiune-4x4-telecomandat\/","title":{"rendered":"Frez\u0103 de cioate \u0219i r\u0103d\u0103cini FSI B38 &#8211; motor propriu 38 CP KOHLER &#8211; benzin\u0103, trac\u021biune 4&#215;4, telecomandat"},"content":{"rendered":"<p>FSI power-drive, HI\/LO cu blocare a diferen\u021bialului pe ro\u021bile din fa\u021b\u0103<\/p>\n<p>&#8211; Trac\u021biune pe 2 ro\u021bi HI, vitez\u0103 de p\u00e2n\u0103 la 3,5 km\/h<\/p>\n<p>&#8211; Trac\u021biune pe 4 ro\u021bi LO, for\u021b\u0103 de trac\u021biune dubl\u0103, vitez\u0103 redus\u0103 la jum\u0103tate<\/p>\n<p>Fr\u00e2ne automate pe ro\u021bi<\/p>\n<p>Ro\u021bi duble cu un singur bol\u021b central pentru o montare u\u0219oar\u0103<\/p>\n<p>Anvelope antiderapante pe puntea din fa\u021b\u0103 pentru un control optim al solului<\/p>\n<p>Ambreiaj de putere FSI. Sistem de ambreiaj electric-hidraulic cu fr\u00e2ne integrate<\/p>\n<p>FSI power-sweep cu pilot automat pentru performan\u021be de top<\/p>\n<p>Vitez\u0103 reglabil\u0103 pe oscila\u021bie<\/p>\n<p>Transmisie cu curea trapezoidal\u0103 pentru o capacitate optim\u0103 cu o pierdere minim\u0103 de putere<\/p>\n<p>Telecomand\u0103 complet radio pentru toate func\u021biile, inclusiv \u00eenc\u0103rc\u0103tor de baterii, baterie suplimentar\u0103 \u0219i cablu de conectare<\/p>\n<p>&nbsp;<\/p>\n<h2><span style=\"color: #ff9900\">Compara\u021bie produse:<\/span><\/h2>\n<table width=\"1054\">\n<tbody>\n<tr>\n<td width=\"201\">Model<\/td>\n<td width=\"164\">B21<\/td>\n<td width=\"138\">B22<\/td>\n<td width=\"192\">B28<\/td>\n<td width=\"161\">B31<\/td>\n<td width=\"198\">B38<\/td>\n<\/tr>\n<tr>\n<td><\/td>\n<td><\/td>\n<td><\/td>\n<td><\/td>\n<td><\/td>\n<td><\/td>\n<\/tr>\n<tr>\n<td><\/td>\n<td><\/td>\n<td><\/td>\n<td><\/td>\n<td><\/td>\n<td><\/td>\n<\/tr>\n<tr>\n<td><\/td>\n<td><\/td>\n<td><\/td>\n<td><\/td>\n<td><\/td>\n<td><\/td>\n<\/tr>\n<tr>\n<td>Motor<\/td>\n<td>Honda GX390<\/td>\n<td>Kohler CH440<\/td>\n<td>Kohler ECH749<\/td>\n<td>Kohler ECH749<\/td>\n<td>Kohler 28 kW<\/td>\n<\/tr>\n<tr>\n<td>Puterea motorului<\/td>\n<td>11,1 Cp<\/td>\n<td>14 Cp<\/td>\n<td>26,5 Cp<\/td>\n<td>26,5 Cp<\/td>\n<td>38 Cp<\/td>\n<\/tr>\n<tr>\n<td>Combustibil<\/td>\n<td>Benzin\u0103<\/td>\n<td>Benzin\u0103<\/td>\n<td>Benzin\u0103<\/td>\n<td>Benzin\u0103<\/td>\n<td>Benzin\u0103<\/td>\n<\/tr>\n<tr>\n<td>Diametrul capului de t\u0103iere<\/td>\n<td>386 mm<\/td>\n<td>370 mm<\/td>\n<td>470 mm<\/td>\n<td>467 mm<\/td>\n<td>570 mm<\/td>\n<\/tr>\n<tr>\n<td>Num\u0103r de din\u021bi<\/td>\n<td>8<\/td>\n<td>8<\/td>\n<td>16<\/td>\n<td>8<\/td>\n<td>12<\/td>\n<\/tr>\n<tr>\n<td>Adancime maxim\u0103 de t\u0103iere<\/td>\n<td>2,4 cm \/ rota\u021bie<\/td>\n<td>2,3 cm \/ rota\u021bie<\/td>\n<td>4,8 cm \/ rota\u021bie<\/td>\n<td>3,6 cm \/ rota\u021bie<\/td>\n<td>5,7 cm\/rota\u021bie<\/td>\n<\/tr>\n<tr>\n<td>Dimensiuni (Lxlxh)<\/td>\n<td>1580 x 680 x 1230 mm<\/td>\n<td>1700 x 680 x 1250 mm<\/td>\n<td>2700 x 800 x 1160 mm<\/td>\n<td>2280 x 740 x 1165 mm<\/td>\n<td>2830 x 790 x 1260 mm<\/td>\n<\/tr>\n<tr>\n<td>Greutate<\/td>\n<td>125 kg<\/td>\n<td>210 kg<\/td>\n<td>665 kg<\/td>\n<td>660 kg<\/td>\n<td>900 kg<\/td>\n<\/tr>\n<\/tbody>\n<\/table>\n<p>&nbsp;<\/p>\n<p>Imaginile au caracter orientativ!<\/p>\n<p>&nbsp;<\/p>\n<p>Pre\u021burile nu includ TVA!<\/p>\n","protected":false},"excerpt":{"rendered":"<ul>\n<li>Putere: 38 CP<\/li>\n<li>Combustibil: Benzin\u0103<\/li>\n<li>Num\u0103r de cu\u021bite: 12<\/li>\n<li>Greutate: 900 kg<\/li>\n<\/ul>\n","protected":false},"featured_media":2083,"comment_status":"closed","ping_status":"closed","template":"","meta":{"_acf_changed":false,"_exactmetrics_skip_tracking":false,"_exactmetrics_sitenote_active":false,"_exactmetrics_sitenote_note":"","_exactmetrics_sitenote_category":0,"_monsterinsights_skip_tracking":false,"_monsterinsights_sitenote_active":false,"_monsterinsights_sitenote_note":"","_monsterinsights_sitenote_category":0,"neve_meta_sidebar":"","neve_meta_container":"","neve_meta_enable_content_width":"off","neve_meta_content_width":100,"neve_meta_title_alignment":"","neve_meta_author_avatar":"","neve_post_elements_order":"","neve_meta_disable_header":"","neve_meta_disable_footer":"","neve_meta_disable_title":"","jetpack_publicize_message":"","jetpack_publicize_feature_enabled":true,"jetpack_social_post_already_shared":true,"jetpack_social_options":{"image_generator_settings":{"template":"highway","default_image_id":0,"font":"","enabled":false},"version":2}},"product_cat":[1007,1062,1036,1028,997,27,1061,1041],"product_tag":[805,763,311,378,289,290,809,288,280,210,806,807,808],"class_list":{"0":"post-2084","1":"product","2":"type-product","3":"status-publish","4":"has-post-thumbnail","6":"product_brand-fsi-danemarca","7":"product_cat-freze-de-cioate-si-radacini-peisagistica","8":"product_cat-freze-de-cioate-si-radacini-recuperare-terenuri-post-exploatare","9":"product_cat-freze-de-cioate-si-radacini","10":"product_cat-lucrari-comunale-municipale","11":"product_cat-lucrari-de-peisagistica","12":"product_cat-masini-si-utilaje","13":"product_cat-recuperare-terenuri-post-exploatare","14":"product_cat-silvicultura-si-exploatari-forestiere","15":"product_tag-ciaote","16":"product_tag-freza","17":"product_tag-freza-de-cioate","18":"product_tag-fsi","19":"product_tag-lucrari-comunale","20":"product_tag-lucrari-municipale","21":"product_tag-nou","22":"product_tag-padure","23":"product_tag-parcuri","24":"product_tag-profesional","25":"product_tag-radacini","26":"product_tag-tocare","27":"product_tag-utilaj-profesional","29":"first","30":"onbackorder","31":"taxable","32":"shipping-taxable","33":"product-type-simple"},"acf":[],"aioseo_notices":[],"jetpack_publicize_connections":[],"jetpack-related-posts":[],"jetpack_likes_enabled":true,"jetpack_sharing_enabled":true,"_links":{"self":[{"href":"https:\/\/tehronmachines.ro\/pro\/wp-json\/wp\/v2\/product\/2084","targetHints":{"allow":["GET"]}}],"collection":[{"href":"https:\/\/tehronmachines.ro\/pro\/wp-json\/wp\/v2\/product"}],"about":[{"href":"https:\/\/tehronmachines.ro\/pro\/wp-json\/wp\/v2\/types\/product"}],"replies":[{"embeddable":true,"href":"https:\/\/tehronmachines.ro\/pro\/wp-json\/wp\/v2\/comments?post=2084"}],"wp:featuredmedia":[{"embeddable":true,"href":"https:\/\/tehronmachines.ro\/pro\/wp-json\/wp\/v2\/media\/2083"}],"wp:attachment":[{"href":"https:\/\/tehronmachines.ro\/pro\/wp-json\/wp\/v2\/media?parent=2084"}],"wp:term":[{"taxonomy":"product_cat","embeddable":true,"href":"https:\/\/tehronmachines.ro\/pro\/wp-json\/wp\/v2\/product_cat?post=2084"},{"taxonomy":"product_tag","embeddable":true,"href":"https:\/\/tehronmachines.ro\/pro\/wp-json\/wp\/v2\/product_tag?post=2084"}],"curies":[{"name":"wp","href":"https:\/\/api.w.org\/{rel}","templated":true}]}}