{"id":2068,"date":"2023-08-29T11:52:57","date_gmt":"2023-08-29T08:52:57","guid":{"rendered":"https:\/\/tehronmachines.ro\/pro\/?post_type=product&#038;p=2068"},"modified":"2024-10-21T21:19:11","modified_gmt":"2024-10-21T18:19:11","slug":"freza-de-cioate-si-radacini-fsi-b28-motor-propriu-265-cp-kohler-benzina","status":"publish","type":"product","link":"https:\/\/tehronmachines.ro\/pro\/produs\/freza-de-cioate-si-radacini-fsi-b28-motor-propriu-265-cp-kohler-benzina\/","title":{"rendered":"Frez\u0103 de cioate \u0219i r\u0103d\u0103cini FSI B28 &#8211; motor propriu 26,5 CP KOHLER &#8211; benzin\u0103"},"content":{"rendered":"<p>FSI B28 este destinat utilizatorilor cu adev\u0103rat profesioni\u0219ti, care efectueaz\u0103 lucr\u0103ri de frezare a cioatelor. Toate opera\u021biunile, inclusiv deplasarea \u0219i mi\u0219carea de frezare, sunt controlate prin panoul de control integrat. Panoul de control poate fi utilizat pentru a activa \/ dezactiva blocarea diferen\u021bialului, precum \u0219i pentru a regla viteza mi\u0219c\u0103rii oscilante. Foarte sigur: &#8216;bara&#8217; de siguran\u021b\u0103 de pe panoul de control trebuie s\u0103 fie activat\u0103 pentru a porni capul de frezare.<\/p>\n<h2><span style=\"color: #ff9900\">Compara\u021bie produse:<\/span><\/h2>\n<table width=\"1054\">\n<tbody>\n<tr>\n<td width=\"201\">Model<\/td>\n<td width=\"164\">B21<\/td>\n<td width=\"138\">B22<\/td>\n<td width=\"192\">B28<\/td>\n<td width=\"161\">B31<\/td>\n<td width=\"198\">B38<\/td>\n<\/tr>\n<tr>\n<td><\/td>\n<td><\/td>\n<td><\/td>\n<td><\/td>\n<td><\/td>\n<td><\/td>\n<\/tr>\n<tr>\n<td><\/td>\n<td><\/td>\n<td><\/td>\n<td><\/td>\n<td><\/td>\n<td><\/td>\n<\/tr>\n<tr>\n<td><\/td>\n<td><\/td>\n<td><\/td>\n<td><\/td>\n<td><\/td>\n<td><\/td>\n<\/tr>\n<tr>\n<td>Motor<\/td>\n<td>Honda GX390<\/td>\n<td>Kohler CH440<\/td>\n<td>Kohler ECH749<\/td>\n<td>Kohler ECH749<\/td>\n<td>Kohler 28 kW<\/td>\n<\/tr>\n<tr>\n<td>Puterea motorului<\/td>\n<td>11,1 Cp<\/td>\n<td>14 Cp<\/td>\n<td>26,5 Cp<\/td>\n<td>26,5 Cp<\/td>\n<td>38 Cp<\/td>\n<\/tr>\n<tr>\n<td>Combustibil<\/td>\n<td>Benzin\u0103<\/td>\n<td>Benzin\u0103<\/td>\n<td>Benzin\u0103<\/td>\n<td>Benzin\u0103<\/td>\n<td>Benzin\u0103<\/td>\n<\/tr>\n<tr>\n<td>Diametrul capului de t\u0103iere<\/td>\n<td>386 mm<\/td>\n<td>370 mm<\/td>\n<td>470 mm<\/td>\n<td>467 mm<\/td>\n<td>570 mm<\/td>\n<\/tr>\n<tr>\n<td>Num\u0103r de din\u021bi<\/td>\n<td>8<\/td>\n<td>8<\/td>\n<td>16<\/td>\n<td>8<\/td>\n<td>12<\/td>\n<\/tr>\n<tr>\n<td>Adancime maxim\u0103 de t\u0103iere<\/td>\n<td>2,4 cm \/ rota\u021bie<\/td>\n<td>2,3 cm \/ rota\u021bie<\/td>\n<td>4,8 cm \/ rota\u021bie<\/td>\n<td>3,6 cm \/ rota\u021bie<\/td>\n<td>5,7 cm\/rota\u021bie<\/td>\n<\/tr>\n<tr>\n<td>Dimensiuni (Lxlxh)<\/td>\n<td>1580 x 680 x 1230 mm<\/td>\n<td>1700 x 680 x 1250 mm<\/td>\n<td>2700 x 800 x 1160 mm<\/td>\n<td>2280 x 740 x 1165 mm<\/td>\n<td>2830 x 790 x 1260 mm<\/td>\n<\/tr>\n<tr>\n<td>Greutate<\/td>\n<td>125 kg<\/td>\n<td>210 kg<\/td>\n<td>665 kg<\/td>\n<td>660 kg<\/td>\n<td>900 kg<\/td>\n<\/tr>\n<\/tbody>\n<\/table>\n<p>&nbsp;<\/p>\n<p>Imaginile au caracter orientativ!<\/p>\n<p>&nbsp;<\/p>\n<p>Pre\u021burile nu includ TVA!<\/p>\n","protected":false},"excerpt":{"rendered":"<ul>\n<li>Putere: 26,5 CP<\/li>\n<li>Combustibil: Benzin\u0103<\/li>\n<li>Num\u0103r de cu\u021bite: 16<\/li>\n<li>Greutate: 665 kg<\/li>\n<\/ul>\n","protected":false},"featured_media":2069,"comment_status":"closed","ping_status":"closed","template":"","meta":{"_acf_changed":false,"_exactmetrics_skip_tracking":false,"_exactmetrics_sitenote_active":false,"_exactmetrics_sitenote_note":"","_exactmetrics_sitenote_category":0,"_monsterinsights_skip_tracking":false,"_monsterinsights_sitenote_active":false,"_monsterinsights_sitenote_note":"","_monsterinsights_sitenote_category":0,"neve_meta_sidebar":"","neve_meta_container":"","neve_meta_enable_content_width":"off","neve_meta_content_width":100,"neve_meta_title_alignment":"","neve_meta_author_avatar":"","neve_post_elements_order":"","neve_meta_disable_header":"","neve_meta_disable_footer":"","neve_meta_disable_title":"","jetpack_post_was_ever_published":false,"jetpack_publicize_message":"","jetpack_publicize_feature_enabled":true,"jetpack_social_post_already_shared":true,"jetpack_social_options":{"image_generator_settings":{"template":"highway","default_image_id":0,"font":"","enabled":false},"version":2}},"product_cat":[1036,1007,1062,1028,997,27,1061,1041],"product_tag":[810,763,311,378,289,290,809,288,280,210,806,807,808],"class_list":{"0":"post-2068","1":"product","2":"type-product","3":"status-publish","4":"has-post-thumbnail","6":"product_brand-fsi-danemarca","7":"product_cat-freze-de-cioate-si-radacini","8":"product_cat-freze-de-cioate-si-radacini-peisagistica","9":"product_cat-freze-de-cioate-si-radacini-recuperare-terenuri-post-exploatare","10":"product_cat-lucrari-comunale-municipale","11":"product_cat-lucrari-de-peisagistica","12":"product_cat-masini-si-utilaje","13":"product_cat-recuperare-terenuri-post-exploatare","14":"product_cat-silvicultura-si-exploatari-forestiere","15":"product_tag-cioate","16":"product_tag-freza","17":"product_tag-freza-de-cioate","18":"product_tag-fsi","19":"product_tag-lucrari-comunale","20":"product_tag-lucrari-municipale","21":"product_tag-nou","22":"product_tag-padure","23":"product_tag-parcuri","24":"product_tag-profesional","25":"product_tag-radacini","26":"product_tag-tocare","27":"product_tag-utilaj-profesional","29":"first","30":"onbackorder","31":"taxable","32":"shipping-taxable","33":"product-type-simple"},"acf":[],"aioseo_notices":[],"jetpack_publicize_connections":[],"jetpack-related-posts":[],"jetpack_likes_enabled":true,"jetpack_sharing_enabled":true,"_links":{"self":[{"href":"https:\/\/tehronmachines.ro\/pro\/wp-json\/wp\/v2\/product\/2068","targetHints":{"allow":["GET"]}}],"collection":[{"href":"https:\/\/tehronmachines.ro\/pro\/wp-json\/wp\/v2\/product"}],"about":[{"href":"https:\/\/tehronmachines.ro\/pro\/wp-json\/wp\/v2\/types\/product"}],"replies":[{"embeddable":true,"href":"https:\/\/tehronmachines.ro\/pro\/wp-json\/wp\/v2\/comments?post=2068"}],"wp:featuredmedia":[{"embeddable":true,"href":"https:\/\/tehronmachines.ro\/pro\/wp-json\/wp\/v2\/media\/2069"}],"wp:attachment":[{"href":"https:\/\/tehronmachines.ro\/pro\/wp-json\/wp\/v2\/media?parent=2068"}],"wp:term":[{"taxonomy":"product_cat","embeddable":true,"href":"https:\/\/tehronmachines.ro\/pro\/wp-json\/wp\/v2\/product_cat?post=2068"},{"taxonomy":"product_tag","embeddable":true,"href":"https:\/\/tehronmachines.ro\/pro\/wp-json\/wp\/v2\/product_tag?post=2068"}],"curies":[{"name":"wp","href":"https:\/\/api.w.org\/{rel}","templated":true}]}}