{"id":2039,"date":"2023-08-29T09:16:13","date_gmt":"2023-08-29T06:16:13","guid":{"rendered":"https:\/\/tehronmachines.ro\/pro\/?post_type=product&#038;p=2039"},"modified":"2024-09-15T14:54:31","modified_gmt":"2024-09-15T11:54:31","slug":"masina-de-plantat-puieti-egedal-jt-standard-si-jt-profesional","status":"publish","type":"product","link":"https:\/\/tehronmachines.ro\/pro\/produs\/masina-de-plantat-puieti-egedal-jt-standard-si-jt-profesional\/","title":{"rendered":"Ma\u0219in\u0103 de plantat puie\u021bi Egedal JT Standard si JT Profesional"},"content":{"rendered":"<ul>\n<li>Masina de plantat EGEDAL model JT standard dar si modelul profesional este ideala pentru instalarea culturilor de pomi de craciun, plantarea perdelelor de protectie, plantarea pe suprafete mari, etc.<\/li>\n<li>Constructiv este o masina robusta si flexibila gandita pentru o utilizare optima in orice conditii de plantare. Cadrul special, puternic al masinii permite o reglare continua a elementelor de plantare pe intreaga sa lungime.<\/li>\n<li><img data-recalc-dims=\"1\" loading=\"lazy\" decoding=\"async\" width=\"471\" height=\"330\" class=\"alignnone wp-image-2042 size-full\" src=\"https:\/\/i0.wp.com\/tehronmachines.ro\/pro\/wp-content\/uploads\/2023\/08\/Pasted-142.png?resize=471%2C330&#038;ssl=1\" srcset=\"https:\/\/i0.wp.com\/tehronmachines.ro\/pro\/wp-content\/uploads\/2023\/08\/Pasted-142.png?w=471&amp;ssl=1 471w, https:\/\/i0.wp.com\/tehronmachines.ro\/pro\/wp-content\/uploads\/2023\/08\/Pasted-142.png?resize=300%2C210&amp;ssl=1 300w, https:\/\/i0.wp.com\/tehronmachines.ro\/pro\/wp-content\/uploads\/2023\/08\/Pasted-142.png?resize=220%2C154&amp;ssl=1 220w\" sizes=\"auto, (max-width: 471px) 100vw, 471px\" \/><\/li>\n<li>Controlul adancimii de plantare se face cu ajutorul unor roti de sprijin. Prinderea la tractor se face prin sistemul de prindere in trei puncte, cat. II. Elementele de plantare sunt prevazute cu discuri de diametre mari prevazute cu un varf interschimbabil, de uzura. Discul acesta de mari dimensiuni va permite o plantare usoara chiar si in conditii grele de teren, printre cioate. Mai mult, discul va proteja elementele de plantare de suprasolicitari in cazul terenurilor stancoase.<\/li>\n<li>Rotile de cauciuc au rolul de a inchide si a presa pamantul din brazda de plantare. Forta de apasare a acestor roti poate fi repede ajustata pentru diferitele conditii de teren prin suplimentarea sau reducerea lestului din cuiile de lestare (pietre, pamant etc.). Acestea sunt o dotare standard a masinii de plantat. In cazul masinii de plantat model JT standard, scaunele pot fi montate in doua pozitii diferite: pozitionate central fie orientate spre directia de mers fie in sens invers acestei directii. In acest fel se pot planta fara probleme si puietii de dimensiuni mai mari.<\/li>\n<li><img data-recalc-dims=\"1\" loading=\"lazy\" decoding=\"async\" width=\"471\" height=\"332\" class=\"alignnone wp-image-2040 size-full\" src=\"https:\/\/i0.wp.com\/tehronmachines.ro\/pro\/wp-content\/uploads\/2023\/08\/Pasted-140.png?resize=471%2C332&#038;ssl=1\" srcset=\"https:\/\/i0.wp.com\/tehronmachines.ro\/pro\/wp-content\/uploads\/2023\/08\/Pasted-140.png?w=471&amp;ssl=1 471w, https:\/\/i0.wp.com\/tehronmachines.ro\/pro\/wp-content\/uploads\/2023\/08\/Pasted-140.png?resize=300%2C211&amp;ssl=1 300w, https:\/\/i0.wp.com\/tehronmachines.ro\/pro\/wp-content\/uploads\/2023\/08\/Pasted-140.png?resize=220%2C154&amp;ssl=1 220w\" sizes=\"auto, (max-width: 471px) 100vw, 471px\" \/><\/li>\n<\/ul>\n<div class=\"epyt-video-wrapper\"><iframe loading=\"lazy\"  style=\"display: block; margin: 0px auto;\"  id=\"_ytid_53769\"  width=\"400\" height=\"300\"  data-origwidth=\"400\" data-origheight=\"300\"  data-relstop=\"1\" src=\"https:\/\/www.youtube.com\/embed\/aBaTBIhc8Ww?enablejsapi=1&autoplay=0&cc_load_policy=1&cc_lang_pref=&iv_load_policy=3&loop=0&rel=0&fs=1&playsinline=0&autohide=2&theme=dark&color=red&controls=1&disablekb=0&\" class=\"__youtube_prefs__  no-lazyload\" title=\"YouTube player\"  allow=\"fullscreen; accelerometer; autoplay; clipboard-write; encrypted-media; gyroscope; picture-in-picture; web-share\" referrerpolicy=\"strict-origin-when-cross-origin\" allowfullscreen data-no-lazy=\"1\" data-skipgform_ajax_framebjll=\"\"><\/iframe><\/div>\n<p>&nbsp;<\/p>\n<p>&nbsp;<\/p>\n<p>Imaginile au caracter orientativ!<\/p>\n<p>&nbsp;<\/p>\n<p>Preturile nu includ TVA!<\/p>\n<p>&nbsp;<\/p>\n<p>&nbsp;<\/p>\n","protected":false},"excerpt":{"rendered":"<ul>\n<li>Ad\u00e2ncimea brazdelor: max. 30 cm<\/li>\n<li>Disatan\u021ba \u00eentre r\u00eenduri: 60 &#8211; 165 cm standard<\/li>\n<li>Productivitate orar\u0103 pe r\u00e2nd: cca. 800 &#8211; 1500 buc\u0103\u021bi<\/li>\n<li>L\u0103\u021bime: 2000 mm<\/li>\n<li>\u00cen\u0103l\u021bime: 1450 mm<\/li>\n<li>Greutate: ma\u0219in\u0103 pentru un r\u00e2nd 440 kg \/ ma\u0219in\u0103 pentru 2 r\u00eenduri 620 kg<\/li>\n<\/ul>\n<p>&nbsp;<\/p>\n","protected":false},"featured_media":2044,"comment_status":"closed","ping_status":"closed","template":"","meta":{"_acf_changed":false,"_exactmetrics_skip_tracking":false,"_exactmetrics_sitenote_active":false,"_exactmetrics_sitenote_note":"","_exactmetrics_sitenote_category":0,"_monsterinsights_skip_tracking":false,"_monsterinsights_sitenote_active":false,"_monsterinsights_sitenote_note":"","_monsterinsights_sitenote_category":0,"neve_meta_sidebar":"","neve_meta_container":"","neve_meta_enable_content_width":"off","neve_meta_content_width":100,"neve_meta_title_alignment":"","neve_meta_author_avatar":"","neve_post_elements_order":"","neve_meta_disable_header":"","neve_meta_disable_footer":"","neve_meta_disable_title":"","jetpack_post_was_ever_published":false,"jetpack_publicize_message":"","jetpack_publicize_feature_enabled":true,"jetpack_social_post_already_shared":true,"jetpack_social_options":{"image_generator_settings":{"template":"highway","default_image_id":0,"font":"","enabled":false},"version":2}},"product_cat":[1086,27,1042,1041],"product_tag":[796,786,780,289,290,784,794,766,210,335,795,211],"class_list":{"0":"post-2039","1":"product","2":"type-product","3":"status-publish","4":"has-post-thumbnail","6":"product_brand-egedal-danemarca-utilaje-pentru-pepiniere","7":"product_cat-masini-de-plantat","8":"product_cat-masini-si-utilaje","9":"product_cat-pepiniere","10":"product_cat-silvicultura-si-exploatari-forestiere","11":"product_tag-arbori","12":"product_tag-egedal","13":"product_tag-forestier","14":"product_tag-lucrari-comunale","15":"product_tag-lucrari-municipale","16":"product_tag-pepiniere","17":"product_tag-plantat","18":"product_tag-plantatii","19":"product_tag-profesional","20":"product_tag-pto","21":"product_tag-puieti","22":"product_tag-utilaje-profesionale","24":"first","25":"onbackorder","26":"taxable","27":"shipping-taxable","28":"product-type-simple"},"acf":[],"aioseo_notices":[],"jetpack_publicize_connections":[],"jetpack-related-posts":[],"jetpack_likes_enabled":true,"jetpack_sharing_enabled":true,"_links":{"self":[{"href":"https:\/\/tehronmachines.ro\/pro\/wp-json\/wp\/v2\/product\/2039","targetHints":{"allow":["GET"]}}],"collection":[{"href":"https:\/\/tehronmachines.ro\/pro\/wp-json\/wp\/v2\/product"}],"about":[{"href":"https:\/\/tehronmachines.ro\/pro\/wp-json\/wp\/v2\/types\/product"}],"replies":[{"embeddable":true,"href":"https:\/\/tehronmachines.ro\/pro\/wp-json\/wp\/v2\/comments?post=2039"}],"wp:featuredmedia":[{"embeddable":true,"href":"https:\/\/tehronmachines.ro\/pro\/wp-json\/wp\/v2\/media\/2044"}],"wp:attachment":[{"href":"https:\/\/tehronmachines.ro\/pro\/wp-json\/wp\/v2\/media?parent=2039"}],"wp:term":[{"taxonomy":"product_cat","embeddable":true,"href":"https:\/\/tehronmachines.ro\/pro\/wp-json\/wp\/v2\/product_cat?post=2039"},{"taxonomy":"product_tag","embeddable":true,"href":"https:\/\/tehronmachines.ro\/pro\/wp-json\/wp\/v2\/product_tag?post=2039"}],"curies":[{"name":"wp","href":"https:\/\/api.w.org\/{rel}","templated":true}]}}