{"id":2000,"date":"2023-08-25T13:56:47","date_gmt":"2023-08-25T10:56:47","guid":{"rendered":"https:\/\/tehronmachines.ro\/pro\/?post_type=product&#038;p=2000"},"modified":"2024-11-13T11:57:04","modified_gmt":"2024-11-13T08:57:04","slug":"remorca-pfanzelt-s6-2-axe","status":"publish","type":"product","link":"https:\/\/tehronmachines.ro\/pro\/produs\/remorca-pfanzelt-s6-2-axe\/","title":{"rendered":"Remorc\u0103 Pfanzelt S6, 2 axe"},"content":{"rendered":"<h2>Remorcile de expediere S-line<\/h2>\n<p>Remorcile de expediere Pfanzelt S-line sunt special concepute pentru a fi utilizate de proprietarii de p\u0103duri private \u0219i pentru opera\u021biuni semi-profesionale. Fiabilitatea tehnologiei are aceea\u0219i prioritate ca \u0219i pentru profesioni\u0219ti. Cu toate acestea, descrierea sarcinilor este diferit\u0103.<\/p>\n<div class=\"epyt-video-wrapper\"><iframe loading=\"lazy\"  style=\"display: block; margin: 0px auto;\"  id=\"_ytid_64825\"  width=\"400\" height=\"300\"  data-origwidth=\"400\" data-origheight=\"300\"  data-relstop=\"1\" src=\"https:\/\/www.youtube.com\/embed\/SmyHzKVFGKU?enablejsapi=1&autoplay=0&cc_load_policy=1&cc_lang_pref=&iv_load_policy=3&loop=0&rel=0&fs=1&playsinline=0&autohide=2&theme=dark&color=red&controls=1&disablekb=0&\" class=\"__youtube_prefs__  no-lazyload\" title=\"YouTube player\"  allow=\"fullscreen; accelerometer; autoplay; clipboard-write; encrypted-media; gyroscope; picture-in-picture; web-share\" referrerpolicy=\"strict-origin-when-cross-origin\" allowfullscreen data-no-lazy=\"1\" data-skipgform_ajax_framebjll=\"\"><\/iframe><\/div>\n<p>&nbsp;<\/p>\n<p><strong><img loading=\"lazy\" decoding=\"async\" id=\"thepasted-1\" class=\"\" src=\"data:image\/jpeg;base64,\/9j\/4AAQSkZJRgABAQAAAQABAAD\/2wCEAAoGCBUVExcVFRUYGBcZGhwcGhkaGiQfJBwcIR0dGyAgHSMaISsjHB0oIR0cJTUkKCwxMjIyHyM3PDcxOysxMi4BCwsLDw4PHRERHTMoIygxMzExMTExMTExMTExMTEuMTExMTExMTExMTExMTExMTExMTExMTExMTExMTExMTEzMf\/AABEIAOEA4QMBIgACEQEDEQH\/xAAcAAACAwEBAQEAAAAAAAAAAAAEBQIDBgABBwj\/xABKEAACAQIFAQUFBQMIBwgDAAABAhEDIQAEEjFBUQUTImFxBjKBkaEjQrHB8BRS0QcVM3KCktLhFkNTYrLC8TRUY3OTorPThMPi\/8QAGgEAAwEBAQEAAAAAAAAAAAAAAAECAwQFBv\/EAC0RAAICAgIBAwMDAwUAAAAAAAABAhEDIRIxQQQTUWFxgSIywZGh8AUjsdHh\/9oADAMBAAIRAxEAPwBNmqZpsHqHvauj36baTTWwOoE6XkHcuOmm4hDm5bVU8QdXBEqVm\/MqR4tWqDYn1jH0jLZRQHUgTUENqAmfe+RXaxEjc2wpz6BqtSlTRdVVyGYRBXXp1yNzIHFyTEbjjhk3QgHN5z9qoqalN6epkFPQjFGZV0rcQVEgCbg6wBcTgN67pWqyGNSkEQIVa6LGpW8MEDUsk7hlNpx2UzNRKBoKzK7t4RuttLQ8mAQRIKibgHUBGM7XzDSC4LPrBJJs+6EX5IJE743UUxh65+mGC0wGFQISIYAPqkqJuAJEETsMaTNZtqg1ISj+JXWCCF0htV7kRFgJBnyGMhldPeBZPd6hcETB4I4O8dDNrnE1zbioyU2IViQSdwpvF+bROHSEaHsxFFZBUfUrqQ0jkoxaOl1Bk7HythD25lkpsmg2IA1A3IXwloHWDt0O0Yuydaord26rpFgS0aGJXSTC+KL8feMnAvbFKo1Yq0fZ05noApaCQY\/QwKw2H5Wq9R6V4A0lwLDSzRrPBu4Ui2ww87cotTda4Hhju6jABl0FtMDhjImfIdYwn9n6NTQrpdx4tMCCOQb3kAi+98aftSoj5ckyvhUqu0XFuoNyPn54T7JsTdkUqgFQqdbiwgXIMQ1vdMQfK+DO2U1pWZStSFRgwBiIGrfxGQW3PTEux6dSjNSkxIZrjrspOxg2Y\/A+eL8nFRX0ytUMwho58IFiJveRO2IcvgTKezaZUJUVZCrOgmzGDI6QCZPWPPGnybOC+knTEMFc7RF4vNzb13wiy1M01VCvujk3IbxLN+hw8PabKhprTnvAqwQTJWQCvEGYP+eKjd7BMU9o16dTMncoo8MG7MTYX2UQxsJ8IFuEvazNJZk0iTpBAaYAg2O8TxHH3YxrKvZ1GnTZ3cd4dqaQVU6Sl+SwVb+bbdEPtMjKq60jUoqUwBYyosIERFt5nV1u+NbLE9MeMNyabISW35YjTwDpAFrgzcnFepFdtB7w6dIJ2DEe82nj3tIm8TtfFmaphaJM+IjxmwgmbQYJJuekSRY4GaqKQUKwl2uxUW8O8njS3zA2wwJdq0wgezMyaX8MAwhDEmbAAGI8zxhl2NXpPVAK1VpwzAKhP+rUBiCJk6V8UHiemBqat3Os21qZtdiCYUEbk6ubyekYDyVesKYouSdBCi0aVkaCBuYQ6gSV94bk3E7AJOdRAsISSGgkQSCbC94iPSfLAGccrpqPcqVhAoiDAPinj0Hw3x3fqimFmAZdt12AUiPCNVx0MWtOB66tBXqQD6RLRPOkfMHrg8gTpEadZtYtb96Z87XiLfljsm61CFJKsSt+NUgbdCCTMwBM4MSghg1HVQ5OsLFtJaVAH70Qp8m3thdXTxAimYWSJ5QWhutuR0+bsdl+cpsEImE1WJtMCJt62HMzieXp6iStgDwdpMmPLc\/HyxEeIIzQVJ0qurYWIu23NyfLjDDsLKju6gYxJAbYjSTpFtwdyDgsA+llyaNQFS1NidaQSVYAWXreTAvN4MgD3L9ogtpAFRlIgL4g7CxqGCNSCLCd7mNKkgUM+W0qNIlQXO0XuQYlCRMkSYk7xgjsx+5zOulrELAChW1AFBJBFwSDtp2mQBdWFG27ztH\/AGVD9f2cdhT\/AKQZv\/vlL\/03\/wDsx2AAjKBnp93VfxUvBUa\/ij3W\/rMrIfjHEYF9mcoiZqqC2tkp6tW4kubrE3IBXz0m0nAVQtSqJ3tQBdBV7AEknwnoQCxURFiDsL0NmGplqhIBQAFVNyvi8QmxieJFxMWxz8X\/AFAX9vVmSrVcJDMfCT\/s5O07vZTJizk8DHdv9lMMrRroghGC11iSKkmSwPB8A9T0GPO382KlZKlQhqbKVTllUW8Sr4triSOL74ppdtZg0jSVV0VrlihJYnwX3Jv\/ANMaq6TAzbOab2HhZrT+7cAMJjnf1viWXZqlUgmSxCkg7mIHHkMGdo5UrWgnWDBJkWLbiRYHUfpidTs1xqqqQpVQ4DWJIMNuNyDIImTa+LsR2QrgyjoxOhlJuSsmxMbiRA6T6Yb1MgKdLvC4Zn3MyDOoNMXgaRA3IK3wjzdBkqNoBZgBIALHxXnwza\/QdPSmpWuFdyD95RxEdY+Xr8BxsDV9j1+5pU2K94i++CYsdoa9rC3UHrOCu2e0KdQqV8SuY7sLeB4Seg1REyNztxl8v2vNJqZEKou4uSpuIEwDPJJtaLYc9idmalRwSqs40vEgggFeI3It1mB0hquyaH\/ZquoQOukSYkzcFo1EbiZF49JJx7nAHqBioAS\/IM3FjaOSPXHlVnAJqRJ52O89ZjeDirvdXvkAEzHQRNr79ObziFsl2CZ92R1Mk+Ib82tM3EQBPmMN8r2k7ovd1FPdgjQYbc7QRN98D1ayX1xJNhEjraefPyxbSoCQaRAGqQPPaBHHzi\/pjRSBPYxztNQg11EUganUjSWadJuTvLRAEW43wt7UzSugZ6itoEIsyBAFhp2PvEki977YuWA0kQWuYi0iC0z725jb5Riiumsb6dIK6QTABCi+oxxxYXF+CUi2Ku1+0A9AU3Q2Y6YGnSxMlpI8XhULFolsKMhkTVqu0nQkQNMtzsLwRBY40PZXZ71kNSmg8LMrO0wqgEEhuWg2HUbG89Q7O7mnUYxsRG8GSuxsxUiAOdjvhSkMD7Gy6tXRe8shY9443Kysyt9MQoiwJa22Gn7GgaoDUHj0urRqLmie7gRGldJpsJvtG2BeyOy1FAKamy6ehU8EGPiYiZ+fva702p0wACaIDE7CCCrAbyVUl78rH+6VFtsBJmKYRiVkami1o8XhEcyCDe4njAtfLaXpgkpGprHVYDe0lQdV5EAnfo3zdRB4YOljLyxbU4URE3PFzPlijK5hjmFg6TDSAAfEyhTq1Ryi3BFzvi0AvqUJZdOpzUsHiZcEggEn1HTw+eLaznvVV48EKRBhibyQYLCykDzG3DXtTI91QnQoFRiB4RGpQIYaTKtJJ+RudlWUoGoVDsCzTq2ksQ0NGwEzYbYdWB5msoEZZARW1E8xI8LGOQImJmBvi2o57pBaw0dC5swBmzKDfy6Wxbn6niqBiLAKLwJA8R9Bt5x0nC7M0jTMMpVo90mQCAp\/92+3lNpJQ0FZWmrNTBDeL3hBGok7iONhbYD4YbdntTcSDpqmPeWBBRZAjcXb0nrhd2S7akEQVpCGF43CkxeQAD1+WLo7xAALkkyAJUCAT5zYATzzhWS2H\/s4\/wBrS\/uDHuBf9Gj+8P7v\/wDOOwxBT5WnTA1BXBprq1AyAW2FtzKiIEyRvEqKX21OtUcSYLLBjTcKrDnoCPI4pVnqQ4Bs2oz13VfM2BPp5YppIbILEqGvsRuwvvyQBPXGUbRVg1RxoVKiqHpzDjd48IE7bLE+XEnGn9ksrZSdBAa4LQw2gIdUMSQ5i2464RVMlBIi4BA2idyRNr2+E2ww9nwiPVpvUJUjwwZuDAEkwADHmN+MX2hhHtZ7Pd0gzCnwK0slQ62JJAJPzMrJ5M9SaOUC0cwIZ0ZUZG1DwqDdTNjpt53+IHrZhqiClUcqusqr2IgETJBE7LzecEVMwaeWNPSz6gRqExEiTDAW4m249DNsSYgydVP2rvdKkIsupsGGmW0zcQR8Y4mcOswy1HcCoKaVU06WEaSFMEF4ABIPi9b2wgNAPVCqAisG94A+MXY\/1t4i4thllUL0wTAZAFQsNQZJIYN6TuBGLlV2DFvZ5WiaS1NOkVJYiAZFgCSQNJB1Ag7\/AAxrsko0DTJ2CqdJiCCCY9yBaBvHrKvsXsJDmFLyaauCXWCssCY1SRY6I26Wxo0RVqPUT7zbEe6F679N+mIm0ALmMgW8WqYnw888AnpsNj0kY9qdnsmkvLAx5cQbESsE2tew33eUM+bRoVVgAmTb0AufU4DqdpMXNN3JUgbKBY7gmCNjFzPXE2JRQv8AaTKBGUEAg6hqXY7XuTBgb\/hgek7UioIJMgnyB3ItO+3y9LO2EuDTLsoBuZbSoPJ4Gok+RJnEXQ1GBMGI3IgixgRbpt54oTVl7Vw1z8vlHP5cY6qChvJJm0xAP4n+A64HytcaGBW+rUCPSw2Mfe5m4va\/do5gvTKgjUAYvcNAIJ63i\/8ADBYmPPZ91prULVNXiLKGLaZlSRExJiJ+WA+06wFKrTCqBUcNJExBmBOwExhX2FmQda1FbUthptfUepjBOVyr1AXYSFYjSNRmwkcRb03jzw260x22gXIZvVCw2kGGAF296L8C\/EE2wBnKtOkRqmZMqBB0iYtbTa02g34w9z+RCq7Io8MAltlLAEgLsBsT8Lc4R5rslwkvTYKySLe+TILbQNpA4BBtsJjON6GkCdn1lqFkqG+pAJ2WnbSP60GDEG2L87ktLOAxMqQG2INoI2JggHrcYEpUiqippaVkaAY7yWjTGxUFgb2mOhwX\/OWtxFOPCRHvEExwt5EEXAO8xBxp30Ndl3ZL06iOKpVHSNWptRVZmIB2PvarTirNUadIo9N2LBSdJ0yGmFAEbbgrvabRB8oIoaQQOCpG4EkzO4ufMSYicUdp5tnffysTe5JIvImfPfB0x0e0KtPvDUq76Sq23Y21GRDLqMT4SDBAFlx69OnVr1FGzBQpJJFhdiRtBUH9TgalCMdzAIAAkTJjYQODJ4MYn2XmdDoFBZzqJC\/I6ZF223kWvIkYKE9F1JWpnWUbUgC1BqO5PhNrG5DWsTG04ZZesKVMaWUlqYcMwmA1iIEAwV+pxHOZpadfWxWnpVPArEgkSdXWQIFrXwurZZ6hNVQ4WoGbuibjaDJJALzMbAetivknsP8A5\/qdfp\/ljsC\/zB\/vr\/fOOwaHoZnKkUKndqIhzYGJVifDIJ0gWtsQNsKM5Ug0WKkfcJXe4i4Mjrf874e9r55gpVnAYgBSrAMYggEAS3rM\/XE+0aVJghgPqgAAiDp4IWCDJvydvXJJrZXER18uWoqqlQZIJ5ABK6oiRYMLeXwq7KyTjW491WUT5THPmG+BjphhmhTKFX8DMPd1XkFtwANUQDYWFzvhWlNmWmBq0gi07yoAJG15jgbfEtAHlAaZSGIksYHui\/iIN72sd8L6+YrrCPpZQu4F9Jg8fL4n4N8qpgkElVlSDJ6tPUAj8fPFtTL+6dyDF1NwbxePphckxCTMR3tIqVKhth6EjUZsZjb+GNDS7OTu9aOCxgUlESWIAJbaRY+l8JsplgtQswIUjVTWNR0naIuR7w9RxOHHZNWk1QAhhUSQsgrJkWIjeYBuAQATF8VJ30Bf2bUFOk1MKo1N9ooi5ubhgJvI3PHSRF3KTeFgAXm8HbnbqZ3O2DM7k9QWoUAkuDpINxoI2sfCSI8rzviqgnhA8yQBcajv1ixIHqfTErT2KS2R7KjQDUBki1\/UAx6c4sV9buCWI8Rte8WBHyj4bYpNWTF4kyYuPp9YjBy0zpW8KA1p51QbdbfAR542xxjKaTdIyyzlCDlFWz3J1FFqgYueQJ0WPi1SBPl58b4hm8kEELpVWkhlBhvSDCGeI3PpK\/t+vUGilTOguWLsF8QUAAwWspJ0gWm5PmJ5SKaqoqNeCAzswIPWSQSbmT\/17ZvFFKDX\/hwQhnleaLT+nzReMjSVGUFgbm6\/3hGwYesjrgOramWEQsgwIJsZ38j8bdcE1UDDysCOnMW4sNr7bwBhbm6fgWnoYFtUx4p810mT6X2PAtx5MDxv5T8nVh9SsyfhrteSzK5cPUkSQI1EkgD7tr8xzt8cNOwnrwCrsiONUkWaehaw2HTa9xhL2QUFNtamV4iJ95v7PFzaTeZkaPs\/PKqBKaO0C8iACJMHVEeltz0xz5LS0dUFsW9s1CxJqM7kkahYAEWmPd25gbDA+VzWqVG43k9BM9P0MW9sZd9Lvof3bXWOBJIMzcDykeuFPZs6DH9Ib6gb3ix6QbeQthRknGwl2X553IWG0SxUCTsoLg\/O8nz2gHCgEJVkEkky25OwJMG5IuepifIndotOnVYIw5iTtabm3E4guVJbVAQE7zcSsmIi5tN5+WNYSdbBIqzLsxLQYeT4rTJibGABDD9WEqgd8FC6pMH7oEzG88kHm2GbZVQUpyQphmF7AknTzA2geZ4xXm6dNcxqeI0wsWGqbQPyPTyxSdhZ5laZVHBAJUmY5MyPjHzkYj2fXNJSwGmAZPmSYHmTPp9RgbtrtJQWdJBK\/E8D5gn6YF7RzbhRTBgN75j754MC4v8AnikTdjrsbJ0qmmrULMdWpiSCGhoSnb7vhJIAvMbYs7bzgZmAMKQQY2JYmYMk8kC8XMb4Gy9T7KFgwQxWdzyJNvnhcH231X1cxEkfQzO1\/LCadgmA\/t79cdi39nP7px2CiuRq6qhgXrMHdwdKx7oUiRTJABIiDPU9BgSvVDkPTimCQPD4SDzM+4eIFhA8pn2n2grqy1QwIkwRBDAC4nk7Y9oK7pUQwInVpIE\/DeDcztc26434Kt9EMz2cjsAWOk21EXW3Nr3t+F8FVMuRxAKqDBEnTtvfi202wLnhU1AqCGVVJS3jSN1gkAhQSQOptscEJUcBjDOkeKfuSIAIiQCBANwY4wqIdhWXy\/dm76tTQ4Im1um4jw\/Ab49eqqpo1eaKwvPQHY3AsDxxGKEYihUZAAFYSDAImBCgXJFj6Ysarq3HEHUbNabDbifgcX7aTtjiyRFNaiagSFphbb732i8EgfDDHIaEqkqieObbECIA2lmkTIn3jYjCnLUafflggIhuLeJgPOF53gYbpmFU2gEmCFEndTxJbcwPLDkq0ayQbm8mtOnqcQoViqAm7ECObgRsJ33MmM+lUadAW97jcczvv5\/D0d1s\/Ueiaekqpez640qGUaYPvEk7iekxBKbNvEOpAvEAcjm5vfYTxiSGWpRIFMIfeANyTuSRJ+Bt6nFyZvWx0gGwgkcbLxawBOB6mpKWu900pP7zErHnYt5SPlLPELTWmoJMBbC5G5J5sJ+mO30+JNKb+\/4R5vq8zjeOPml+X\/0C1lptrqMuqYVdTbqCxm\/VmN\/91ceuYCKqgLpEx15sNt\/LbFa11BhtNojy3sPIDnBIUkze9+oEW3tPPHBxz5JucnI7cMVDGo\/BXl84yMzQC0ACbgCY2H4b+YOD61KnmltAqgl9DXkzIZCfvC1vIc3wsrFFMj7t73+vUjy\/iamaCCDB4jr5HyBHzwQySWvBGTEpbWn8huTcGppqjTUBMGI18XkXYbTve4vIcUUQGdEPA8tQ2ExAI5tPrhZTzdPNKEqHS9gtQ2m9tcGdQizDmLjFtHMVKf2dQGOGjcEiCLbEwYsDP3SbbZPTxyxuPZyr1MsUuORaCM+xIM2EX8reW9p6xhNk8lqBVATfUSNgJAkm0bTFtxzgnMVzMOSSDeDM89dvrF8VKzlACSFANydz1nYmeOPhjgjjcXTZ32ns7PZVVUNOoiGAN+oPpvvHXAtBiSWJHPnfb84nyxbmyAi3mBAnckkm59SZ9MU5apsB1ggX4nc7b42S8Io9WnB8UibSDB6c2tt6Dywl7cH2ihZBt73Xb8Celx8MOM65EE+IT\/kfp+eFPb2YUvTeefEPPUP+vzxUVQRQP3WqsdvCDBmADaDvfnE3y4LBtww1GxN7AAzb7ogDocSzrrqqMoibKAJtIuZ2mJjFORzjAeJIWPDN4N5vuJH4Yp72QxnmsqRSBpsDABIsJG8iTE7z8OmBKdRUXwm4N+YnVt1IBI+PO+KsvV1o8k3kDaZgnbpq\/EYuy6KrXA6EHqR9b7+uC9CRXL9W+Y\/xY7Dr7H99vmv8MdiLGCUKHeUiHXWUJFjB94EPDXiJvHPpg\/sbKM7ILEghIidcFtyd5XUPlg9KjKFdTEUzMCOaaxJHmdsX9qoFFIpYtUS6wLlXMwbeLe0YjgzoUWnorpv9k4aHK6VUn7pYGQLe5bb5bzhOGejWIFTUu1RSdRJibzzwSb7n1OrVwpbUbypN\/rAiSZn19cLMzmw9QDTAvBHUKvrAuLx16YfAzaXgMruCGKkMrHxK3vK3UEDbw3ZeiyNseVaB9\/w6WQnkwQCekm3164jXy6mo+lPdI8YkdBIB4+X5YYmg3dU2IEMrjVsJAvDbG8Dzk+oavpjjH5KMlliapUsukTEAxd1VbE7FWvzvhrk6dItp0mYu2rUesgKPITG9vgsqZwK3gBJ93kCxVjtc2uIEeHjFVI6DC+9oLCTcWkSG48rjbjFSRpxXgcdsIagFNVAALASxEwRxMHcddvPFRyNIKAWK1CdTKVsCAJmCQBcjfc7bDFXaLgM+q8OSDI03p0zDTEESPTVecX16D0afeVTsbwbxAgXESSFUR1PF8RFNtJGU5cU5PpFedW1JDBVFnwxdiTpF78kXA3wsruzufEVGk3HQHxQLTJEf2fTDPOZZ0y61nATUoCgTdySoCzeFVSSSSTA5OFmXtIBkCF25MWmb47s2RRxKEfPf4PLwYpz9Q5zWldfk9NDmAQB1kTzt8PLFOXdgJBMzJBJ23n6WxNq\/TYWP69ATgXMV2UCRAAt67fAfXHFWj1WlRYcygMkbSbefTieRNsSqNqQcAC3436\/Lf44XUK\/eLOqDOwtvf5k8n8pxZTQkEK02kgzwItbj8umAkodmFwSAI9Lz8N8NexcyXgVdTIJJZSNRVbwuq0jf0wmylNlciNRuI32j\/FNzzg+i6DWjGVZWXoYdChgRaAx38saY8jhK0ZZcUci\/UholNg4LAwdjczwLRFx+B8seux1DvKenwk6QfU7SYhZ2MCTimj2jJIC1UIInvacSpWRBkkG4PEQROIV3YpFwzAAt9ZuN\/wBcYyy3zbLhDjBL4Ls77gJ8IEBYvcXAPEiInphS2Yg6pG4k+cngWHng8uGUKOIAJMe6G58\/lYemFWcpmBLEXkx5t877fHEwNIpMLqV5ACxqB8h\/mfW2FfamXm9lJM3tG21t\/LBjZZjKqZEwycjobCIvY\/hgTtjUoXUCN4t0A+m+3PTGq+gcfgvzOVGkqIDMtiDeQNrj9R8cEZSjFIL3d9r7G5adpm\/0HrgVM2AEKgcTcX2mYJjB+TzCSNRDbfeHnYyfrgdiqgYZcnXO6gGItYxPkZIP6jEs4rB5CC4F7WkXmfSI8oGGprLp0EOqH7zU7x6CSZiJiPXFGU0OzeGQYAvbqObb79BhWLQB3jdB\/df+GOwz7lP9kn\/qL\/hx7gsVIPTu1IV2TwoQQDPiJSxvb3T6YA7VzQpiIgW+9ZdwCJNhewHXA+YfvG1U9hsIERMTxe8R8rYjm8zIRGpkhCDN7kbEwIE7wMC6KcnLyRoVlqyVJDeDULe7IniD\/H0x73elgChka7qPu6FJPkAOMUd0QalRAoGqdI82UWtPIO\/nxgrJOwhhTN0qD01pp+cfrnDbCK+QpEYGo2xIYSeJBkQb4to6mSDeabACB+6SSLXHr\/lgTPVC1VmYlU1MJA2aZmDcg+owdlKdSoVVQTNEzEmRGk2EyRP085wuyo22D519DcidSWBMQT8rSb48oZc2ZiRKsItq9wnpAHEE7DzwRn8qwcagw3ABn973vPYfM9cWPSNdoAaoxDCw8mkxbwyR+iMVTsuy6n3dQ1ErF4DuTpklppUwSrTY2NomIjHvaKVM3mQiau5SpqZ+GdY1RJ3UCY6nYiYC7UIpqaizqMaIUmZpqpI2iNJPy6YZey7\/ALPl6tdniodPdIptEqoDW5JAJ3IRjtbG0Mbht9v+yOHJljklp6X92Q9sK71WgMO7o+FbiJPvR10wqCZvq32xmKFdZbTPggte07\/IR8sO8z2hnxDLmssVInxnQRN4gBvxwG3bOekD9rygIBMhj1G\/2fpA9cYzfJ2dmP07SKspUurTM8A+sH05+uKc7cGASJO0frYx8DgwdrZ479pUF9C5\/wCXE6fbGZB8XalIxwUYg\/XzGJpGvsv\/ABCTKUijBgjEk73FomPnN74vzJqFRAMyQIF7XsePXDRe2aokntZT6UmN9ptUG35YsXtSq23a+3\/gn\/7fPDpC9hiXsns6otTUyVDN5CkzEH4zi5uzih7ysSizqllIUNMAE2gcSfhMYPftFue2COpFAyY6nvcA9pZ9NF+1KtTafso5jlzhqrG\/TuhnlKwqLUWlUSq6LqlBJIJKkEamNgREb3FoOINkq7GRRqx\/5TWvzA4B+mEfZGYoIf8At1dGbcqqiwmJltjMx6Ybt2nlgI\/nDOGOF7sC+5mDfc\/HBNRlKxew30wkdiZhxPdVb9KbA8npsY3\/AI4Az3Y2bsFy1b3tyh2F+gAE29BfE\/54yQN87nm8i9Pnr9njl7eyasD+0Z4xB\/pKQB9fs8JRivJSwOIZkuzK4ra2y9TSRpBKkC5kG+\/TFfbvYGaqragZlt2RYkTN28sCVO3chuz51j\/5q+n3VGKf577Pn3M0f\/yG\/LBxjdgsLTLc9katBVZkCjSoZgRG0RInnofxwry7GR5H3em\/6+eGqe0fZ8waNQjTplqpJIi8kzc9ReZxAdu9mLOnLHn\/AF1S\/wAFMSfhxgSIeGR4zMuotp9yYIkzxI1WFvpiVB2WNwGuLCxvtyfdFhG4HOIZf2ryt5y6KvGl6g8r+M\/o+V7ct7XZYMfsaZJNmIaQLx9\/gGLHBRPtMr7hf9pU+R\/jjsEf6W5H\/uyf3W\/x47AHss1GU7JpowLV8qG0gGKkmfDOywBbBHtL7N0aVEPXrU6aIbHQWJZjYKJBZibWvGMbkndgpqVqpGnU4AprYiR7tP6TgH26o1KtNGFbMVKa1HUrVqmpDaEINxpX3m4FjGNKj0jF5Pk2PZ3YFKtTrvTeSlqiVEuPCtQEaajiGXSRfm4B2Dz\/ALKVqYOzLpaCHFmKnTuFiWhRBsSMfMuyzmyzmlUqajclKmmRYXIYC0j0nGq9l83nQ70qtdjpUvpY06obSGbxFg+zoOenBnCcYlLbod5fst3p5htjSaoDtBhA3JBkfHeB5jZLPd1SC0i\/eFQWCaxpQsQxOm2oxaSIAMmMNuy88oy+cBDBnZyGvc9yJk7kX3J2MdcC9lVAlCmxJAZ2QnWvvAsw8RMRp1WO8EATiItcjrwYlKfF6R7nXauFLVKrgssFiLzYyBCmdR42G+2C+z8k1FdTVUpliFAZyCxgAREyCYO4v6YI7T0hQUCiKkSgmNogIRpYkhr2udpwrz1H9q06XfWtR6ekAk+HWCwAkzHJJFuQDi1LjNXsz9VhauK0e162rRS1Cp4m0imZBDGeUURAjwmfjBwqz4JEL7qaZabBjAVbdFm3Qjrdnk\/ZurpAVgtTlCwDAGZE7A+hxe\/stXNFVWkFvTLRVpxEKWsWIJkE\/hjqzZko8Yrb8nk4PSTlNSnpJ6X8iZuyqZ0jSssz6iLzBETFjIni+Fn7CCY7qJMDUs7GPracbnL9n1UA1Knv1iAaiX1kafdbpY9MV0+yGbXq0r9qanvg+GWJteccPE9apGR7P7MpjWop0qkAHUyzbURK+pUj0wF2pkaavUhEEqYGkeHYz4bT\/H563I9jVYZRUpLKiYYgySWv4CQIYGB54Fr+zDuWPe0m1DYu9rRaacx8emKqkNNtaYoqZWiAv2dMSJjSpvLb2t9dvlQMshkCnTsSAdC3Iny2kfLGnPYQZRFRQUgMbkWBBIJA3JMx0OJUux6QPirpPiJjmb3B6cwR8MSFS+pkf2amWAhL7DSoPumAbX8QwxqdlZc+8qKtoJFj5eG46fD4YZVexqXeIf2lDpLEkJZVA1SZY2Ok38sHJ2LSIKGqzS0gikABzY64M9T1Aw3GqbJ3JtJ9di2pk6VNj9jTsQAAgg25gCYvcjnCrPaSQdCLLwYUW8NhtMbY0Wfp5WWU5lpgatAWBbb3oWPPa2K6nY+WKj7WuIOqe7jjTv8AHr0xK+4uEu6F\/wCzjU8Kukqn3ehE8dZwg7ayyiYRRxaAJN+RY\/xxrSmTVPtK1RHZYIUra+4tM7b9fTAeYodnvKvXrQTBI0C8C58BJMAeV8XKLTaY8dySa6asT5nJ0SRFNVFvu3Ox52i\/r+PtXs2npU92niuLAWEj7u94sQDtjQGv2aCGNWsSoGnxoNhAnwdMWHtns801SHbReTUA262E\/HywD4zM3lMvTTUqqbgsAIidjubbDyxSznx7\/iY6EgcX\/hhvl+2+zLzRghpH21TYnUdjBk\/LBtHtfsyLZUeoao34tBwhKMmZxsqGtAMKTF7wR8AZ\/DFOXpKdQaJBp\/dBEEgcDz+mNdV7SytRWNKjTVgjXUGfEIiIvsD8\/OcnkfdqyQISlAA5Ujz+vxwIiaadMN7tv9n\/AOxf447DD+aK\/wC8nzP+HHYdIkhls\/TVVLCfBT0KHEsRSWRYyviIG07kCwwTmpqZeq\/dug75XghpYBIZoe4U23\/HCHL+0+bRQ2XytCmrGABT1uQBYt3hJIi2qALHDPsz+UWtScrmsrSdFI1NRGhh5gglG32t6jFOMqMZQ+Cns3JNTPfaSKdVfs2YgSukyY3BLU1gECdQiZwaKOnMS0XFRSQ3DKzLAFiC5Ued+JxrshkUzlIVchmF7okq1OogPdyZZdJHgYA2+EGMJe1qoyqvRFIU6gABnQsrsakGqWbXETEEiIEHDkt0h01TKuw9By1ciWYi6hisaqFODe1o6Hf4YOTtbK5eg1DMUXem7eGFVvcYyTqYX1FmETEmIAGG2W7Ao18qzZSqkVLsph1YhFXTsCghV2AtwJwg9tOz6lCij1NALE2Uyo2kCfu7cWn5ZOFpp+Ts9OlknxbpPz9gPN+0KNlqtamXCpV0qHS4ViDAvAgHbzw8\/k77UXM0axWo7uVCEFQpUGAfdY6pAN8Y32ZprWy9Wm86HqlXIgEDwksJtYSefTG49mKFPL96iMqaAhloVQC9SJiBEWncgAE2xpjajUaKzwcm5J2lX5InPFdSjI1tN47ulVBYAG8qB+jbF\/alUiu6rlKlQlVIdX0gnSJEFwJE8eeFuU7ZzDVNOcr9n90ZlqWY0Mvmvi8Xow53xX7QZGvUruyZxKKlacoQSfcWTKkAcYJXTdkKTtJIL7rMa\/8AsAW25elPSYNT8vxx5mEqBR3lGgATA7w0lvHIuQd8Z7O9iVpv2qtxBhSLdf6S+BKvs6WIV+0pgkmFiOp94kmf1xjO\/qXcvg06gqzLpyqmRZiNAtA0kIR01WF8E0aZUgOcmCRMinMAkdaYjecY\/PdjIUSkc2xCkk1YmQZJBE8W+Q2xH\/RWl4Cc5UMmDCgQOtztEY1yva34Rz+m5cWvq\/8Ak2LZukyknMZcBYH9EIibDxWC7cCJ4x5m+0aCO1M1aWoEaglFbSAbnV5\/j0OMjU9kcuB4c3UJMkrIWwMTYHiT8uuBqXYPZ9g+dqmSdgOPNhyL7fhfJfc6WpGpzHbmXJUqykU9TuVRRCwQbbHk3xDP+0eQMPqqEgsPCVQFdRvKr4trX+V5zuR7MylMVQleo2oNTZTpnQbFxA36YOpeyPZwVT+01pbYSnSdu7P16Y0k1xVv5ObHF+5NV8DEe3eWnxUUMHkJcQdpFupnE6Xt1RMk06AQEjSWAkEb9CZ3gnrhM\/ZPZiaQtWvUBBBbUo0xwIpidjimsMgAB9sYJmXAG8bhdubYhP6nQ1+mqGP+llGgTRqZanUZbhjTDFg17kjiSPQDFDe26NT0rk6Rgbtl1MGLkhVgYXZqtlmqsagcsNJQhyo94xJG1h03wdVzOSADIKxXZ9TtAna95mDv5Y0zS\/W\/uYemj\/tRL6ftK5I7vIqN\/doKImI3QC0foHE\/9Ks3pKLklkCzELueTEAcfT4532r7RVO7OUqNpcNqLMTBXTzxvhLRzdVjLVdJ5JO\/qZxnvs210fRF9q86feoKkDhksNxPjt648X2lz5OlQoICsfEALnjxMIsbbxj59m86wJioG6m\/p8cVUs6wYFnLARa35jBsNGt9qz9vCU6dOR4mpCFqG9TX5nxAX5BwoyZaGYfuSb7\/AB6WNt94wwzuZNfuXp0tIVSG0KYBGpQWHBMqI6DyjFGRoAGogJIFDUDEe8aZEj0qD4gYL0Yz\/cMtbf8AevqcdjOftFP93HYVP5FQy\/nGqWkUxcR7yAx6EzPwx4ziohpGaQA+0W4LXmD8YPTy6UZfLTxJ\/wA43NgJ64Ir0jpDEGVA0ny6Tyu5HSDG5xrj9Vcqkj1M\/wDpahByhK2t0yOQ7PzdIvmMlUqUqYpgnxQXKeEgqPCwmYmRzzijN9sZys6pm370bKGCgQQC2llA+6QbGCIN7HGj9ke0SKjLUqgKV8KT968wOTH6PCv2lqLTrVWK6SD4VW0ag0Ead6ZINtwdZ5GNpRp6PIQJkvaStkqoagRcQgN1YCQdUbwbHzB9cNe2u18zmaM1ahaWc0yyabWkALbwkRMD474X0s5R103qPUZCQWBUOA9MzfUrGSNIJUbRMWjQdt56hUCsahVKTOpRqaLq4iA6lh4bcEkYlx1SN\/TThCdyWqa\/qhX2HRCZamy3DFmrECSSbrBMAiAogT584My3bPd16tKqANaUZa9wIMW\/dUxbfTzvgFc33NJHpu\/dHSVRTBGogQF1a9uWaLji2BuzcuuezaAkhGY6yLkU0DsTbxGURhO5MjbaYpd+RSn2o9MF7R7OzaOyUlqtSJJR99QPusGEAgiLjEfbXP1DXSo2tHNKmHXoVWLxbY4n7XdkUz2lVoUFVUp6FUTzpWbwfvE3wZQ9mTGkKNVwPtDE7D7oGJairQucmZejmixGpmi+3SD5XxbVqrEirUY7+5pHz1z9DjQ5X2HqaQDXQCLRTneDyQcF5b2EUEN+0kMLyKZHy+0+uJ4ov3EZU537A0zOvWHSSRv4efKcCpn6jQAWJsB1\/jwPljeV\/YumwAauxA2AVVAMATY3NhcztinOeyeUQBqlZ1A5GkH8J8\/icWo89Ganwb49PZhjmiJlmB\/z23xWmYdja5M2k3+uNpV9nchVB7iqwPRnkE+ZgEDknA+R9n8qWKVFqB13XVFrwQTMqeDhvHxXQ\/dk32ZfK55kcEA7bSTbf8sV0s6yqVWAOskH8Yn+Jxuh2HkKLTUV2YjwU7sS24ACRJ6g2jBmYbJ6QKvZ\/cp++aQF4sCyQVv1v+GKWO1sjm020fNqld7HUbi18Qaux\/X6tjWdq9m0qBWoo1UD1klZizaDseDi3snsvKZqqwQkmAdCgrAspMuLiSPnO20OKXY3ORkq9YvBIE2GPWL3F29JIi+xHH64xre0fZZqboaSGopPi2JUdYS8eY9PXRdoo\/dqopuKiUaUgHmCrCBbrsZv85lJCg310fOHNV0Ud2w0z4kpkFtUe8RYgRb1OCqQZaaD9lDGZNR1e92GkwwWNvPYY+t+ziV1oKG1KRMhhNt5EzBGqDbiOMT7SQ1EKggtIOwje5E+nX88TzRTlvZ8oy9aqGlclTJFirUXcepDc4Ny7ZiZORQauf2RukWm2PpOQJoqwqS2okjw2HggwR6THQ4uy+bRrFACbDSsGfhwLbdMJyQnNWZXsWhUbL1aC5Q0qp2eoroJJA2YeGwuwN42xVlOwKj5yrTUwlOlTSXUqxGikIIXwi8TebesbOrmgCZDeEwZLCBsNzzAM+sAcj1u81s4VpcQ3+8LC5MnzthWkKUrEX+gdP8Aepf3W\/xY8w57l\/3an998dhcyLZjsvkTUUi19P0NwL7XB5931xdmqARCOIi9jcn8LcDc4f01oLqvTcdCTqHoFYMD1F\/hjMe03aNMzCqq7aQdrRySfmeb+ShinpeLPpvU58MHLIu6pb\/gWdnZmmtdQaTO8HQqnmLSApkdbi2Ie0hapXqKW1VAoZWUR1Dp5qCDHQyOScVJmatENNRURxIi9QqeFBkoDy0D44z2brBmaFAEmBeAJJtOO2Uj5scplnVKgZyDPgMktbVwLX2I94EDoZc5XLZYd4DmqWrMORqAf7NWJI0nuoLSRMkCJuNxksvnqgUqrbwIj8OcfTfYj2aqCmK9UqqvTKrRK6QgLzJBJuQoN7wTOM5zUVYhhk+y8tUphlpU3UxpOgQVmVMfukafMeWNH2HkElxSp01dkbUQI3hCTtsrN8T5nA1PKJ4YIkWW\/HwOGWRXustmageSKelWiIYgjb1K2xywnKU0CMVkezqL1WqsharXqMwkmFBclAsEfdZZBnji+Ie0lGpl85lmeVpVSaZTUCpcCASAbTqW0wYPnjRP2cBSK06gpuFKrUjYxAIk34t5emMX7Tez2bFNnbOiuyFai09MEuB925gqCSALHFxbcnZcUq2b4dl1CAO7TrMpG3QmfxwMOyqwEE0rE\/ei24mB52+fOMZmMnUqMKn7d3S1AH7sozGnqElWg2IJNuLDHqdjod8\/VIiwSmQegnUTgcKKUYfU1PaWWqUqFSo7UwEXYarmZGmVC9DuOcZvsbJ959u41MXK0wYOlQDcBraiwI8htEmRHyVFAytWzLtB0sx8JsQBpgiPjM+mCvYLtigFOWzTaIfWj76W2PmVP5nrboxKk0RJJP9IfmezhXDroKVUTvKb2BIMlfd3UxDKdpBEYyGYzuo0W+8KgQmDdW3ki7bbCIjH0f2j9osllKDmk6VKrrACiBsRJiNgbeePl6dsZRrPlRuCCrOzDa+o1ASdyANIXo2LcqQkrNH7Lp3ne1yZcaEBZvdDTyxtqsJnjD7LZWp3uh0BpuHkRNgQsEnw1EaSbC2M17N9rZWk4eixqBzFTLVQAY47trhiJgC7XgarjGrr\/AMoOSp0\/skqFhbS8aVPw8TQeCROB72g6MR2xRFJ6+VmUUuFmTAElZ6kbX8zxhb\/JxXqUq7VqdF6ulCsKha5g3jyBwF2znnerVLSXcmYvOq5a2+re\/UYaezmbzdNO7pUPCYMhWuTBknZjt6RxiZuxxdOzdZX2jz7yRkrybGmqRAFvGQenxnpgk9r9oEWyyJzJKCfCLXk7k8DY4zNHNZ+rKhRe4ASInbc32m+DaXZufqQCxXabBbecW+o\/PGHEvmzS5PtGrBNZqeqLLTYnjYxI2jYdcW1c0oUuVUzHuk2tIkCSb8W9MZ4ezWbez1m9ZEgXt7t\/p6YuoexrapLrEAaWUGLdYmN+bkfI9uLJk+Ttj1u1abROxkXQz9RbE6WcXhQB\/U6+W87fliqh2AQCNZ02sLjaNvymPLBGU7ApI+pVIe4mQJBgm++\/HlgUI\/AqQLWeGJBqL1IMWkmbsRybWttHN1GtU2XS2+5jpFouN8NaOVpqbmIAgWG8wATafD+GL2pqu9iZ+f6j6\/ClCPwAl1Zj9xf7p\/jjsO+6XoP1\/ax2HwXwB+fFz+YZbU3IkWAY\/T5fPFjdnZomTl6tRXFgqsL238JMTfji+P0IcuReZ+Hrj3uJMW\/u\/wCfpsMW5yYUj4HkfYzN1Ld0yqf90iPTURJ9bRhll\/5N6pFyetx5TG+\/6nH2nu48z18vniSJqE36XBExbZot0xI6PlPZX8n7021qWVxbVr0kWg6bAqbkTqnDkez9WPfNSf3nYnYixBIPJsPjj6D3IE3H6\/XTEKlK3vAT5Az5YKAwdH2brx75UdFJjzMOG4\/HD2lkHGRbLDVrd9TM0REiLrB2VeP440PcfD5D8uPyxEU+jfW36vhrQGDb2Rqtd2Lb7E\/UsxPlidT2PZlhiZ4k3jkeExG58r9cbw0x1bjnfHgkbSRb723zwqAwQ9jUB1bxck+fkBETwMXp7JQCNT8Dwgi3qY4I+u9sbUPzBFuCT+WJqQRsOtv4H\/PBQGJT2KQndiJm8b7ci4iBxiiv\/J5lnbxayR\/4kdd9Kz1\/yxuQbwPkRfbqSeuPFfYi8EjfYSZ25+E\/PABjcp\/J5lKbagjMwNi5LQAZmH8PTdflhovs4u5q1SAbKhZBE8hWAPOw+G86HXcwL2JNx63ufhHT4RFydx\/ZHpthvYrEbezNGpVD1KYdlJKuVUm4A5J1COvS2wxM+x+UYktQRi25Kr1kWEbHjyw7qVCosT+UTPXaP108LA7iRPJG\/wAMFAL6fs\/llA00kEAD3QAABxcRAEYIbIUhsqgdfXjaTibmG2tef1+tseK8Hcm\/z+MDyG82+OAKOakBAIPQAAny2uANv+uLFyy\/ofq3xxVUJvt6+dx+rcfHE+9JCnUBNwQBtPM9MAEaFARexj5Ha9zMeuPSgkb9RBEE+gk222\/DFjMxMTfa69PTynHgqHq3G+xv6j8PjgAj3Y6T5cAb26\/x+R9WmDxPluN7b7m36vj0KxWCYJHXUOfPEaVONJLaiD0FiZFp2sDsMMDkpxMAb8COAeB57eQviTK0EgAQIBBJJJ6qQNiByZ8se5d7XGkFpEwbcGFNvIX24nHtcmQJ6kTYfja\/4YVgV\/sg\/c+g\/wAWPceT\/wCL\/wC\/HuDQFyAx\/AC38Mdojj5iBH4c84Ie0bbdb4jVBIFuR8ut\/wBXwBZRTpf7zSdgCTb8hOJaL7n1nb9emJt5Eek\/5+mIs0EATzafp05+mE3Qzgk9Tb9XOOC+Z9Sfym\/xxwgzxxfr\/wBceim0245v6\/H5YdiPFpz96+4k\/kTf0xEKthfja34Hz2nF9Kg36+PXfFgpryw6QN5n1wADBAdri3X8vxx1SiJkcTx5fryxeAuqPXny4+v6OB2qQSdlFvj6nnCboDx6Xl+o+m8XxGLbR8N\/T\/LExWkmNuRvxt5H18uuI7iSdj5XtxFvn04wrGeKx3KttseLm3l1\/wCgxANeNvOZ\/XO\/XHtemshpItB8W4sYiY+O+IeGd5i287gfq2BgT1S0ayI3EDnm43t+PwhVXVtUIjkEEdCCCIg\/laMWaljw8eoji8fHHuuYg+nii1+APjHptgugKzbqfxIvyDEfxgY9VpEmTYGdURwJv\/1x6teQRYjqCDOxsTv8OuIU6upFIPhIUrN97bdbnBYiRJI2njg\/DffyxRSQq0bCYv1gkAT1vzaI6Ys75pgzMgbRscV5+TIkAfXqCIvMqR1viJSroYQoH8LX5vA5McD+GKxqBgAHk7Wk3Mx1tbHlKsSApNwOY2Bi88gyOOtpx2shpvLAWAjaCIg2sTY7+Rw1NPoCxaRgAm8X6et5P1\/jju7jY33I3\/Hb0\/Ri0kEQR6xe\/wAR8+vljyk4iSVIidwfjM33POHy3QUcQAYsN\/SLTabbcz6nHZmYBnYxI3uIAgeZHn5HFOfzSLpDEKszMwCQJBvaDY7xY8YiWkx0v5Dj8Y2xDnugoKpUhYgRzteI5gn6HHissnmeZGwtwdp8sCioQ4Qmx62uTxaBA3m\/59TrqdJiwiYtaQIgjYWwPIuvIJBndt1H6+OOxD9qH7g\/vj+GPcO2OhhlqmrRY3ljPRYEessPli\/UDzvt6cfmcIclXbrIgKAP75M7X1CfTB5cNuTO0RbpxbnChkUkKgqtpAiB5CJwJXdQQQPLnpPzgHkYratuIkzGq+9ufOR+t68zUBhSLbGSIIAMgzYg\/ninNfIJBK1C0CYnrvuZ5vxtjxKp1ReReLgcH0P66YCFRACDF7gAHrYnfbrAnHZesuolVAIF7CdzP9abYzeRKkOg6s5236Dz\/PEQ7Eg6TttMk+f1xQc1woMWg7eW\/Xe0RgapmouZKzsBPJ6auR5WMzh+5e0FBi1BqibwNxtwAb7\/AKtiFaqQdmJ9Bt5SRb44pgFbqWmYb102huttxxiVWoYgW8vnMzv+rYalaCjxK9MSoczN13IJ48O2++CO+W02MX5O8dT8MBK5Mqd\/K0x1MbzwBOJAqbstgRYgmDIIJI2FgetsHNeAoJFQiIi3+7c9SQuBhmVUtJMTNl6jewtfr54hURyQVqeEzYXjzBJkeck\/jihzGpdWowokgWB1QBsD7v1PliJzvVjSLqeeFRbHad4AMfDaxxOm5MFTIvcAi9oiNxPO2K1i5C2JMnggnoLg9fjjqlJyFIB6kDlbSDB6CR8PPE8q12FFjVXlbRcrCiTbi36gjaMC5Wq3hE\/dI93aOvSx5G4wQ1PUDPJEeY0jqDOw+XTAtNCFIWNQeRfeQPpc\/wALCE5U7QVosDkVCQ0gARG0z12nziN8TzovBiDbeOJEyY6\/PbHrvyBssmyncwBbmfjY4nmCYmfFI+SnYesEfHzjGXJOTADyhN4afdNiARIIknmYvA5kYLzKNqDa2iQt+TcekzxF7HiMczaEP3bnUwEW4mDYe7sYufhQhYK6m7EtsdzAaeJjVHnbGykoNATzAVgJUVSCBqYyNosFkFvQc4ll3YHTpZQwMSOfUR573tvixHYXBF5OkDaALSTcz6bjfA1apUmTMCJEbRubkXPoeNpwOacv1IAitXIbdZnoQQLyZJngWA+YxRTcljFxb6HpPQ\/S\/Ei51z94gKRAKiShAkWJk2HBJm4JGFD1a9OpA7vSTH2jEBmMlY07reZhhvxfGblJzuPQjRLmZJK3AvB6mJNuigb8yPSNFtSiTEmdun6+ZxXTqFtWpFJUkSG3PP3OpN94i04CTNtTCg0iRE6xUWJBiILSZ6xE9MJqTkmykhtB6\/r+\/jsKP2+p\/sl\/9Sn\/AIse402FId9m\/wBGn9nF+Y\/JPxGPMdicX7RHvZn9CPU\/iMD1v6Sn\/W\/\/AF1MdjsRP9yGgihz\/a\/4lxSP9Z6fm+Ox2Ll4EyJ974n\/AI1xw2Pr\/DHmOxWPp\/cH0W0vcH64TAK++f7H\/Fjsdi12CDMpuP6g\/DEMz\/Rn4f8ALjsdiI\/yHk7N\/wBEPUfiMBZv\/Wf+X+Rx2OxjL95aDuz\/AHU\/qn\/hOL1\/Mfhjsdil+0lgS7r6f8xx599\/1\/rWx2OwfIRLa2x\/rD\/nxMfd\/t\/8L47HYiIvAvzHuf20\/wCKli2p7o\/qHHuOxU\/AMM4\/t\/ngTN7v\/WX\/AIWx5jsOfQAR90\/H8aWEWc\/7TR\/\/ACv\/AIUx2OwsYeBkn9NU\/rJ\/8K4YZX+hb4\/iuOx2Np9oqJbjsdjsUM\/\/2Q==\" alt=\"S-line R\u00fcckeanh\u00e4nger\" width=\"327\" height=\"327\" \/><\/strong><\/p>\n<p>Remorca de expediere Pfanzelt S-line este special conceput\u0103 pentru a fi utilizat\u0103 de proprietarii de lemn priva\u021bi \u0219i pentru opera\u021biuni semiprofesionale.<\/p>\n<p>Un criteriu important la achizi\u021bionarea unei remorci de expedi\u021bie este echipamentul de siguran\u021b\u0103. Remorcile de expedi\u021bie Pfanzelt ofer\u0103 toate caracteristicile de siguran\u021b\u0103 cerute de KWF, FPA \u0219i de asocia\u021bia profesional\u0103.<\/p>\n<h3><strong>Remorc\u0103 de expediere S6<\/strong><\/h3>\n<p>Modelul S6 este modelul de pornire \u00een programul de remorci de expedi\u021bie Pfanzelt. O remorc\u0103 de expedi\u021bie compact\u0103 cu o putere considerabil\u0103.<\/p>\n<p>&nbsp;<\/p>\n<p>&nbsp;<\/p>\n<p>Imaginile au caracter orientativ!<\/p>\n<p>&nbsp;<\/p>\n<p>Preturile nu includ TVA!<\/p>\n<p>&nbsp;<\/p>\n<p>&nbsp;<\/p>\n","protected":false},"excerpt":{"rendered":"<ul>\n<li>Capacitate maxim\u0103 pe drumuri publice: 6000 kg<\/li>\n<li>Suprafa\u021ba de \u00eenc\u0103rcare \u00een fa\u021ba grilajului: 1,4 m<sup>2<\/sup><\/li>\n<li>Macara de \u00eenc\u0103rcare: LK 2764<\/li>\n<li>Greutatea la gol: 1700 kg<\/li>\n<li>St\u00e2lpi de sus\u021binere a lemnului: 3+1 perechi<\/li>\n<li>Panou de control<\/li>\n<li>Ro\u021bi:\u00a0 380\/55 R17<\/li>\n<\/ul>\n","protected":false},"featured_media":2003,"comment_status":"closed","ping_status":"closed","template":"","meta":{"_acf_changed":false,"_exactmetrics_skip_tracking":false,"_exactmetrics_sitenote_active":false,"_exactmetrics_sitenote_note":"","_exactmetrics_sitenote_category":0,"_monsterinsights_skip_tracking":false,"_monsterinsights_sitenote_active":false,"_monsterinsights_sitenote_note":"","_monsterinsights_sitenote_category":0,"neve_meta_sidebar":"","neve_meta_container":"","neve_meta_enable_content_width":"off","neve_meta_content_width":100,"neve_meta_title_alignment":"","neve_meta_author_avatar":"","neve_post_elements_order":"","neve_meta_disable_header":"","neve_meta_disable_footer":"","neve_meta_disable_title":"","jetpack_publicize_message":"","jetpack_publicize_feature_enabled":true,"jetpack_social_post_already_shared":true,"jetpack_social_options":{"image_generator_settings":{"template":"highway","default_image_id":0,"font":"","enabled":false},"version":2}},"product_cat":[27,1057,1041,1056],"product_tag":[759,780,289,290,288,210,782,211],"class_list":{"0":"post-2000","1":"product","2":"type-product","3":"status-publish","4":"has-post-thumbnail","6":"product_brand-pfanzelt-germania-utilaje-forestiere","7":"product_cat-masini-si-utilaje","8":"product_cat-remorci-forestiere","9":"product_cat-silvicultura-si-exploatari-forestiere","10":"product_cat-transport","11":"product_tag-curatare","12":"product_tag-forestier","13":"product_tag-lucrari-comunale","14":"product_tag-lucrari-municipale","15":"product_tag-padure","16":"product_tag-profesional","17":"product_tag-remorca","18":"product_tag-utilaje-profesionale","20":"first","21":"onbackorder","22":"taxable","23":"shipping-taxable","24":"product-type-simple"},"acf":[],"aioseo_notices":[],"jetpack_publicize_connections":[],"jetpack-related-posts":[],"jetpack_likes_enabled":true,"jetpack_sharing_enabled":true,"_links":{"self":[{"href":"https:\/\/tehronmachines.ro\/pro\/wp-json\/wp\/v2\/product\/2000","targetHints":{"allow":["GET"]}}],"collection":[{"href":"https:\/\/tehronmachines.ro\/pro\/wp-json\/wp\/v2\/product"}],"about":[{"href":"https:\/\/tehronmachines.ro\/pro\/wp-json\/wp\/v2\/types\/product"}],"replies":[{"embeddable":true,"href":"https:\/\/tehronmachines.ro\/pro\/wp-json\/wp\/v2\/comments?post=2000"}],"wp:featuredmedia":[{"embeddable":true,"href":"https:\/\/tehronmachines.ro\/pro\/wp-json\/wp\/v2\/media\/2003"}],"wp:attachment":[{"href":"https:\/\/tehronmachines.ro\/pro\/wp-json\/wp\/v2\/media?parent=2000"}],"wp:term":[{"taxonomy":"product_cat","embeddable":true,"href":"https:\/\/tehronmachines.ro\/pro\/wp-json\/wp\/v2\/product_cat?post=2000"},{"taxonomy":"product_tag","embeddable":true,"href":"https:\/\/tehronmachines.ro\/pro\/wp-json\/wp\/v2\/product_tag?post=2000"}],"curies":[{"name":"wp","href":"https:\/\/api.w.org\/{rel}","templated":true}]}}