{"id":1931,"date":"2023-08-22T21:46:26","date_gmt":"2023-08-22T18:46:26","guid":{"rendered":"https:\/\/tehronmachines.ro\/pro\/?post_type=product&#038;p=1931"},"modified":"2024-11-13T12:04:02","modified_gmt":"2024-11-13T09:04:02","slug":"robot-telecomandat-pfanzelt-moritz-fr-75-pentru-curatat-suprafete-in-panta","status":"publish","type":"product","link":"https:\/\/tehronmachines.ro\/pro\/produs\/robot-telecomandat-pfanzelt-moritz-fr-75-pentru-curatat-suprafete-in-panta\/","title":{"rendered":"Robot telecomandat Pfanzelt Moritz Fr 75 &#8211; pentru cur\u0103\u021bat suprafe\u021be in pant\u0103"},"content":{"rendered":"<p>Masina cu control de la distanta dotata cu priza de putere si sistem standardizat de prindere in 3 puncte.<\/p>\n<p>Cu Moritz, conceptul de vehicul cu \u0219enile pentru p\u0103dure a fost revolu\u021bionat \u00een 2016. Cele dou\u0103 modele noi au r\u0103mas fidele conceptului original, dar din punct de vedere tehnic sunt \u00eentr-o lig\u0103 nou\u0103.<\/p>\n<h2><span style=\"color: #ff9900\">Caracteristici generale:<\/span><\/h2>\n<ul>\n<li>Motor diesel, 4 cilindri, Deutz\u00a0 75 Cp racit cu apa<\/li>\n<li>Ventilator cu sistem de reversie Cleanfix<\/li>\n<li>Capacitate rezervor 45 l<\/li>\n<li>Transmisie hidrostatica cu doua viteze<\/li>\n<\/ul>\n<p>&nbsp;<\/p>\n<p>Toate utilajele Pfanzelt se controleaza din telecomand\u0103!<\/p>\n<p>Imaginile sunt orientative!<\/p>\n<p>Pre\u021burile nu includ TVA!<\/p>\n<div class=\"epyt-video-wrapper\"><iframe loading=\"lazy\"  style=\"display: block; margin: 0px auto;\"  id=\"_ytid_24557\"  width=\"400\" height=\"300\"  data-origwidth=\"400\" data-origheight=\"300\"  data-relstop=\"1\" src=\"https:\/\/www.youtube.com\/embed\/Y9XOBKOZSAc?enablejsapi=1&autoplay=0&cc_load_policy=1&cc_lang_pref=&iv_load_policy=3&loop=0&rel=0&fs=1&playsinline=0&autohide=2&theme=dark&color=red&controls=1&disablekb=0&\" class=\"__youtube_prefs__  no-lazyload\" title=\"YouTube player\"  allow=\"fullscreen; accelerometer; autoplay; clipboard-write; encrypted-media; gyroscope; picture-in-picture; web-share\" referrerpolicy=\"strict-origin-when-cross-origin\" allowfullscreen data-no-lazy=\"1\" data-skipgform_ajax_framebjll=\"\"><\/iframe><\/div>\n","protected":false},"excerpt":{"rendered":"<ul>\n<li>Motor diesel, 4 cilindri, Deutz\u00a0 75 Cp racit cu apa<\/li>\n<li>Capacitate rezervor 45 l<\/li>\n<li>Latime: 115 &#8211; 155 cm<\/li>\n<li>\u00a0Lungime: 230 cm<\/li>\n<li>\u00a0Inaltime: 135 cm<\/li>\n<li>\u00a0Greutate: 1450 Kg<\/li>\n<\/ul>\n<p>&nbsp;<\/p>\n","protected":false},"featured_media":1993,"comment_status":"closed","ping_status":"closed","template":"","meta":{"_acf_changed":false,"_exactmetrics_skip_tracking":false,"_exactmetrics_sitenote_active":false,"_exactmetrics_sitenote_note":"","_exactmetrics_sitenote_category":0,"_monsterinsights_skip_tracking":false,"_monsterinsights_sitenote_active":false,"_monsterinsights_sitenote_note":"","_monsterinsights_sitenote_category":0,"neve_meta_sidebar":"","neve_meta_container":"","neve_meta_enable_content_width":"off","neve_meta_content_width":100,"neve_meta_title_alignment":"","neve_meta_author_avatar":"","neve_post_elements_order":"","neve_meta_disable_header":"","neve_meta_disable_footer":"","neve_meta_disable_title":"","jetpack_publicize_message":"","jetpack_publicize_feature_enabled":true,"jetpack_social_post_already_shared":true,"jetpack_social_options":{"image_generator_settings":{"template":"highway","default_image_id":0,"font":"","enabled":false},"version":2}},"product_cat":[1058,27,1059,1041],"product_tag":[759,39,42,289,290,43,280,41,210,758,211],"class_list":{"0":"post-1931","1":"product","2":"type-product","3":"status-publish","4":"has-post-thumbnail","6":"product_brand-pfanzelt-germania-utilaje-forestiere","7":"product_cat-exploatare","8":"product_cat-masini-si-utilaje","9":"product_cat-robot-senilat-multivalent","10":"product_cat-silvicultura-si-exploatari-forestiere","11":"product_tag-curatare","12":"product_tag-gazon","13":"product_tag-gradina","14":"product_tag-lucrari-comunale","15":"product_tag-lucrari-municipale","16":"product_tag-parc","17":"product_tag-parcuri","18":"product_tag-peisagistica","19":"product_tag-profesional","20":"product_tag-robot","21":"product_tag-utilaje-profesionale","23":"first","24":"onbackorder","25":"taxable","26":"shipping-taxable","27":"product-type-simple"},"acf":[],"aioseo_notices":[],"jetpack_publicize_connections":[],"jetpack-related-posts":[],"jetpack_likes_enabled":true,"jetpack_sharing_enabled":true,"_links":{"self":[{"href":"https:\/\/tehronmachines.ro\/pro\/wp-json\/wp\/v2\/product\/1931","targetHints":{"allow":["GET"]}}],"collection":[{"href":"https:\/\/tehronmachines.ro\/pro\/wp-json\/wp\/v2\/product"}],"about":[{"href":"https:\/\/tehronmachines.ro\/pro\/wp-json\/wp\/v2\/types\/product"}],"replies":[{"embeddable":true,"href":"https:\/\/tehronmachines.ro\/pro\/wp-json\/wp\/v2\/comments?post=1931"}],"wp:featuredmedia":[{"embeddable":true,"href":"https:\/\/tehronmachines.ro\/pro\/wp-json\/wp\/v2\/media\/1993"}],"wp:attachment":[{"href":"https:\/\/tehronmachines.ro\/pro\/wp-json\/wp\/v2\/media?parent=1931"}],"wp:term":[{"taxonomy":"product_cat","embeddable":true,"href":"https:\/\/tehronmachines.ro\/pro\/wp-json\/wp\/v2\/product_cat?post=1931"},{"taxonomy":"product_tag","embeddable":true,"href":"https:\/\/tehronmachines.ro\/pro\/wp-json\/wp\/v2\/product_tag?post=1931"}],"curies":[{"name":"wp","href":"https:\/\/api.w.org\/{rel}","templated":true}]}}