{"id":1923,"date":"2023-08-22T14:09:49","date_gmt":"2023-08-22T11:09:49","guid":{"rendered":"https:\/\/tehronmachines.ro\/pro\/?post_type=product&#038;p=1923"},"modified":"2024-09-07T12:03:04","modified_gmt":"2024-09-07T09:03:04","slug":"taietor-de-crengi-si-gard-viu-cu-discuri-coupeco-cometh-pentru-mini-incarcator","status":"publish","type":"product","link":"https:\/\/tehronmachines.ro\/pro\/produs\/taietor-de-crengi-si-gard-viu-cu-discuri-coupeco-cometh-pentru-mini-incarcator\/","title":{"rendered":"T\u0103ietor de crengi \u0219i gard viu cu discuri CoupEco Cometh pentru mini \u00eenc\u0103rc\u0103tor"},"content":{"rendered":"<ul>\n<li>Trimmer pentru gard viu pe \u00eenc\u0103rc\u0103tor compact.<\/li>\n<li>T\u0103ietor de gard viu cu disc, cu dispozitiv anti\u00eempro\u0219care pentru vegeta\u021bia t\u0103iat\u0103.<\/li>\n<li>Sistemul s\u0103u cu paralelogram dublu men\u021bine trimmerul \u00een pozi\u021bie.<\/li>\n<li>Dimensiuni mici \u0219i \u00eenguste.<\/li>\n<li>Echipat cu un kit de decalare de 40-50 cm.<\/li>\n<li>Montaj frontal pentru o vizibilitate mai bun\u0103.<\/li>\n<li>Panou de control intuitiv.<\/li>\n<li>Suport Paddock pentru a depozita trimmerul \u0219i a utiliza alte unelte.<\/li>\n<\/ul>\n<p>&nbsp;<\/p>\n<p><img data-recalc-dims=\"1\" loading=\"lazy\" decoding=\"async\" width=\"425\" height=\"568\" class=\"alignnone wp-image-1924 size-full\" src=\"https:\/\/i0.wp.com\/tehronmachines.ro\/pro\/wp-content\/uploads\/2023\/08\/Pasted-89.png?resize=425%2C568&#038;ssl=1\" srcset=\"https:\/\/i0.wp.com\/tehronmachines.ro\/pro\/wp-content\/uploads\/2023\/08\/Pasted-89.png?w=425&amp;ssl=1 425w, https:\/\/i0.wp.com\/tehronmachines.ro\/pro\/wp-content\/uploads\/2023\/08\/Pasted-89.png?resize=224%2C300&amp;ssl=1 224w\" sizes=\"auto, (max-width: 425px) 100vw, 425px\" \/><\/p>\n<p>&nbsp;<\/p>\n<p>Imaginile au caracter orientativ!<\/p>\n<p>&nbsp;<\/p>\n<p>Pre\u021burile nu con\u021bin TVA!<\/p>\n<p>&nbsp;<\/p>\n<div class=\"epyt-video-wrapper\"><iframe loading=\"lazy\"  style=\"display: block; margin: 0px auto;\"  id=\"_ytid_70376\"  width=\"400\" height=\"300\"  data-origwidth=\"400\" data-origheight=\"300\"  data-relstop=\"1\" src=\"https:\/\/www.youtube.com\/embed\/SgfwBnW5fmM?enablejsapi=1&autoplay=0&cc_load_policy=1&cc_lang_pref=&iv_load_policy=3&loop=0&rel=0&fs=1&playsinline=0&autohide=2&theme=dark&color=red&controls=1&disablekb=0&\" class=\"__youtube_prefs__  no-lazyload\" title=\"YouTube player\"  allow=\"fullscreen; accelerometer; autoplay; clipboard-write; encrypted-media; gyroscope; picture-in-picture; web-share\" referrerpolicy=\"strict-origin-when-cross-origin\" allowfullscreen data-no-lazy=\"1\" data-skipgform_ajax_framebjll=\"\"><\/iframe><\/div>\n","protected":false},"excerpt":{"rendered":"<ul>\n<li>Num\u0103r discuri:\u00a0 3<\/li>\n<li>Diametrul discurilor: 400 mm<\/li>\n<li>Lungimea de t\u0103iere:\u00a0 1,1\u00a0 metri<\/li>\n<li>Viteza de rota\u021bie: 3500 Rpm<\/li>\n<\/ul>\n","protected":false},"featured_media":1925,"comment_status":"closed","ping_status":"closed","template":"","meta":{"_acf_changed":false,"_exactmetrics_skip_tracking":false,"_exactmetrics_sitenote_active":false,"_exactmetrics_sitenote_note":"","_exactmetrics_sitenote_category":0,"_monsterinsights_skip_tracking":false,"_monsterinsights_sitenote_active":false,"_monsterinsights_sitenote_note":"","_monsterinsights_sitenote_category":0,"neve_meta_sidebar":"","neve_meta_container":"","neve_meta_enable_content_width":"off","neve_meta_content_width":100,"neve_meta_title_alignment":"","neve_meta_author_avatar":"","neve_post_elements_order":"","neve_meta_disable_header":"","neve_meta_disable_footer":"","neve_meta_disable_title":"","jetpack_post_was_ever_published":false,"jetpack_publicize_message":"","jetpack_publicize_feature_enabled":true,"jetpack_social_post_already_shared":true,"jetpack_social_options":{"image_generator_settings":{"template":"highway","default_image_id":0,"font":"","enabled":false},"version":2}},"product_cat":[1010,1028,997,1040,1009,27],"product_tag":[772,776,777,773,87,289,290,288,43,41,210,774,775],"class_list":{"0":"post-1923","1":"product","2":"type-product","3":"status-publish","4":"has-post-thumbnail","6":"product_brand-coupeco-franta-taietoare-de-crengi-cu-discuri","7":"product_cat-bare-de-taiere-peisagistica","8":"product_cat-lucrari-comunale-municipale","9":"product_cat-lucrari-de-peisagistica","10":"product_cat-masini-pentru-taiat-si-toaletat-garduri-vii","11":"product_cat-masini-pentru-taiat-si-toaletat-garduri-vii-peisagistica","12":"product_cat-masini-si-utilaje","13":"product_tag-coupeco","14":"product_tag-disc","15":"product_tag-discuri","16":"product_tag-gard-viu","17":"product_tag-lemn","18":"product_tag-lucrari-comunale","19":"product_tag-lucrari-municipale","20":"product_tag-padure","21":"product_tag-parc","22":"product_tag-peisagistica","23":"product_tag-profesional","24":"product_tag-taietor","25":"product_tag-taietor-de-crengi","27":"first","28":"onbackorder","29":"taxable","30":"shipping-taxable","31":"product-type-simple"},"acf":[],"aioseo_notices":[],"jetpack_publicize_connections":[],"jetpack-related-posts":[],"jetpack_likes_enabled":true,"jetpack_sharing_enabled":true,"_links":{"self":[{"href":"https:\/\/tehronmachines.ro\/pro\/wp-json\/wp\/v2\/product\/1923","targetHints":{"allow":["GET"]}}],"collection":[{"href":"https:\/\/tehronmachines.ro\/pro\/wp-json\/wp\/v2\/product"}],"about":[{"href":"https:\/\/tehronmachines.ro\/pro\/wp-json\/wp\/v2\/types\/product"}],"replies":[{"embeddable":true,"href":"https:\/\/tehronmachines.ro\/pro\/wp-json\/wp\/v2\/comments?post=1923"}],"wp:featuredmedia":[{"embeddable":true,"href":"https:\/\/tehronmachines.ro\/pro\/wp-json\/wp\/v2\/media\/1925"}],"wp:attachment":[{"href":"https:\/\/tehronmachines.ro\/pro\/wp-json\/wp\/v2\/media?parent=1923"}],"wp:term":[{"taxonomy":"product_cat","embeddable":true,"href":"https:\/\/tehronmachines.ro\/pro\/wp-json\/wp\/v2\/product_cat?post=1923"},{"taxonomy":"product_tag","embeddable":true,"href":"https:\/\/tehronmachines.ro\/pro\/wp-json\/wp\/v2\/product_tag?post=1923"}],"curies":[{"name":"wp","href":"https:\/\/api.w.org\/{rel}","templated":true}]}}