{"id":1878,"date":"2023-08-21T14:23:19","date_gmt":"2023-08-21T11:23:19","guid":{"rendered":"https:\/\/tehronmachines.ro\/pro\/?post_type=product&#038;p=1878"},"modified":"2024-09-07T11:57:09","modified_gmt":"2024-09-07T08:57:09","slug":"scarificator-profesional-badalini-rambo-cmd-5-accesoriu-tractor","status":"publish","type":"product","link":"https:\/\/tehronmachines.ro\/pro\/produs\/scarificator-profesional-badalini-rambo-cmd-5-accesoriu-tractor\/","title":{"rendered":"Scarificator BADALINI Rambo CMD 5, accesoriu tractor"},"content":{"rendered":"<p>Aceasta este ma\u0219ina ideal\u0103 pentru puteri medii. Ea permite economii energetice considerabile datorit\u0103 degaj\u0103rii deosebite a lamelor sale. Acestea, cu \u00eenclinare, permit tractorului s\u0103 absoarb\u0103 mai pu\u021bin\u0103 putere \u0219i astfel \u00eenc\u00e2t s\u0103 pute\u021bi economisi ulei \u0219i, \u00een consecin\u021b\u0103, bani. Rambo medium este prev\u0103zut cu bol\u021b de rupere de siguran\u021b\u0103 de 16 mm cu rezisten\u021ba 12,9, la fel ca cele montate pe ma\u0219inile de mare putere. Aceast\u0103 caracteristic\u0103 face foarte dificil\u0103 ruperea \u0219urubului de siguran\u021b\u0103.<\/p>\n<h2><span style=\"color: #ffcc00\">Caracteristici tehnice:<\/span><\/h2>\n<ul>\n<li>ma\u0219in\u0103 potrivit\u0103 pentru lucrul cu tractoare de la 70 la 125 CP (\u00een medie 100 CP).<\/li>\n<li>robuste\u021bea \u0219i soliditatea mare a cadrului garanteaz\u0103 o munc\u0103 \u00een profunzime.<\/li>\n<li>\u00a0dispunerea din\u021bilor favorizeaz\u0103 trecerea \u00een orice tip de sol.<\/li>\n<li>\u00a0datorit\u0103 rambo medium, se pot face economii mai mari \u00een compara\u021bie cu metodele tradi\u021bionale de cultivare ob\u021binute.<\/li>\n<li>\u00a0spa\u021biul liber mare sub cadru permite o lucrare rapid\u0103 \u0219i evit\u0103 opririle.<\/li>\n<li>\u00a0este posibil s\u0103 se deplaseze din\u021bii \u00een diferite pozi\u021bii. \u00cen plus, pe acela\u0219i cadru, ma\u0219ina poate monta 5 sau 7 din\u021bi.<\/li>\n<li>\u00a0\u0219urubul de rupere de siguran\u021b\u0103 evit\u0103 ca orificiul s\u0103u de ag\u0103\u021bare s\u0103 se ovalizeze.<\/li>\n<li>\u00a0fabricarea exclusiv\u0103 cu materiale de foarte bun\u0103 calitate, ne permite s\u0103 certific\u0103m ma\u0219ina \u00een fiecare lucrare indiferent de condi\u021biile de lucru.<\/li>\n<\/ul>\n<p><img data-recalc-dims=\"1\" loading=\"lazy\" decoding=\"async\" width=\"696\" height=\"339\" class=\"alignnone wp-image-1880 size-full\" src=\"https:\/\/i0.wp.com\/tehronmachines.ro\/pro\/wp-content\/uploads\/2023\/08\/Pasted-54.png?resize=696%2C339&#038;ssl=1\" srcset=\"https:\/\/i0.wp.com\/tehronmachines.ro\/pro\/wp-content\/uploads\/2023\/08\/Pasted-54.png?w=696&amp;ssl=1 696w, https:\/\/i0.wp.com\/tehronmachines.ro\/pro\/wp-content\/uploads\/2023\/08\/Pasted-54.png?resize=300%2C146&amp;ssl=1 300w, https:\/\/i0.wp.com\/tehronmachines.ro\/pro\/wp-content\/uploads\/2023\/08\/Pasted-54.png?resize=600%2C292&amp;ssl=1 600w\" sizes=\"auto, (max-width: 696px) 100vw, 696px\" \/><\/p>\n<div class=\"epyt-video-wrapper\"><iframe loading=\"lazy\"  style=\"display: block; margin: 0px auto;\"  id=\"_ytid_17594\"  width=\"400\" height=\"300\"  data-origwidth=\"400\" data-origheight=\"300\"  data-relstop=\"1\" src=\"https:\/\/www.youtube.com\/embed\/osorjXpksZE?enablejsapi=1&autoplay=0&cc_load_policy=1&cc_lang_pref=&iv_load_policy=3&loop=0&rel=0&fs=1&playsinline=0&autohide=2&theme=dark&color=red&controls=1&disablekb=0&\" class=\"__youtube_prefs__  no-lazyload\" title=\"YouTube player\"  allow=\"fullscreen; accelerometer; autoplay; clipboard-write; encrypted-media; gyroscope; picture-in-picture; web-share\" referrerpolicy=\"strict-origin-when-cross-origin\" allowfullscreen data-no-lazy=\"1\" data-skipgform_ajax_framebjll=\"\"><\/iframe><\/div>\n<p>&nbsp;<\/p>\n<p>Pre\u021burile nu includ TVA!<\/p>\n<p>&nbsp;<\/p>\n<p>Imaginile au caracter orientativ!<\/p>\n","protected":false},"excerpt":{"rendered":"<ul>\n<li>Ad\u00e2ncime de lucru: 30 &#8211; 60 cm<\/li>\n<li>Num\u0103r de cu\u021bite: 5<\/li>\n<li>L\u0103\u021bime de lucru: 2,1\/2,7 metri<\/li>\n<li>Putere necesar\u0103: 75-110 CP<\/li>\n<li>Mas\u0103: 710 kg<\/li>\n<\/ul>\n","protected":false},"featured_media":1881,"comment_status":"closed","ping_status":"closed","template":"","meta":{"_acf_changed":false,"_exactmetrics_skip_tracking":false,"_exactmetrics_sitenote_active":false,"_exactmetrics_sitenote_note":"","_exactmetrics_sitenote_category":0,"_monsterinsights_skip_tracking":false,"_monsterinsights_sitenote_active":false,"_monsterinsights_sitenote_note":"","_monsterinsights_sitenote_category":0,"neve_meta_sidebar":"","neve_meta_container":"","neve_meta_enable_content_width":"off","neve_meta_content_width":100,"neve_meta_title_alignment":"","neve_meta_author_avatar":"","neve_post_elements_order":"","neve_meta_disable_header":"","neve_meta_disable_footer":"","neve_meta_disable_title":"","jetpack_post_was_ever_published":false,"jetpack_publicize_message":"","jetpack_publicize_feature_enabled":true,"jetpack_social_post_already_shared":true,"jetpack_social_options":{"image_generator_settings":{"template":"highway","default_image_id":0,"font":"","enabled":false},"version":2}},"product_cat":[1067,27,1072],"product_tag":[346,768,289,290,766,210,40,337,211],"class_list":{"0":"post-1878","1":"product","2":"type-product","3":"status-publish","4":"has-post-thumbnail","6":"product_brand-badalini-italia-masini-agricole","7":"product_cat-gazon","8":"product_cat-masini-si-utilaje","9":"product_cat-scarificatoare","10":"product_tag-accesoriu","11":"product_tag-accesoriu-purtat","12":"product_tag-lucrari-comunale","13":"product_tag-lucrari-municipale","14":"product_tag-plantatii","15":"product_tag-profesional","16":"product_tag-scarificator","17":"product_tag-tractor","18":"product_tag-utilaje-profesionale","20":"first","21":"onbackorder","22":"taxable","23":"shipping-taxable","24":"product-type-simple"},"acf":[],"aioseo_notices":[],"jetpack_publicize_connections":[],"jetpack-related-posts":[],"jetpack_likes_enabled":true,"jetpack_sharing_enabled":true,"_links":{"self":[{"href":"https:\/\/tehronmachines.ro\/pro\/wp-json\/wp\/v2\/product\/1878","targetHints":{"allow":["GET"]}}],"collection":[{"href":"https:\/\/tehronmachines.ro\/pro\/wp-json\/wp\/v2\/product"}],"about":[{"href":"https:\/\/tehronmachines.ro\/pro\/wp-json\/wp\/v2\/types\/product"}],"replies":[{"embeddable":true,"href":"https:\/\/tehronmachines.ro\/pro\/wp-json\/wp\/v2\/comments?post=1878"}],"wp:featuredmedia":[{"embeddable":true,"href":"https:\/\/tehronmachines.ro\/pro\/wp-json\/wp\/v2\/media\/1881"}],"wp:attachment":[{"href":"https:\/\/tehronmachines.ro\/pro\/wp-json\/wp\/v2\/media?parent=1878"}],"wp:term":[{"taxonomy":"product_cat","embeddable":true,"href":"https:\/\/tehronmachines.ro\/pro\/wp-json\/wp\/v2\/product_cat?post=1878"},{"taxonomy":"product_tag","embeddable":true,"href":"https:\/\/tehronmachines.ro\/pro\/wp-json\/wp\/v2\/product_tag?post=1878"}],"curies":[{"name":"wp","href":"https:\/\/api.w.org\/{rel}","templated":true}]}}