{"id":1872,"date":"2023-08-21T13:43:07","date_gmt":"2023-08-21T10:43:07","guid":{"rendered":"https:\/\/tehronmachines.ro\/pro\/?post_type=product&#038;p=1872"},"modified":"2024-09-07T11:57:32","modified_gmt":"2024-09-07T08:57:32","slug":"freza-multirand-profesionala-badalini-men-2ml-3-randuri-accesoriu-pto","status":"publish","type":"product","link":"https:\/\/tehronmachines.ro\/pro\/produs\/freza-multirand-profesionala-badalini-men-2ml-3-randuri-accesoriu-pto\/","title":{"rendered":"Frez\u0103 multir\u00e2nd BADALINI MEn\/2ML, 3 r\u00e2nduri, accesoriu PTO"},"content":{"rendered":"<p><strong>Freza multir\u00e2nd execut\u0103 lucr\u0103ri mecanice intensive de frezare \u00eentre r\u00e2ndurile de culturi la o vitez\u0103 de p\u00e2n\u0103 la 6-10 km\/h, pulveriz\u00e2nd solul f\u0103r\u0103 a deteriora r\u0103sadurile. Pe l\u00e2ng\u0103 distrugerea a aproape 100 % din buruienile prezente, frezele sunt, de asemenea, capabile s\u0103 realizeze o bun\u0103 rafinare a solului la suprafa\u021b\u0103. De asemenea, cultivatoarele multiple permit nivelarea solului pentru a \u00eembun\u0103t\u0103\u021bi ac\u021biunea secer\u0103toarelor.<\/strong><\/p>\n<h2><span style=\"color: #ffcc00\">Caracteristici tehnice:<\/span><\/h2>\n<ul>\n<li>Cadru din o\u021bel turnat<\/li>\n<li>Lame si \u0219uruburi foarte rezistente<\/li>\n<li>Arbore cardanic cu \u0219urub de siguran\u021b\u0103<\/li>\n<li>Arbore de transmisie hexagonal de 41 mm<\/li>\n<li>Lan\u021b \u00eencastrat in cutie de o\u021bel cu geam lateral pentru inspec\u021bie<\/li>\n<\/ul>\n<p><img data-recalc-dims=\"1\" loading=\"lazy\" decoding=\"async\" width=\"567\" height=\"504\" class=\"alignnone wp-image-1877 size-full\" src=\"https:\/\/i0.wp.com\/tehronmachines.ro\/pro\/wp-content\/uploads\/2023\/08\/Pasted-52.png?resize=567%2C504&#038;ssl=1\" srcset=\"https:\/\/i0.wp.com\/tehronmachines.ro\/pro\/wp-content\/uploads\/2023\/08\/Pasted-52.png?w=567&amp;ssl=1 567w, https:\/\/i0.wp.com\/tehronmachines.ro\/pro\/wp-content\/uploads\/2023\/08\/Pasted-52.png?resize=300%2C267&amp;ssl=1 300w\" sizes=\"auto, (max-width: 567px) 100vw, 567px\" \/><\/p>\n<div class=\"epyt-video-wrapper\"><iframe loading=\"lazy\"  style=\"display: block; margin: 0px auto;\"  id=\"_ytid_93309\"  width=\"400\" height=\"300\"  data-origwidth=\"400\" data-origheight=\"300\"  data-relstop=\"1\" src=\"https:\/\/www.youtube.com\/embed\/BF4U3nDFGxo?enablejsapi=1&autoplay=0&cc_load_policy=1&cc_lang_pref=&iv_load_policy=3&loop=0&rel=0&fs=1&playsinline=0&autohide=2&theme=dark&color=red&controls=1&disablekb=0&\" class=\"__youtube_prefs__  no-lazyload\" title=\"YouTube player\"  allow=\"fullscreen; accelerometer; autoplay; clipboard-write; encrypted-media; gyroscope; picture-in-picture; web-share\" referrerpolicy=\"strict-origin-when-cross-origin\" allowfullscreen data-no-lazy=\"1\" data-skipgform_ajax_framebjll=\"\"><\/iframe><\/div>\n<p>&nbsp;<\/p>\n<p>Pre\u021burile nu includ TVA!<\/p>\n<p>&nbsp;<\/p>\n<p>Imaginile au caracter orientativ!<\/p>\n","protected":false},"excerpt":{"rendered":"<ul>\n<li>Num\u0103r de r\u00e2nduri: 3<\/li>\n<li>Num\u0103r de unit\u0103\u021bi de frezare: 2<\/li>\n<li>L\u0103\u021bime de lucru: 2 metri<\/li>\n<li>Putere necesar\u0103: 30-40 CP<\/li>\n<li>Mas\u0103: 470 kg<\/li>\n<\/ul>\n","protected":false},"featured_media":1879,"comment_status":"closed","ping_status":"closed","template":"","meta":{"_acf_changed":false,"_exactmetrics_skip_tracking":false,"_exactmetrics_sitenote_active":false,"_exactmetrics_sitenote_note":"","_exactmetrics_sitenote_category":0,"_monsterinsights_skip_tracking":false,"_monsterinsights_sitenote_active":false,"_monsterinsights_sitenote_note":"","_monsterinsights_sitenote_category":0,"neve_meta_sidebar":"","neve_meta_container":"","neve_meta_enable_content_width":"off","neve_meta_content_width":100,"neve_meta_title_alignment":"","neve_meta_author_avatar":"","neve_post_elements_order":"","neve_meta_disable_header":"","neve_meta_disable_footer":"","neve_meta_disable_title":"","jetpack_post_was_ever_published":false,"jetpack_publicize_message":"","jetpack_publicize_feature_enabled":true,"jetpack_social_post_already_shared":true,"jetpack_social_options":{"image_generator_settings":{"template":"highway","default_image_id":0,"font":"","enabled":false},"version":2}},"product_cat":[1031,1028,27],"product_tag":[346,763,765,764,289,290,766,210,335,337,211],"class_list":{"0":"post-1872","1":"product","2":"type-product","3":"status-publish","4":"has-post-thumbnail","6":"product_brand-badalini-italia-masini-agricole","7":"product_cat-freze-de-pamant","8":"product_cat-lucrari-comunale-municipale","9":"product_cat-masini-si-utilaje","10":"product_tag-accesoriu","11":"product_tag-freza","12":"product_tag-freza-multirand","13":"product_tag-frezare","14":"product_tag-lucrari-comunale","15":"product_tag-lucrari-municipale","16":"product_tag-plantatii","17":"product_tag-profesional","18":"product_tag-pto","19":"product_tag-tractor","20":"product_tag-utilaje-profesionale","22":"first","23":"onbackorder","24":"taxable","25":"shipping-taxable","26":"product-type-simple"},"acf":[],"aioseo_notices":[],"jetpack_publicize_connections":[],"jetpack-related-posts":[],"jetpack_likes_enabled":true,"jetpack_sharing_enabled":true,"_links":{"self":[{"href":"https:\/\/tehronmachines.ro\/pro\/wp-json\/wp\/v2\/product\/1872","targetHints":{"allow":["GET"]}}],"collection":[{"href":"https:\/\/tehronmachines.ro\/pro\/wp-json\/wp\/v2\/product"}],"about":[{"href":"https:\/\/tehronmachines.ro\/pro\/wp-json\/wp\/v2\/types\/product"}],"replies":[{"embeddable":true,"href":"https:\/\/tehronmachines.ro\/pro\/wp-json\/wp\/v2\/comments?post=1872"}],"wp:featuredmedia":[{"embeddable":true,"href":"https:\/\/tehronmachines.ro\/pro\/wp-json\/wp\/v2\/media\/1879"}],"wp:attachment":[{"href":"https:\/\/tehronmachines.ro\/pro\/wp-json\/wp\/v2\/media?parent=1872"}],"wp:term":[{"taxonomy":"product_cat","embeddable":true,"href":"https:\/\/tehronmachines.ro\/pro\/wp-json\/wp\/v2\/product_cat?post=1872"},{"taxonomy":"product_tag","embeddable":true,"href":"https:\/\/tehronmachines.ro\/pro\/wp-json\/wp\/v2\/product_tag?post=1872"}],"curies":[{"name":"wp","href":"https:\/\/api.w.org\/{rel}","templated":true}]}}