{"id":1837,"date":"2023-08-18T14:39:46","date_gmt":"2023-08-18T11:39:46","guid":{"rendered":"https:\/\/tehronmachines.ro\/pro\/?post_type=product&#038;p=1837"},"modified":"2024-10-16T11:06:08","modified_gmt":"2024-10-16T08:06:08","slug":"masina-profesionala-pentru-lucru-la-inaltime-holmac-hbk-3","status":"publish","type":"product","link":"https:\/\/tehronmachines.ro\/pro\/produs\/masina-profesionala-pentru-lucru-la-inaltime-holmac-hbk-3\/","title":{"rendered":"Platform\u0103 pentru lucru la \u00een\u0103l\u021bime &#8211; HOLMAC HBK 3"},"content":{"rendered":"<p>HBK 3 este o platform\u0103 construit\u0103 pentru a simplifica activitatea de t\u0103iere \u00een pepiniera. Platforma se ridic\u0103 la o \u00een\u0103l\u021bime de 290 de centimetri \u0219i un lucr\u0103tor poate t\u0103ia p\u00e2n\u0103 la 470 cm, lucr\u00e2nd \u00een deplin\u0103 siguran\u021b\u0103. Platforma se mi\u0219c\u0103 rapid, deoarece atinge o vitez\u0103 de 4 Km \/ h \u0219i, datorit\u0103 trac\u021biunii pe 4 ro\u021bi, se manevreaza bine pe orice tip de teren. Direc\u021bia cu 4 ro\u021bi v\u0103 permite s\u0103 v\u0103 \u00eentoarce\u021bi \u00een spa\u021bii foarte mici, \u00een ciuda lungimii ma\u0219inii. Platforma este echipat\u0103 standard, cu un motor diesel cu 3 cilindri, \u00eentotdeauna capabil s\u0103 asigure puterea necesar\u0103 pentru deplasarea ma\u0219inii chiar \u0219i pe noroi, pe l\u00e2ng\u0103 aceasta este foarte echilibrat\u0103 \u0219i nu transmite vibra\u021bii, ma\u0219inii \u0219i operatorului.<\/p>\n<p>&nbsp;<\/p>\n<p>&nbsp;<\/p>\n<h2><span style=\"color: #ffcc00\">Specifica\u021bii:<\/span><\/h2>\n<table width=\"355\">\n<tbody>\n<tr>\n<td width=\"210\">Motor<\/td>\n<td width=\"145\">Diesel in 3 cilindri<\/td>\n<\/tr>\n<tr>\n<td>Puterea motorului<\/td>\n<td>25 CP<\/td>\n<\/tr>\n<tr>\n<td>\u00cen\u0103l\u021bime<\/td>\n<td>2,95\u00a0 metri<\/td>\n<\/tr>\n<tr>\n<td>\u00cen\u0103l\u021bime de lucru<\/td>\n<td>4,7\u00a0 metri<\/td>\n<\/tr>\n<\/tbody>\n<\/table>\n<p>&nbsp;<\/p>\n<p>&nbsp;<\/p>\n<p>Imaginile sunt orientative!<\/p>\n<p>&nbsp;<\/p>\n<p>Pre\u021burile nu includ TVA!<\/p>\n<p>&nbsp;<\/p>\n<p>&nbsp;<\/p>\n","protected":false},"excerpt":{"rendered":"<p>\u00cen\u0103l\u021bime: 2,95 metri<\/p>\n<p>Motor Diesel, 3 cilindri<\/p>\n<p>Puterea motorului: 25\u00a0 CP<\/p>\n<p>\u00cen\u0103l\u021bime de lucru: 4,7\u00a0 metri<\/p>\n","protected":false},"featured_media":1838,"comment_status":"closed","ping_status":"closed","template":"","meta":{"_acf_changed":false,"_exactmetrics_skip_tracking":false,"_exactmetrics_sitenote_active":false,"_exactmetrics_sitenote_note":"","_exactmetrics_sitenote_category":0,"_monsterinsights_skip_tracking":false,"_monsterinsights_sitenote_active":false,"_monsterinsights_sitenote_note":"","_monsterinsights_sitenote_category":0,"neve_meta_sidebar":"","neve_meta_container":"","neve_meta_enable_content_width":"off","neve_meta_content_width":100,"neve_meta_title_alignment":"","neve_meta_author_avatar":"","neve_post_elements_order":"","neve_meta_disable_header":"","neve_meta_disable_footer":"","neve_meta_disable_title":"","jetpack_post_was_ever_published":false,"jetpack_publicize_message":"","jetpack_publicize_feature_enabled":true,"jetpack_social_post_already_shared":true,"jetpack_social_options":{"image_generator_settings":{"template":"highway","default_image_id":0,"font":"","enabled":false},"version":2}},"product_cat":[27,1042,1052,1041],"product_tag":[42,751,283,289,290,755,280,41,287,754,211],"class_list":{"0":"post-1837","1":"product","2":"type-product","3":"status-publish","4":"has-post-thumbnail","6":"product_brand-holmac-italia-utilaje-pentru-lucrul-in-pepiniere","7":"product_cat-masini-si-utilaje","8":"product_cat-pepiniere","9":"product_cat-platforme-de-lucru-la-inaltime","10":"product_cat-silvicultura-si-exploatari-forestiere","11":"product_tag-gradina","12":"product_tag-holmac","13":"product_tag-livezi","14":"product_tag-lucrari-comunale","15":"product_tag-lucrari-municipale","16":"product_tag-macara","17":"product_tag-parcuri","18":"product_tag-peisagistica","19":"product_tag-pomicultura","20":"product_tag-utilaj-nou","21":"product_tag-utilaje-profesionale","23":"first","24":"onbackorder","25":"taxable","26":"shipping-taxable","27":"product-type-simple"},"acf":[],"aioseo_notices":[],"jetpack_publicize_connections":[],"jetpack-related-posts":[],"jetpack_likes_enabled":true,"jetpack_sharing_enabled":true,"_links":{"self":[{"href":"https:\/\/tehronmachines.ro\/pro\/wp-json\/wp\/v2\/product\/1837","targetHints":{"allow":["GET"]}}],"collection":[{"href":"https:\/\/tehronmachines.ro\/pro\/wp-json\/wp\/v2\/product"}],"about":[{"href":"https:\/\/tehronmachines.ro\/pro\/wp-json\/wp\/v2\/types\/product"}],"replies":[{"embeddable":true,"href":"https:\/\/tehronmachines.ro\/pro\/wp-json\/wp\/v2\/comments?post=1837"}],"wp:featuredmedia":[{"embeddable":true,"href":"https:\/\/tehronmachines.ro\/pro\/wp-json\/wp\/v2\/media\/1838"}],"wp:attachment":[{"href":"https:\/\/tehronmachines.ro\/pro\/wp-json\/wp\/v2\/media?parent=1837"}],"wp:term":[{"taxonomy":"product_cat","embeddable":true,"href":"https:\/\/tehronmachines.ro\/pro\/wp-json\/wp\/v2\/product_cat?post=1837"},{"taxonomy":"product_tag","embeddable":true,"href":"https:\/\/tehronmachines.ro\/pro\/wp-json\/wp\/v2\/product_tag?post=1837"}],"curies":[{"name":"wp","href":"https:\/\/api.w.org\/{rel}","templated":true}]}}