{"id":1814,"date":"2023-08-18T09:46:01","date_gmt":"2023-08-18T06:46:01","guid":{"rendered":"https:\/\/tehronmachines.ro\/pro\/?post_type=product&#038;p=1814"},"modified":"2024-10-16T10:54:31","modified_gmt":"2024-10-16T07:54:31","slug":"mini-incarcator-multifunctional-pentru-lucrul-in-pepiniere-holmac-70t-telescopic-cu-motor-diesel","status":"publish","type":"product","link":"https:\/\/tehronmachines.ro\/pro\/produs\/mini-incarcator-multifunctional-pentru-lucrul-in-pepiniere-holmac-70t-telescopic-cu-motor-diesel\/","title":{"rendered":"Mini \u00eenc\u0103rc\u0103tor multifunc\u021bional pentru lucrul in pepiniere HOLMAC 70T telescopic cu motor Diesel"},"content":{"rendered":"<p>HMU 70 Telescopic este o ma\u0219in\u0103 extrem de compact\u0103 \u0219i indispensabil\u0103 pentru pepiniere. Datorit\u0103 eliber\u0103rii rapide, este posibil\u0103 montarea unei serii de accesorii concepute pentru pepiniera. Bra\u021bul telescopic faciliteaz\u0103 \u00eenc\u0103rcarea \u0219i desc\u0103rcarea,<br \/>\nmanipularea plantelor \u00een ghiveci, a pale\u021bilor \u0219i a altor materiale. Trac\u021biunea integral\u0103 \u0219i articula\u021bia central\u0103 garanteaz\u0103 o stabilitate mai bun\u0103 pe toate tipurile de sol.<\/p>\n<p>&nbsp;<\/p>\n<p>Fiind un utilaj multifunc\u021bional la acesta se pot ad\u0103uga mai multe accesorii precum : cle\u0219te special, cle\u0219te articulat, furc\u0103, hidroforez\u0103, cup\u0103, cup\u0103 malaxor, \u0219enile, cle\u0219te cu ridicare vertical\u0103, cle\u0219te pentru balo\u021bi<\/p>\n<p>&nbsp;<\/p>\n<h2><span style=\"color: #ffcc00\">Specifica\u021bii:<\/span><\/h2>\n<table width=\"355\">\n<tbody>\n<tr>\n<td width=\"210\">Motor<\/td>\n<td width=\"145\">Diesel \u00een 3 cilindrii<\/td>\n<\/tr>\n<tr>\n<td>Puterea motorului<\/td>\n<td>24,8 Cp<\/td>\n<\/tr>\n<tr>\n<td>Vitez\u0103 maxim\u0103<\/td>\n<td>13 km\/h<\/td>\n<\/tr>\n<tr>\n<td>Capacitate de ridicare de la sol<\/td>\n<td>600 kg<\/td>\n<\/tr>\n<tr>\n<td>Greutate standard<\/td>\n<td>1100 kg<\/td>\n<\/tr>\n<\/tbody>\n<\/table>\n<p>&nbsp;<\/p>\n<p>Imaginile sunt orientative!<\/p>\n<p>&nbsp;<\/p>\n<p>Pre\u021burile nu includ TVA!<\/p>\n<p>&nbsp;<\/p>\n<p>&nbsp;<\/p>\n","protected":false},"excerpt":{"rendered":"<p>Greutate standard [kg]: 1100 kg<\/p>\n<p>Motor diesel, 3 cilindri<\/p>\n<p>Puterea motorului: 24,8\u00a0 CP<\/p>\n<p>Viteza maxim\u0103 : 13 km\/h<\/p>\n","protected":false},"featured_media":1817,"comment_status":"closed","ping_status":"closed","template":"","meta":{"_acf_changed":false,"_exactmetrics_skip_tracking":false,"_exactmetrics_sitenote_active":false,"_exactmetrics_sitenote_note":"","_exactmetrics_sitenote_category":0,"_monsterinsights_skip_tracking":false,"_monsterinsights_sitenote_active":false,"_monsterinsights_sitenote_note":"","_monsterinsights_sitenote_category":0,"neve_meta_sidebar":"","neve_meta_container":"","neve_meta_enable_content_width":"off","neve_meta_content_width":100,"neve_meta_title_alignment":"","neve_meta_author_avatar":"","neve_post_elements_order":"","neve_meta_disable_header":"","neve_meta_disable_footer":"","neve_meta_disable_title":"","jetpack_publicize_message":"","jetpack_publicize_feature_enabled":true,"jetpack_social_post_already_shared":true,"jetpack_social_options":{"image_generator_settings":{"template":"highway","default_image_id":0,"font":"","enabled":false},"version":2}},"product_cat":[27,1055,1042,1041],"product_tag":[42,751,283,289,290,755,280,41,287,754,211],"class_list":{"0":"post-1814","1":"product","2":"type-product","3":"status-publish","4":"has-post-thumbnail","6":"product_brand-holmac-italia-utilaje-pentru-lucrul-in-pepiniere","7":"product_cat-masini-si-utilaje","8":"product_cat-masini-speciale","9":"product_cat-pepiniere","10":"product_cat-silvicultura-si-exploatari-forestiere","11":"product_tag-gradina","12":"product_tag-holmac","13":"product_tag-livezi","14":"product_tag-lucrari-comunale","15":"product_tag-lucrari-municipale","16":"product_tag-macara","17":"product_tag-parcuri","18":"product_tag-peisagistica","19":"product_tag-pomicultura","20":"product_tag-utilaj-nou","21":"product_tag-utilaje-profesionale","23":"first","24":"onbackorder","25":"taxable","26":"shipping-taxable","27":"product-type-simple"},"acf":[],"aioseo_notices":[],"jetpack_publicize_connections":[],"jetpack-related-posts":[],"jetpack_likes_enabled":true,"jetpack_sharing_enabled":true,"_links":{"self":[{"href":"https:\/\/tehronmachines.ro\/pro\/wp-json\/wp\/v2\/product\/1814","targetHints":{"allow":["GET"]}}],"collection":[{"href":"https:\/\/tehronmachines.ro\/pro\/wp-json\/wp\/v2\/product"}],"about":[{"href":"https:\/\/tehronmachines.ro\/pro\/wp-json\/wp\/v2\/types\/product"}],"replies":[{"embeddable":true,"href":"https:\/\/tehronmachines.ro\/pro\/wp-json\/wp\/v2\/comments?post=1814"}],"wp:featuredmedia":[{"embeddable":true,"href":"https:\/\/tehronmachines.ro\/pro\/wp-json\/wp\/v2\/media\/1817"}],"wp:attachment":[{"href":"https:\/\/tehronmachines.ro\/pro\/wp-json\/wp\/v2\/media?parent=1814"}],"wp:term":[{"taxonomy":"product_cat","embeddable":true,"href":"https:\/\/tehronmachines.ro\/pro\/wp-json\/wp\/v2\/product_cat?post=1814"},{"taxonomy":"product_tag","embeddable":true,"href":"https:\/\/tehronmachines.ro\/pro\/wp-json\/wp\/v2\/product_tag?post=1814"}],"curies":[{"name":"wp","href":"https:\/\/api.w.org\/{rel}","templated":true}]}}