{"id":1779,"date":"2023-08-11T12:50:03","date_gmt":"2023-08-11T09:50:03","guid":{"rendered":"https:\/\/tehronmachines.ro\/pro\/?post_type=product&#038;p=1779"},"modified":"2024-10-16T11:06:56","modified_gmt":"2024-10-16T08:06:56","slug":"utilaj-profesional-pentru-lucrul-in-pepiniere-holmac-hzc-30-cu-motor-diesel","status":"publish","type":"product","link":"https:\/\/tehronmachines.ro\/pro\/produs\/utilaj-profesional-pentru-lucrul-in-pepiniere-holmac-hzc-30-cu-motor-diesel\/","title":{"rendered":"Utilaj pentru lucrul in pepiniere Holmac HZC 30 cu Motor Diesel"},"content":{"rendered":"<p>HZC 30 este o masina care include o serie de inova\u021bii, rezultatul unei c\u0103ut\u0103ri de solu\u021bii pentru a simplifica modul \u00een care oamenii lucreaz\u0103 \u00een pepiniera. Echipamentul standard are: sistem vertical de ridicare a r\u0103d\u0103cinii din sol, deplasarea lamei \/ vibratorului de 35 \u00b0 pe ambele p\u0103r\u021bi, sistem patentat de deschidere \/ transmisie independent\u0103 cu gresare centralizat\u0103, sistem hidraulic conceput pentru a asigura o vitez\u0103 mai mare de mi\u0219care de apropiere a copacului, sistem de izolare pentru operator de vibra\u021bii,<br \/>\nbra\u021b reglabil pentru montarea lamelor \u00eentre 25 &#8211; 100 cm.<\/p>\n<p>&nbsp;<\/p>\n<h2><span style=\"color: #ffcc00\">Compara\u021bie produse:<\/span><\/h2>\n<p>&nbsp;<\/p>\n<table width=\"832\">\n<tbody>\n<tr>\n<td width=\"211\">Model<\/td>\n<td width=\"117\">HZC 20<\/td>\n<td width=\"118\">HZC 24<\/td>\n<td width=\"110\">HZC 25<\/td>\n<td width=\"119\">HZC 30<\/td>\n<td width=\"157\">HZC 30 TURBO<\/td>\n<\/tr>\n<tr>\n<td><\/td>\n<td><\/td>\n<td><\/td>\n<td><\/td>\n<td><\/td>\n<td><\/td>\n<\/tr>\n<tr>\n<td><\/td>\n<td><\/td>\n<td><\/td>\n<td><\/td>\n<td><\/td>\n<td><\/td>\n<\/tr>\n<tr>\n<td>Motor<\/td>\n<td>Diesel in 3 cilindri<\/td>\n<td>Diesel in 3 cilindri<\/td>\n<td>Diesel in 4 cilindri<\/td>\n<td>Diesel in 4 cilindri<\/td>\n<td>Diesel TURBO in 4 cilindri<\/td>\n<\/tr>\n<tr>\n<td>Puterea motorului<\/td>\n<td>25 CP<\/td>\n<td>25 CP<\/td>\n<td>35,1 CP<\/td>\n<td>35,1 CP<\/td>\n<td>44,2 CP<\/td>\n<\/tr>\n<tr>\n<td>Diametrul minim al balotului<\/td>\n<td>20 cm<\/td>\n<td>25 cm<\/td>\n<td>25 cm<\/td>\n<td>25 cm<\/td>\n<td>25 cm<\/td>\n<\/tr>\n<tr>\n<td>Diametrul maxim al balotului<\/td>\n<td>70 cm<\/td>\n<td>80 cm<\/td>\n<td>100 cm<\/td>\n<td>100 cm<\/td>\n<td>120 cm<\/td>\n<\/tr>\n<tr>\n<td>L\u0103\u021bimea utilajului<\/td>\n<td>69 cm<\/td>\n<td>84 cm<\/td>\n<td>84-123 cm<\/td>\n<td>90-140 cm<\/td>\n<td>90-140 cm<\/td>\n<\/tr>\n<tr>\n<td>Deplasarea lateral\u0103<\/td>\n<td>Da<\/td>\n<td>Da<\/td>\n<td>Da<\/td>\n<td>Da<\/td>\n<td>Da<\/td>\n<\/tr>\n<tr>\n<td>Macara op\u021bionala<\/td>\n<td>Nu<\/td>\n<td>Nu<\/td>\n<td>Nu<\/td>\n<td>Da<\/td>\n<td>Da<\/td>\n<\/tr>\n<tr>\n<td>Senile<\/td>\n<td>De cauciuc<\/td>\n<td>De cauciuc<\/td>\n<td>De cauciuc<\/td>\n<td>De cauciuc<\/td>\n<td>De cauciuc<\/td>\n<\/tr>\n<tr>\n<td>Prima viteza<\/td>\n<td><\/td>\n<td><\/td>\n<td>3,5 km\/h<\/td>\n<td>3,5 km\/h<\/td>\n<td>4,5 km\/h<\/td>\n<\/tr>\n<tr>\n<td>A doua viteza<\/td>\n<td><\/td>\n<td><\/td>\n<td>6,5 km\/h<\/td>\n<td>6,5 km\/h<\/td>\n<td>8,5 km\/h<\/td>\n<\/tr>\n<tr>\n<td>Ridicare vertical\u0103<\/td>\n<td>Nu<\/td>\n<td>Nu<\/td>\n<td>Nu<\/td>\n<td>35 cm<\/td>\n<td>35 cm<\/td>\n<\/tr>\n<tr>\n<td><\/td>\n<td><\/td>\n<td><\/td>\n<td><\/td>\n<td><\/td>\n<td><\/td>\n<\/tr>\n<tr>\n<td><\/td>\n<td><\/td>\n<td><\/td>\n<td><\/td>\n<td><\/td>\n<td><\/td>\n<\/tr>\n<tr>\n<td><\/td>\n<td><\/td>\n<td><\/td>\n<td><\/td>\n<td><\/td>\n<td><\/td>\n<\/tr>\n<tr>\n<td><\/td>\n<td><\/td>\n<td><\/td>\n<td><\/td>\n<td><\/td>\n<td><\/td>\n<\/tr>\n<tr>\n<td><\/td>\n<td><\/td>\n<td><\/td>\n<td><\/td>\n<td><\/td>\n<td><\/td>\n<\/tr>\n<tr>\n<td>Model<\/td>\n<td>HZC 32<\/td>\n<td>HZC 38<\/td>\n<td>HZC 40 cu deplasare lateral\u0103 si sistem de ridicare<\/td>\n<td>HZC 40 doar cu ridicare<\/td>\n<td>HZC 45<\/td>\n<\/tr>\n<tr>\n<td><\/td>\n<td><\/td>\n<td><\/td>\n<td><\/td>\n<td><\/td>\n<td><\/td>\n<\/tr>\n<tr>\n<td><\/td>\n<td><\/td>\n<td><\/td>\n<td><\/td>\n<td><\/td>\n<td><\/td>\n<\/tr>\n<tr>\n<td>Motor<\/td>\n<td>Diesel TURBO in 4 cilindri<\/td>\n<td>Diesel in 4 cilindri<\/td>\n<td>Diesel in 4 cilindri<\/td>\n<td>Diesel in 4 cilindri<\/td>\n<td>Diesel TURBO in 4 cilindri<\/td>\n<\/tr>\n<tr>\n<td>Puterea motorului<\/td>\n<td>44,2 CP<\/td>\n<td>48,1 CP<\/td>\n<td>48,1 CP<\/td>\n<td>48,1 CP<\/td>\n<td>59 CP<\/td>\n<\/tr>\n<tr>\n<td>Diametrul minim al balotului<\/td>\n<td>25 cm<\/td>\n<td>40 cm<\/td>\n<td>40 cm<\/td>\n<td>40 cm<\/td>\n<td>60 cm<\/td>\n<\/tr>\n<tr>\n<td>Diametrul maxim al balotului<\/td>\n<td>120 cm<\/td>\n<td>140 cm<\/td>\n<td>140 cm<\/td>\n<td>140 cm<\/td>\n<td>180 cm<\/td>\n<\/tr>\n<tr>\n<td>L\u0103\u021bimea utilajului<\/td>\n<td>99-133 cm<\/td>\n<td>100-143 cm<\/td>\n<td>103-135 cm<\/td>\n<td>103-135 cm<\/td>\n<td>120-155 cm<\/td>\n<\/tr>\n<tr>\n<td>Deplasarea lateral\u0103<\/td>\n<td>Da<\/td>\n<td>Nu<\/td>\n<td>Da<\/td>\n<td>Nu<\/td>\n<td>Nu<\/td>\n<\/tr>\n<tr>\n<td>Macara op\u021bionala<\/td>\n<td>Da<\/td>\n<td>Da<\/td>\n<td>Da<\/td>\n<td>Nu<\/td>\n<td>Da<\/td>\n<\/tr>\n<tr>\n<td>Senile<\/td>\n<td>De cauciuc<\/td>\n<td>De cauciuc<\/td>\n<td>De cauciuc<\/td>\n<td>De cauciuc<\/td>\n<td>De cauciuc<\/td>\n<\/tr>\n<tr>\n<td>Prima viteza<\/td>\n<td>3,5 km\/h<\/td>\n<td>4 km\/h<\/td>\n<td>4 km\/h<\/td>\n<td>4 km\/h<\/td>\n<td>3,5 km\/h<\/td>\n<\/tr>\n<tr>\n<td>A doua viteza<\/td>\n<td>6,5 km\/h<\/td>\n<td>7 km\/h<\/td>\n<td>7 km\/h<\/td>\n<td>7 km\/h<\/td>\n<td>6,5 km\/h<\/td>\n<\/tr>\n<tr>\n<td>Ridicare vertical\u0103<\/td>\n<td>45 cm<\/td>\n<td>45 cm<\/td>\n<td>45 cm<\/td>\n<td>45 cm<\/td>\n<td>45 cm<\/td>\n<\/tr>\n<\/tbody>\n<\/table>\n<p>&nbsp;<\/p>\n<p>Imaginile sunt orientative!<\/p>\n<p>&nbsp;<\/p>\n<p>Pre\u021burile nu includ TVA!<\/p>\n<p>&nbsp;<\/p>\n<p>&nbsp;<\/p>\n","protected":false},"excerpt":{"rendered":"<p>Diametrul balotului [cm]: 25 &#8211; 100 cm<\/p>\n<p>Motor diesel, 4 cilindri<\/p>\n<p>Puterea motorului: 35,1 CP<\/p>\n<p>L\u0103\u021bimea utilajului: 90 &#8211; 140 cm<\/p>\n","protected":false},"featured_media":1781,"comment_status":"open","ping_status":"closed","template":"","meta":{"_acf_changed":false,"_exactmetrics_skip_tracking":false,"_exactmetrics_sitenote_active":false,"_exactmetrics_sitenote_note":"","_exactmetrics_sitenote_category":0,"_monsterinsights_skip_tracking":false,"_monsterinsights_sitenote_active":false,"_monsterinsights_sitenote_note":"","_monsterinsights_sitenote_category":0,"neve_meta_sidebar":"","neve_meta_container":"","neve_meta_enable_content_width":"off","neve_meta_content_width":100,"neve_meta_title_alignment":"","neve_meta_author_avatar":"","neve_post_elements_order":"","neve_meta_disable_header":"","neve_meta_disable_footer":"","neve_meta_disable_title":"","jetpack_post_was_ever_published":false,"jetpack_publicize_message":"","jetpack_publicize_feature_enabled":true,"jetpack_social_post_already_shared":true,"jetpack_social_options":{"image_generator_settings":{"template":"highway","default_image_id":0,"font":"","enabled":false},"version":2}},"product_cat":[27,1055,1042,1041],"product_tag":[42,751,283,289,290,280,41,287,752,750,211],"class_list":{"0":"post-1779","1":"product","2":"type-product","3":"status-publish","4":"has-post-thumbnail","6":"product_brand-holmac-italia-utilaje-pentru-lucrul-in-pepiniere","7":"product_cat-masini-si-utilaje","8":"product_cat-masini-speciale","9":"product_cat-pepiniere","10":"product_cat-silvicultura-si-exploatari-forestiere","11":"product_tag-gradina","12":"product_tag-holmac","13":"product_tag-livezi","14":"product_tag-lucrari-comunale","15":"product_tag-lucrari-municipale","16":"product_tag-parcuri","17":"product_tag-peisagistica","18":"product_tag-pomicultura","19":"product_tag-transplantator","20":"product_tag-utilaj-senilat","21":"product_tag-utilaje-profesionale","23":"first","24":"onbackorder","25":"taxable","26":"shipping-taxable","27":"product-type-simple"},"acf":[],"aioseo_notices":[],"jetpack_publicize_connections":[],"jetpack-related-posts":[],"jetpack_likes_enabled":true,"jetpack_sharing_enabled":true,"_links":{"self":[{"href":"https:\/\/tehronmachines.ro\/pro\/wp-json\/wp\/v2\/product\/1779","targetHints":{"allow":["GET"]}}],"collection":[{"href":"https:\/\/tehronmachines.ro\/pro\/wp-json\/wp\/v2\/product"}],"about":[{"href":"https:\/\/tehronmachines.ro\/pro\/wp-json\/wp\/v2\/types\/product"}],"replies":[{"embeddable":true,"href":"https:\/\/tehronmachines.ro\/pro\/wp-json\/wp\/v2\/comments?post=1779"}],"wp:featuredmedia":[{"embeddable":true,"href":"https:\/\/tehronmachines.ro\/pro\/wp-json\/wp\/v2\/media\/1781"}],"wp:attachment":[{"href":"https:\/\/tehronmachines.ro\/pro\/wp-json\/wp\/v2\/media?parent=1779"}],"wp:term":[{"taxonomy":"product_cat","embeddable":true,"href":"https:\/\/tehronmachines.ro\/pro\/wp-json\/wp\/v2\/product_cat?post=1779"},{"taxonomy":"product_tag","embeddable":true,"href":"https:\/\/tehronmachines.ro\/pro\/wp-json\/wp\/v2\/product_tag?post=1779"}],"curies":[{"name":"wp","href":"https:\/\/api.w.org\/{rel}","templated":true}]}}