{"id":1756,"date":"2023-08-08T13:51:15","date_gmt":"2023-08-08T10:51:15","guid":{"rendered":"https:\/\/tehronmachines.ro\/pro\/?post_type=product&#038;p=1756"},"modified":"2024-11-02T01:33:22","modified_gmt":"2024-11-01T22:33:22","slug":"lama-de-ghidare-lant-oregon-pentru-fierastraiele-695-xl-12-inch-30-cm","status":"publish","type":"product","link":"https:\/\/tehronmachines.ro\/pro\/produs\/lama-de-ghidare-lant-oregon-pentru-fierastraiele-695-xl-12-inch-30-cm\/","title":{"rendered":"Lam\u0103 de ghidare lan\u021b ICS pentru fier\u0103straiele 695 XL , 12 inch \/ 30 cm"},"content":{"rendered":"<p>Detaliile produsului:<\/p>\n<ul>\n<li>Func\u021bioneaz\u0103 cu lan\u021bul diamantat FORCE 4<\/li>\n<li>Se potrive\u0219te la fer\u0103straiele cu lan\u021b 695 XL<\/li>\n<li>Lungime de 12 inch \/ 30 cm<\/li>\n<\/ul>\n","protected":false},"excerpt":{"rendered":"<p>Lam\u0103 de ghidare lan\u021b ICS pentru fier\u0103straiele 695 XL<\/p>\n<ul>\n<li>Atentie! Aceast\u0103 lam\u0103 este doar pentru fier\u0103straiele 695 XL!<\/li>\n<\/ul>\n<p>Lungime: 12 inch \/ 30 cm<\/p>\n","protected":false},"featured_media":1938,"comment_status":"open","ping_status":"closed","template":"","meta":{"_acf_changed":false,"_exactmetrics_skip_tracking":false,"_exactmetrics_sitenote_active":false,"_exactmetrics_sitenote_note":"","_exactmetrics_sitenote_category":0,"_monsterinsights_skip_tracking":false,"_monsterinsights_sitenote_active":false,"_monsterinsights_sitenote_note":"","_monsterinsights_sitenote_category":0,"neve_meta_sidebar":"","neve_meta_container":"","neve_meta_enable_content_width":"off","neve_meta_content_width":100,"neve_meta_title_alignment":"","neve_meta_author_avatar":"","neve_post_elements_order":"","neve_meta_disable_header":"","neve_meta_disable_footer":"","neve_meta_disable_title":"","jetpack_post_was_ever_published":false,"jetpack_publicize_message":"","jetpack_publicize_feature_enabled":true,"jetpack_social_post_already_shared":true,"jetpack_social_options":{"image_generator_settings":{"template":"highway","default_image_id":0,"font":"","enabled":false},"version":2}},"product_cat":[998,1093,27],"product_tag":[346,718,714,49,745,736,719,746],"class_list":{"0":"post-1756","1":"product","2":"type-product","3":"status-publish","4":"has-post-thumbnail","6":"product_brand-ics-fierastraie-cu-lanturi-diamantate","7":"product_cat-constructii","8":"product_cat-lama-de-ghidare-lant","9":"product_cat-masini-si-utilaje","10":"product_tag-accesoriu","11":"product_tag-apa","12":"product_tag-fierastrau","13":"product_tag-lama","14":"product_tag-lama-ghidaj","15":"product_tag-lant","16":"product_tag-lant-diamantat","17":"product_tag-taiere","19":"first","20":"onbackorder","21":"taxable","22":"shipping-taxable","23":"product-type-simple"},"acf":[],"aioseo_notices":[],"jetpack_publicize_connections":[],"jetpack-related-posts":[],"jetpack_likes_enabled":true,"jetpack_sharing_enabled":true,"_links":{"self":[{"href":"https:\/\/tehronmachines.ro\/pro\/wp-json\/wp\/v2\/product\/1756","targetHints":{"allow":["GET"]}}],"collection":[{"href":"https:\/\/tehronmachines.ro\/pro\/wp-json\/wp\/v2\/product"}],"about":[{"href":"https:\/\/tehronmachines.ro\/pro\/wp-json\/wp\/v2\/types\/product"}],"replies":[{"embeddable":true,"href":"https:\/\/tehronmachines.ro\/pro\/wp-json\/wp\/v2\/comments?post=1756"}],"wp:featuredmedia":[{"embeddable":true,"href":"https:\/\/tehronmachines.ro\/pro\/wp-json\/wp\/v2\/media\/1938"}],"wp:attachment":[{"href":"https:\/\/tehronmachines.ro\/pro\/wp-json\/wp\/v2\/media?parent=1756"}],"wp:term":[{"taxonomy":"product_cat","embeddable":true,"href":"https:\/\/tehronmachines.ro\/pro\/wp-json\/wp\/v2\/product_cat?post=1756"},{"taxonomy":"product_tag","embeddable":true,"href":"https:\/\/tehronmachines.ro\/pro\/wp-json\/wp\/v2\/product_tag?post=1756"}],"curies":[{"name":"wp","href":"https:\/\/api.w.org\/{rel}","templated":true}]}}