{"id":1718,"date":"2023-08-06T14:54:18","date_gmt":"2023-08-06T11:54:18","guid":{"rendered":"https:\/\/tehronmachines.ro\/pro\/?post_type=product&#038;p=1718"},"modified":"2024-11-02T01:40:05","modified_gmt":"2024-11-01T22:40:05","slug":"lant-diamantat-premium-force-4-34-20-inch-50-cm-pentru-fierastraie-oregon-2","status":"publish","type":"product","link":"https:\/\/tehronmachines.ro\/pro\/produs\/lant-diamantat-premium-force-4-34-20-inch-50-cm-pentru-fierastraie-oregon-2\/","title":{"rendered":"Lan\u021b diamantat Premium L FORCE 4-34 20 inch \/ 50 cm, pentru fier\u0103straie ICS"},"content":{"rendered":"<p>Detaliile produsului:<\/p>\n<p>&nbsp;<\/p>\n<ul>\n<li>Ofer\u0103 o durat\u0103 de via\u021b\u0103 mai lung\u0103 \u00een agregate dure<\/li>\n<li>Excelent pe beton greu cu arm\u0103tur\u0103 grea<\/li>\n<li>Se potrive\u0219te cu bare de ghidare hidraulice, pneumatice \u0219i pe benzin\u0103 de 20&#8243;.<\/li>\n<\/ul>\n","protected":false},"excerpt":{"rendered":"<p>Lan\u021b diamantat FORCE 4 pentru fier\u0103straiele ICS<\/p>\n<ul>\n<li>Atentie! Aceast lan\u021b se potrive\u0219te doar la fier\u0103straiele ICS cu pinion de ac\u021bionare FORCE 4!<\/li>\n<li>Num\u0103r de din\u021bi: 68<\/li>\n<\/ul>\n","protected":false},"featured_media":1712,"comment_status":"open","ping_status":"closed","template":"","meta":{"_acf_changed":false,"_exactmetrics_skip_tracking":false,"_exactmetrics_sitenote_active":false,"_exactmetrics_sitenote_note":"","_exactmetrics_sitenote_category":0,"_monsterinsights_skip_tracking":false,"_monsterinsights_sitenote_active":false,"_monsterinsights_sitenote_note":"","_monsterinsights_sitenote_category":0,"neve_meta_sidebar":"","neve_meta_container":"","neve_meta_enable_content_width":"off","neve_meta_content_width":100,"neve_meta_title_alignment":"","neve_meta_author_avatar":"","neve_post_elements_order":"","neve_meta_disable_header":"","neve_meta_disable_footer":"","neve_meta_disable_title":"","jetpack_post_was_ever_published":false,"jetpack_publicize_message":"","jetpack_publicize_feature_enabled":true,"jetpack_social_post_already_shared":true,"jetpack_social_options":{"image_generator_settings":{"template":"highway","default_image_id":0,"font":"","enabled":false},"version":2}},"product_cat":[998,1095,27],"product_tag":[346,737,717,738,714,736,719],"class_list":{"0":"post-1718","1":"product","2":"type-product","3":"status-publish","4":"has-post-thumbnail","6":"product_brand-ics-fierastraie-cu-lanturi-diamantate","7":"product_cat-constructii","8":"product_cat-lant-diamantat-constructii","9":"product_cat-masini-si-utilaje","10":"product_tag-accesoriu","11":"product_tag-asfalt","12":"product_tag-beton","13":"product_tag-caramida","14":"product_tag-fierastrau","15":"product_tag-lant","16":"product_tag-lant-diamantat","18":"first","19":"onbackorder","20":"taxable","21":"shipping-taxable","22":"product-type-simple"},"acf":[],"aioseo_notices":[],"jetpack_publicize_connections":[],"jetpack-related-posts":[],"jetpack_likes_enabled":true,"jetpack_sharing_enabled":true,"_links":{"self":[{"href":"https:\/\/tehronmachines.ro\/pro\/wp-json\/wp\/v2\/product\/1718","targetHints":{"allow":["GET"]}}],"collection":[{"href":"https:\/\/tehronmachines.ro\/pro\/wp-json\/wp\/v2\/product"}],"about":[{"href":"https:\/\/tehronmachines.ro\/pro\/wp-json\/wp\/v2\/types\/product"}],"replies":[{"embeddable":true,"href":"https:\/\/tehronmachines.ro\/pro\/wp-json\/wp\/v2\/comments?post=1718"}],"wp:featuredmedia":[{"embeddable":true,"href":"https:\/\/tehronmachines.ro\/pro\/wp-json\/wp\/v2\/media\/1712"}],"wp:attachment":[{"href":"https:\/\/tehronmachines.ro\/pro\/wp-json\/wp\/v2\/media?parent=1718"}],"wp:term":[{"taxonomy":"product_cat","embeddable":true,"href":"https:\/\/tehronmachines.ro\/pro\/wp-json\/wp\/v2\/product_cat?post=1718"},{"taxonomy":"product_tag","embeddable":true,"href":"https:\/\/tehronmachines.ro\/pro\/wp-json\/wp\/v2\/product_tag?post=1718"}],"curies":[{"name":"wp","href":"https:\/\/api.w.org\/{rel}","templated":true}]}}