{"id":1687,"date":"2023-08-02T17:21:24","date_gmt":"2023-08-02T14:21:24","guid":{"rendered":"https:\/\/tehronmachines.ro\/pro\/?post_type=product&#038;p=1687"},"modified":"2024-11-02T01:42:28","modified_gmt":"2024-11-01T22:42:28","slug":"fierastrau-profesional-oregon-701-a-actionare-pneumatica-pinion-de-actionare-force-4","status":"publish","type":"product","link":"https:\/\/tehronmachines.ro\/pro\/produs\/fierastrau-profesional-oregon-701-a-actionare-pneumatica-pinion-de-actionare-force-4\/","title":{"rendered":"Fier\u0103str\u0103u ICS 701-A &#8211; ac\u021bionare pneumatic\u0103, pinion de ac\u021bionare FORCE 4"},"content":{"rendered":"<h3>Construit pentru a satisface cerin\u021bele de operare \u0219i flexibilitate ale utilizatorilor generali din domeniul construc\u021biilor, acest model este unic \u00een ceea ce prive\u0219te fiabilitatea \u0219i valoarea. Compatibil cu \u00eentreaga gam\u0103 de lan\u021buri diamantate FORCE4.\u00a0 Poate fi transformat pentru a opera lan\u021burile de t\u0103iere a \u021bevilor PowerGrit prin schimbarea pinionului de ac\u021bionare \u0219i a barei de ghidare.<\/h3>\n<h3>Sistemul pneumatic de t\u0103iere ICS din seria 701A ofer\u0103 rezisten\u021ba superioar\u0103 a tehnologiei FORCE4\u00ae. De la m\u00e2nerul din spate reproiectat, mai durabil, p\u00e2n\u0103 la pinionul de transmisie u\u0219or de \u00eenlocuit, acest fier\u0103str\u0103u este proiectat pentru a face fa\u021b\u0103 celor mai dificile lucr\u0103ri. \u00centr-un pachet care dep\u0103\u0219e\u0219te standardele din industrie, aceast\u0103 ma\u0219in\u0103 de for\u021b\u0103 elegant\u0103 este plin\u0103 de caracteristici concepute pentru a o face s\u0103 lucreze la fel de mult ca \u0219i dumneavoastr\u0103.<\/h3>\n<p>&nbsp;<\/p>\n<h1><span style=\"color: #ffcc00\">Specifica\u021bii:<\/span><\/h1>\n<table width=\"284\">\n<tbody>\n<tr>\n<td width=\"170\">Model<\/td>\n<td width=\"114\">701-A Pneumatic<\/td>\n<\/tr>\n<tr>\n<td><\/td>\n<td><\/td>\n<\/tr>\n<tr>\n<td><\/td>\n<td><\/td>\n<\/tr>\n<tr>\n<td>Putere generat\u0103<\/td>\n<td>6,5 CP<\/td>\n<\/tr>\n<tr>\n<td>Presiune de aer necesar\u0103<\/td>\n<td>6 bar<\/td>\n<\/tr>\n<tr>\n<td>Mas\u0103<\/td>\n<td>13 kg<\/td>\n<\/tr>\n<tr>\n<td>Ad\u0103ncime de taiere<\/td>\n<td>63 cm<\/td>\n<\/tr>\n<tr>\n<td>Nivel de zgomot<\/td>\n<td>113 dB<\/td>\n<\/tr>\n<tr>\n<td>Debit minim de ap\u0103<\/td>\n<td>8 L\/min<\/td>\n<\/tr>\n<tr>\n<td>Presiune minim\u0103 a apei<\/td>\n<td>1,4 bar<\/td>\n<\/tr>\n<\/tbody>\n<\/table>\n<p>Pre\u021burile nu con\u021bin TVA!<\/p>\n<p>&nbsp;<\/p>\n<p>Imaginile sunt orientative!<\/p>\n","protected":false},"excerpt":{"rendered":"<p>Putere generat\u0103: 6,5 CP<\/p>\n<p>Mod de ac\u021bionare: Pneumatic<\/p>\n<p>Presiune de aer necesar\u0103: 6 bar<\/p>\n<p>Ad\u00e2ncime maxim\u0103 de taiere: 630 mm<\/p>\n","protected":false},"featured_media":1980,"comment_status":"open","ping_status":"closed","template":"","meta":{"_acf_changed":false,"_exactmetrics_skip_tracking":false,"_exactmetrics_sitenote_active":false,"_exactmetrics_sitenote_note":"","_exactmetrics_sitenote_category":0,"_monsterinsights_skip_tracking":false,"_monsterinsights_sitenote_active":false,"_monsterinsights_sitenote_note":"","_monsterinsights_sitenote_category":0,"neve_meta_sidebar":"","neve_meta_container":"","neve_meta_enable_content_width":"off","neve_meta_content_width":100,"neve_meta_title_alignment":"","neve_meta_author_avatar":"","neve_post_elements_order":"","neve_meta_disable_header":"","neve_meta_disable_footer":"","neve_meta_disable_title":"","jetpack_post_was_ever_published":false,"jetpack_publicize_message":"","jetpack_publicize_feature_enabled":true,"jetpack_social_post_already_shared":true,"jetpack_social_options":{"image_generator_settings":{"template":"highway","default_image_id":0,"font":"","enabled":false},"version":2}},"product_cat":[998,1011,27],"product_tag":[729,730,731,718,717,716,715,714,725,719,728],"class_list":{"0":"post-1687","1":"product","2":"type-product","3":"status-publish","4":"has-post-thumbnail","6":"product_brand-ics-fierastraie-cu-lanturi-diamantate","7":"product_cat-constructii","8":"product_cat-fierastrau-cu-lant-diamantat","9":"product_cat-masini-si-utilaje","10":"product_tag-actionare-pneumatica","11":"product_tag-aer","12":"product_tag-aer-comprimat","13":"product_tag-apa","14":"product_tag-beton","15":"product_tag-constructii","16":"product_tag-fierastraie","17":"product_tag-fierastrau","18":"product_tag-force4","19":"product_tag-lant-diamantat","20":"product_tag-pneumatic","22":"first","23":"onbackorder","24":"taxable","25":"shipping-taxable","26":"product-type-simple"},"acf":[],"aioseo_notices":[],"jetpack_publicize_connections":[],"jetpack-related-posts":[],"jetpack_likes_enabled":true,"jetpack_sharing_enabled":true,"_links":{"self":[{"href":"https:\/\/tehronmachines.ro\/pro\/wp-json\/wp\/v2\/product\/1687","targetHints":{"allow":["GET"]}}],"collection":[{"href":"https:\/\/tehronmachines.ro\/pro\/wp-json\/wp\/v2\/product"}],"about":[{"href":"https:\/\/tehronmachines.ro\/pro\/wp-json\/wp\/v2\/types\/product"}],"replies":[{"embeddable":true,"href":"https:\/\/tehronmachines.ro\/pro\/wp-json\/wp\/v2\/comments?post=1687"}],"wp:featuredmedia":[{"embeddable":true,"href":"https:\/\/tehronmachines.ro\/pro\/wp-json\/wp\/v2\/media\/1980"}],"wp:attachment":[{"href":"https:\/\/tehronmachines.ro\/pro\/wp-json\/wp\/v2\/media?parent=1687"}],"wp:term":[{"taxonomy":"product_cat","embeddable":true,"href":"https:\/\/tehronmachines.ro\/pro\/wp-json\/wp\/v2\/product_cat?post=1687"},{"taxonomy":"product_tag","embeddable":true,"href":"https:\/\/tehronmachines.ro\/pro\/wp-json\/wp\/v2\/product_tag?post=1687"}],"curies":[{"name":"wp","href":"https:\/\/api.w.org\/{rel}","templated":true}]}}