{"id":1678,"date":"2023-08-02T16:35:30","date_gmt":"2023-08-02T13:35:30","guid":{"rendered":"https:\/\/tehronmachines.ro\/pro\/?post_type=product&#038;p=1678"},"modified":"2024-11-02T01:42:58","modified_gmt":"2024-11-01T22:42:58","slug":"fierastrau-profesional-oregon-695-xl-cu-pinion-de-actionare-force-3-motor-pe-benzina","status":"publish","type":"product","link":"https:\/\/tehronmachines.ro\/pro\/produs\/fierastrau-profesional-oregon-695-xl-cu-pinion-de-actionare-force-3-motor-pe-benzina\/","title":{"rendered":"Fier\u0103str\u0103u CS 695-XL cu pinion de ac\u021bionare FORCE 3, motor pe benzin\u0103"},"content":{"rendered":"<h3>Construit pentru a satisface cerin\u021bele de operare \u0219i flexibilitate ale utilizatorilor generali din domeniul construc\u021biilor, acest model este unic \u00een ceea ce prive\u0219te fiabilitatea \u0219i valoarea. Compatibil cu \u00eentreaga gam\u0103 de lan\u021buri diamantate FORCE3.\u00a0 Poate fi transformat pentru a opera lan\u021burile de t\u0103iere a \u021bevilor PowerGrit prin schimbarea pinionului de ac\u021bionare \u0219i a barei de ghidare.<\/h3>\n<h3>U\u0219or de pornit, cu o nou\u0103 p\u00e2rghie multifunc\u021bional\u0103 pentru a controla func\u021biile de strangulare, func\u021bionare \u0219i oprire.<\/h3>\n<h3>Motoarele g\u0103zduiesc sisteme de carbura\u021bie \u0219i de aprindere special concepute care lucreaz\u0103 \u00eempreun\u0103 pentru o pornire u\u0219oar\u0103, o func\u021bionare mai rece \u0219i o performan\u021b\u0103 fiabil\u0103 la aproape orice altitudine.<\/h3>\n<p>&nbsp;<\/p>\n<h1><span style=\"color: #ffcc00\">Comparatie produse:<\/span><\/h1>\n<table width=\"456\">\n<tbody>\n<tr>\n<td width=\"153\">Model<\/td>\n<td width=\"91\">680ES FORCE3<\/td>\n<td width=\"97\">695XL FORCE4<\/td>\n<td width=\"115\">695XL FORCE3<\/td>\n<\/tr>\n<tr>\n<td><\/td>\n<td><\/td>\n<td><\/td>\n<td><\/td>\n<\/tr>\n<tr>\n<td><\/td>\n<td><\/td>\n<td><\/td>\n<td><\/td>\n<\/tr>\n<tr>\n<td>Mas\u0103<\/td>\n<td>9,6 kg<\/td>\n<td>9,6 kg<\/td>\n<td>9,6 kg<\/td>\n<\/tr>\n<tr>\n<td>Putere motor<\/td>\n<td>5 CP<\/td>\n<td>6,4 CP<\/td>\n<td>6,4 CP<\/td>\n<\/tr>\n<tr>\n<td>Combustibil<\/td>\n<td>Benzin\u0103<\/td>\n<td>Benzin\u0103<\/td>\n<td>Benzin\u0103<\/td>\n<\/tr>\n<tr>\n<td>Ad\u00e2ncime de t\u0103iere<\/td>\n<td>35 cm<\/td>\n<td>50 cm<\/td>\n<td>50 cm<\/td>\n<\/tr>\n<tr>\n<td>Debit minim de ap\u0103<\/td>\n<td>8 L\/min<\/td>\n<td>8 L\/min<\/td>\n<td>8 L\/min<\/td>\n<\/tr>\n<tr>\n<td>Presiune minim\u0103 a apei<\/td>\n<td>1,4 bar<\/td>\n<td>1,4 bar<\/td>\n<td>1,4 bar<\/td>\n<\/tr>\n<tr>\n<td>Nivel de zgomot<\/td>\n<td>117 dB<\/td>\n<td>115 dB<\/td>\n<td>115 dB<\/td>\n<\/tr>\n<\/tbody>\n<\/table>\n<p>&nbsp;<\/p>\n<p>Pre\u021burile nu con\u021bin TVA!<\/p>\n<p>&nbsp;<\/p>\n<p>Imaginile sunt orientative!<\/p>\n","protected":false},"excerpt":{"rendered":"<p>Putere: 6,4 CP<\/p>\n<p>Carburant: Benzin\u0103<\/p>\n<p>Vitez\u0103 la gol:\u00a0 9300 rpm<\/p>\n<p>Ad\u00e2ncime maxim\u0103 de taiere: 500 mm<\/p>\n","protected":false},"featured_media":1986,"comment_status":"open","ping_status":"closed","template":"","meta":{"_acf_changed":false,"_exactmetrics_skip_tracking":false,"_exactmetrics_sitenote_active":false,"_exactmetrics_sitenote_note":"","_exactmetrics_sitenote_category":0,"_monsterinsights_skip_tracking":false,"_monsterinsights_sitenote_active":false,"_monsterinsights_sitenote_note":"","_monsterinsights_sitenote_category":0,"neve_meta_sidebar":"","neve_meta_container":"","neve_meta_enable_content_width":"off","neve_meta_content_width":100,"neve_meta_title_alignment":"","neve_meta_author_avatar":"","neve_post_elements_order":"","neve_meta_disable_header":"","neve_meta_disable_footer":"","neve_meta_disable_title":"","jetpack_post_was_ever_published":false,"jetpack_publicize_message":"","jetpack_publicize_feature_enabled":true,"jetpack_social_post_already_shared":true,"jetpack_social_options":{"image_generator_settings":{"template":"highway","default_image_id":0,"font":"","enabled":false},"version":2}},"product_cat":[998,1011,27],"product_tag":[718,722,717,716,715,714,719,724,723],"class_list":{"0":"post-1678","1":"product","2":"type-product","3":"status-publish","4":"has-post-thumbnail","6":"product_brand-ics-fierastraie-cu-lanturi-diamantate","7":"product_cat-constructii","8":"product_cat-fierastrau-cu-lant-diamantat","9":"product_cat-masini-si-utilaje","10":"product_tag-apa","11":"product_tag-benzina","12":"product_tag-beton","13":"product_tag-constructii","14":"product_tag-fierastraie","15":"product_tag-fierastrau","16":"product_tag-lant-diamantat","17":"product_tag-motor-propriu","18":"product_tag-motor-termic","20":"first","21":"onbackorder","22":"taxable","23":"shipping-taxable","24":"product-type-simple"},"acf":[],"aioseo_notices":[],"jetpack_publicize_connections":[],"jetpack-related-posts":[],"jetpack_likes_enabled":true,"jetpack_sharing_enabled":true,"_links":{"self":[{"href":"https:\/\/tehronmachines.ro\/pro\/wp-json\/wp\/v2\/product\/1678","targetHints":{"allow":["GET"]}}],"collection":[{"href":"https:\/\/tehronmachines.ro\/pro\/wp-json\/wp\/v2\/product"}],"about":[{"href":"https:\/\/tehronmachines.ro\/pro\/wp-json\/wp\/v2\/types\/product"}],"replies":[{"embeddable":true,"href":"https:\/\/tehronmachines.ro\/pro\/wp-json\/wp\/v2\/comments?post=1678"}],"wp:featuredmedia":[{"embeddable":true,"href":"https:\/\/tehronmachines.ro\/pro\/wp-json\/wp\/v2\/media\/1986"}],"wp:attachment":[{"href":"https:\/\/tehronmachines.ro\/pro\/wp-json\/wp\/v2\/media?parent=1678"}],"wp:term":[{"taxonomy":"product_cat","embeddable":true,"href":"https:\/\/tehronmachines.ro\/pro\/wp-json\/wp\/v2\/product_cat?post=1678"},{"taxonomy":"product_tag","embeddable":true,"href":"https:\/\/tehronmachines.ro\/pro\/wp-json\/wp\/v2\/product_tag?post=1678"}],"curies":[{"name":"wp","href":"https:\/\/api.w.org\/{rel}","templated":true}]}}