{"id":1657,"date":"2023-08-01T13:12:32","date_gmt":"2023-08-01T10:12:32","guid":{"rendered":"https:\/\/tehronmachines.ro\/pro\/?post_type=product&#038;p=1657"},"modified":"2024-09-15T17:24:32","modified_gmt":"2024-09-15T14:24:32","slug":"freza-profesionala-de-zapada-eliet-snowbob-8014-t-cu-motor-subaru-ex40-es-14-cp","status":"publish","type":"product","link":"https:\/\/tehronmachines.ro\/pro\/produs\/freza-profesionala-de-zapada-eliet-snowbob-8014-t-cu-motor-subaru-ex40-es-14-cp\/","title":{"rendered":"Frez\u0103 de z\u0103pad\u0103 ELIET Snowbob 8014 T cu motor Subaru EX40 ES &#8211; 14 CP"},"content":{"rendered":"<table>\n<tbody>\n<tr>\n<td colspan=\"2\" width=\"601\"><strong>TOBOGANUL DE DESC\u0102RCARE<\/strong><\/td>\n<\/tr>\n<tr>\n<td width=\"301\"><img data-recalc-dims=\"1\" decoding=\"async\" id=\"thepasted-1\" class=\"aligncenter\" src=\"https:\/\/i0.wp.com\/www.elietmachines.com\/upload\/image\/cataloog\/eigenschap\/225A%CC%82%C2%B0draaibare%20blaaspijp.jpg?w=1200&#038;ssl=1\" alt=\"225\u00b0 VARIABLE BLOW CHUTE\" \/><\/td>\n<td width=\"301\">Pozi\u021bia toboganului de desc\u0103rcare este controlat\u0103 electric \u0219i este amplasat\u0103 pe joystick pentru a fi u\u0219or de accesat. \u00cen cadrul unui interval de rota\u021bie de 225\u00b0, operatorul poate fixa cu u\u0219urin\u021b\u0103 \u0219i \u00een siguran\u021b\u0103 direc\u021bia \u00een care dore\u0219te s\u0103 arunce z\u0103pada.<\/td>\n<\/tr>\n<tr>\n<td colspan=\"2\" width=\"601\"><strong>BUTONUL RO\u0218U<\/strong><\/td>\n<\/tr>\n<tr>\n<td width=\"301\"><img data-recalc-dims=\"1\" decoding=\"async\" id=\"thepasted-2\" class=\"aligncenter\" src=\"https:\/\/i0.wp.com\/www.elietmachines.com\/upload\/image\/cataloog\/eigenschap\/de%20rode%20knop.jpg?w=1200&#038;ssl=1\" alt=\"THE RED BUTTON \" \/><\/td>\n<td width=\"301\">Atunci c\u00e2nd, \u00een timpul opera\u021biunii de desz\u0103pezire, se dore\u0219te s\u0103 se treac\u0103 \u00een mar\u0219arier, se recomand\u0103 s\u0103 se ridice freza. Pentru ca acest lucru s\u0103 se poat\u0103 face rapid \u0219i eficient, ELIET a plasat pe spatele joystick-ului un buton ro\u0219u care poate fi controlat cu degetul ar\u0103t\u0103tor atunci c\u00e2nd se trece \u00een mar\u0219arier. Un avantaj semnificativ este faptul c\u0103 operatorul poate determina singur c\u00e2t de sus dore\u0219te s\u0103 ridice capul de desz\u0103pezire, ceea ce poate economisi timp atunci c\u00e2nd, imediat dup\u0103 aceea, este necesar ca freza s\u0103 fie cobor\u00e2t\u0103 din nou pentru a continua desz\u0103pezirea.<\/td>\n<\/tr>\n<tr>\n<td colspan=\"2\" width=\"601\"><strong>COMAND\u0102 PE PARTEA STANG\u0102<\/strong><\/td>\n<\/tr>\n<tr>\n<td width=\"301\"><img data-recalc-dims=\"1\" decoding=\"async\" id=\"thepasted-3\" class=\"aligncenter\" src=\"https:\/\/i0.wp.com\/www.elietmachines.com\/upload\/image\/cataloog\/eigenschap\/bediening%20met%20links.jpg?w=1200&#038;ssl=1\" alt=\"LEFT HAND SIDE CONTROL\" \/><\/td>\n<td width=\"301\">\u00cen proiectarea tabloului de bord al instrumentelor de control, ELIET a oferit o func\u021bie de control pentru m\u00e2na st\u00e2ng\u0103 a operatorului, care \u00een mod normal se afl\u0103 \u00een mod pasiv pe maneta de urgen\u021b\u0103 (de siguran\u021b\u0103). Un mic joystick electric este pozi\u021bionat \u00een a\u0219a fel \u00eenc\u00e2t s\u0103 poat\u0103 fi activat doar cu degetul mare st\u00e2ng. Acesta serve\u0219te la controlul pozi\u021biei capului de desz\u0103pezire. Prin implicarea m\u00e2inii st\u00e2ngi, operatorul poate, \u00een esen\u021b\u0103, s\u0103 controleze toate componentele fundamentale ale ma\u0219inii f\u0103r\u0103 a fi nevoit s\u0103 \u00ee\u0219i mute m\u00e2inile din pozi\u021bia lor normal\u0103.<\/td>\n<\/tr>\n<tr>\n<td colspan=\"2\" width=\"601\"><strong>\u0218ENILE DE Z\u0102PAD\u0102\u00a0<\/strong><\/td>\n<\/tr>\n<tr>\n<td width=\"301\"><img data-recalc-dims=\"1\" decoding=\"async\" id=\"thepasted-4\" class=\"aligncenter\" src=\"https:\/\/i0.wp.com\/www.elietmachines.com\/upload\/image\/cataloog\/eigenschap\/rupsbanden.jpg?w=1200&#038;ssl=1\" alt=\"SNOW TRACKS\" \/><\/td>\n<td width=\"301\">La fel cum anvelopele sunt de cea mai mare importan\u021b\u0103 pentru performan\u021ba unei ma\u0219ini de curse, la fel \u0219i \u0219enilele contribuie la performan\u021ba eficient\u0103 a unei freze de z\u0103pad\u0103. ELIET a selectat \u0219enile Bridgestone de calitate superioar\u0103 \u00een c\u0103utarea excelen\u021bei pe toate planurile. \u0218enilele de cauciuc cu temperaturi sc\u0103zute, dezvoltate special pentru opera\u021biuni \u00een condi\u021bii de z\u0103pad\u0103, constau dintr-un compus de cauciuc special adaptat, care vine cu un model special pentru a asigura o aderen\u021b\u0103 optim\u0103 la sol. \u0218enilele au un miez din font\u0103 care asigur\u0103 o stabilitate excelent\u0103 a suprafe\u021bei.<\/td>\n<\/tr>\n<tr>\n<td colspan=\"2\" width=\"601\"><strong>MENTENAN\u021a\u0102 U\u0218OAR\u0102<\/strong><\/td>\n<\/tr>\n<tr>\n<td width=\"301\"><img data-recalc-dims=\"1\" decoding=\"async\" id=\"thepasted-5\" class=\"aligncenter\" src=\"https:\/\/i0.wp.com\/www.elietmachines.com\/upload\/image\/cataloog\/eigenschap\/onderhoudsgemak.jpg?w=1200&#038;ssl=1\" alt=\"EASY MAINTENANCE\" \/><\/td>\n<td width=\"301\">\u00cen afar\u0103 de fiabilitatea de func\u021bionare a unui utilaj, este la fel de important pentru operator s\u0103 fie capabil s\u0103 \u00ee\u0219i \u00eentre\u021bin\u0103 utilajul c\u00e2t mai repede posibil \u0219i cu cel mai mic efort posibil. La fel ca \u0219i \u00een cazul ma\u0219inilor de curse, u\u0219ile laterale ale Snowbob se deschid \u00een sus \u0219i ofer\u0103 astfel un acces u\u0219or pentru \u00eentre\u021binerea tuturor pieselor ma\u0219inii, cum ar fi motorul, curelele, filtrele hidraulice \u0219i altele.<\/td>\n<\/tr>\n<tr>\n<td colspan=\"2\" width=\"601\"><\/td>\n<\/tr>\n<tr>\n<td width=\"301\"><\/td>\n<td width=\"301\"><\/td>\n<\/tr>\n<\/tbody>\n<\/table>\n<h2><span style=\"color: #ff9900\">Comparatie produse:<\/span><\/h2>\n<table width=\"481\">\n<tbody>\n<tr>\n<td width=\"167\">Model<\/td>\n<td width=\"149\">Snowbob 8014 T<\/td>\n<td width=\"165\">Snowbob 9018 T<\/td>\n<\/tr>\n<tr>\n<td><\/td>\n<td><\/td>\n<td><\/td>\n<\/tr>\n<tr>\n<td><\/td>\n<td><\/td>\n<td><\/td>\n<\/tr>\n<tr>\n<td>Motor<\/td>\n<td>Subaru EX40 ES<\/td>\n<td>B&amp;S Vanguard ES<\/td>\n<\/tr>\n<tr>\n<td>Putere<\/td>\n<td>14 CP<\/td>\n<td>18 CP<\/td>\n<\/tr>\n<tr>\n<td>Pornire<\/td>\n<td>Pornire electric\u0103<\/td>\n<td>Pornire electric\u0103<\/td>\n<\/tr>\n<tr>\n<td>L\u0103\u021bime de lucru<\/td>\n<td>810 mm<\/td>\n<td>910 mm<\/td>\n<\/tr>\n<tr>\n<td>\u00cen\u0103l\u021bime de lucru<\/td>\n<td>550 mm<\/td>\n<td>600 mm<\/td>\n<\/tr>\n<tr>\n<td>Transimisie<\/td>\n<td>Curele de transimisie<\/td>\n<td>Cardan<\/td>\n<\/tr>\n<tr>\n<td>Viteza de deplasare<\/td>\n<td>3 km\/h<\/td>\n<td>5 km\/h<\/td>\n<\/tr>\n<tr>\n<td>Capacitate<\/td>\n<td>70 T\/h<\/td>\n<td>115 T\/h<\/td>\n<\/tr>\n<tr>\n<td>Trac\u021biune<\/td>\n<td>\u0218enile de z\u0103pad\u0103<\/td>\n<td>\u0218enile de z\u0103pad\u0103<\/td>\n<\/tr>\n<tr>\n<td>L\u0103\u021bimea senilelor<\/td>\n<td>150 mm<\/td>\n<td>200 mm<\/td>\n<\/tr>\n<tr>\n<td>Dimensiuni<\/td>\n<td>1570 x 810 x 1480 mm<\/td>\n<td>1940 x 920 x 1590 mm<\/td>\n<\/tr>\n<tr>\n<td>Mas\u0103<\/td>\n<td>318 kg<\/td>\n<td>350 kg<\/td>\n<\/tr>\n<\/tbody>\n<\/table>\n<p><strong>Not\u0103:<\/strong> Produc\u0103torul \u00ee\u0219i rezerv\u0103 dreptul de a modifica aspecte func\u021bionale, parametri, caracteristici sau elemente care \u021bin de aspectul utilajelor f\u0103r\u0103 notific\u0103ri prealabile. Ilustra\u021biile \u0219i imaginile au caracter informativ.<br \/><em>\u00cembun\u0103t\u0103\u021biri continue se aplic\u0103 produselor pentru a cre\u0219te performan\u021bele, pentru adaptarea la modific\u0103ri legale, norme de poluare \u0219i pentru a r\u0103spunde cerin\u021belor utilizatorilor.<\/em><\/p>\n<p>Pre\u021burile nu con\u021bin TVA!<\/p>\n<p>&nbsp;<\/p>\n<p>&nbsp;<\/p>\n","protected":false},"excerpt":{"rendered":"<p>&nbsp;<\/p>\n<p>&nbsp;<\/p>\n<p>\u00cenzestr\u00e2nd aceast\u0103 freza cu putere, vitez\u0103, simplitate \u0219i confort ca fiind cele mai importante criterii de proiectare, ELIET a creat un utilaj compact, puternic \u0219i performant, capabil s\u0103 fac\u0103 fa\u021b\u0103 celor mai dificile sarcini de cur\u0103\u021bare a z\u0103pezii, men\u021bin\u00e2nd \u00een acela\u0219i timp o concentrare total\u0103 asupra ob\u021binerii rezultatelor dorite.<\/p>\n<p>Prin cele mai performante freze de zapada\u00a0 ELIET este numarul 1 \u00een pia\u021b\u0103!<\/p>\n<p>Pre\u021burile nu con\u021bin TVA!<\/p>\n","protected":false},"featured_media":1658,"comment_status":"open","ping_status":"closed","template":"","meta":{"_acf_changed":false,"_exactmetrics_skip_tracking":false,"_exactmetrics_sitenote_active":false,"_exactmetrics_sitenote_note":"","_exactmetrics_sitenote_category":0,"_monsterinsights_skip_tracking":false,"_monsterinsights_sitenote_active":false,"_monsterinsights_sitenote_note":"","_monsterinsights_sitenote_category":0,"neve_meta_sidebar":"","neve_meta_container":"","neve_meta_enable_content_width":"off","neve_meta_content_width":100,"neve_meta_title_alignment":"","neve_meta_author_avatar":"","neve_post_elements_order":"","neve_meta_disable_header":"","neve_meta_disable_footer":"","neve_meta_disable_title":"","jetpack_post_was_ever_published":false,"jetpack_publicize_message":"","jetpack_publicize_feature_enabled":true,"jetpack_social_post_already_shared":true,"jetpack_social_options":{"image_generator_settings":{"template":"highway","default_image_id":0,"font":"","enabled":false},"version":2}},"product_cat":[1022,1026,27],"product_tag":[38,602,289,290,116,210,603],"class_list":{"0":"post-1657","1":"product","2":"type-product","3":"status-publish","4":"has-post-thumbnail","6":"product_brand-eliet-belgia","7":"product_cat-curatenie","8":"product_cat-freze-de-zapada-curatenie","9":"product_cat-masini-si-utilaje","10":"product_tag-eliet","11":"product_tag-freza-de-zapada","12":"product_tag-lucrari-comunale","13":"product_tag-lucrari-municipale","14":"product_tag-masini","15":"product_tag-profesional","16":"product_tag-zapada","18":"first","19":"onbackorder","20":"taxable","21":"shipping-taxable","22":"product-type-simple"},"acf":[],"aioseo_notices":[],"jetpack_publicize_connections":[],"jetpack-related-posts":[],"jetpack_likes_enabled":true,"jetpack_sharing_enabled":true,"_links":{"self":[{"href":"https:\/\/tehronmachines.ro\/pro\/wp-json\/wp\/v2\/product\/1657","targetHints":{"allow":["GET"]}}],"collection":[{"href":"https:\/\/tehronmachines.ro\/pro\/wp-json\/wp\/v2\/product"}],"about":[{"href":"https:\/\/tehronmachines.ro\/pro\/wp-json\/wp\/v2\/types\/product"}],"replies":[{"embeddable":true,"href":"https:\/\/tehronmachines.ro\/pro\/wp-json\/wp\/v2\/comments?post=1657"}],"wp:featuredmedia":[{"embeddable":true,"href":"https:\/\/tehronmachines.ro\/pro\/wp-json\/wp\/v2\/media\/1658"}],"wp:attachment":[{"href":"https:\/\/tehronmachines.ro\/pro\/wp-json\/wp\/v2\/media?parent=1657"}],"wp:term":[{"taxonomy":"product_cat","embeddable":true,"href":"https:\/\/tehronmachines.ro\/pro\/wp-json\/wp\/v2\/product_cat?post=1657"},{"taxonomy":"product_tag","embeddable":true,"href":"https:\/\/tehronmachines.ro\/pro\/wp-json\/wp\/v2\/product_tag?post=1657"}],"curies":[{"name":"wp","href":"https:\/\/api.w.org\/{rel}","templated":true}]}}