{"id":1612,"date":"2023-07-28T14:17:07","date_gmt":"2023-07-28T11:17:07","guid":{"rendered":"https:\/\/tehronmachines.ro\/pro\/?post_type=product&#038;p=1612"},"modified":"2024-09-15T17:42:25","modified_gmt":"2024-09-15T14:42:25","slug":"suflanta-de-aer-profesionala-eliet-bl-360-cu-motor-honda-gx-160-55-cp","status":"publish","type":"product","link":"https:\/\/tehronmachines.ro\/pro\/produs\/suflanta-de-aer-profesionala-eliet-bl-360-cu-motor-honda-gx-160-55-cp\/","title":{"rendered":"Suflant\u0103 de frunze ELIET BL-360 cu motor Honda GX 160 &#8211; 5,5 CP"},"content":{"rendered":"<table>\n<tbody>\n<tr>\n<td colspan=\"2\" width=\"601\"><strong>CADRU ROBUST<\/strong><\/td>\n<\/tr>\n<tr>\n<td width=\"301\"><img data-recalc-dims=\"1\" decoding=\"async\" id=\"thepasted-1\" class=\"aligncenter\" src=\"https:\/\/i0.wp.com\/www.elietmachines.com\/upload\/image\/cataloog\/eigenschap\/bl360_stevig_chassis.JPG?w=1200&#038;ssl=1\" alt=\"ROBUST FRAME\" \/><\/td>\n<td width=\"301\">Un ventilator se rote\u0219te la aproximativ 3.000 rpm \u00een carcasa turbinei pentru a dezvolta o ac\u021biune de suflare puternic\u0103. Apoi, este lini\u0219titor s\u0103 \u0219ti\u021bi c\u0103 a\u021bi achizi\u021bionat o ma\u0219in\u0103 robust\u0103. ELIET nu a l\u0103sat nimic la voia \u00eent\u00e2mpl\u0103rii atunci c\u00e2nd a construit aceast\u0103 suflant\u0103 pentru frunze. Carcasa turbinei din tabl\u0103 groas\u0103 de o\u021bel este proiectat\u0103 chiar \u0219i pentru a rezista la un impact puternic<\/td>\n<\/tr>\n<tr>\n<td colspan=\"2\" width=\"601\"><strong>VENTILATOR DE ALUMINIU<\/strong><\/td>\n<\/tr>\n<tr>\n<td width=\"301\"><img data-recalc-dims=\"1\" decoding=\"async\" id=\"thepasted-2\" class=\"aligncenter\" src=\"https:\/\/i0.wp.com\/www.elietmachines.com\/upload\/image\/cataloog\/eigenschap\/bl360_alu_ventilator.JPG?w=1200&#038;ssl=1\" alt=\"ALUMINIUM FAN\" \/><\/td>\n<td width=\"301\">Paletele rotorului de ventilator au o form\u0103 special\u0103 care amortizeaz\u0103 zgomotul ventilatorului. Deoarece acest rotor este fabricat din aluminiu u\u0219or, acest lucru are un efect benefic asupra consumului de combustibil. Echilibrat cu o precizie de un gram, acest ventilator ofer\u0103 un nivel de vibra\u021bii extrem de redus.<\/td>\n<\/tr>\n<tr>\n<td colspan=\"2\" width=\"601\"><strong>ANVELOPE PNEUMATICE MARI<\/strong><\/td>\n<\/tr>\n<tr>\n<td width=\"301\"><img data-recalc-dims=\"1\" decoding=\"async\" id=\"thepasted-3\" class=\"aligncenter\" src=\"https:\/\/i0.wp.com\/www.elietmachines.com\/upload\/image\/cataloog\/eigenschap\/bl450EZR_grote_wielen.JPG?w=1200&#038;ssl=1\" alt=\"LARGE PNEUMATIC TYRES\" \/><\/td>\n<td width=\"301\">\u00cen ciuda greut\u0103\u021bii reduse \u0219i a dimensiunilor compacte, acest utilaj este echipat cu anvelope pneumatice mari.Acest lucru face ca utilajul s\u0103 fie extrem de manevrabil pe orice tip de teren. \u00cen mod obi\u0219nuit, acest utilaj ruleaz\u0103 pe anvelopele pneumatice mari, deoarece este proiectat pentru a fi bine echilibrat. Roata fix\u0103 din fa\u021b\u0103 ac\u021bioneaz\u0103 doar ca o roat\u0103 de amortizare a \u0219ocurilor.<\/td>\n<\/tr>\n<tr>\n<td colspan=\"2\" width=\"601\"><strong>SUFLARE FARA ZGOMOT<\/strong><\/td>\n<\/tr>\n<tr>\n<td width=\"301\"><img data-recalc-dims=\"1\" decoding=\"async\" id=\"thepasted-4\" class=\"aligncenter\" src=\"https:\/\/i0.wp.com\/www.elietmachines.com\/upload\/image\/cataloog\/technologie\/blazers%20prof%20en%20part%20geluidsarm.jpg?w=1200&#038;ssl=1\" alt=\"noiseless\" \/><\/td>\n<td width=\"301\">C\u0103ptu\u0219eala pere\u021bilor care reduce zgomotul \u0219i geometria rotorului \u0219i a carcasei turbinei reduc semnificativ zgomotul. F\u0103c\u00e2nd o munc\u0103 \u00eendelungat\u0103 mai pl\u0103cut\u0103.<\/td>\n<\/tr>\n<tr>\n<td colspan=\"2\" width=\"601\"><strong>DUZA DE SUFLARE<\/strong><\/td>\n<\/tr>\n<tr>\n<td width=\"301\"><img data-recalc-dims=\"1\" decoding=\"async\" id=\"thepasted-6\" class=\"aligncenter\" src=\"https:\/\/i0.wp.com\/www.elietmachines.com\/upload\/image\/cataloog\/eigenschap\/bl450EZR_font_blaasmond.JPG?w=1200&#038;ssl=1\" alt=\"BLOWER NOZZLE\" \/><\/td>\n<td width=\"301\">Spre deosebire de alte suflante, duza de suflare multifunc\u021bional\u0103 de pe aceast\u0103 ma\u0219in\u0103 de suflat ELIET este unic\u0103. Aceast\u0103 dezvoltare recent\u0103 a permis ca direc\u021bia lateral\u0103 de suflare s\u0103 fie rapid schimbat\u0103 \u00een direc\u021bia \u00eenainte. Atunci c\u00e2nd este selectat\u0103 direc\u021bia de suflare \u00eenainte, fluxul de aer este \u00eemp\u0103r\u021bit astfel \u00eenc\u00e2t o parte din el este deviat pentru a elibera un culoar cu aceea\u0219i l\u0103\u021bime ca \u0219i ma\u0219ina din dreapta fa\u021b\u0103.<br \/>\nCele dou\u0103 deflectoare de aer din conducta de aer lateral\u0103 pot fi reglate cu ajutorul unei p\u00e2rghii de pe ghidon. Aceast\u0103 p\u00e2rghie v\u0103 permite s\u0103 regla\u021bi cu u\u0219urin\u021b\u0103 direc\u021bia fluxului de aer pentru a disloca \u0219i sufla frunzele.<\/td>\n<\/tr>\n<tr>\n<td colspan=\"2\" width=\"601\"><\/td>\n<\/tr>\n<tr>\n<td width=\"301\"><\/td>\n<td width=\"301\"><\/td>\n<\/tr>\n<\/tbody>\n<\/table>\n<h2><strong><span style=\"color: #ffcc00\">Comparatie produse<\/span><br \/>\n<\/strong><\/h2>\n<table width=\"823\">\n<tbody>\n<tr>\n<td width=\"118\">Model<\/td>\n<td width=\"131\">BL 360<\/td>\n<td width=\"137\">BL 450 E<\/td>\n<td width=\"143\">TL 450 Pro<\/td>\n<td width=\"146\">TL 450 Pro HD<\/td>\n<td width=\"148\">Cameleon M<\/td>\n<\/tr>\n<tr>\n<td><\/td>\n<td><\/td>\n<td><\/td>\n<td><\/td>\n<td><\/td>\n<td><\/td>\n<\/tr>\n<tr>\n<td><\/td>\n<td><\/td>\n<td><\/td>\n<td><\/td>\n<td><\/td>\n<td><\/td>\n<\/tr>\n<tr>\n<td>Motor<\/td>\n<td>Honda GX 160<\/td>\n<td>Honda GX 270<\/td>\n<td>Honda GX 390<\/td>\n<td>B&amp;S Vanguard ES<\/td>\n<td>Honda GX 270<\/td>\n<\/tr>\n<tr>\n<td>Putere<\/td>\n<td>5,5 CP<\/td>\n<td>9 CP<\/td>\n<td>13 CP<\/td>\n<td>18 CP<\/td>\n<td>9 CP<\/td>\n<\/tr>\n<tr>\n<td>Debitul de Aer<\/td>\n<td>50 m3\/min<\/td>\n<td>108 m3\/min<\/td>\n<td>108 m3\/min<\/td>\n<td>108 m3\/min<\/td>\n<td>108 m3\/min<\/td>\n<\/tr>\n<tr>\n<td>\u0218asiu<\/td>\n<td>O\u021bel 3mm<\/td>\n<td>O\u021bel 3mm<\/td>\n<td>O\u021bel 3mm<\/td>\n<td>O\u021bel 3mm<\/td>\n<td>O\u021bel 3mm<\/td>\n<\/tr>\n<tr>\n<td>Diametrul turbinei<\/td>\n<td>360 mm<\/td>\n<td>450 mm<\/td>\n<td>450 mm<\/td>\n<td>450 mm<\/td>\n<td>450 mm<\/td>\n<\/tr>\n<tr>\n<td>Diametrul rotorului<\/td>\n<td>300 mm<\/td>\n<td>380 mm<\/td>\n<td>380 mm<\/td>\n<td>380 mm<\/td>\n<td>380 mm<\/td>\n<\/tr>\n<tr>\n<td>Dimensiuni<\/td>\n<td>1100 x 680 x 950 mm<\/td>\n<td>1550 x 850 x 950 mm<\/td>\n<td>980 x 790 x 1520 mm<\/td>\n<td>1140 x 800 x 1430 mm<\/td>\n<td>1700 x 1000 x 1180 mm<\/td>\n<\/tr>\n<tr>\n<td>Greutate<\/td>\n<td>38 kg<\/td>\n<td>60 kg<\/td>\n<td>160 kg<\/td>\n<td>160 kg<\/td>\n<td>117 kg<\/td>\n<\/tr>\n<\/tbody>\n<\/table>\n<p><strong>Not\u0103:<\/strong> Produc\u0103torul \u00ee\u0219i rezerv\u0103 dreptul de a modifica aspecte func\u021bionale, parametri, caracteristici sau elemente care \u021bin de aspectul utilajelor f\u0103r\u0103 notific\u0103ri prealabile. Ilustra\u021biile \u0219i imaginile au caracter informativ.<br \/><em>\u00cembun\u0103t\u0103\u021biri continue se aplic\u0103 produselor pentru a cre\u0219te performan\u021bele, pentru adaptarea la modific\u0103ri legale, norme de poluare \u0219i pentru a r\u0103spunde cerin\u021belor utilizatorilor.<\/em><\/p>\n<p>Pre\u021burile nu con\u021bin TVA!<\/p>\n<p>&nbsp;<\/p>\n","protected":false},"excerpt":{"rendered":"<p>&nbsp;<\/p>\n<p>&nbsp;<\/p>\n<p>Acest utilaj este foarte manevrabil, u\u0219or \u0219i intr\u0103 \u00een cele mai mici col\u021buri. Turbina larg\u0103 reduce zgomotul, ceea ce cre\u0219te semnificativ confortul de utilizare. Datorit\u0103 ghidonului anti-vibra\u021bii, este o adev\u0103rat\u0103 pl\u0103cere s\u0103 lucrezi cu el.<\/p>\n<p>Cu cea mai vast\u0103 \u0219i bine pus\u0103 la punct ofert\u0103 de suflante de pe pia\u021b\u0103, ELIET este num\u0103rul 1 !!<\/p>\n<p>Pre\u021burile nu con\u021bin TVA!<\/p>\n[sc name=\"eliet-text-gazon\" ]\n[sc name=\"imagini-informative\" ]\n","protected":false},"featured_media":1620,"comment_status":"open","ping_status":"closed","template":"","meta":{"_acf_changed":false,"_exactmetrics_skip_tracking":false,"_exactmetrics_sitenote_active":false,"_exactmetrics_sitenote_note":"","_exactmetrics_sitenote_category":0,"_monsterinsights_skip_tracking":false,"_monsterinsights_sitenote_active":false,"_monsterinsights_sitenote_note":"","_monsterinsights_sitenote_category":0,"neve_meta_sidebar":"","neve_meta_container":"","neve_meta_enable_content_width":"off","neve_meta_content_width":100,"neve_meta_title_alignment":"","neve_meta_author_avatar":"","neve_post_elements_order":"","neve_meta_disable_header":"","neve_meta_disable_footer":"","neve_meta_disable_title":"","jetpack_post_was_ever_published":false,"jetpack_publicize_message":"","jetpack_publicize_feature_enabled":true,"jetpack_social_post_already_shared":true,"jetpack_social_options":{"image_generator_settings":{"template":"highway","default_image_id":0,"font":"","enabled":false},"version":2}},"product_cat":[1067,27,1075],"product_tag":[38,39,42,283,289,290,116,288,43,41,210,115,211],"class_list":{"0":"post-1612","1":"product","2":"type-product","3":"status-publish","4":"has-post-thumbnail","6":"product_brand-eliet-belgia","7":"product_cat-gazon","8":"product_cat-masini-si-utilaje","9":"product_cat-sisteme-de-aspirare-si-suflante","10":"product_tag-eliet","11":"product_tag-gazon","12":"product_tag-gradina","13":"product_tag-livezi","14":"product_tag-lucrari-comunale","15":"product_tag-lucrari-municipale","16":"product_tag-masini","17":"product_tag-padure","18":"product_tag-parc","19":"product_tag-peisagistica","20":"product_tag-profesional","21":"product_tag-utilaje","22":"product_tag-utilaje-profesionale","24":"first","25":"onbackorder","26":"taxable","27":"shipping-taxable","28":"product-type-simple"},"acf":[],"aioseo_notices":[],"jetpack_publicize_connections":[],"jetpack-related-posts":[],"jetpack_likes_enabled":true,"jetpack_sharing_enabled":true,"_links":{"self":[{"href":"https:\/\/tehronmachines.ro\/pro\/wp-json\/wp\/v2\/product\/1612","targetHints":{"allow":["GET"]}}],"collection":[{"href":"https:\/\/tehronmachines.ro\/pro\/wp-json\/wp\/v2\/product"}],"about":[{"href":"https:\/\/tehronmachines.ro\/pro\/wp-json\/wp\/v2\/types\/product"}],"replies":[{"embeddable":true,"href":"https:\/\/tehronmachines.ro\/pro\/wp-json\/wp\/v2\/comments?post=1612"}],"wp:featuredmedia":[{"embeddable":true,"href":"https:\/\/tehronmachines.ro\/pro\/wp-json\/wp\/v2\/media\/1620"}],"wp:attachment":[{"href":"https:\/\/tehronmachines.ro\/pro\/wp-json\/wp\/v2\/media?parent=1612"}],"wp:term":[{"taxonomy":"product_cat","embeddable":true,"href":"https:\/\/tehronmachines.ro\/pro\/wp-json\/wp\/v2\/product_cat?post=1612"},{"taxonomy":"product_tag","embeddable":true,"href":"https:\/\/tehronmachines.ro\/pro\/wp-json\/wp\/v2\/product_tag?post=1612"}],"curies":[{"name":"wp","href":"https:\/\/api.w.org\/{rel}","templated":true}]}}