{"id":1538,"date":"2023-07-22T12:14:57","date_gmt":"2023-07-22T09:14:57","guid":{"rendered":"https:\/\/tehronmachines.ro\/pro\/?post_type=product&#038;p=1538"},"modified":"2024-10-21T22:59:26","modified_gmt":"2024-10-21T19:59:26","slug":"masina-profesionala-de-tocat-crengi-si-resturi-vegetale-eliet-maestro-city-cu-motor-bs-xr-750-55-cp-dmax-35-mm","status":"publish","type":"product","link":"https:\/\/tehronmachines.ro\/pro\/produs\/masina-profesionala-de-tocat-crengi-si-resturi-vegetale-eliet-maestro-city-cu-motor-bs-xr-750-55-cp-dmax-35-mm\/","title":{"rendered":"Ma\u0219in\u0103 de tocat crengi si resturi vegetale ELIET Maestro city, cu motor B&amp;S XR 750 &#8211; 5,5 CP, Dmax 35 mm"},"content":{"rendered":"<table>\n<tbody>\n<tr>\n<td colspan=\"2\" width=\"601\">ELIET INTRODUCE TOC\u0102TORUL PENTRU TOATE ANOTIMPURILE<\/td>\n<\/tr>\n<tr>\n<td width=\"301\"><img data-recalc-dims=\"1\" decoding=\"async\" id=\"thepasted-1\" class=\"aligncenter\" src=\"https:\/\/i0.wp.com\/www.elietmachines.com\/upload\/image\/cataloog\/technologie\/4s%20en%20turbo%20discharge.jpg?w=1200&#038;ssl=1\" alt=\"ELIET INTRODUCES THE 4S \u2018FOUR SEASONS\u2019 SHREDDER\" \/><\/td>\n<td width=\"301\">Nu mai sorta\u021bi de\u0219eurile din gr\u0103din\u0103!<\/p>\n<p>Dup\u0103 cum \u0219tie orice gr\u0103dinar pasionat, gr\u0103din\u0103ritul produce o mare varietate de de\u0219euri verzi, cum ar fi buta\u0219i de gard viu, flori, frunze \u0219i alte de\u0219euri umede de gr\u0103din\u0103. Cu un tocator Eliet pute\u021bi procesa tot felul de de\u0219euri verzi dintr-o singur\u0103 mi\u0219care, nu numai crengi. Asta \u00eenseamn\u0103 c\u0103 nu trebuie s\u0103 sorta\u021bi mai \u00eent\u00e2i de\u0219eurile. Tehnologia noastr\u0103 brevetat\u0103 ELIET ofer\u0103 o camer\u0103 spa\u021bioas\u0103 de toc\u0103tor cu mai multe lame, care trage cu ner\u0103bdare chiar \u0219i cele mai neregulate tipuri de de\u0219euri verzi printr-un singur \u0219i lat jgheab de alimentare central\u0103.<\/td>\n<\/tr>\n<tr>\n<td colspan=\"2\" width=\"601\"><strong>A\u0219chii\/ chipsuri de lemn biodegradabile<\/strong><\/td>\n<\/tr>\n<tr>\n<td width=\"301\"><img data-recalc-dims=\"1\" decoding=\"async\" id=\"thepasted-2\" class=\"aligncenter\" src=\"https:\/\/i0.wp.com\/www.elietmachines.com\/upload\/image\/cataloog\/technologie\/BiotechChips_NEW.jpg?w=1200&#038;ssl=1\" alt=\"BIOTECH\u2122 CHIPS\" \/><\/td>\n<td width=\"301\">Principiul de tocare ELIET zdrobe\u0219te \u0219i desface aschiile intens. Ca rezultat, structura granulelor acestor toc\u0103turi ELIET Bio este potrivit\u0103 pentru descompunere. Odat\u0103 ce tocarea este complet\u0103, ve\u021bi avea un amestec bun, aerisit, cu con\u021binutul de umiditate potrivit. De aceea, chipsurile Bio v\u0103 \u00eembun\u0103t\u0103\u021besc sistemul de compostare.<\/td>\n<\/tr>\n<tr>\n<td colspan=\"2\" width=\"601\"><strong>Principiul de tocare ELIET<\/strong><\/td>\n<\/tr>\n<tr>\n<td width=\"301\"><img data-recalc-dims=\"1\" decoding=\"async\" id=\"thepasted-3\" class=\"aligncenter\" src=\"https:\/\/i0.wp.com\/www.elietmachines.com\/upload\/image\/cataloog\/technologie\/HAKBIJLPRINCIPE_2018.jpg?w=1200&#038;ssl=1\" alt=\"ELIET CHOPPING PRINCIPLE\u2122: LET THE WOOD DO THE WORK \" \/><\/td>\n<td width=\"301\">ELIET a dezvoltat \u0219i brevetat un sistem unic de m\u0103run\u021bire, Chopping Principle\u2122. La fel ca un topor de lemn, lamele taie lemnul merg\u00e2nd \u00een direc\u021bia filonului. De\u0219eurile verzi sunt transformate \u00een a\u0219chii mici \u00eentr-un ciclu de despicare \u0219i t\u0103iere. Astfel se creeaz\u0103 un material m\u0103run\u021bit cu propriet\u0103\u021bi de compostare rapid\u0103.<\/td>\n<\/tr>\n<tr>\n<td colspan=\"2\" width=\"601\"><strong>Toc\u0103toarele ELIET<\/strong><\/td>\n<\/tr>\n<tr>\n<td width=\"301\"><img data-recalc-dims=\"1\" decoding=\"async\" id=\"thepasted-4\" class=\"aligncenter\" src=\"https:\/\/i0.wp.com\/www.elietmachines.com\/upload\/image\/cataloog\/technologie\/CominteJeanPain.jpg?w=1200&#038;ssl=1\" alt=\"ELIET SHREDDERS : BETTER CHIPS FOR BETTER COMPOST\" \/><\/td>\n<td width=\"301\">Tunderea de c\u0103tre exper\u021bi men\u021bine plantele, arbu\u0219tii \u0219i copacii din gr\u0103dina dumneavoastr\u0103 s\u0103n\u0103to\u0219i \u0219i puternici. De asemenea, de\u0219eurile de gr\u0103din\u0103 pe care le produce reprezint\u0103 o surs\u0103 valoroas\u0103 de energie pentru o nou\u0103 via\u021b\u0103 \u00een gr\u0103dina dumneavoastr\u0103. Ciclul de descompunere depinde foarte mult de modul \u00een care sunt t\u0103iate de\u0219eurile de gr\u0103din\u0103.<\/p>\n<p>Eliet are o linie de toc\u0103toare puternice care produc a\u0219chii cu valoare ad\u0103ugat\u0103 pentru ciclul naturii. \u00cen calitate de inventator al toc\u0103toarelor mobile, Eliet a dezvoltat ma\u0219ini care pot fi folosite oriunde trebuie s\u0103 mearg\u0103 \u0219i pot fi introduse \u00een cel mai \u00eengust loc de munc\u0103. Geniul acestui concept const\u0103 \u00een simplitatea sa: &#8222;Du ma\u0219ina la lemn, nu lemnul la ma\u0219in\u0103&#8221;.<\/p>\n<p>&nbsp;<\/td>\n<\/tr>\n<tr>\n<td colspan=\"2\" width=\"601\"><strong>DESCHIDERE LARG\u0102 A JGHEABULUI DE ALIMENTARE<\/strong><\/td>\n<\/tr>\n<tr>\n<td width=\"301\"><img data-recalc-dims=\"1\" loading=\"lazy\" decoding=\"async\" id=\"thepasted-5\" class=\"aligncenter\" src=\"https:\/\/i0.wp.com\/www.elietmachines.com\/upload\/image\/cataloog\/eigenschap\/trechtervector.jpg?resize=240%2C160&#038;ssl=1\" alt=\"WIDE FEED-IN OPENING\" width=\"240\" height=\"160\" \/><\/td>\n<td width=\"301\">Acesta este un toc\u0103tor universal care ofer\u0103 o valoare ad\u0103ugat\u0103 mare atunci c\u00e2nd vine vorba de manipularea resturilor de frunze voluminoase. Toleran\u021ba este adaptat\u0103 \u00een acest sens. Fundul larg \u0219i plat al bunc\u0103rului se preteaz\u0103 la depunerea pachetelor mari de resturi de gard viu pe acesta \u0219i la \u00eempingerea lor c\u0103tre rola de alimentare larg\u0103. Contururile deschiderii bunc\u0103rului sunt bine rotunjite pentru a favoriza o alimentare lin\u0103 \u0219i sigur\u0103.<\/p>\n<p>&nbsp;<\/td>\n<\/tr>\n<tr>\n<td colspan=\"2\" width=\"601\"><strong>LUCREAZ\u0102 \u00ceN SIGURAN\u021a\u0102!<\/strong><\/td>\n<\/tr>\n<tr>\n<td width=\"301\"><img data-recalc-dims=\"1\" loading=\"lazy\" decoding=\"async\" id=\"thepasted-6\" class=\"aligncenter\" src=\"https:\/\/i0.wp.com\/www.elietmachines.com\/upload\/image\/cataloog\/eigenschap\/veilgheidvector.jpg?resize=252%2C168&#038;ssl=1\" alt=\"SAFE WORKING CONDITIONS\" width=\"252\" height=\"168\" \/><\/td>\n<td width=\"301\">C\u00e2nd a proiectat acest toc\u0103tor, ELIET nu a f\u0103cut niciun compromis \u00een ceea ce prive\u0219te siguran\u021ba. O bar\u0103 de siguran\u021b\u0103 \u00eenconjoar\u0103 deschiderea de alimentare pe trei laturi. Operatorul poate chiar s\u0103 o opereze cu m\u00e2inile libere dac\u0103 o situa\u021bie de urgen\u021b\u0103 o impune. \u00cen plus, un buton de oprire de urgen\u021b\u0103 u\u0219or de recunoscut este amplasat strategic deasupra deschiderii de alimentare. Astfel, nici spectatorii nu se \u00eendoiesc cum s\u0103 opreasc\u0103 rapid \u0219i f\u0103r\u0103 riscuri ma\u0219ina \u00een caz de urgen\u021b\u0103.<\/td>\n<\/tr>\n<\/tbody>\n<\/table>\n<h2><strong><span style=\"color: #ffcc00\">Comparatie produse<\/span><\/strong><\/h2>\n<table width=\"746\">\n<tbody>\n<tr>\n<td width=\"201\">Model<\/td>\n<td width=\"160\">Maestro city<\/td>\n<td width=\"231\">Maestro City Elektro 230V<\/td>\n<td width=\"154\">Maestro country<\/td>\n<\/tr>\n<tr>\n<td><\/td>\n<td><\/td>\n<td><\/td>\n<td><\/td>\n<\/tr>\n<tr>\n<td><\/td>\n<td><\/td>\n<td><\/td>\n<td><\/td>\n<\/tr>\n<tr>\n<td>Motor<\/td>\n<td>B&amp;S XR 750 &#8211; 5,5 CP<\/td>\n<td>230V\/1~ (3000 W)\/\u00a0 380V\/3~ (3500 W)<\/td>\n<td>B&amp;S XR 950 &#8211; 6,5 CP<\/td>\n<\/tr>\n<tr>\n<td>Diametrul maxim (mm)<\/td>\n<td>40 mm<\/td>\n<td>35 mm<\/td>\n<td>45 mm<\/td>\n<\/tr>\n<tr>\n<td>Viteza de tocare ( taieturi\/min)<\/td>\n<td>36000<\/td>\n<td>36000<\/td>\n<td>36000<\/td>\n<\/tr>\n<tr>\n<td>Capacitate<\/td>\n<td>10 roabe pline<\/td>\n<td>10 roabe pline<\/td>\n<td>14 roabe pline<\/td>\n<\/tr>\n<tr>\n<td>Tehnologie de tocare<\/td>\n<td>Principiul de tocare ELIET<\/td>\n<td>Principiul de tocare ELIET<\/td>\n<td>Principiul de tocare ELIET<\/td>\n<\/tr>\n<tr>\n<td>Lame<\/td>\n<td>12 cu\u021bite ELIET RESIST<\/td>\n<td>12 cu\u021bite ELIET RESIST<\/td>\n<td>12 cu\u021bite ELIET RESIST<\/td>\n<\/tr>\n<tr>\n<td>\u0218asiu<\/td>\n<td>O\u021bel<\/td>\n<td>O\u021bel<\/td>\n<td>O\u021bel<\/td>\n<\/tr>\n<tr>\n<td>Capacitatea sacului de colectare<\/td>\n<td>60 L<\/td>\n<td>60 L<\/td>\n<td>80 L<\/td>\n<\/tr>\n<tr>\n<td>Transimisie<\/td>\n<td>direct<\/td>\n<td>direct<\/td>\n<td>direct<\/td>\n<\/tr>\n<tr>\n<td>Dimensiuni<\/td>\n<td>1360 x 650 x 1260 mm<\/td>\n<td>1360 x 650 x 1260 mm<\/td>\n<td>1360 x 650 x 1400 mm<\/td>\n<\/tr>\n<tr>\n<td>Greutate<\/td>\n<td>63 kg<\/td>\n<td>60 kg<\/td>\n<td>63 kg<\/td>\n<\/tr>\n<\/tbody>\n<\/table>\n<p>Imaginile sunt informative!<\/p>\n<p>&nbsp;<\/p>\n<p>Pre\u021burile nu con\u021bin TVA!<\/p>\n","protected":false},"excerpt":{"rendered":"<p>&nbsp;<\/p>\n<p>&nbsp;<\/p>\n<p>Acesta este toc\u0103torul preferat de cei care caut\u0103 o ma\u0219in\u0103 compact\u0103 \u0219i puternic\u0103. Indiferent de tipul de de\u0219euri verzi, acest toc\u0103tor profesional poate face fa\u021b\u0103 la orice.<\/p>\n<p>Cu cea mai vast\u0103 \u0219i bine pus\u0103 la punct ofert\u0103 de toc\u0103toare de crengi de pe pia\u021b\u0103, ELIET este num\u0103rul 1 !!<\/p>\n<p>Pre\u021burile nu con\u021bin TVA!<\/p>\n[sc name=\"eliet-text-gazon\" ]\n[sc name=\"imagini-informative\" ]\n","protected":false},"featured_media":1539,"comment_status":"open","ping_status":"closed","template":"","meta":{"_acf_changed":false,"_exactmetrics_skip_tracking":false,"_exactmetrics_sitenote_active":false,"_exactmetrics_sitenote_note":"","_exactmetrics_sitenote_category":0,"_monsterinsights_skip_tracking":false,"_monsterinsights_sitenote_active":false,"_monsterinsights_sitenote_note":"","_monsterinsights_sitenote_category":0,"neve_meta_sidebar":"","neve_meta_container":"","neve_meta_enable_content_width":"off","neve_meta_content_width":100,"neve_meta_title_alignment":"","neve_meta_author_avatar":"","neve_post_elements_order":"","neve_meta_disable_header":"","neve_meta_disable_footer":"","neve_meta_disable_title":"","jetpack_post_was_ever_published":false,"jetpack_publicize_message":"","jetpack_publicize_feature_enabled":true,"jetpack_social_post_already_shared":true,"jetpack_social_options":{"image_generator_settings":{"template":"highway","default_image_id":0,"font":"","enabled":false},"version":2}},"product_cat":[1022,996,1028,997,27,1061,1041,1005,101,1027,1066,1030],"product_tag":[42,87,289,290,288,43,41,210,150,92],"class_list":{"0":"post-1538","1":"product","2":"type-product","3":"status-publish","4":"has-post-thumbnail","6":"product_brand-eliet-belgia","7":"product_cat-curatenie","8":"product_cat-gospodarie-gradinarit","9":"product_cat-lucrari-comunale-municipale","10":"product_cat-lucrari-de-peisagistica","11":"product_cat-masini-si-utilaje","12":"product_cat-recuperare-terenuri-post-exploatare","13":"product_cat-silvicultura-si-exploatari-forestiere","14":"product_cat-tocatoare-de-crengi-diam-4-40-cm","15":"product_cat-tocatoare-de-crengi-gospodarie-gradinarit","16":"product_cat-tocatoare-de-crengi","17":"product_cat-tocatoare-de-crengi-recuperare-terenuri-post-exploatare","18":"product_cat-tocatoare-de-crengi-lucrari-comunale-municipale","19":"product_tag-gradina","20":"product_tag-lemn","21":"product_tag-lucrari-comunale","22":"product_tag-lucrari-municipale","23":"product_tag-padure","24":"product_tag-parc","25":"product_tag-peisagistica","26":"product_tag-profesional","27":"product_tag-tocatoare","28":"product_tag-tocator-de-crengi","30":"first","31":"onbackorder","32":"taxable","33":"shipping-taxable","34":"product-type-simple"},"acf":[],"aioseo_notices":[],"jetpack_publicize_connections":[],"jetpack-related-posts":[],"jetpack_likes_enabled":true,"jetpack_sharing_enabled":true,"_links":{"self":[{"href":"https:\/\/tehronmachines.ro\/pro\/wp-json\/wp\/v2\/product\/1538","targetHints":{"allow":["GET"]}}],"collection":[{"href":"https:\/\/tehronmachines.ro\/pro\/wp-json\/wp\/v2\/product"}],"about":[{"href":"https:\/\/tehronmachines.ro\/pro\/wp-json\/wp\/v2\/types\/product"}],"replies":[{"embeddable":true,"href":"https:\/\/tehronmachines.ro\/pro\/wp-json\/wp\/v2\/comments?post=1538"}],"wp:featuredmedia":[{"embeddable":true,"href":"https:\/\/tehronmachines.ro\/pro\/wp-json\/wp\/v2\/media\/1539"}],"wp:attachment":[{"href":"https:\/\/tehronmachines.ro\/pro\/wp-json\/wp\/v2\/media?parent=1538"}],"wp:term":[{"taxonomy":"product_cat","embeddable":true,"href":"https:\/\/tehronmachines.ro\/pro\/wp-json\/wp\/v2\/product_cat?post=1538"},{"taxonomy":"product_tag","embeddable":true,"href":"https:\/\/tehronmachines.ro\/pro\/wp-json\/wp\/v2\/product_tag?post=1538"}],"curies":[{"name":"wp","href":"https:\/\/api.w.org\/{rel}","templated":true}]}}