{"id":1508,"date":"2023-07-20T12:45:19","date_gmt":"2023-07-20T09:45:19","guid":{"rendered":"https:\/\/tehronmachines.ro\/pro\/?post_type=product&#038;p=1508"},"modified":"2024-10-14T18:47:03","modified_gmt":"2024-10-14T15:47:03","slug":"masina-profesionala-de-tuns-marginea-gazonului-eliet-ks-240-pentru-parcuri-si-gradini","status":"publish","type":"product","link":"https:\/\/tehronmachines.ro\/pro\/produs\/masina-profesionala-de-tuns-marginea-gazonului-eliet-ks-240-pentru-parcuri-si-gradini\/","title":{"rendered":"Ma\u0219in\u0103 pentru canturi ELIET KS-240 STD , pentru parcuri si gradini"},"content":{"rendered":"<table>\n<tbody>\n<tr>\n<td colspan=\"2\" width=\"601\"><strong>CADRU ROBUST<\/strong><\/td>\n<\/tr>\n<tr>\n<td width=\"301\"><img data-recalc-dims=\"1\" decoding=\"async\" id=\"thepasted-9\" class=\"aligncenter\" src=\"https:\/\/i0.wp.com\/www.elietmachines.com\/upload\/image\/cataloog\/eigenschap\/KS300PRO_stevig_chassis.JPG?w=1200&#038;ssl=1\" alt=\"ROBUST FRAME\" \/><\/td>\n<td width=\"301\">A\u0219a cum un pix trebuie str\u00e2ns \u00een m\u00e2n\u0103 pentru a trage o linie dreapt\u0103, trebuie s\u0103 prinde\u021bi ferm \u0219i o t\u0103ietur\u0103 de gazon. Acest lucru permite ca fiecare mi\u0219care a ghidonului s\u0103 aib\u0103 ca rezultat o mi\u0219care similar\u0103 a lamei. De asemenea, la ELIET, am decis ferm s\u0103 opt\u0103m pentru un cadru sudat robust, astfel \u00eenc\u00e2t orice joc \u00een prinderile cu \u0219uruburi s\u0103 fie eliminat.<\/td>\n<\/tr>\n<tr>\n<td colspan=\"2\" width=\"601\"><strong>MARGINE PERFECT\u0102 A GAZONULUI<\/strong><\/td>\n<\/tr>\n<tr>\n<td width=\"301\"><img data-recalc-dims=\"1\" decoding=\"async\" id=\"thepasted-10\" class=\"aligncenter\" src=\"https:\/\/i0.wp.com\/www.elietmachines.com\/upload\/image\/cataloog\/technologie\/Edge%20Styler%20perfecte_gazonboord.jpg?w=1200&#038;ssl=1\" alt=\"perfect lawn edge\" \/><\/td>\n<td width=\"301\">Noul design spore\u0219te \u00een special confortul operatorului. Pe de alt\u0103 parte, designul vizeaz\u0103 \u0219i o manevrabilitate maxim\u0103. Pe l\u00e2ng\u0103 crearea de margini drepte a gazonului, comoda de margine ELIET devine acum deosebit de util\u0103 pentru realizarea marginilor de gazon rotunde \u00eenf\u0103\u015furate. \u00cen acest fel, ELIET \u00eendepline\u0219te cerin\u021bele unui nou trend \u00een arhitectura gr\u0103dinii, unde gazonul cu form\u0103 liber\u0103 devine din ce \u00een ce mai important. Acest nou design inovator \u00eenseamn\u0103, de asemenea, o revolu\u021bie pentru paznicii ecologici care acum au \u00een sf\u00e2r\u0219it o ma\u0219in\u0103 potrivit\u0103 pentru a lucra cu precizie la bunc\u0103rele de golf.<\/td>\n<\/tr>\n<tr>\n<td colspan=\"2\" width=\"601\"><strong>SIGURAN\u021a\u0102<\/strong><\/td>\n<\/tr>\n<tr>\n<td width=\"301\"><img data-recalc-dims=\"1\" decoding=\"async\" id=\"thepasted-11\" class=\"aligncenter\" src=\"https:\/\/i0.wp.com\/www.elietmachines.com\/upload\/image\/cataloog\/technologie\/ks%20part%20veiligheid_part.jpg?w=1200&#038;ssl=1\" alt=\"Safety\" \/><\/td>\n<td width=\"301\">Dispozitivul de t\u0103iat muchii ELIET exceleaz\u0103 cu adev\u0103rat \u00een siguran\u021b\u0103. Jum\u0103tate din lama rotativ\u0103 este \u00eenchis\u0103 \u00een siguran\u021b\u0103 de un dispozitiv de protec\u021bie \u00een form\u0103 de semilun\u0103. Acest lucru v\u0103 protejeaz\u0103 \u00eempotriva oric\u0103ror pietre care sunt aruncate \u00een sus.<\/td>\n<\/tr>\n<tr>\n<td colspan=\"2\" width=\"601\"><strong>MODUL \u00ceN CARE IARBA ESTE T\u0102IAT\u0102<\/strong><\/td>\n<\/tr>\n<tr>\n<td width=\"301\"><img data-recalc-dims=\"1\" decoding=\"async\" id=\"thepasted-12\" class=\"aligncenter\" src=\"https:\/\/i0.wp.com\/www.elietmachines.com\/upload\/image\/cataloog\/technologie\/ks%20prof%20scherp_mes_prof%20klein.jpg?w=1200&#038;ssl=1\" alt=\"THE WAY IN WHICH THE GRASS IS CUT\" \/><\/td>\n<td width=\"301\">O t\u0103ietur\u0103 curat\u0103 este posibil\u0103 numai atunci c\u00e2nd folosi\u021bi o lam\u0103 ascu\u021bit\u0103 de cu\u021bit pentru a t\u0103ia firul de iarb\u0103 cu vitez\u0103 mare. Prin urmare, designul t\u0103ietorului de margini se bazeaz\u0103 pe aceste dou\u0103 caracteristici de baz\u0103. Ma\u0219ina rote\u0219te o lam\u0103 care este la fel de tare ca o\u021belul \u0219i are o muchie ascu\u021bit\u0103 la aproximativ 2550 rpm. Spre deosebire de firul de nailon dintr-o ma\u0219in\u0103 de tuns iarb\u0103 banal\u0103, t\u0103ietorul de margini ELIET provoac\u0103 daune minime atunci c\u00e2nd taie cu grij\u0103 fiecare fir de iarb\u0103.<\/td>\n<\/tr>\n<tr>\n<td colspan=\"2\" width=\"601\"><strong>AJUSTAREA \u00ceN\u0102L\u021aIMII M\u00c2NERULUI<\/strong><\/td>\n<\/tr>\n<tr>\n<td width=\"301\"><img data-recalc-dims=\"1\" decoding=\"async\" id=\"thepasted-13\" class=\"aligncenter\" src=\"https:\/\/i0.wp.com\/www.elietmachines.com\/upload\/image\/cataloog\/eigenschap\/KS240_hoogte_verst_stuur.jpg?w=1200&#038;ssl=1\" alt=\"HEIGHT ADJUSTABLE HANDLEBAR\" \/><\/td>\n<td width=\"301\">Forma special\u0103 a ghidonului asigur\u0103 ca operatorul s\u0103 mearg\u0103 \u00eenclinat \u00een spatele ma\u0219inii, astfel \u00eenc\u00e2t s\u0103 nu deterioreze marginea gazonului trec\u00e2nd peste ea pentru a-\u0219i conduce ma\u0219ina \u00een direc\u021bia corect\u0103. Operatorii care au o construc\u021bie mare trebuie, de asemenea, s\u0103 poat\u0103 adopta o postur\u0103 confortabil\u0103 de lucru. \u00cen acest scop, ELIET \u0219i-a echipat ma\u0219ina de t\u0103iat gazon cu un ghidon reglabil pe \u00een\u0103l\u021bime \u00een trepte.<\/td>\n<\/tr>\n<tr>\n<td colspan=\"2\" width=\"601\"><strong>RO\u021aI MARI<\/strong><\/td>\n<\/tr>\n<tr>\n<td width=\"301\"><img data-recalc-dims=\"1\" decoding=\"async\" id=\"thepasted-14\" class=\"aligncenter\" src=\"https:\/\/i0.wp.com\/www.elietmachines.com\/upload\/image\/cataloog\/eigenschap\/KS240STD_GP160_GROTEWIELEN.jpg?w=1200&#038;ssl=1\" alt=\"LARGE WHEELS\" \/><\/td>\n<td width=\"301\">Prin urmare, ELIET s-a asigurat c\u0103 operatorul se poate concentra \u00een \u00eentregime pe t\u0103ierea marginii gazonului f\u0103r\u0103 ca nimic altceva s\u0103-l distrag\u0103. Ma\u0219ina de t\u0103iat gazon este, de asemenea, echipat\u0103 cu ro\u021bi mari care ruleaz\u0103 f\u0103r\u0103 probleme. Ro\u021bile se rotesc pe rulmen\u021bi cu role. Aceste ro\u021bi au o band\u0103 larg\u0103, oferind astfel stabilitate maxim\u0103; de asemenea, sunt capabili s\u0103 reziste \u00een condi\u021bii nisipoase \u0219i praf.<\/td>\n<\/tr>\n<\/tbody>\n<\/table>\n<h2><strong><span style=\"color: #ffcc00\">Comparatie produse<\/span><br \/>\n<\/strong><\/h2>\n<table width=\"906\">\n<tbody>\n<tr>\n<td width=\"147\">Model<\/td>\n<td width=\"142\">KS 240 STD<\/td>\n<td width=\"138\">KS 300 PRO<\/td>\n<td width=\"145\">KS 300 PRO HD<\/td>\n<td width=\"170\">Edge Styler Pro<\/td>\n<td width=\"164\">Edge Styler PLUS PRO<\/td>\n<\/tr>\n<tr>\n<td><\/td>\n<td><\/td>\n<td><\/td>\n<td><\/td>\n<td><\/td>\n<td><\/td>\n<\/tr>\n<tr>\n<td><\/td>\n<td><\/td>\n<td><\/td>\n<td><\/td>\n<td><\/td>\n<td><\/td>\n<\/tr>\n<tr>\n<td>Motor<\/td>\n<td>Honda GP160 &#8211; 5Cp<\/td>\n<td>Honda GX160 &#8211; 5,5 Cp<\/td>\n<td>Honda GX160 &#8211; 5,5 Cp<\/td>\n<td>Honda GX120 &#8211; 4 Cp<\/td>\n<td>Honda GX120 &#8211; 4 Cp<\/td>\n<\/tr>\n<tr>\n<td>Lame<\/td>\n<td>O\u021bel\u00a0 &#8211;\u00a0 diam. 240mm<\/td>\n<td>O\u021bel\u00a0 &#8211;\u00a0 diam. 300mm<\/td>\n<td>O\u021bel\u00a0 &#8211;\u00a0 diam. 300mm<\/td>\n<td><\/td>\n<td><\/td>\n<\/tr>\n<tr>\n<td>Viteza lamelor<\/td>\n<td>2550 RPM<\/td>\n<td>2550 RPM<\/td>\n<td>2550 RPM<\/td>\n<td>2800 RPM<\/td>\n<td>2800 RPM<\/td>\n<\/tr>\n<tr>\n<td>Adancimea maxim\u0103<\/td>\n<td>80 mm<\/td>\n<td>110 mm<\/td>\n<td>110 mm<\/td>\n<td>Depinde de lamele utilizate<\/td>\n<td>Depinde de lamele utilizate<\/td>\n<\/tr>\n<tr>\n<td>Unghiul de ajustare<\/td>\n<td>0\u00b0\/25\u00b0\/45\u00b0<\/td>\n<td>0\u00b0\/25\u00b0\/45\u00b0<\/td>\n<td>0\u00b0\/25\u00b0\/45\u00b0<\/td>\n<td>0\u00b0\/25\u00b0\/45\u00b0<\/td>\n<td>0\u00b0\/25\u00b0\/45\u00b0<\/td>\n<\/tr>\n<tr>\n<td>\u0218asiu<\/td>\n<td>O\u021bel 6mm<\/td>\n<td>O\u021bel 6mm<\/td>\n<td>O\u021bel 6mm<\/td>\n<td>O\u021bel 6mm<\/td>\n<td>O\u021bel 6mm<\/td>\n<\/tr>\n<tr>\n<td>Dimensiuni<\/td>\n<td>1270 x 460 x 920 mm<\/td>\n<td>1250 x 460 x 900 mm<\/td>\n<td>1250 x 460 x 900 mm<\/td>\n<td>1250 x 540 x 915 mm<\/td>\n<td>1250 x 540 x 915 mm<\/td>\n<\/tr>\n<tr>\n<td>Greutate<\/td>\n<td>34 kg<\/td>\n<td>37 kg<\/td>\n<td>37 kg<\/td>\n<td>92 kg<\/td>\n<td>92 kg<\/td>\n<\/tr>\n<\/tbody>\n<\/table>\n<p><strong>Not\u0103:<\/strong> Produc\u0103torul \u00ee\u0219i rezerv\u0103 dreptul de a modifica aspecte func\u021bionale, parametri, caracteristici sau elemente care \u021bin de aspectul utilajelor f\u0103r\u0103 notific\u0103ri prealabile. Ilustra\u021biile \u0219i imaginile au caracter informativ.<br \/><em>\u00cembun\u0103t\u0103\u021biri continue se aplic\u0103 produselor pentru a cre\u0219te performan\u021bele, pentru adaptarea la modific\u0103ri legale, norme de poluare \u0219i pentru a r\u0103spunde cerin\u021belor utilizatorilor.<\/em><\/p>\n<p>Pre\u021burile nu con\u021bin TVA!<\/p>\n","protected":false},"excerpt":{"rendered":"<p>&nbsp;<\/p>\n<p>&nbsp;<\/p>\n<p>Marginea gazonului t\u0103u este una dintre acele locuri greu accesibile. \u00cen locurile \u00een care p\u00e2n\u0103 \u0219i cea mai bun\u0103 ma\u0219in\u0103 de tuns tunsori nu este suficient\u0103, utiliza\u021bi pur \u0219i simplu ma\u0219ina de tuns gazon ELIET. Ma\u0219ina de tuns gazon ELIET este o ma\u0219in\u0103 compact\u0103, dar totu\u0219i extrem de func\u021bional\u0103, care exceleaz\u0103 \u00een munca sa.<\/p>\n<p>Cu cea mai vast\u0103 \u0219i bine pus\u0103 la punct ofert\u0103 de scarificatoare de pe pia\u021b\u0103, ELIET este num\u0103rul 1 !!<\/p>\n<p>Pre\u021burile nu con\u021bin TVA!<\/p>\n[sc name=\"eliet-text-gazon\" ]\n[sc name=\"imagini-informative\" ]\n","protected":false},"featured_media":1511,"comment_status":"open","ping_status":"closed","template":"","meta":{"_acf_changed":false,"_exactmetrics_skip_tracking":false,"_exactmetrics_sitenote_active":false,"_exactmetrics_sitenote_note":"","_exactmetrics_sitenote_category":0,"_monsterinsights_skip_tracking":false,"_monsterinsights_sitenote_active":false,"_monsterinsights_sitenote_note":"","_monsterinsights_sitenote_category":0,"neve_meta_sidebar":"","neve_meta_container":"","neve_meta_enable_content_width":"off","neve_meta_content_width":100,"neve_meta_title_alignment":"","neve_meta_author_avatar":"","neve_post_elements_order":"","neve_meta_disable_header":"","neve_meta_disable_footer":"","neve_meta_disable_title":"","jetpack_post_was_ever_published":false,"jetpack_publicize_message":"","jetpack_publicize_feature_enabled":true,"jetpack_social_post_already_shared":true,"jetpack_social_options":{"image_generator_settings":{"template":"highway","default_image_id":0,"font":"","enabled":false},"version":2}},"product_cat":[1067,27,1074],"product_tag":[38,121,39,125,123,597,116,122,118,210,124,120,119,596,115],"class_list":{"0":"post-1508","1":"product","2":"type-product","3":"status-publish","4":"has-post-thumbnail","6":"product_brand-eliet-belgia","7":"product_cat-gazon","8":"product_cat-masini-si-utilaje","9":"product_cat-taietoare-de-cant","10":"product_tag-eliet","11":"product_tag-fotbal","12":"product_tag-gazon","13":"product_tag-golf","14":"product_tag-joc","15":"product_tag-masina-de-tuns-gazonul","16":"product_tag-masini","17":"product_tag-meci","18":"product_tag-peluze","19":"product_tag-profesional","20":"product_tag-rugby","21":"product_tag-sport","22":"product_tag-terenuri","23":"product_tag-tuns","24":"product_tag-utilaje","26":"first","27":"onbackorder","28":"taxable","29":"shipping-taxable","30":"product-type-simple"},"acf":[],"aioseo_notices":[],"jetpack_publicize_connections":[],"jetpack-related-posts":[],"jetpack_likes_enabled":true,"jetpack_sharing_enabled":true,"_links":{"self":[{"href":"https:\/\/tehronmachines.ro\/pro\/wp-json\/wp\/v2\/product\/1508","targetHints":{"allow":["GET"]}}],"collection":[{"href":"https:\/\/tehronmachines.ro\/pro\/wp-json\/wp\/v2\/product"}],"about":[{"href":"https:\/\/tehronmachines.ro\/pro\/wp-json\/wp\/v2\/types\/product"}],"replies":[{"embeddable":true,"href":"https:\/\/tehronmachines.ro\/pro\/wp-json\/wp\/v2\/comments?post=1508"}],"wp:featuredmedia":[{"embeddable":true,"href":"https:\/\/tehronmachines.ro\/pro\/wp-json\/wp\/v2\/media\/1511"}],"wp:attachment":[{"href":"https:\/\/tehronmachines.ro\/pro\/wp-json\/wp\/v2\/media?parent=1508"}],"wp:term":[{"taxonomy":"product_cat","embeddable":true,"href":"https:\/\/tehronmachines.ro\/pro\/wp-json\/wp\/v2\/product_cat?post=1508"},{"taxonomy":"product_tag","embeddable":true,"href":"https:\/\/tehronmachines.ro\/pro\/wp-json\/wp\/v2\/product_tag?post=1508"}],"curies":[{"name":"wp","href":"https:\/\/api.w.org\/{rel}","templated":true}]}}