{"id":1473,"date":"2023-07-19T12:07:18","date_gmt":"2023-07-19T09:07:18","guid":{"rendered":"https:\/\/tehronmachines.ro\/pro\/?post_type=product&#038;p=1473"},"modified":"2024-10-16T10:33:23","modified_gmt":"2024-10-16T07:33:23","slug":"scarificator-profesional-eliet-e650zr-cu-motor-honda-gx-270-latime-de-lucru-65-cm-autopropulsat","status":"publish","type":"product","link":"https:\/\/tehronmachines.ro\/pro\/produs\/scarificator-profesional-eliet-e650zr-cu-motor-honda-gx-270-latime-de-lucru-65-cm-autopropulsat\/","title":{"rendered":"Scarificator ELIET E650ZR cu motor Honda GX 270, l\u0103\u021bime de lucru 65 cm, autopropulsat"},"content":{"rendered":"<h1>Scarificator profesional cu colectare ELIET E650ZR<\/h1>\n<p>L\u0103\u021bimea de lucru a scarificatorului profesional ELIET E650ZR \u00eel face ideal pentru gr\u0103dini mici \u0219i mijlocii. Designul s\u0103u robust previne orice uzur\u0103. Cum este cazul cu toate celelalte ma\u0219ini de scarificat, aceasta este, de asemenea, dotat\u0103 cu un set de lame ELIET Permanent Sharp Blades\u2122 &#8211; Lame Permanent Ascu\u021bite\u2122 &#8211; o tehnologie revolu\u021bionar\u0103 patentat\u0103 de ELIET \u2013 .<br \/>\nDatorit\u0103 regl\u0103rii infinit variabile a \u00een\u0103l\u021bimii, profunzimea de lucru poate fi reglat\u0103 cu mare precizie.<\/p>\n<h1><span style=\"color: #ff9900\"><strong>Caracteristici<\/strong><\/span><\/h1>\n<table>\n<tbody>\n<tr>\n<td colspan=\"2\" width=\"601\"><strong>RO\u021aI CU R\u0102ZLE\u021aE DE NOROI<\/strong><\/td>\n<\/tr>\n<tr>\n<td width=\"301\"><img data-recalc-dims=\"1\" decoding=\"async\" id=\"thepasted-3\" class=\"aligncenter\" src=\"https:\/\/i0.wp.com\/www.elietmachines.com\/upload\/image\/cataloog\/eigenschap\/eig%20-%20c550%20-%20wielschrapers2.jpg?w=1200&#038;ssl=1\" alt=\"WHEELS WITH MUD SCRAPERS\" \/><\/td>\n<td width=\"301\">Dac\u0103 decuparea are loc prim\u0103vara pe un gazon mla\u0219tinos, mu\u0219chiul nou greblat tinde s\u0103 se lipeasc\u0103 de ro\u021bi, astfel \u00eenc\u00e2t ma\u0219inile s\u0103 se deplaseze \u00een sus \u0219i \u00een jos atunci c\u00e2nd traverseaz\u0103 gazonul, acest lucru av\u00e2nd un efect clar vizibil asupra rezultatului greblarii. Pentru a remedia, ELIET a montat raclete pe ro\u021bile ma\u0219inilor sale profesionale de decupat. Orice murd\u0103rie care se lipe\u0219te de ro\u021bi este imediat \u00eendep\u0103rtat\u0103 de pe ro\u021bi.<\/td>\n<\/tr>\n<tr>\n<td colspan=\"2\" width=\"601\"><strong>lAMELE SE ROTESC IN DIREC\u021aIE OPUS\u0102<\/strong><\/td>\n<\/tr>\n<tr>\n<td width=\"301\"><img data-recalc-dims=\"1\" decoding=\"async\" id=\"thepasted-2\" class=\"aligncenter\" src=\"https:\/\/i0.wp.com\/www.elietmachines.com\/upload\/image\/cataloog\/eigenschap\/eig%20-%20c550%20-%20messen%20overtop2.jpg?w=1200&#038;ssl=1\" alt=\"Blades rotate in the opposite direction\" \/><\/td>\n<td width=\"301\">Aceast\u0103 trac\u021biune a permis ELIET s\u0103 roteasc\u0103 lamele \u00een direc\u021bia opus\u0103 direc\u021biei de deplasare, f\u0103r\u0103 a pierde confortul sau controlul operatorului. Contra-rota\u021bia are ca rezultat o \u00eendep\u0103rtare \u0219i colectare \u00eembun\u0103t\u0103\u021bite a materialului care este scos \u0219i aruncat pe melcul de colectare, cresc\u00e2nd eficien\u021ba dezgroparei cu 30%.\u00a0Lamele extrem de fine au tehnologia Permanently Sharp BladesTM care asigur\u0103 deteriorarea minim\u0103 a gazonului.<\/td>\n<\/tr>\n<tr>\n<td colspan=\"2\" width=\"601\"><strong>RO\u021aI INFINIT VARIABILE<\/strong><\/td>\n<\/tr>\n<tr>\n<td width=\"301\"><img data-recalc-dims=\"1\" decoding=\"async\" id=\"thepasted-1\" class=\"aligncenter\" src=\"https:\/\/i0.wp.com\/www.elietmachines.com\/upload\/image\/cataloog\/eigenschap\/E501_traploze_hoogteregelin.JPG?w=1200&#038;ssl=1\" alt=\"INFINITELY VARIABLE FRONT WHEELS\" \/><\/td>\n<td width=\"301\">Reglarea \u00een\u0103l\u021bimii este infinit variabil\u0103. Deoarece \u00een\u0103l\u021bimea fiec\u0103rei ro\u021bi din trebuie reglat\u0103 separat, sunte\u021bi sigur c\u0103 arborele lamei are reglarea corect\u0103 a ad\u00e2ncimii pe \u00eentreaga l\u0103\u021bime de func\u021bionare.<\/td>\n<\/tr>\n<tr>\n<td colspan=\"2\" width=\"601\"><strong>L\u0102\u021aIMEA DE LUCRU<\/strong><\/td>\n<\/tr>\n<tr>\n<td width=\"301\"><img data-recalc-dims=\"1\" decoding=\"async\" id=\"thepasted-4\" class=\"aligncenter\" src=\"https:\/\/i0.wp.com\/www.elietmachines.com\/upload\/image\/cataloog\/eigenschap\/eig%20-%20c550%20-%2055%20cm%20breed2.jpg?w=1200&#038;ssl=1\" alt=\"55 cm working width\" \/><\/td>\n<td width=\"301\">L\u0103\u021bimea de lucru impresionant\u0103 de 65 cm limiteaz\u0103 num\u0103rul de r\u00e2nduri de colectat.<\/td>\n<\/tr>\n<tr>\n<td colspan=\"2\" width=\"601\"><strong>AUTO-PROPULSAT\u0102<\/strong><\/td>\n<\/tr>\n<tr>\n<td width=\"301\"><img data-recalc-dims=\"1\" decoding=\"async\" id=\"thepasted-5\" class=\"aligncenter\" src=\"https:\/\/i0.wp.com\/www.elietmachines.com\/upload\/image\/cataloog\/eigenschap\/eig%20-%20c550%20-%20zelfrijdend2.jpg?w=1200&#038;ssl=1\" alt=\"Self-propelled\" \/><\/td>\n<td width=\"301\">AUTO-PROPULSAT\u0102<\/td>\n<\/tr>\n<tr>\n<td colspan=\"2\" width=\"601\">LAMELE<\/td>\n<\/tr>\n<tr>\n<td width=\"301\"><img data-recalc-dims=\"1\" decoding=\"async\" id=\"thepasted-4\" class=\"aligncenter\" src=\"https:\/\/i0.wp.com\/www.elietmachines.com\/upload\/image\/cataloog\/eigenschap\/c550collector_e550zr_doublecutmessen.jpg?w=1200&#038;ssl=1\" alt=\"BLADES\" \/><\/td>\n<td width=\"301\">E650ZR este echipat cu 78 de lame Double Cut. Lamele foarte mici sunt realizate din metal foarte dur \u0219i sunt distan\u021bate la 1.58 cm pe ax. Lamele sunt conceptul nostru de lame ascu\u021bite permanent, care vor p\u0103stra v\u00e2rful ascu\u021bit pe toat\u0103 durata de via\u021b\u0103.<\/td>\n<\/tr>\n<tr>\n<td colspan=\"2\" width=\"601\"><\/td>\n<\/tr>\n<tr>\n<td width=\"301\"><\/td>\n<td width=\"301\"><\/td>\n<\/tr>\n<tr>\n<td colspan=\"2\" width=\"601\"><\/td>\n<\/tr>\n<tr>\n<td width=\"301\"><\/td>\n<td width=\"301\"><\/td>\n<\/tr>\n<tr>\n<td colspan=\"2\" width=\"601\"><\/td>\n<\/tr>\n<tr>\n<td width=\"301\"><\/td>\n<td width=\"301\"><\/td>\n<\/tr>\n<\/tbody>\n<\/table>\n<h1><span style=\"color: #ff9900\"><strong>Tehnologie<\/strong><\/span><\/h1>\n<table>\n<tbody>\n<tr>\n<td colspan=\"2\" width=\"601\"><strong>IMPORTAN\u021aA LAMELOR ASCU\u021aITE<\/strong><\/td>\n<\/tr>\n<tr>\n<td width=\"301\"><img data-recalc-dims=\"1\" decoding=\"async\" class=\"aligncenter\" src=\"https:\/\/i0.wp.com\/www.elietmachines.com\/upload\/image\/cataloog\/technologie\/permanent_puntige_messen.gif?w=1200&#038;ssl=1\" alt=\"THE IMPORTANCE OF POINTED BLADES\" \/><\/td>\n<td width=\"301\">\u00cen timpul lucr\u0103rilor de scarificare, lamele trebuie s\u0103 prind\u0103, s\u0103 &#8216;grebleze&#8217; \u00een sus \u0219i s\u0103 ridice stratul de crust\u0103 \u0219i mu\u0219chii din gazon. Muchia lamei joac\u0103 un rol crucial. Multe lame \u00ee\u0219i pierd t\u0103i\u0219ul dup\u0103 c\u00e2teva ore, pierz\u00e2nd astfel capacitatea lor de \u00eendep\u0103rtare a crustei. Ca urmare, utilizatorii au tendin\u021ba de a seta \u00een cur\u00e2nd lamele pentru a p\u0103trunde mai ad\u00e2nc. Acest lucru, cu toate acestea, are multe dezavantaje. Lamele tocite \u00a0nu numai c\u0103 nu reu\u0219esc s\u0103 taie, ele aduc, de asemenea, cantit\u0103\u021bi mari de p\u0103m\u00e2nt \u0219i sol, cu cre\u0219terea rezultat\u0103 a ratei de uzur\u0103 a ma\u0219inii. \u00cen plus, r\u0103d\u0103cinile sufer\u0103, de asemenea, daune ireparabile.<\/td>\n<\/tr>\n<tr>\n<td colspan=\"2\" width=\"601\"><strong>LAME ASCU\u021aITE PERMANENT, <\/strong><strong>PERMANENT SHARP BLADES\u2122<\/strong><strong>, PENTRU UN GAZON RADIANT<\/strong><\/td>\n<\/tr>\n<tr>\n<td width=\"301\"><img data-recalc-dims=\"1\" decoding=\"async\" class=\"aligncenter\" src=\"https:\/\/i0.wp.com\/www.elietmachines.com\/upload\/image\/cataloog\/technologie\/permanent_puntige_messen.gif?w=1200&#038;ssl=1\" alt=\"THE IMPORTANCE OF POINTED BLADES\" \/><\/td>\n<td width=\"301\">N-ar trebui s\u0103 setezi lamele s\u0103 taie ad\u00e2nc c\u00e2nd scarifici. Dimpotriv\u0103, trucul este de a sl\u0103bi to\u021bi mu\u0219chii, &#8216;p\u00e2sla&#8217; \u0219i alte buruieni de pe suprafa\u021b\u0103 \u0219i s\u0103 le ridici din gazon. Po\u021bi apoi grebla sau aspira. Numai atunci po\u021bi fi sigur c\u0103 tot materialul nedorit a fost eliminat din gazon.<\/p>\n<p>Aceasta este baza \u00eentregului concept unic <strong>Permanent Sharp Blades\u2122<\/strong>. Lamele se autoascut, a\u0219a c\u0103 nu-\u0219i pierd niciodat\u0103 for\u021ba de prindere. Ele pot suferi unele uzuri, dar vor r\u0103m\u00e2ne ascu\u021bite pe tot parcursul vie\u021bii lor.<\/p>\n<p>Tehnologia <strong>PSB\u2122<\/strong> garanteaz\u0103 aceea\u0219i eficien\u021b\u0103 de &#8216;greblat&#8217; de la \u00eenceput p\u00e2n\u0103 la sf\u00e2r\u0219it.<\/p>\n<p><strong>Garan\u021bia Eliet a unui rezultat remarcabil<\/strong>.<\/td>\n<\/tr>\n<\/tbody>\n<\/table>\n<p><strong>Not\u0103:<\/strong> Produc\u0103torul \u00ee\u0219i rezerv\u0103 dreptul de a modifica aspecte func\u021bionale, parametri, caracteristici sau elemente care \u021bin de aspectul utilajelor f\u0103r\u0103 notific\u0103ri prealabile. Ilustra\u021biile \u0219i imaginile au caracter informativ.<br \/><em>\u00cembun\u0103t\u0103\u021biri continue se aplic\u0103 produselor pentru a cre\u0219te performan\u021bele, pentru adaptarea la modific\u0103ri legale, norme de poluare \u0219i pentru a r\u0103spunde cerin\u021belor utilizatorilor.<\/em><\/p>\n<p>Pre\u021burile nu con\u021bin TVA!<\/p>\n","protected":false},"excerpt":{"rendered":"<p>&nbsp;<\/p>\n<p>&nbsp;<\/p>\n<p>Scarificatoarele profesionale ELIET sunt o surs\u0103 de bani &#8211; le folose\u0219ti EFICIENT \u00een produc\u021bie, f\u0103r\u0103 timp irosit!<br \/>\nSistemul de cu\u021bite cu autoascu\u021bire, brevetat, \u0219i co\u0219ul de colectare generos \u0219i reglarea precis\u0103 a profunzimii de lucru asigur\u0103 rezultate excelente cu o utilizare comod\u0103, f\u0103r\u0103 efort \u0219i extrem de eficient\u0103!<br \/>\nCu cea mai vast\u0103 \u0219i bine pus\u0103 la punct ofert\u0103 de scarificatoare de pe pia\u021b\u0103, ELIET este num\u0103rul 1 !!<\/p>\n<p>Pre\u021burile nu con\u021bin TVA!<\/p>\n[sc name=\"eliet-text-gazon\" ]\n[sc name=\"imagini-informative\" ]\n","protected":false},"featured_media":1474,"comment_status":"open","ping_status":"closed","template":"","meta":{"_acf_changed":false,"_exactmetrics_skip_tracking":false,"_exactmetrics_sitenote_active":false,"_exactmetrics_sitenote_note":"","_exactmetrics_sitenote_category":0,"_monsterinsights_skip_tracking":false,"_monsterinsights_sitenote_active":false,"_monsterinsights_sitenote_note":"","_monsterinsights_sitenote_category":0,"neve_meta_sidebar":"","neve_meta_container":"","neve_meta_enable_content_width":"off","neve_meta_content_width":100,"neve_meta_title_alignment":"","neve_meta_author_avatar":"","neve_post_elements_order":"","neve_meta_disable_header":"","neve_meta_disable_footer":"","neve_meta_disable_title":"","jetpack_post_was_ever_published":false,"jetpack_publicize_message":"","jetpack_publicize_feature_enabled":true,"jetpack_social_post_already_shared":true,"jetpack_social_options":{"image_generator_settings":{"template":"highway","default_image_id":0,"font":"","enabled":false},"version":2}},"product_cat":[1067,27,1072],"product_tag":[50,38,39,42,46,49,48,236,43,41,44,51,40,45],"class_list":{"0":"post-1473","1":"product","2":"type-product","3":"status-publish","4":"has-post-thumbnail","6":"product_brand-eliet-belgia","7":"product_cat-gazon","8":"product_cat-masini-si-utilaje","9":"product_cat-scarificatoare","10":"product_tag-cutite","11":"product_tag-eliet","12":"product_tag-gazon","13":"product_tag-gradina","14":"product_tag-honda","15":"product_tag-lama","16":"product_tag-lame","17":"product_tag-masina-de-scarificat","18":"product_tag-parc","19":"product_tag-peisagistica","20":"product_tag-peluza","21":"product_tag-scarificare","22":"product_tag-scarificator","23":"product_tag-walk-behind","25":"first","26":"onbackorder","27":"taxable","28":"shipping-taxable","29":"product-type-simple"},"acf":[],"aioseo_notices":[],"jetpack_publicize_connections":[],"jetpack-related-posts":[],"jetpack_likes_enabled":true,"jetpack_sharing_enabled":true,"_links":{"self":[{"href":"https:\/\/tehronmachines.ro\/pro\/wp-json\/wp\/v2\/product\/1473","targetHints":{"allow":["GET"]}}],"collection":[{"href":"https:\/\/tehronmachines.ro\/pro\/wp-json\/wp\/v2\/product"}],"about":[{"href":"https:\/\/tehronmachines.ro\/pro\/wp-json\/wp\/v2\/types\/product"}],"replies":[{"embeddable":true,"href":"https:\/\/tehronmachines.ro\/pro\/wp-json\/wp\/v2\/comments?post=1473"}],"wp:featuredmedia":[{"embeddable":true,"href":"https:\/\/tehronmachines.ro\/pro\/wp-json\/wp\/v2\/media\/1474"}],"wp:attachment":[{"href":"https:\/\/tehronmachines.ro\/pro\/wp-json\/wp\/v2\/media?parent=1473"}],"wp:term":[{"taxonomy":"product_cat","embeddable":true,"href":"https:\/\/tehronmachines.ro\/pro\/wp-json\/wp\/v2\/product_cat?post=1473"},{"taxonomy":"product_tag","embeddable":true,"href":"https:\/\/tehronmachines.ro\/pro\/wp-json\/wp\/v2\/product_tag?post=1473"}],"curies":[{"name":"wp","href":"https:\/\/api.w.org\/{rel}","templated":true}]}}