{"id":1429,"date":"2023-07-13T17:39:46","date_gmt":"2023-07-13T14:39:46","guid":{"rendered":"https:\/\/tehronmachines.ro\/pro\/?post_type=product&#038;p=1429"},"modified":"2024-11-20T11:37:40","modified_gmt":"2024-11-20T08:37:40","slug":"tocator-freza-de-cioate-si-radacini-rotor-speedy-70-100-cp-cu-burghiu-accesoriu-pto-pentru-tractor","status":"publish","type":"product","link":"https:\/\/tehronmachines.ro\/pro\/produs\/tocator-freza-de-cioate-si-radacini-rotor-speedy-70-100-cp-cu-burghiu-accesoriu-pto-pentru-tractor\/","title":{"rendered":"Toc\u0103tor \/ frez\u0103 de cioate \u0219i r\u0103d\u0103cini Rotor Speedy 80 &#8211; 100 CP cu burghiu \u2013 accesoriu PTO pentru tractor"},"content":{"rendered":"<h3>Frezele de cioate \u0219i r\u0103d\u0103cini Rotor sunt echipamente profesionale pentru tractoare. Ata\u0219ate la un tractor, aceste ma\u0219ini de frezat buturugi vor satisafce orice utilizator din industrie. Concep\u021bia \u0219i designul lor \u00eembun\u0103t\u0103\u021besc performan\u021bele, reduc\u00e2nd timpul de operare \u0219i costurile.<\/h3>\n<p>Rotor este un producator Italian de freze de cioate (PTO sau hidraulice), care se monteaza pe tractoare.<\/p>\n<p>De peste 50 de ani, utilizatorii de utilaje Rotor sunt foarte mul\u021bumi\u021bi de produsele acestei marci, asta motiv\u00e2nd compania sa investeasca din ce in ce mai mult in calitate.<\/p>\n<p>&nbsp;<\/p>\n<table width=\"1359\">\n<tbody>\n<tr>\n<td width=\"214\">Model<\/td>\n<td width=\"233\">Rotor 3P 110-220 Cp cu burghiu<\/td>\n<td width=\"236\">Rotor Speedy 80 &#8211; 100 Cp cu burghiu<\/td>\n<td width=\"219\">Rotor Speedy 80 &#8211; 100 Cp cu carot\u0103<\/td>\n<td width=\"229\">Rotor Speedy 100 &#8211; 130 Cp cu carot\u0103<\/td>\n<td width=\"228\">Rotor Speedy 100 &#8211; 130 Cp cu burghiu<\/td>\n<\/tr>\n<tr>\n<td><\/td>\n<td><\/td>\n<td><\/td>\n<td><\/td>\n<td><\/td>\n<td><\/td>\n<\/tr>\n<tr>\n<td>Putere necesar\u0103<\/td>\n<td>110\/200 Cp<\/td>\n<td>80\/100 Cp<\/td>\n<td>80\/100 Cp<\/td>\n<td>100\/130 Cp<\/td>\n<td>100\/130 Cp<\/td>\n<\/tr>\n<tr>\n<td>PTO Rpm<\/td>\n<td>1000 RPM<\/td>\n<td>1000 RPM<\/td>\n<td>1000 RPM<\/td>\n<td>1000 RPM<\/td>\n<td>1000 RPM<\/td>\n<\/tr>\n<tr>\n<td>Masa minima a utilajului puratator<\/td>\n<td>2000 kg<\/td>\n<td>1000 kg<\/td>\n<td>1000 kg<\/td>\n<td>1200 kg<\/td>\n<td>1200 kg<\/td>\n<\/tr>\n<tr>\n<td>Diametrul burghiului \/ carotei<\/td>\n<td>55 &#8211; 70 &#8211; 85 cm<\/td>\n<td>55 &#8211; 70 cm<\/td>\n<td>32 \/ 37 cm<\/td>\n<td>32 \/ 37 \/ 45 cm<\/td>\n<td>70 \/ 85 cm<\/td>\n<\/tr>\n<tr>\n<td>Adancime maxim\u0103<\/td>\n<td>0<\/td>\n<td>95 cm<\/td>\n<td>95cm<\/td>\n<td>95 cm<\/td>\n<td>95 cm<\/td>\n<\/tr>\n<tr>\n<td><\/td>\n<td><\/td>\n<td><\/td>\n<td><\/td>\n<td><\/td>\n<td><\/td>\n<\/tr>\n<tr>\n<td><\/td>\n<td><\/td>\n<td><\/td>\n<td><\/td>\n<td><\/td>\n<td><\/td>\n<\/tr>\n<tr>\n<td><\/td>\n<td><\/td>\n<td><\/td>\n<td><\/td>\n<td><\/td>\n<td><\/td>\n<\/tr>\n<tr>\n<td>Model<\/td>\n<td>Rotor speedy 130 &#8211; 160 Cp cu burghiu<\/td>\n<td>Rotor Speedy 160 &#8211; 200 Cp cu burghiu<\/td>\n<td>Rotor S 150 &#8211; 200 Cp cu carot\u0103<\/td>\n<td>Rotor S 150 &#8211; 200 Cp cu burghiu<\/td>\n<td><\/td>\n<\/tr>\n<tr>\n<td><\/td>\n<td><\/td>\n<td><\/td>\n<td><\/td>\n<td><\/td>\n<td><\/td>\n<\/tr>\n<tr>\n<td>Putere necesar\u0103<\/td>\n<td>130\/160 Cp<\/td>\n<td>160\/200 Cp<\/td>\n<td>105\/250 Cp<\/td>\n<td>105\/250 Cp<\/td>\n<td><\/td>\n<\/tr>\n<tr>\n<td>PTO Rpm<\/td>\n<td>1000 RPM<\/td>\n<td>1000 RPM<\/td>\n<td>540\/1000 RPM<\/td>\n<td>540\/1000 RPM<\/td>\n<td><\/td>\n<\/tr>\n<tr>\n<td>Masa minima a utilajului puratator<\/td>\n<td>1400 kg<\/td>\n<td>1700 kg<\/td>\n<td>2600 kg<\/td>\n<td>2600 kg<\/td>\n<td><\/td>\n<\/tr>\n<tr>\n<td>Diametrul burghiului \/ carotei<\/td>\n<td>85 \/ 100 cm<\/td>\n<td>100 cm<\/td>\n<td>32 \/ 37 \/ 42 \/ 50 cm<\/td>\n<td>0<\/td>\n<td><\/td>\n<\/tr>\n<tr>\n<td>Adancime maxim\u0103<\/td>\n<td>95 cm<\/td>\n<td>100 cm<\/td>\n<td>100 cm<\/td>\n<td>0<\/td>\n<td><\/td>\n<\/tr>\n<\/tbody>\n<\/table>\n<pre id=\"tw-target-text\" class=\"tw-data-text tw-text-large tw-ta\" dir=\"ltr\" data-placeholder=\"Traducere\">Imaginile sunt orientative!\r\n\r\nPreturile nu includ TVA!<\/pre>\n","protected":false},"excerpt":{"rendered":"<h3>Frezele de cioate \u0219i r\u0103d\u0103cini Rotor sunt echipamente profesionale pentru tractoare. Ata\u0219ate la un tractor, aceste ma\u0219ini de frezat buturugi vor satisafce orice utilizator din industrie. Concep\u021bia \u0219i designul lor \u00eembun\u0103t\u0103\u021besc performan\u021bele, reduc\u00e2nd timpul de operare \u0219i costurile.<\/h3>\n<p>Diametrul burghiului \/ carotei : 55 &#8211; 70 cm<\/p>\n<p>Masa minim\u0103 a utilajului purt\u0103tor: 1000 kg<\/p>\n","protected":false},"featured_media":1430,"comment_status":"closed","ping_status":"closed","template":"","meta":{"_acf_changed":false,"_exactmetrics_skip_tracking":false,"_exactmetrics_sitenote_active":false,"_exactmetrics_sitenote_note":"","_exactmetrics_sitenote_category":0,"_monsterinsights_skip_tracking":false,"_monsterinsights_sitenote_active":false,"_monsterinsights_sitenote_note":"","_monsterinsights_sitenote_category":0,"neve_meta_sidebar":"","neve_meta_container":"","neve_meta_enable_content_width":"off","neve_meta_content_width":100,"neve_meta_title_alignment":"","neve_meta_author_avatar":"","neve_post_elements_order":"","neve_meta_disable_header":"","neve_meta_disable_footer":"","neve_meta_disable_title":"","jetpack_post_was_ever_published":false,"jetpack_publicize_message":"","jetpack_publicize_feature_enabled":true,"jetpack_social_post_already_shared":true,"jetpack_social_options":{"image_generator_settings":{"template":"highway","default_image_id":0,"font":"","enabled":false},"version":2}},"product_cat":[1008,1063,1037,1028,997,27,1061,1041],"product_tag":[346,344,342,353,311,347,289,290,210,211],"class_list":{"0":"post-1429","1":"product","2":"type-product","3":"status-publish","4":"has-post-thumbnail","6":"product_brand-rotor-italia","7":"product_cat-burghie-de-cioate-si-radacini-peisagistica","8":"product_cat-burghie-de-cioate-si-radacini-recuperare-terenuri-post-exploatare","9":"product_cat-burghie-de-cioate-si-radacini","10":"product_cat-lucrari-comunale-municipale","11":"product_cat-lucrari-de-peisagistica","12":"product_cat-masini-si-utilaje","13":"product_cat-recuperare-terenuri-post-exploatare","14":"product_cat-silvicultura-si-exploatari-forestiere","15":"product_tag-accesoriu","16":"product_tag-atasament-tractoare","17":"product_tag-distrugator-de-cioate","18":"product_tag-foreza-pentru-cioate","19":"product_tag-freza-de-cioate","20":"product_tag-freze","21":"product_tag-lucrari-comunale","22":"product_tag-lucrari-municipale","23":"product_tag-profesional","24":"product_tag-utilaje-profesionale","25":"pa_adancime-de-lucru-95-cm","26":"pa_adresare-utilizator-profesional","27":"pa_diametru-maxim-55-70-cm","28":"pa_masa-utilaj-purtator-1000-kg","29":"pa_pto-rpm-1000-rpm","30":"pa_putere-necesara-ceruta-80-100-cp","32":"first","33":"onbackorder","34":"taxable","35":"shipping-taxable","36":"product-type-simple"},"acf":[],"aioseo_notices":[],"jetpack_publicize_connections":[],"jetpack-related-posts":[],"jetpack_likes_enabled":true,"jetpack_sharing_enabled":true,"_links":{"self":[{"href":"https:\/\/tehronmachines.ro\/pro\/wp-json\/wp\/v2\/product\/1429","targetHints":{"allow":["GET"]}}],"collection":[{"href":"https:\/\/tehronmachines.ro\/pro\/wp-json\/wp\/v2\/product"}],"about":[{"href":"https:\/\/tehronmachines.ro\/pro\/wp-json\/wp\/v2\/types\/product"}],"replies":[{"embeddable":true,"href":"https:\/\/tehronmachines.ro\/pro\/wp-json\/wp\/v2\/comments?post=1429"}],"wp:featuredmedia":[{"embeddable":true,"href":"https:\/\/tehronmachines.ro\/pro\/wp-json\/wp\/v2\/media\/1430"}],"wp:attachment":[{"href":"https:\/\/tehronmachines.ro\/pro\/wp-json\/wp\/v2\/media?parent=1429"}],"wp:term":[{"taxonomy":"product_cat","embeddable":true,"href":"https:\/\/tehronmachines.ro\/pro\/wp-json\/wp\/v2\/product_cat?post=1429"},{"taxonomy":"product_tag","embeddable":true,"href":"https:\/\/tehronmachines.ro\/pro\/wp-json\/wp\/v2\/product_tag?post=1429"}],"curies":[{"name":"wp","href":"https:\/\/api.w.org\/{rel}","templated":true}]}}