{"id":1399,"date":"2023-07-12T16:51:07","date_gmt":"2023-07-12T13:51:07","guid":{"rendered":"https:\/\/tehronmachines.ro\/pro\/?post_type=product&#038;p=1399"},"modified":"2024-11-13T11:54:15","modified_gmt":"2024-11-13T08:54:15","slug":"masina-de-transplantat-arbori-optimal-o-2000-dmax-20-cm","status":"publish","type":"product","link":"https:\/\/tehronmachines.ro\/pro\/produs\/masina-de-transplantat-arbori-optimal-o-2000-dmax-20-cm\/","title":{"rendered":"Ma\u0219in\u0103 de transplantat arbori Optimal O 2000, Dmax 20 cm"},"content":{"rendered":"<h2>Noua gam\u0103 de produse OPTIMAL<\/h2>\n<p>Ma\u0219ina potrivit\u0103 pentru fiecare copac &#8211; acesta este principiul noilor linii de produse Optimal. Liniile noastre de produse C-Line, P-Line \u0219i T-Line v\u0103 fac acum s\u0103 alege\u021bi mai u\u0219or cea mai potrivit\u0103 ma\u0219in\u0103 de transplantat pentru dvs. Indiferent de versiunea pe care o alege\u021bi, ve\u021bi primi \u00eentotdeauna un produs premium pentru utilizarea zilnic\u0103 dificil\u0103.<\/p>\n<p>&nbsp;<\/p>\n<p>Atasament pentru tractoare, excavatoare, skid steer, incarcatoare frontale pentru transplantarea arborilor de mici dimensiuni. Prezinta avantajul ca pastreaza forma naturala a sistemului radicular diminuandu-se astfel stresul provocat la mutare si crescand sansa de reusita a transplantarii.<\/p>\n<table width=\"1142\">\n<tbody>\n<tr>\n<td width=\"301\">Denumire utilaj<\/td>\n<td width=\"288\">Optimal 350<\/td>\n<td width=\"220\">Optimal 760<\/td>\n<td width=\"141\">Optimal 880<\/td>\n<td width=\"101\">Optimal 2200<\/td>\n<td width=\"91\">Optimal 2500<\/td>\n<\/tr>\n<tr>\n<td><\/td>\n<td><\/td>\n<td><\/td>\n<td><\/td>\n<td><\/td>\n<td><\/td>\n<\/tr>\n<tr>\n<td>Diametrul superior al balotului:<\/td>\n<td>36 cm<\/td>\n<td>76 cm<\/td>\n<td>90 cm<\/td>\n<td>220 cm<\/td>\n<td>250 cm<\/td>\n<\/tr>\n<tr>\n<td>\u00cen\u0103l\u021bimea balotului radicular:<\/td>\n<td>30 cm<\/td>\n<td>60 cm<\/td>\n<td>60 cm<\/td>\n<td>145 cm<\/td>\n<td>160 cm<\/td>\n<\/tr>\n<tr>\n<td>\u00cen\u0103l\u021bimea de lucru:<\/td>\n<td>78 cm<\/td>\n<td>89 cm<\/td>\n<td>150 cm<\/td>\n<td>273 cm<\/td>\n<td>280 cm<\/td>\n<\/tr>\n<tr>\n<td>L\u0103\u021bimea dispozitivului (cu rama \u00eenchis\u0103):<\/td>\n<td>69 cm<\/td>\n<td>89 cm<\/td>\n<td>110 cm<\/td>\n<td>250 cm<\/td>\n<td>291 cm<\/td>\n<\/tr>\n<tr>\n<td>L\u0103\u021bimea dispozitivului (cu rama deschis\u0103):<\/td>\n<td>99 cm<\/td>\n<td>145 cm<\/td>\n<td>150 cm<\/td>\n<td>380 cm<\/td>\n<td>325 cm<\/td>\n<\/tr>\n<tr>\n<td>Deschiderea ramei:<\/td>\n<td>48 cm<\/td>\n<td>50 cm<\/td>\n<td>70 cm<\/td>\n<td>181 cm<\/td>\n<td>162 cm<\/td>\n<\/tr>\n<tr>\n<td>Greutatea neta a dispozitivului:<\/td>\n<td>150 kg<\/td>\n<td>470 kg<\/td>\n<td>590 kg<\/td>\n<td>5100 kg<\/td>\n<td>6350 kg<\/td>\n<\/tr>\n<tr>\n<td>Num\u0103rul de sape:<\/td>\n<td>3<\/td>\n<td>4<\/td>\n<td>4<\/td>\n<td>4<\/td>\n<td>5<\/td>\n<\/tr>\n<tr>\n<td><\/td>\n<td><\/td>\n<td><\/td>\n<td><\/td>\n<td><\/td>\n<td><\/td>\n<\/tr>\n<tr>\n<td>Denumire utilaj<\/td>\n<td>Optimal P650<\/td>\n<td>Optimal 1100<\/td>\n<td>Optimal 1400<\/td>\n<td>Optimal 1800<\/td>\n<td>Optimal 2000<\/td>\n<\/tr>\n<tr>\n<td><\/td>\n<td><\/td>\n<td><\/td>\n<td><\/td>\n<td><\/td>\n<td><\/td>\n<\/tr>\n<tr>\n<td>Diametrul superior al balotului:<\/td>\n<td>65 &#8211; 55 &#8211; 45 cm<\/td>\n<td>114 cm<\/td>\n<td>140 cm<\/td>\n<td>180 cm<\/td>\n<td>196 cm<\/td>\n<\/tr>\n<tr>\n<td>\u00cen\u0103l\u021bimea balotului radicular:<\/td>\n<td>30 &#8211; 28 &#8211; 23 cm<\/td>\n<td>75 cm<\/td>\n<td>90 cm<\/td>\n<td>106 cm<\/td>\n<td>126 cm<\/td>\n<\/tr>\n<tr>\n<td>\u00cen\u0103l\u021bimea de lucru:<\/td>\n<td>66 &#8211; 65 &#8211; 64 cm<\/td>\n<td>179 cm<\/td>\n<td>180 cm<\/td>\n<td>240 cm<\/td>\n<td>250 cm<\/td>\n<\/tr>\n<tr>\n<td>L\u0103\u021bimea dispozitivului (cu rama \u00eenchis\u0103):<\/td>\n<td>73 &#8211; 73 &#8211; 73 cm<\/td>\n<td>131 cm<\/td>\n<td>160 cm<\/td>\n<td>215 cm<\/td>\n<td>220 cm<\/td>\n<\/tr>\n<tr>\n<td>L\u0103\u021bimea dispozitivului (cu rama deschis\u0103):<\/td>\n<td>140 &#8211; 135 &#8211; 130 cm<\/td>\n<td>198 cm<\/td>\n<td>236 cm<\/td>\n<td>330 cm<\/td>\n<td>315 cm<\/td>\n<\/tr>\n<tr>\n<td>Deschiderea ramei:<\/td>\n<td>64 &#8211; 59 &#8211; 54 cm<\/td>\n<td>100 cm<\/td>\n<td>90 cm<\/td>\n<td>160 cm<\/td>\n<td>160 cm<\/td>\n<\/tr>\n<tr>\n<td>Greutatea neta a dispozitivului:<\/td>\n<td>270 &#8211; 260 &#8211; 250 kg<\/td>\n<td>925 kg<\/td>\n<td>1500 kg<\/td>\n<td>2520 kg<\/td>\n<td>3650 kg<\/td>\n<\/tr>\n<tr>\n<td>Num\u0103rul de sape:<\/td>\n<td>2 semicalote sferice<\/td>\n<td>4<\/td>\n<td>4<\/td>\n<td>4<\/td>\n<td>4<\/td>\n<\/tr>\n<\/tbody>\n<\/table>\n<h2><\/h2>\n","protected":false},"excerpt":{"rendered":"<div>\n<h5>SPECIFICATII TEHNICE<\/h5>\n<\/div>\n<div class=\"content\">\n<ul class=\"text\">\n<li>Diametrul superior al balotului aprox. 196 cm<\/li>\n<li>Adancime balot 126 cm<\/li>\n<li>Numar de sape: 4 buc.<\/li>\n<li>Rulmenti ce nu necesita intretinere, rezistenti la abraziune<\/li>\n<li>Control electrohidraulic al sapelor<\/li>\n<\/ul>\n<\/div>\n","protected":false},"featured_media":1400,"comment_status":"open","ping_status":"closed","template":"","meta":{"_acf_changed":false,"_exactmetrics_skip_tracking":false,"_exactmetrics_sitenote_active":false,"_exactmetrics_sitenote_note":"","_exactmetrics_sitenote_category":0,"_monsterinsights_skip_tracking":false,"_monsterinsights_sitenote_active":false,"_monsterinsights_sitenote_note":"","_monsterinsights_sitenote_category":0,"neve_meta_sidebar":"","neve_meta_container":"","neve_meta_enable_content_width":"off","neve_meta_content_width":100,"neve_meta_title_alignment":"","neve_meta_author_avatar":"","neve_post_elements_order":"","neve_meta_disable_header":"","neve_meta_disable_footer":"","neve_meta_disable_title":"","jetpack_post_was_ever_published":false,"jetpack_publicize_message":"","jetpack_publicize_feature_enabled":true,"jetpack_social_post_already_shared":true,"jetpack_social_options":{"image_generator_settings":{"template":"highway","default_image_id":0,"font":"","enabled":false},"version":2}},"product_cat":[998,997,1046,1015,1051,1004,27,1041],"product_tag":[346,355,354,42,283,289,290,280,41,287,211],"class_list":{"0":"post-1399","1":"product","2":"type-product","3":"status-publish","4":"has-post-thumbnail","6":"product_brand-optimal-germania-transplantator-de-arbori","7":"product_cat-constructii","8":"product_cat-lucrari-de-peisagistica","9":"product_cat-masini-de-transplantat","10":"product_cat-masini-de-transplantat-arbori-constructii","11":"product_cat-masini-de-transplantat-arbori-pepiniere","12":"product_cat-masini-de-transplantat-arbori","13":"product_cat-masini-si-utilaje","14":"product_cat-silvicultura-si-exploatari-forestiere","15":"product_tag-accesoriu","16":"product_tag-buldoexcavator","17":"product_tag-excavator","18":"product_tag-gradina","19":"product_tag-livezi","20":"product_tag-lucrari-comunale","21":"product_tag-lucrari-municipale","22":"product_tag-parcuri","23":"product_tag-peisagistica","24":"product_tag-pomicultura","25":"product_tag-utilaje-profesionale","26":"pa_adresare-utilizator-profesional","27":"pa_deschiderea-ramei-160-cm","28":"pa_diam-sup-al-balotului-196-cm","29":"pa_inaltimea-balotului-126-cm","30":"pa_masa-atr-3650-kg","31":"pa_numarul-de-sape-554","33":"first","34":"onbackorder","35":"taxable","36":"shipping-taxable","37":"product-type-simple"},"acf":[],"aioseo_notices":[],"jetpack_publicize_connections":[],"jetpack-related-posts":[],"jetpack_likes_enabled":true,"jetpack_sharing_enabled":true,"_links":{"self":[{"href":"https:\/\/tehronmachines.ro\/pro\/wp-json\/wp\/v2\/product\/1399","targetHints":{"allow":["GET"]}}],"collection":[{"href":"https:\/\/tehronmachines.ro\/pro\/wp-json\/wp\/v2\/product"}],"about":[{"href":"https:\/\/tehronmachines.ro\/pro\/wp-json\/wp\/v2\/types\/product"}],"replies":[{"embeddable":true,"href":"https:\/\/tehronmachines.ro\/pro\/wp-json\/wp\/v2\/comments?post=1399"}],"wp:featuredmedia":[{"embeddable":true,"href":"https:\/\/tehronmachines.ro\/pro\/wp-json\/wp\/v2\/media\/1400"}],"wp:attachment":[{"href":"https:\/\/tehronmachines.ro\/pro\/wp-json\/wp\/v2\/media?parent=1399"}],"wp:term":[{"taxonomy":"product_cat","embeddable":true,"href":"https:\/\/tehronmachines.ro\/pro\/wp-json\/wp\/v2\/product_cat?post=1399"},{"taxonomy":"product_tag","embeddable":true,"href":"https:\/\/tehronmachines.ro\/pro\/wp-json\/wp\/v2\/product_tag?post=1399"}],"curies":[{"name":"wp","href":"https:\/\/api.w.org\/{rel}","templated":true}]}}