{"id":1339,"date":"2023-07-07T17:12:05","date_gmt":"2023-07-07T14:12:05","guid":{"rendered":"https:\/\/tehronmachines.ro\/pro\/?post_type=product&#038;p=1339"},"modified":"2024-11-04T23:47:49","modified_gmt":"2024-11-04T20:47:49","slug":"tocator-de-crengi-si-resturi-vegetale-profesional-jensen-jt-600-pto-cardan-dmax-40cm-remorca-pe-4-roti","status":"publish","type":"product","link":"https:\/\/tehronmachines.ro\/pro\/produs\/tocator-de-crengi-si-resturi-vegetale-profesional-jensen-jt-600-pto-cardan-dmax-40cm-remorca-pe-4-roti\/","title":{"rendered":"Toc\u0103tor de crengi \u0219i resturi vegetale Jensen JT 600 PTO\/ cardan, Dmax 40cm, remorc\u0103 pe 4 ro\u021bi"},"content":{"rendered":"<h2>Gura de alimentare<\/h2>\n<p><img loading=\"lazy\" decoding=\"async\" class=\"wp-image-663 alignleft jetpack-lazy-image jetpack-lazy-image--handled\" src=\"https:\/\/i0.wp.com\/tehronmachines.ro\/pro\/wp-content\/uploads\/2021\/07\/Pasted-1.png?resize=250%2C169&amp;ssl=1\" width=\"250\" height=\"169\" data-recalc-dims=\"1\" data-lazy-loaded=\"1\" \/>\u00cen func\u021bie de nevoile dvs., pute\u021bi alege \u00eentre un gura de alimentare fix\u0103 sau compact\u0103, pliabil\u0103. Ambele sunt dotate cu o bar\u0103 de siguran\u021b\u0103. \u00cen func\u021bie de controlul aliment\u0103rii, utilizat ca bar\u0103 de control sau ca bar\u0103 de oprire de urgen\u021b\u0103.<\/p>\n<p>&nbsp;<\/p>\n<p>&nbsp;<\/p>\n<hr \/>\n<table>\n<tbody>\n<tr>\n<th>\n<h2>Sistem de val\u021buri de alimentare sincrone<\/h2>\n<\/th>\n<\/tr>\n<tr>\n<td><img loading=\"lazy\" decoding=\"async\" class=\"wp-image-665 alignleft jetpack-lazy-image jetpack-lazy-image--handled\" src=\"https:\/\/i0.wp.com\/tehronmachines.ro\/pro\/wp-content\/uploads\/2021\/07\/Pasted-3.png?resize=250%2C177&amp;ssl=1\" width=\"250\" height=\"177\" data-recalc-dims=\"1\" data-lazy-loaded=\"1\" \/>Conceput pentru a prinde \u0219i a \u00eendep\u0103rta cele mai diverse forme \u0219i consisten\u021be de material. Rolele de alimentare duble, orizontale, sunt sincronizate printr-un reductor de precizie, care permite rolelor s\u0103 se roteasc\u0103 \u00eempreun\u0103 pentru o eficien\u021b\u0103 maxim\u0103 at\u00e2t pe materialele sub\u021biri, pe snopurile de crengi c\u00e2t \u0219i pe crengi de diametru mare. Acest lucru este un avantaj \u0219i ca \u0219i securitate \u00een operare, pentru c\u0103 direc\u021bia \u0219i unghiul \u00een care operatorul a introdus materialul se va p\u0103stra, reduc\u00e2nd riscurile de lovire sau prindere. Toc\u0103toarele conven\u021bionale au un motor de alimentare pentru fiecare val\u021b de alimentare<\/p>\n<p>JENSEN are un singur motor \u0219i un reductor de precizie, ceea ce \u00eenseamn\u0103 c\u0103 puterea la fiecare rol\u0103 este \u00een mod constant mare, indiferent de material, \u0219i tura\u021bia celor dou\u0103 val\u021buri este permanent sincronizat\u0103 perfect.<\/td>\n<\/tr>\n<\/tbody>\n<\/table>\n<hr \/>\n<hr \/>\n<table>\n<tbody>\n<tr>\n<th>\n<h2>Volanta port-cu\u021bit &#8211; un sistem deschis<\/h2>\n<\/th>\n<\/tr>\n<tr>\n<td><img loading=\"lazy\" decoding=\"async\" class=\"wp-image-667 alignleft jetpack-lazy-image jetpack-lazy-image--handled\" src=\"https:\/\/i0.wp.com\/tehronmachines.ro\/pro\/wp-content\/uploads\/2021\/07\/Pasted-5.png?resize=250%2C163&amp;ssl=1\" width=\"250\" height=\"163\" data-recalc-dims=\"1\" data-lazy-loaded=\"1\" \/>Volanta port &#8211; cu\u021bit este inima fiec\u0103rui toc\u0103tor de crengi. Dou\u0103 cu\u021bite care taie \u00eentreg diametrul lemnului sunt montate pe o volant\u0103 mare, \u00een dreptul c\u00e2te unei ferestre. Volanta este &#8216;deschis\u0103&#8217; &#8211; asta \u00eenseamn\u0103 c\u0103 nu exist\u0103 nimic care s\u0103 \u00eempiedice toc\u0103tura s\u0103 p\u0103r\u0103seasc\u0103 volanta. Patru aripioare radiale ridic\u0103 materialul \u0219i \u00eel arunc\u0103 din camer\u0103, \u00een loc s\u0103 se bazeze pe aer pentru a sufla toc\u0103tura. Acest lucru \u00eenseamn\u0103 c\u0103 evacuarea materialului verde, sau umed este facil \u0219i blocajele sunt practic inexistente.<\/td>\n<\/tr>\n<\/tbody>\n<\/table>\n<hr \/>\n<table>\n<tbody>\n<tr>\n<th>\n<h2>Cu\u021bite de tocare<\/h2>\n<\/th>\n<\/tr>\n<tr>\n<td><img loading=\"lazy\" decoding=\"async\" class=\"wp-image-671 alignleft jetpack-lazy-image jetpack-lazy-image--handled\" src=\"https:\/\/i0.wp.com\/tehronmachines.ro\/pro\/wp-content\/uploads\/2021\/07\/Pasted-9.png?resize=250%2C178&amp;ssl=1\" width=\"250\" height=\"178\" data-recalc-dims=\"1\" data-lazy-loaded=\"1\" \/>Cu\u021bitele de m\u0103run\u021bire pot fi ascu\u021bite \u0219i dispun de o muchie dubl\u0103 pentru robuste\u021be, condi\u021bii optime de t\u0103iere \u0219i o calitate foarte bun\u0103 a toc\u0103turii. Cu\u021bitele de tocare sunt, de asemenea, sprijinite \u0219i fixate pe discul de t\u0103iere, pentru sarcini extreme. Instalarea sau \u00eenlocuirea sunt opera\u021biuni simple, rapide \u0219i facile.<\/td>\n<\/tr>\n<\/tbody>\n<\/table>\n<hr \/>\n<table>\n<tbody>\n<tr>\n<th>\n<h2>Simplitate \u00een \u00eenlocuirea sau \u00eentoarcerea contracu\u021bitului<\/h2>\n<\/th>\n<\/tr>\n<tr>\n<td><img loading=\"lazy\" decoding=\"async\" class=\"alignleft wp-image-668 jetpack-lazy-image jetpack-lazy-image--handled\" src=\"https:\/\/i0.wp.com\/tehronmachines.ro\/pro\/wp-content\/uploads\/2021\/07\/Pasted-6.png?resize=250%2C186&amp;ssl=1\" alt=\"\" width=\"250\" height=\"186\" data-recalc-dims=\"1\" data-lazy-loaded=\"1\" \/>O muchie ascu\u021bit\u0103 a contracu\u021bitului este la fel de important\u0103 ca \u0219i cu\u021bitele ascu\u021bite. Un contracu\u021bit uzat va pune un stres suplimentare substan\u021bial asupra ma\u0219inii. Dureaz\u0103 doar 5 minute s\u0103 schimbi contracu\u021bitul la toc\u0103toarele JENSEN. Un capac mic \u0219i un \u0219urub cu 1 clem\u0103 sunt tot ceea ce trebuie \u00eendep\u0103rtat pentru a v\u0103 permite sl\u0103birea \u0219i extragerea contracu\u021bitului cu dispozitive simple. Contracu\u021bitul Jensen are dou\u0103 muchii ascu\u021bite, diametral opuse, pentru eficien\u021b\u0103 maxim\u0103.<\/td>\n<\/tr>\n<\/tbody>\n<\/table>\n<hr \/>\n<table>\n<tbody>\n<tr>\n<th>\n<h2>Sistemul de &#8216;pieptene&#8217; cu disc dublu<\/h2>\n<\/th>\n<\/tr>\n<tr>\n<td><img loading=\"lazy\" decoding=\"async\" class=\"wp-image-670 alignleft jetpack-lazy-image jetpack-lazy-image--handled\" src=\"https:\/\/i0.wp.com\/tehronmachines.ro\/pro\/wp-content\/uploads\/2021\/07\/Pasted-8.png?resize=250%2C169&amp;ssl=1\" width=\"250\" height=\"169\" data-recalc-dims=\"1\" data-lazy-loaded=\"1\" \/>Pentru toc\u0103tur\u0103 de \u00eenalt\u0103 calitate poate fi disponibil un disc dublu special cu un sistem &#8216;cu pieptene&#8217;. Dup\u0103 ce cu\u021bitele au t\u0103iat lemnul, volanta port-cu\u021bit arunc\u0103 a\u0219chiile mai mari \u00een spa\u021biul de tocare, unde acestea sunt zdrobite \u00een buc\u0103\u021bi mai mici \u00eentre &#8216;degetele&#8217; sistemului de &#8216;pieptene&#8217;. Dimensiunea \u0219i calitatea &#8216;cipsurilor&#8217; sunt potrivite pentru centralele unde dimensiuni maxime ale &#8216;cipsurilor&#8217; sunt cerute. Sistemul de &#8216;dublu pieptene&#8217; este disponibil pentru modelele A450 \u0219i mai mari.<\/td>\n<\/tr>\n<\/tbody>\n<\/table>\n<hr \/>\n<table>\n<tbody>\n<tr>\n<th>\n<h2>Ma\u0219ini proiectate pentru robuste\u021be<\/h2>\n<\/th>\n<\/tr>\n<tr>\n<td><img loading=\"lazy\" decoding=\"async\" class=\"alignleft wp-image-672 jetpack-lazy-image jetpack-lazy-image--handled\" src=\"https:\/\/i0.wp.com\/tehronmachines.ro\/pro\/wp-content\/uploads\/2021\/07\/Pasted-10.png?resize=250%2C186&amp;ssl=1\" alt=\"\" width=\"250\" height=\"186\" data-recalc-dims=\"1\" data-lazy-loaded=\"1\" \/>JENSEN folose\u0219te un design robust, care \u00eendepline\u0219te cerin\u021bele condi\u021biilor dure de pe teren. Utilizarea o\u021belului pentru aproape toate componentele, de la alimentare \u0219i t\u0103iere p\u00e2n\u0103 la \u0219asiu \u0219i la panou s-a dovedit a fi de succes, \u00eentotdeauna! Ma\u0219inile sunt proiectate s\u0103 suporte \u0219ocuri, impacturi \u0219i sarcini mari. Cre\u0219te longevitatea \u0219i este, prin urmare, unul din elementele de calitate.<\/td>\n<\/tr>\n<\/tbody>\n<\/table>\n<hr \/>\n<table>\n<tbody>\n<tr>\n<th>\n<h2>Angajamentul fa\u021b\u0103 de cerin\u021bele ridicate<\/h2>\n<\/th>\n<\/tr>\n<tr>\n<td><img loading=\"lazy\" decoding=\"async\" class=\"wp-image-673 alignleft jetpack-lazy-image jetpack-lazy-image--handled\" src=\"https:\/\/i0.wp.com\/tehronmachines.ro\/pro\/wp-content\/uploads\/2021\/07\/Pasted-11.png?resize=250%2C184&amp;ssl=1\" width=\"250\" height=\"184\" data-recalc-dims=\"1\" data-lazy-loaded=\"1\" \/>Ma\u0219inile noastre \u00eendeplinesc standardele \u0219i cerin\u021bele actuale \u00een conformitate cu DIN EN 13525 \u0219i alte norme na\u021bionale \u0219i comunitare. P\u00e2lniile noastre de alimentare sunt fabricate la standardul CE. C\u00e2nd ne select\u0103m furnizorii, asigur\u0103m cea mai \u00eenalt\u0103 calitate a materiilor prime \u0219i a componentelor. Folosim exclusiv componente de la produc\u0103tori de top, confirma\u021bi \u00een timp.<\/td>\n<\/tr>\n<\/tbody>\n<\/table>\n<hr \/>\n<table>\n<tbody>\n<tr>\n<th>\n<h2>Operare \u0219i service<\/h2>\n<\/th>\n<\/tr>\n<tr>\n<td><img loading=\"lazy\" decoding=\"async\" class=\"wp-image-674 alignleft jetpack-lazy-image jetpack-lazy-image--handled\" src=\"https:\/\/i0.wp.com\/tehronmachines.ro\/pro\/wp-content\/uploads\/2021\/07\/Pasted-12.png?resize=250%2C194&amp;ssl=1\" width=\"250\" height=\"194\" data-recalc-dims=\"1\" data-lazy-loaded=\"1\" \/>Simplitatea este cheia! Pentru toate lucr\u0103rile de \u00eentre\u021binere au fost create condi\u021bii optime pentru a asigura rentabilitatea, eficien\u021ba, simplitatea \u0219i rapiditatea opera\u021biunilor. Este foarte u\u0219or s\u0103 \u00eentre\u021bii sau repari o ma\u0219in\u0103 JENSEN! Sfatul nostru este ca toate aceste opera\u021biuni s\u0103 fie executate de service-uri autorizate de produc\u0103tor sau de importatorii na\u021bionali.<\/td>\n<\/tr>\n<\/tbody>\n<\/table>\n<hr \/>\n<p>&nbsp;<\/p>\n<p><strong>Familie produs<\/strong>\u00a0\/ product family name:\u00a0<strong>Tocatoare de crengi \u0219i resturi vegetale<\/strong><\/p>\n<p><strong>Descriere scurta<\/strong>\u00a0\/ brief description: Marunteste \/ toaca crengi si alte resturi lemnoase \u0219i vegetale<\/p>\n<ul>\n<li><strong>Rol, functionare, utilizari generice<\/strong>\u00a0\/ role, function, main use:\n<ul>\n<li>elimina problema depozitarii crengilor si a altor resturi lemnoase si \/ sau optimizeaza transportul acestora<\/li>\n<li>marunteste materialul lemnos cu ajutorul unei volante cu 2 sau 3 cutite si contracutit, tocatura fiind eliminata printr-un jgheab ce are reglabila directia de aruncare; materialul lemnos este antrenat de valturi actionate hidraulic \/ sincron si impinse catre volanta port &#8211; cutit<\/li>\n<li>utilajul toaca crengi sau arbusti trasformandu-i in &#8216;chips cu lungime de 5 \u2013 20 mm<\/li>\n<\/ul>\n<\/li>\n<li><strong>Caracteristici<\/strong>\u00a0\/ characteristics:\n<ul>\n<li>diametrul maxim al materialului de prelucrat (la tocatoarele cu disc: 30 cm)<\/li>\n<li>carcasa robusta echipament silentios<\/li>\n<li>sisteme de siguranta active si pasive protectie la suprasarcina trapa jgheab de evacuare ajustabila<\/li>\n<li>propulsie hidraulica sincrona a valturilor de alimentare controlul sigurantei cu o maneta<\/li>\n<li>control hidraulic al alimentarii (inapoi-inainte-stop) control hidraulic al lungimii de taiere disc taietor cu 2 sau 3 cutite optiunea de dispozitiv de remaruntire orientarea jgheabului de evacuare 360 grade posibilitate de rotire a utilajului montat pe sasiu actionare: motor propriu (termic, electric), arbore cardanic (priza de putere)<\/li>\n<\/ul>\n<\/li>\n<li><strong>Avantaje<\/strong>\u00a0\/ advantages:\n<ul>\n<li>materialul tocat\n<ul>\n<li>poate fi folosit ca si combustibil solid pentru centralele termice<\/li>\n<li>reintegrarea rapida in natura a materialului lemnos prin compostare<\/li>\n<li>folosirea ca si mulci scufundat in bait \u2192 ornamental<\/li>\n<li>reduce spatiul de depozitare sau transport al crengilor \u2192 masei lemnoase<\/li>\n<\/ul>\n<\/li>\n<li>\u00a0utilajul de tocat\n<ul>\n<li>siguranta in functionare<\/li>\n<li>contor al orelor de functionare<\/li>\n<li>robustete<\/li>\n<li>anduran\u021b\u0103<\/li>\n<\/ul>\n<\/li>\n<\/ul>\n<\/li>\n<\/ul>\n<p><strong>Categorii utilizatori\u00a0<\/strong>\/ customer \u2013 user cathegories:<\/p>\n<ul>\n<li>Viticultura<\/li>\n<li>Legumicultura<\/li>\n<li>Pomicultura<\/li>\n<li>Societati prestari servicii spatii verzi, silvicultura<\/li>\n<li>Primarii<\/li>\n<li>Rezervatii naturale<\/li>\n<li>Exploatari forestiere<\/li>\n<li>Inchiriere utilaje<\/li>\n<li>Parcuri dendrologice<\/li>\n<li>Ocoale silvice private<\/li>\n<li>Romsilva<\/li>\n<li>Fabrici de cherestea<\/li>\n<li>Firme de salubritate<\/li>\n<li>Magazine mari<\/li>\n<li>Contractori<\/li>\n<\/ul>\n<p><strong>Notiuni, termeni cheie<\/strong>\u00a0\/ key notions, terms: tocare, tocatura, cardan, motor termic, lemn de foc, crengi, lastari, curatenie, rumegus, lemn, disc, cutite, tocator de crengi, mulci, ornamental, compost<\/p>\n<p><a href=\"https:\/\/tehronmachines.ro\/pro\/wp-content\/uploads\/2021\/07\/Jensen_Catalog_2020_gb_web-tocatoare-de-crengi.pdf\">Descarc\u0103 catalogul toc\u0103toarelor Jensen 2020 \u00een format .pdf<\/a><\/p>\n<p><div class=\"epyt-video-wrapper\"><iframe loading=\"lazy\"  style=\"display: block; margin: 0px auto;\"  id=\"_ytid_46879\"  width=\"400\" height=\"300\"  data-origwidth=\"400\" data-origheight=\"300\"  data-relstop=\"1\" src=\"https:\/\/www.youtube.com\/embed\/86R-o64FQWo?enablejsapi=1&autoplay=0&cc_load_policy=1&cc_lang_pref=&iv_load_policy=3&loop=0&rel=0&fs=1&playsinline=0&autohide=2&theme=dark&color=red&controls=1&disablekb=0&\" class=\"__youtube_prefs__  no-lazyload\" title=\"YouTube player\"  allow=\"fullscreen; accelerometer; autoplay; clipboard-write; encrypted-media; gyroscope; picture-in-picture; web-share\" referrerpolicy=\"strict-origin-when-cross-origin\" allowfullscreen data-no-lazy=\"1\" data-skipgform_ajax_framebjll=\"\"><\/iframe><\/div><div class=\"epyt-video-wrapper\"><iframe loading=\"lazy\"  style=\"display: block; margin: 0px auto;\"  id=\"_ytid_76658\"  width=\"400\" height=\"300\"  data-origwidth=\"400\" data-origheight=\"300\"  data-relstop=\"1\" src=\"https:\/\/www.youtube.com\/embed\/CixDX8DQ80s?enablejsapi=1&autoplay=0&cc_load_policy=1&cc_lang_pref=&iv_load_policy=3&loop=0&rel=0&fs=1&playsinline=0&autohide=2&theme=dark&color=red&controls=1&disablekb=0&\" class=\"__youtube_prefs__  no-lazyload\" title=\"YouTube player\"  allow=\"fullscreen; accelerometer; autoplay; clipboard-write; encrypted-media; gyroscope; picture-in-picture; web-share\" referrerpolicy=\"strict-origin-when-cross-origin\" allowfullscreen data-no-lazy=\"1\" data-skipgform_ajax_framebjll=\"\"><\/iframe><\/div><div class=\"epyt-video-wrapper\"><iframe loading=\"lazy\"  style=\"display: block; margin: 0px auto;\"  id=\"_ytid_13244\"  width=\"400\" height=\"300\"  data-origwidth=\"400\" data-origheight=\"300\"  data-relstop=\"1\" src=\"https:\/\/www.youtube.com\/embed\/hMu3_1zOO7o?enablejsapi=1&autoplay=0&cc_load_policy=1&cc_lang_pref=&iv_load_policy=3&loop=0&rel=0&fs=1&playsinline=0&autohide=2&theme=dark&color=red&controls=1&disablekb=0&\" class=\"__youtube_prefs__  no-lazyload\" title=\"YouTube player\"  allow=\"fullscreen; accelerometer; autoplay; clipboard-write; encrypted-media; gyroscope; picture-in-picture; web-share\" referrerpolicy=\"strict-origin-when-cross-origin\" allowfullscreen data-no-lazy=\"1\" data-skipgform_ajax_framebjll=\"\"><\/iframe><\/div><div class=\"epyt-video-wrapper\"><iframe loading=\"lazy\"  style=\"display: block; margin: 0px auto;\"  id=\"_ytid_43022\"  width=\"400\" height=\"300\"  data-origwidth=\"400\" data-origheight=\"300\"  data-relstop=\"1\" src=\"https:\/\/www.youtube.com\/embed\/62Is7e6v0hw?enablejsapi=1&autoplay=0&cc_load_policy=1&cc_lang_pref=&iv_load_policy=3&loop=0&rel=0&fs=1&playsinline=0&autohide=2&theme=dark&color=red&controls=1&disablekb=0&\" class=\"__youtube_prefs__  no-lazyload\" title=\"YouTube player\"  allow=\"fullscreen; accelerometer; autoplay; clipboard-write; encrypted-media; gyroscope; picture-in-picture; web-share\" referrerpolicy=\"strict-origin-when-cross-origin\" allowfullscreen data-no-lazy=\"1\" data-skipgform_ajax_framebjll=\"\"><\/iframe><\/div><\/p>\n<p>Au fost incluse fi\u0219iere media sugestive pentru informarea asupra produsului prezentat ca \u0219i aspect, func\u021bionare \u0219i performan\u021be.<\/p>\n<p><strong>Not\u0103:<\/strong>\u00a0Produc\u0103torul \u00ee\u0219i rezerv\u0103 dreptul de a modifica aspecte func\u021bionale, parametri, caracteristici sau elemente care \u021bin de aspectul utilajelor f\u0103r\u0103 notific\u0103ri prealabile. Ilustra\u021biile \u0219i imaginile au caracter informativ.<br \/>\n<em>\u00cembun\u0103t\u0103\u021biri continue se aplic\u0103 produselor pentru a cre\u0219te performan\u021bele, pentru adaptarea la modific\u0103ri legale, norme de poluare \u0219i pentru a r\u0103spunde cerin\u021belor utilizatorilor.<\/em><\/p>\n<p>Pre\u021burile nu con\u021bin TVA!<\/p>\n","protected":false},"excerpt":{"rendered":"<p>Toc\u0103torul de crengi profesional JT 600 PTO\/ cardan este unul din cele mai puternice si performate utilaje ale produc\u0103torului german Jensen, cu diametru maxim al materialului de tocat de 40cm.<\/p>\n<p>Utiliz\u0103rile sale sunt multiple: peisagi\u0219ti, vii, livezi, prestatori.<\/p>\n<p>Pre\u021burile nu con\u021bin TVA!<\/p>\n","protected":false},"featured_media":1348,"comment_status":"open","ping_status":"closed","template":"","meta":{"_acf_changed":false,"_exactmetrics_skip_tracking":false,"_exactmetrics_sitenote_active":false,"_exactmetrics_sitenote_note":"","_exactmetrics_sitenote_category":0,"_monsterinsights_skip_tracking":false,"_monsterinsights_sitenote_active":false,"_monsterinsights_sitenote_note":"","_monsterinsights_sitenote_category":0,"neve_meta_sidebar":"","neve_meta_container":"","neve_meta_enable_content_width":"off","neve_meta_content_width":100,"neve_meta_title_alignment":"","neve_meta_author_avatar":"","neve_post_elements_order":"","neve_meta_disable_header":"","neve_meta_disable_footer":"","neve_meta_disable_title":"","jetpack_post_was_ever_published":false,"jetpack_publicize_message":"","jetpack_publicize_feature_enabled":true,"jetpack_social_post_already_shared":true,"jetpack_social_options":{"image_generator_settings":{"template":"highway","default_image_id":0,"font":"","enabled":false},"version":2}},"product_cat":[1022,996,1028,997,27,1061,1041,1030,1005,1027,1066,101],"product_tag":[281,149,283,262,280,41,284,287,210,150,92,285,286],"class_list":{"0":"post-1339","1":"product","2":"type-product","3":"status-publish","4":"has-post-thumbnail","6":"product_brand-jensen","7":"product_cat-curatenie","8":"product_cat-gospodarie-gradinarit","9":"product_cat-lucrari-comunale-municipale","10":"product_cat-lucrari-de-peisagistica","11":"product_cat-masini-si-utilaje","12":"product_cat-recuperare-terenuri-post-exploatare","13":"product_cat-silvicultura-si-exploatari-forestiere","14":"product_cat-tocatoare-de-crengi-lucrari-comunale-municipale","15":"product_cat-tocatoare-de-crengi-diam-4-40-cm","16":"product_cat-tocatoare-de-crengi","17":"product_cat-tocatoare-de-crengi-recuperare-terenuri-post-exploatare","18":"product_cat-tocatoare-de-crengi-gospodarie-gradinarit","19":"product_tag-biomasa","20":"product_tag-jensen","21":"product_tag-livezi","22":"product_tag-masina-de-tocat-crengi","23":"product_tag-parcuri","24":"product_tag-peisagistica","25":"product_tag-podgorii","26":"product_tag-pomicultura","27":"product_tag-profesional","28":"product_tag-tocatoare","29":"product_tag-tocator-de-crengi","30":"product_tag-vii","31":"product_tag-viticultura","32":"pa_actionare-sursa-de-putere-actionare-cu-priza-de-putere-cardan","33":"pa_diametru-maxim-40-cm","34":"pa_latime-2530-mm","35":"pa_lungime-3980-mm","36":"pa_masa-atr-7000-kg","37":"pa_numar-de-cutite-475","38":"pa_producator-atr-jensen-germania","39":"pa_sistem-de-tocare-disc-port-cutite-cu-ferestre-si-contracutit","40":"pa_sistem-rulare-2-doua-axe-4-patru-roti","41":"pa_tip-utilaj-atr-tocator-de-crengi-si-resturi-vegetale","43":"first","44":"onbackorder","45":"taxable","46":"shipping-taxable","47":"product-type-simple"},"acf":[],"aioseo_notices":[],"jetpack_publicize_connections":[],"jetpack-related-posts":[],"jetpack_likes_enabled":true,"jetpack_sharing_enabled":true,"_links":{"self":[{"href":"https:\/\/tehronmachines.ro\/pro\/wp-json\/wp\/v2\/product\/1339","targetHints":{"allow":["GET"]}}],"collection":[{"href":"https:\/\/tehronmachines.ro\/pro\/wp-json\/wp\/v2\/product"}],"about":[{"href":"https:\/\/tehronmachines.ro\/pro\/wp-json\/wp\/v2\/types\/product"}],"replies":[{"embeddable":true,"href":"https:\/\/tehronmachines.ro\/pro\/wp-json\/wp\/v2\/comments?post=1339"}],"wp:featuredmedia":[{"embeddable":true,"href":"https:\/\/tehronmachines.ro\/pro\/wp-json\/wp\/v2\/media\/1348"}],"wp:attachment":[{"href":"https:\/\/tehronmachines.ro\/pro\/wp-json\/wp\/v2\/media?parent=1339"}],"wp:term":[{"taxonomy":"product_cat","embeddable":true,"href":"https:\/\/tehronmachines.ro\/pro\/wp-json\/wp\/v2\/product_cat?post=1339"},{"taxonomy":"product_tag","embeddable":true,"href":"https:\/\/tehronmachines.ro\/pro\/wp-json\/wp\/v2\/product_tag?post=1339"}],"curies":[{"name":"wp","href":"https:\/\/api.w.org\/{rel}","templated":true}]}}