{"id":1188,"date":"2023-05-15T01:23:47","date_gmt":"2023-05-14T22:23:47","guid":{"rendered":"https:\/\/tehronmachines.ro\/pro\/?post_type=product&#038;p=1188"},"modified":"2024-09-15T13:52:30","modified_gmt":"2024-09-15T10:52:30","slug":"tocator-freza-de-cioate-si-radacini-dipperfox-400-pentru-buldoexcavatoare-si-incarcatoare","status":"publish","type":"product","link":"https:\/\/tehronmachines.ro\/pro\/produs\/tocator-freza-de-cioate-si-radacini-dipperfox-400-pentru-buldoexcavatoare-si-incarcatoare\/","title":{"rendered":"Burghiu de cioate \u0219i r\u0103d\u0103cini DipperFox 400 &#8211; pentru buldoexcavatoare \u0219i \u00eenc\u0103rc\u0103toare"},"content":{"rendered":"<h2>Toc\u0103tor \/ frez\u0103 de cioate DipperFox 400<\/h2>\n<p><span style=\"color: #008080\">Freza de cioate \u0219i r\u0103d\u0103cini Dipperfox 400 este un echipament profesional pentru excavatoare mici, buldoexcavatoare, \u00eenc\u0103rc\u0103toare \u0219i robo\u021bi \/ &#8216;skid steer&#8217;. Ata\u0219at la un bra\u021b articulat (&#8216;de excavator&#8217;), aceast\u0103 ma\u0219in\u0103 de frezat buturugi va satisafce orice utilizator din industrie. Concep\u021bia \u0219i designul s\u0103u \u00eembun\u0103t\u0103\u021besc performan\u021ba, reduc\u00e2nd timpul de operare \u0219i costurile. Frezele de cioate \u0219i r\u0103d\u0103cini pentru cioate DipperFox i\u0302ndepa\u0306rteaza\u0306 buturuga \/ cioata i\u0302n doar c\u00e2teva zeci de secunde i\u0302n orice condit\u0326ii de acces, proteja\u0302nd i\u0302mprejurimile pentru vegetat\u0326ia viitoare.<\/span><\/p>\n<div class=\"page\" title=\"Page 1\">\n<div class=\"section\">\n<div class=\"layoutArea\">\n<div class=\"column\">\n<h3>DipperFox 400 dintr-o privire<\/h3>\n<\/div>\n<div class=\"column\">\n<ul>\n<li>Maxim de productivitate la 30+ litri\/min &amp; 110+ bar<\/li>\n<li>De 10 ori mai rapid deca\u0302t alte metode folosite la i\u0302ndepa\u0306rtare a buturugilor \/ cioatelor<\/li>\n<li>Fa\u0306ra\u0306 resturi la\u0306sate i\u0302n urma\u0306 &#8211; lemnul ma\u0306cinat poate fi folosit ca i\u0302ngra\u0306s\u0326a\u0306ma\u0302nt pentru sol<\/li>\n<li>Poate fi folosit cu orice excavator i\u0302ntre 1,5 s\u0326i 5 tone &amp; 12 \u2013 35 kW, buldoexcavator \u00eentre 3 \u0219i 6 tone &amp; 35 &#8211; 60 kW, \u00eenc\u0103rc\u0103tor \u00eentre 1 \u0219i 2,5 tone &amp; 14-45 kW, robot \/ skid-steer \u00eentre 1 \u0219i 2,5 tone &amp;15-55 kW<\/li>\n<li>Reglare automata\u0306 a turat\u0326iei \/ cuplului \u2013 angrenaj planetar cu 2 trepte i\u0302ncorporat, cu o durata\u0306 lunga\u0306 de viat\u0326a\u0306)<\/li>\n<li>Fa\u0306ra\u0306 energie electrica\u0306, fa\u0306ra\u0306 cabluri de conectat \u2013 funct\u0326ionare complet hidraulica\u0306<\/li>\n<li>Unitatea poate fi stocata\u0306 i\u0302n condit\u0326ii de exterior \u2013 fa\u0306ra\u0306 electronica\u0306 sensibila\u0306, fa\u0306ra\u0306 coroziune pe contacte<\/li>\n<li>Consumabile fixate cu s\u0326uruburi \u2013 lame de ta\u0306iere cu doua\u0306 ta\u0306is\u0326uri, s\u0326urub)<\/li>\n<li>Us\u0326or de i\u0302ntret\u0326inut \u2013 ciclu lung de schimbare a uleiului: 250 de ore de funct\u0326ionare<\/li>\n<li>Greutatea redusa\u0306 (195 kg) permite transportul Dipperfox 400 la s\u0326antier cu orice autovehicul de transport sau remorc\u0103<\/li>\n<li>Poluare redusa\u0306, comparativ cu alte tipuri de freze \u2013 protejeaza\u0306 operatorul, mediul s\u0326i protejeaza\u0306 oamenii din jurul locului de munca\u0306<\/li>\n<li>Unic i\u0302n clasa sa \u2013 tehnologie brevetata\u0306<\/li>\n<li>Dezvoltat s\u0326i proiectat de operatori de (buldo)excavator, cu peste 20 de ani de experient\u0326a\u0306 in managementul flotei de excavatoare \u0219i utilaje forestiere \u0219i de construc\u021bii<\/li>\n<\/ul>\n<div class=\"page\" title=\"Page 2\">\n<div class=\"layoutArea\">\n<div class=\"column\">\n<div class=\"page\" title=\"Page 2\">\n<div class=\"layoutArea\">\n<div class=\"column\">\n<div class=\"page\" title=\"Page 2\">\n<div class=\"layoutArea\">\n<div class=\"column\">\n<p>&nbsp;<\/p>\n<\/div>\n<\/div>\n<\/div>\n<\/div>\n<\/div>\n<\/div>\n<h2><span style=\"color: #ff6600\">TEHNOLOGIE BREVETATA\u0306<\/span><\/h2>\n<\/div>\n<\/div>\n<\/div>\n<div class=\"page\" title=\"Page 2\">\n<div class=\"layoutArea\">\n<div class=\"column\">\n<p>Inginerii DipperFox au petrecut o cantitate semnificativa\u0306 de timp i\u0302n cercetare s\u0326i dezvoltare pentru a face din distruga\u0306torul de butuci (cioate) DipperFox cel mai eficient s\u0326i mai fiabil utilaj de acest fel din piat\u0326a\u0306.<\/p>\n<div class=\"page\" title=\"Page 2\">\n<div class=\"layoutArea\">\n<div class=\"column\">\n<p>DipperFox a dezvoltat un sistem revolut\u0326ionar, dinamic, de ultima\u0306 generat\u0326ie, pentru schimbarea treptelor de transmisie. Designul propriu asigur\u0103 o performa\u021b\u0103 \u0219i economicitate remarcabile!<\/p>\n<\/div>\n<\/div>\n<div class=\"layoutArea\">\n<div class=\"column\">\n<h2><span style=\"color: #ff6600\">MA\u0306RCI DE CERTIFICARE A CALITA\u0306T\u0326II<\/span><\/h2>\n<p>Product\u0326ia DipperFox atesta\u0306 asigurarea calita\u0306t\u0326ii prin certificate pentru prelucrarea ot\u0326elului, mediu s\u0326i proceduri de calitate de ca\u0306tre Bureau Veritas (ISO) 9001, 14001, AQUAP 2110: 2016 s\u0326i piese de uzura\u0306 NATO s\u0326i HARDOX.<\/p>\n<div class=\"page\" title=\"Page 2\">\n<div class=\"layoutArea\">\n<div class=\"column\">\n<h2><span style=\"color: #ff6600\">REDUCTOR DINAMIC<\/span><\/h2>\n<\/div>\n<\/div>\n<\/div>\n<\/div>\n<div class=\"column\">\n<div class=\"page\" title=\"Page 2\">\n<div class=\"layoutArea\">\n<div class=\"column\">\n<p>DipperFox a dezvoltat un sistem revolut\u0326ionar, dinamic, de ultima\u0306 generat\u0326ie, pentru schimbarea treptelor de transmisie. Designul propriu completat de utilizarea motoarelor s\u0326i materialelor hidraulice personalizate Dipperfox asigur\u0103 atingerea celei mai bune rezistent\u0326ae s\u0326i eficient\u0326e.<\/p>\n<\/div>\n<\/div>\n<\/div>\n<\/div>\n<\/div>\n<div class=\"layoutArea\">\n<div class=\"column\">\n<p><strong><span style=\"color: #666699\">* DISTRUGA\u0306TORUL CIOATE S\u0326I BUTURUGI DIPPERFOX ESTE CEL MAI RAPID BURGHIU DE PE PIAT\u0326A\u0306!<\/span><\/strong><\/p>\n<\/div>\n<\/div>\n<\/div>\n<div class=\"page\" title=\"Page 2\">\n<div class=\"layoutArea\">\n<div class=\"column\">\n<h2><span style=\"color: #ff6600\">CONCEPUT, PROIECTAT S\u0326I PRODUS PENTRU PERFORMAN\u021a\u0102<\/span><\/h2>\n<\/div>\n<\/div>\n<\/div>\n<div class=\"page\" title=\"Page 2\">\n<div class=\"layoutArea\">\n<div class=\"column\">\n<p>Burghiul pentru cioate DipperFox a fost dezvoltat i\u0302mpreuna\u0306 cu operatori de excavator \/ buldoexcavator \/ \u00eenc\u0103rc\u0103toare pentru a atinge exact rezultatul dorit. Product\u0326ia este executata\u0306 de procesatori de ot\u0326el cu o experient\u0326a\u0306 de peste 20 de ani. &#8216;Distruga\u0306torul&#8217; a trecut prin 5 ani de teste severe i\u0302nainte de a fi lansat pe piet\u0326ele globale.<\/p>\n<div class=\"page\" title=\"Page 2\">\n<div class=\"layoutArea\">\n<div class=\"column\">\n<h2><span style=\"color: #ff6600\">MA\u0306RCI DE CERTIFICARE A CALITA\u0306T\u0326II<\/span><\/h2>\n<\/div>\n<\/div>\n<\/div>\n<div class=\"page\" title=\"Page 2\">\n<div class=\"layoutArea\">\n<div class=\"column\">\n<p>Product\u0326ia DipperFox atesta\u0306 asigurarea calita\u0306t\u0326ii prin certificate pentru prelucrarea ot\u0326elului, mediu s\u0326i proceduri de calitate de ca\u0306tre Bureau Veritas (ISO) 9001, 14001, AQUAP 2110: 2016 s\u0326i piese de uzura\u0306 NATO s\u0326i HARDOX.<\/p>\n<div class=\"page\" title=\"Page 2\">\n<div class=\"layoutArea\">\n<div class=\"column\">\n<h2><span style=\"color: #ff6600\">S\u0326URUB CENTRAL S\u0326I LAME INTERSCHIMBABILE<\/span><\/h2>\n<p>Lamele (cut\u0326itele) sunt proiectate pentru fixare prin bolt\u0326uri s\u0326i decupate din material extrem de durabil folosit i\u0302n industria de apa\u0306rare. Filetul s\u0326urubului centralde fixare s\u0326i tragere este conceput pentru a fi combinat\u0326ia perfecta\u0306 de ga\u0306urire s\u0326i ta\u0306iere.<\/p>\n<div class=\"page\" title=\"Page 2\">\n<div class=\"layoutArea\">\n<div class=\"column\">\n<h2><span style=\"color: #ff6600\">PLUG AND PLAY &#8211; PRINDERE RAPIDA\u0306<\/span><\/h2>\n<p>Burghiul de cioate Dipperfox se conecteaza\u0306 printr-un adaptor specific fieca\u0306rui tip de excavator. Va\u0306 putem furniza aceste pla\u0306ci de prindere &#8216;la cheie&#8217;!<\/p>\n<div class=\"page\" title=\"Page 2\">\n<div class=\"layoutArea\">\n<div class=\"column\">\n<h2><span style=\"color: #ff6600\">I\u0302NTRET\u0326INERE FACILA\u0306!<\/span><\/h2>\n<p>Aprobat de divers\u0326i furnizori de ulei pentru garant\u0326ie operat\u0326ionala\u0306 de lunga\u0306 durata\u0306. Schimb de ulei necesar la fiecare 350 de ore.<\/p>\n<h2><span style=\"color: #ff6600\">PRODUCT\u0326IE &#8216;VERDE&#8217;<\/span><\/h2>\n<p>I\u0302n product\u0326ie sunt incluse elemente &#8216;eco-friendly&#8217; de ultima\u0306 generat\u0326ie s\u0326i energia electrica\u0306 provine din panouri solare.<\/p>\n<p>* Not\u0103: pre\u021burile nu con\u021bin TVA<\/p>\n<\/div>\n<\/div>\n<\/div>\n<\/div>\n<\/div>\n<\/div>\n<\/div>\n<\/div>\n<\/div>\n<\/div>\n<\/div>\n<\/div>\n<\/div>\n<\/div>\n<\/div>\n<\/div>\n<\/div>\n<\/div>\n<\/div>\n<\/div>\n<\/div>\n<\/div>\n","protected":false},"excerpt":{"rendered":"<p>DISTRUG\u0102TORUL DE CIOATE \u0218I R\u0102D\u0102CINI DIPPERFOX 400 ESTE PROIECTAT SA\u0306 LUCREZE I\u0302N ZONELE URBANE S\u0326I RURALE, I\u0302N PA\u0306DURI, I\u0302N STRAD\u0102, TROTUARE, CA\u0306I FERATE, ZONE DE CONSTRUCT\u0326IE, PARCURI, AMENAJA\u0306RI PEISAGERE S\u0326I LA CURA\u0306T\u0326AREA SUB LINIILE DE I\u0302NALTA\u0306 TENSIUNE.<\/p>\n<p><span style=\"color: #008080\">Freza de cioate \u0219i r\u0103d\u0103cini Dipperfox 400 este un echipament profesional pentru excavatoare mici, buldoexcavatoare, \u00eenc\u0103rc\u0103toare \u0219i robo\u021bi \/ &#8216;skid steer&#8217;. Ata\u0219at la un bra\u021b de excavator, aceast\u0103 ma\u0219in\u0103 de frezat buturugi va satisafce orice utilizator din industrie. Concep\u021bia \u0219i designul s\u0103u \u00eembun\u0103t\u0103\u021besc performan\u021ba, reduc\u00e2nd timpul de operare \u0219i costurile.<\/span><\/p>\n<p><strong>Date tehnice DipperFox 400:<\/strong><br \/>\nMasa\u0306: 195 kg<br \/>\nPutere minima\u0306 necesara\u0306*: 14 kW (19CP)<br \/>\nPresiune*: 110-250bar<br \/>\nDebit*: 30-130l\/min<br \/>\nMasa\u0306 necesara\u0306*: minim o ton\u0103<br \/>\n* cerint\u0326e utilaj purta\u0306tor<\/p>\n","protected":false},"featured_media":1189,"comment_status":"open","ping_status":"closed","template":"","meta":{"_acf_changed":false,"_exactmetrics_skip_tracking":false,"_exactmetrics_sitenote_active":false,"_exactmetrics_sitenote_note":"","_exactmetrics_sitenote_category":0,"_monsterinsights_skip_tracking":false,"_monsterinsights_sitenote_active":false,"_monsterinsights_sitenote_note":"","_monsterinsights_sitenote_category":0,"neve_meta_sidebar":"","neve_meta_container":"","neve_meta_enable_content_width":"off","neve_meta_content_width":100,"neve_meta_title_alignment":"","neve_meta_author_avatar":"","neve_post_elements_order":"","neve_meta_disable_header":"","neve_meta_disable_footer":"","neve_meta_disable_title":"","jetpack_publicize_message":"","jetpack_publicize_feature_enabled":true,"jetpack_social_post_already_shared":true,"jetpack_social_options":{"image_generator_settings":{"template":"highway","default_image_id":0,"font":"","enabled":false},"version":2}},"product_cat":[1063,1008,1037,1028,997,27,1061],"product_tag":[346,344,355,339,342,354,353,311,343,347,348,341,349,352,356,283,351,345,287,350,357,340,285],"class_list":{"0":"post-1188","1":"product","2":"type-product","3":"status-publish","4":"has-post-thumbnail","6":"product_brand-dipperfox-estonia","7":"product_cat-burghie-de-cioate-si-radacini-recuperare-terenuri-post-exploatare","8":"product_cat-burghie-de-cioate-si-radacini-peisagistica","9":"product_cat-burghie-de-cioate-si-radacini","10":"product_cat-lucrari-comunale-municipale","11":"product_cat-lucrari-de-peisagistica","12":"product_cat-masini-si-utilaje","13":"product_cat-recuperare-terenuri-post-exploatare","14":"product_tag-accesoriu","15":"product_tag-atasament-tractoare","16":"product_tag-buldoexcavator","17":"product_tag-dipperfox","18":"product_tag-distrugator-de-cioate","19":"product_tag-excavator","20":"product_tag-foreza-pentru-cioate","21":"product_tag-freza-de-cioate","22":"product_tag-freza-forestiera","23":"product_tag-freze","24":"product_tag-hidraulic","25":"product_tag-implementuri","26":"product_tag-importator-romania","27":"product_tag-impreuna-pentru-natura","28":"product_tag-incarcator","29":"product_tag-livezi","30":"product_tag-marketing-extrem-mkx","31":"product_tag-paul-gabor-iliescu","32":"product_tag-pomicultura","33":"product_tag-romania","34":"product_tag-skid-steer","35":"product_tag-tehron-machines","36":"product_tag-vii","38":"first","39":"onbackorder","40":"taxable","41":"shipping-taxable","42":"product-type-simple"},"acf":[],"aioseo_notices":[],"jetpack_publicize_connections":[],"jetpack-related-posts":[],"jetpack_likes_enabled":true,"jetpack_sharing_enabled":true,"_links":{"self":[{"href":"https:\/\/tehronmachines.ro\/pro\/wp-json\/wp\/v2\/product\/1188","targetHints":{"allow":["GET"]}}],"collection":[{"href":"https:\/\/tehronmachines.ro\/pro\/wp-json\/wp\/v2\/product"}],"about":[{"href":"https:\/\/tehronmachines.ro\/pro\/wp-json\/wp\/v2\/types\/product"}],"replies":[{"embeddable":true,"href":"https:\/\/tehronmachines.ro\/pro\/wp-json\/wp\/v2\/comments?post=1188"}],"wp:featuredmedia":[{"embeddable":true,"href":"https:\/\/tehronmachines.ro\/pro\/wp-json\/wp\/v2\/media\/1189"}],"wp:attachment":[{"href":"https:\/\/tehronmachines.ro\/pro\/wp-json\/wp\/v2\/media?parent=1188"}],"wp:term":[{"taxonomy":"product_cat","embeddable":true,"href":"https:\/\/tehronmachines.ro\/pro\/wp-json\/wp\/v2\/product_cat?post=1188"},{"taxonomy":"product_tag","embeddable":true,"href":"https:\/\/tehronmachines.ro\/pro\/wp-json\/wp\/v2\/product_tag?post=1188"}],"curies":[{"name":"wp","href":"https:\/\/api.w.org\/{rel}","templated":true}]}}