{"id":130,"date":"2019-03-06T15:19:55","date_gmt":"2019-03-06T15:19:55","guid":{"rendered":"https:\/\/demosites.io\/shop\/?page_id=130"},"modified":"2024-03-22T21:26:48","modified_gmt":"2024-03-22T18:26:48","slug":"3669a-contact","status":"publish","type":"page","link":"https:\/\/tehronmachines.ro\/pro\/3669a-contact\/","title":{"rendered":"Contact"},"content":{"rendered":"\n<div class=\"wpcf7 no-js\" id=\"wpcf7-f1042-o1\" lang=\"ro-RO\" dir=\"ltr\" data-wpcf7-id=\"1042\">\n<div class=\"screen-reader-response\"><p role=\"status\" aria-live=\"polite\" aria-atomic=\"true\"><\/p> <ul><\/ul><\/div>\n<form action=\"\/pro\/wp-json\/wp\/v2\/pages\/130#wpcf7-f1042-o1\" method=\"post\" class=\"wpcf7-form init\" aria-label=\"Formular de contact\" novalidate=\"novalidate\" data-status=\"init\">\n<fieldset class=\"hidden-fields-container\"><input type=\"hidden\" name=\"_wpcf7\" value=\"1042\" \/><input type=\"hidden\" name=\"_wpcf7_version\" value=\"6.1.5\" \/><input type=\"hidden\" name=\"_wpcf7_locale\" value=\"ro_RO\" \/><input type=\"hidden\" name=\"_wpcf7_unit_tag\" value=\"wpcf7-f1042-o1\" \/><input type=\"hidden\" name=\"_wpcf7_container_post\" value=\"0\" \/><input type=\"hidden\" name=\"_wpcf7_posted_data_hash\" value=\"\" \/><input type=\"hidden\" name=\"_wpcf7_recaptcha_response\" value=\"\" \/>\n<\/fieldset>\n<h2>Formular de contact\n<\/h2>\n<p><label> Numele t\u0103u<br \/>\n<span class=\"wpcf7-form-control-wrap\" data-name=\"your-name\"><input size=\"40\" maxlength=\"400\" class=\"wpcf7-form-control wpcf7-text wpcf7-validates-as-required\" aria-required=\"true\" aria-invalid=\"false\" value=\"\" type=\"text\" name=\"your-name\" \/><\/span> <\/label>\n<\/p>\n<p><label> Emailul t\u0103u<br \/>\n<span class=\"wpcf7-form-control-wrap\" data-name=\"your-email\"><input size=\"40\" maxlength=\"400\" class=\"wpcf7-form-control wpcf7-email wpcf7-validates-as-required wpcf7-text wpcf7-validates-as-email\" aria-required=\"true\" aria-invalid=\"false\" value=\"\" type=\"email\" name=\"your-email\" \/><\/span> <\/label>\n<\/p>\n<p><label> Telefonul t\u0103u (op\u021bional)<br \/>\n<span class=\"wpcf7-form-control-wrap\" data-name=\"your-phone\"><input size=\"40\" maxlength=\"400\" class=\"wpcf7-form-control wpcf7-tel wpcf7-text wpcf7-validates-as-tel\" aria-invalid=\"false\" value=\"\" type=\"tel\" name=\"your-phone\" \/><\/span> <\/label>\n<\/p>\n<p><label> Subiect<br \/>\n<span class=\"wpcf7-form-control-wrap\" data-name=\"your-subject\"><input size=\"40\" maxlength=\"400\" class=\"wpcf7-form-control wpcf7-text wpcf7-validates-as-required\" aria-required=\"true\" aria-invalid=\"false\" value=\"\" type=\"text\" name=\"your-subject\" \/><\/span> <\/label>\n<\/p>\n<p><label> Mesajul t\u0103u (op\u021bional)<br \/>\n<span class=\"wpcf7-form-control-wrap\" data-name=\"your-message\"><textarea cols=\"40\" rows=\"10\" maxlength=\"2000\" class=\"wpcf7-form-control wpcf7-textarea\" aria-invalid=\"false\" name=\"your-message\"><\/textarea><\/span> <\/label>\n<\/p>\n<p><b>Not\u0103:<\/b> prin trimiterea acestui formular ne permite\u021bi s\u0103 stoc\u0103m \u0219i s\u0103 utiliz\u0103m datele dvs. strict pentru a v\u0103 r\u0103spunde la mesajul trimis, exclus alte scopuri cum ar fi \u00eenstr\u0103inarea acestora\n<\/p>\n<p><span class=\"wpcf7-form-control-wrap\" data-name=\"acceptance-newsletter\"><span class=\"wpcf7-form-control wpcf7-acceptance optional\"><span class=\"wpcf7-list-item\"><label><input type=\"checkbox\" name=\"acceptance-newsletter\" value=\"1\" aria-invalid=\"false\" \/><span class=\"wpcf7-list-item-label\">Accept primirea de mailuri \/ SMS-uri informative din partea Tehron Machines.<\/span><\/label><\/span><\/span><\/span>.\n<\/p>\n<p><span id=\"wpcf7-69f4bfd523487-wrapper\" class=\"wpcf7-form-control-wrap honeypot-148-wrap\" style=\"display:none !important; visibility:hidden !important;\"><label for=\"wpcf7-69f4bfd523487-field\" class=\"hp-message\">Please leave this field empty.<\/label><input id=\"wpcf7-69f4bfd523487-field\"  class=\"wpcf7-form-control wpcf7-text\" type=\"text\" name=\"honeypot-148\" value=\"\" size=\"40\" tabindex=\"-1\" autocomplete=\"new-password\" \/><\/span>\n<\/p>\n<p>[anr_nocaptcha g-recaptcha-response]\n<\/p>\n<p><input class=\"wpcf7-form-control wpcf7-submit has-spinner\" type=\"submit\" value=\"Trimite\" \/>\n<\/p><div class=\"wpcf7-response-output\" aria-hidden=\"true\"><\/div>\n<\/form>\n<\/div>\n\n<h2>Tehron Machines srl<\/h2>\n<p>+4.0730.188888<br \/>tehronmachines@gmail.com<br \/>Sector2\u00a0&#8211; Bucure\u0219ti<br \/>Calea Feldioarei, Bra\u0219ov<\/p>\n<p><b>Tehnic &amp; oferte<\/b><br \/>Viorel Cristea<br \/>+4.0730.188890<br \/>cv@tehronmachines.ro<\/p>\n<p><b>V\u00e2nz\u0103ri &amp; key &#8211; accounts<\/b><br \/>Paul Gabor &#8211; Iliescu<br \/>+4.0730.188898<br \/>pgi@tehronmachines.ro<\/p>\n<p><b>Contabilitate \/ financiar<\/b><br \/>Liliana G\u00eerbacea<br \/>+4.0729.726926<br \/>lgi@tehronmachines.ro<\/p>\n<p><b>Imagine &amp; comunicare<\/b><br \/>Roxana &#8211; Ioana Gabor &#8211; Iliescu<br \/>+4.0722.449991<br \/>rgi@tehronmachines.ro<\/p>\n<p>Coordonate:<br \/><b>Tehron Machines s.r.l.<br \/><\/b>\u00a0 \u00a0 \u00a0Strada D\u0103nule\u0219ti 7<br \/>\u00a0 \u00a0 \u00a0023081 &#8211;\u00a0Bucure\u0219ti<br \/>\u00a0 \u00a0Punct de lucru<br \/>\u00a0 \u00a0Calea Feldioarei<br \/>\u00a0 \u00a0500471 &#8211; Bra\u0219ov\u00a0 \u00a0<br \/>RO21249668 * J40\/4305\/2007<br \/>office@tehronmachines.ro<br \/>Administrator: Laszlo KARI<br \/>Director: Paul GABOR &#8211; ILIESCU<\/p>\n<h3>Share this:<\/h3>\n<p>\t\t\t\t\t<a href=\"https:\/\/www.facebook.com\/tehronmachines\" target=\"_blank\" rel=\"noopener\"><br \/>\n\t\t\t\t\t\tFacebook-f<br \/>\n\t\t\t\t\t\t\t\t\t\t\t<\/a><br \/>\n\t\t\t\t\t<a href=\"https:\/\/www.linkedin.com\/company\/tehron-machines-srl\" target=\"_blank\" rel=\"noopener\"><br \/>\n\t\t\t\t\t\tLinkedin<br \/>\n\t\t\t\t\t\t\t\t\t\t\t<\/a><br \/>\n\t\t\t\t\t<a href=\"https:\/\/twitter.com\/TehronMachines\" target=\"_blank\" rel=\"noopener\"><br \/>\n\t\t\t\t\t\tTwitter<br \/>\n\t\t\t\t\t\t\t\t\t\t\t<\/a><\/p>\n","protected":false},"excerpt":{"rendered":"<p>Tehron Machines srl +4.0730.188888tehronmachines@gmail.comSector2\u00a0&#8211; Bucure\u0219tiCalea Feldioarei, Bra\u0219ov Tehnic &amp; oferteViorel Cristea+4.0730.188890cv@tehronmachines.ro V\u00e2nz\u0103ri &amp; key &#8211; accountsPaul Gabor &#8211; Iliescu+4.0730.188898pgi@tehronmachines.ro Contabilitate \/ financiarLiliana G\u00eerbacea+4.0729.726926lgi@tehronmachines.ro Imagine &amp; comunicareRoxana &#8211; Ioana Gabor &#8211; Iliescu+4.0722.449991rgi@tehronmachines.ro Coordonate:Tehron Machines s.r.l.\u00a0 \u00a0 \u00a0Strada D\u0103nule\u0219ti 7\u00a0 \u00a0 \u00a0023081 &#8211;\u00a0Bucure\u0219ti\u00a0 \u00a0Punct de lucru\u00a0 \u00a0Calea Feldioarei\u00a0 \u00a0500471 &#8211; Bra\u0219ov\u00a0 \u00a0RO21249668 * J40\/4305\/2007office@tehronmachines.roAdministrator: Laszlo KARIDirector: Paul&hellip;&nbsp;<a href=\"https:\/\/tehronmachines.ro\/pro\/3669a-contact\/\" rel=\"bookmark\"><span class=\"screen-reader-text\">Contact<\/span><\/a><\/p>\n","protected":false},"author":1,"featured_media":0,"parent":0,"menu_order":0,"comment_status":"closed","ping_status":"closed","template":"page-templates\/template-pagebuilder-full-width.php","meta":{"_acf_changed":false,"_exactmetrics_skip_tracking":false,"_exactmetrics_sitenote_active":false,"_exactmetrics_sitenote_note":"","_exactmetrics_sitenote_category":0,"_monsterinsights_skip_tracking":false,"_monsterinsights_sitenote_active":false,"_monsterinsights_sitenote_note":"","_monsterinsights_sitenote_category":0,"neve_meta_sidebar":"","neve_meta_container":"","neve_meta_enable_content_width":"","neve_meta_content_width":70,"neve_meta_title_alignment":"","neve_meta_author_avatar":"","neve_post_elements_order":"","neve_meta_disable_header":"","neve_meta_disable_footer":"","neve_meta_disable_title":"","jetpack_post_was_ever_published":false,"footnotes":""},"class_list":["post-130","page","type-page","status-publish","hentry"],"acf":[],"aioseo_notices":[],"jetpack-related-posts":[],"jetpack_likes_enabled":true,"jetpack_sharing_enabled":true,"_links":{"self":[{"href":"https:\/\/tehronmachines.ro\/pro\/wp-json\/wp\/v2\/pages\/130","targetHints":{"allow":["GET"]}}],"collection":[{"href":"https:\/\/tehronmachines.ro\/pro\/wp-json\/wp\/v2\/pages"}],"about":[{"href":"https:\/\/tehronmachines.ro\/pro\/wp-json\/wp\/v2\/types\/page"}],"author":[{"embeddable":true,"href":"https:\/\/tehronmachines.ro\/pro\/wp-json\/wp\/v2\/users\/1"}],"replies":[{"embeddable":true,"href":"https:\/\/tehronmachines.ro\/pro\/wp-json\/wp\/v2\/comments?post=130"}],"version-history":[{"count":30,"href":"https:\/\/tehronmachines.ro\/pro\/wp-json\/wp\/v2\/pages\/130\/revisions"}],"predecessor-version":[{"id":2972,"href":"https:\/\/tehronmachines.ro\/pro\/wp-json\/wp\/v2\/pages\/130\/revisions\/2972"}],"wp:attachment":[{"href":"https:\/\/tehronmachines.ro\/pro\/wp-json\/wp\/v2\/media?parent=130"}],"curies":[{"name":"wp","href":"https:\/\/api.w.org\/{rel}","templated":true}]}}